{"id":342,"date":"2017-12-28T10:22:41","date_gmt":"2017-12-28T14:22:41","guid":{"rendered":"http:\/\/natsci.uprrp.edu\/es\/?page_id=342"},"modified":"2018-08-06T14:46:02","modified_gmt":"2018-08-06T18:46:02","slug":"pruebas-analisis-y-uso-de-laboratorios","status":"publish","type":"page","link":"https:\/\/natsci.uprrp.edu\/es\/compromiso-social-outreach-alcance-comunitario\/pruebas-analisis-y-uso-de-laboratorios\/","title":{"rendered":"Tests, Analysis and Use of Laboratories&#8211;traducir"},"content":{"rendered":"<p><strong>MATERIALS CHARACTERIZATION CENTER, INC<\/strong><\/p>\n<p>El Materials Characterization Center, Inc (MCC) ha sido l\u00edder en la colaboraci\u00f3n cient\u00edfica con las industrias de productos farmac\u00e9uticos, electr\u00f3nicos, dispositivos m\u00e9dicos, alimentos, biotecnolog\u00eda, entre otros; as\u00ed como con\u00a0<span style=\"font-family: 'Open Sans', Arial, sans-serif;font-size: 15.0766px\">instituciones acad\u00e9micas dedicadas a la investigaci\u00f3n cient\u00edfica y\u00a0<\/span><span style=\"font-size: 14px;color: #606569\">agencias gubernamentales preocupadas por asuntos forenses y de regulaci\u00f3n.\u00a0 Trabaja bajo estricta confidencialidad con todos sus clientes.\u00a0 Su equipo cient\u00edfico de expertos est\u00e1 formado por qu\u00edmicos licenciados con grados doctorales y de maestr\u00eda.\u00a0 Sus servicios pueden ayudarle en la identificaci\u00f3n de materiales extra\u00f1os, composici\u00f3n elemental, tama\u00f1o de part\u00edcula, identificaci\u00f3n de compuestos qu\u00edmicos, estructura polim\u00f3rfica no deseada, cristalizaci\u00f3n, solubilidad, caracterizaci\u00f3n de materias primas, biopol\u00edmeros (prote\u00ednas, polinucle\u00f3tidos, carbohidratos), caracterizaci\u00f3n de prote\u00ednas, secuenciaci\u00f3n de aplicaciones prote\u00f3micas y gen\u00f3micas, y an\u00e1lisis de fragmentos, entre otros servicios.<\/span><\/p>\n<p><strong>Informaci\u00f3n de Contacto<br \/>\n<\/strong>T. (787) 282-7593<br \/>\nF. (787) 765-5749<br \/>\nCE. <a href=\"mailto:info@mcc.com.pr\" target=\"_blank\" rel=\"noopener\">info@mcc.com.pr<\/a><br \/>\nP\u00e1gina Web:\u00a0<a href=\"http:\/\/www.mcc.com.pr\" target=\"_blank\" rel=\"noopener\">www.mcc.com.pr<\/a><\/p>\n<p>Direcci\u00f3n Postal &#8211;Oficina Administrativa<br \/>\nMaterials Characterization Center (MCC), Inc.<br \/>\nPO Box 21972<br \/>\nSan Juan PR 00931-1972<\/p>\n<p>Direcci\u00f3n F\u00edsica &#8211;Oficina Administrativa<br \/>\nMaterials Characterization Center, Inc.<br \/>\n247 Office, Facundo Bueso Building<br \/>\nR\u00edo Piedras Campus, University of Puerto Rico<br \/>\nSan Juan, PR 00931<\/p>\n<p>Direcci\u00f3n F\u00edsica &#8212; Facilidades<br \/>\nMolecular Sciences Research Center,<br \/>\nUniversity of Puerto Rico<br \/>\nRd.1, El Cinco<br \/>\nSan Juan, PR 00926<\/p>\n","protected":false},"excerpt":{"rendered":"<p>MATERIALS CHARACTERIZATION CENTER, INC El Materials Characterization Center, Inc (MCC) ha sido l\u00edder en la colaboraci\u00f3n cient\u00edfica con las industrias de productos farmac\u00e9uticos, electr\u00f3nicos, dispositivos m\u00e9dicos, alimentos, biotecnolog\u00eda, entre otros; as\u00ed como con\u00a0instituciones acad\u00e9micas dedicadas a la investigaci\u00f3n cient\u00edfica y\u00a0agencias gubernamentales preocupadas por asuntos forenses y de regulaci\u00f3n.\u00a0 Trabaja bajo estricta confidencialidad con todos sus<\/p>\n<div class=\"read-more\"><a href=\"https:\/\/natsci.uprrp.edu\/es\/compromiso-social-outreach-alcance-comunitario\/pruebas-analisis-y-uso-de-laboratorios\/\" title=\"Read More\">Read More<\/a><\/div>\n","protected":false},"author":1,"featured_media":0,"parent":292,"menu_order":0,"comment_status":"closed","ping_status":"closed","template":"","meta":{"rs_blank_template":"","rs_page_bg_color":"","slide_template_v7":"","footnotes":""},"class_list":["post-342","page","type-page","status-publish"],"_links":{"self":[{"href":"https:\/\/natsci.uprrp.edu\/es\/wp-json\/wp\/v2\/pages\/342","targetHints":{"allow":["GET"]}}],"collection":[{"href":"https:\/\/natsci.uprrp.edu\/es\/wp-json\/wp\/v2\/pages"}],"about":[{"href":"https:\/\/natsci.uprrp.edu\/es\/wp-json\/wp\/v2\/types\/page"}],"author":[{"embeddable":true,"href":"https:\/\/natsci.uprrp.edu\/es\/wp-json\/wp\/v2\/users\/1"}],"replies":[{"embeddable":true,"href":"https:\/\/natsci.uprrp.edu\/es\/wp-json\/wp\/v2\/comments?post=342"}],"version-history":[{"count":5,"href":"https:\/\/natsci.uprrp.edu\/es\/wp-json\/wp\/v2\/pages\/342\/revisions"}],"predecessor-version":[{"id":1426,"href":"https:\/\/natsci.uprrp.edu\/es\/wp-json\/wp\/v2\/pages\/342\/revisions\/1426"}],"up":[{"embeddable":true,"href":"https:\/\/natsci.uprrp.edu\/es\/wp-json\/wp\/v2\/pages\/292"}],"wp:attachment":[{"href":"https:\/\/natsci.uprrp.edu\/es\/wp-json\/wp\/v2\/media?parent=342"}],"curies":[{"name":"wp","href":"https:\/\/api.w.org\/{rel}","templated":true}]}}