{"id":334,"date":"2017-12-28T10:19:49","date_gmt":"2017-12-28T14:19:49","guid":{"rendered":"http:\/\/natsci.uprrp.edu\/es\/?page_id=334"},"modified":"2018-08-06T14:10:18","modified_gmt":"2018-08-06T18:10:18","slug":"recursos-y-servicios-para-investigadores","status":"publish","type":"page","link":"https:\/\/natsci.uprrp.edu\/es\/la-facultad\/el-decanato\/recursos-y-servicios-para-investigadores\/","title":{"rendered":"Resources and Services for Researchers&#8211;para traducir al ingles"},"content":{"rendered":"<dl class=\"sc-accordions\"><dt class=\"sc-accordion-title\"><a href=\"#\">ASISTENCIA PARA LA OBTENCI\u00d3N DE FONDOS<\/a><\/dt><dd class=\"sc-accordion-pane\">\n<p><strong>Oficina de Recursos Externos de la Facultad de Ciencias Naturales<\/strong><br \/>\nDr. Jos\u00e9 Pulgar Recursos Externos (787) 764-0000 ext: 4721, 4720, 1806<br \/>\nClarissa Ortiz Asistente Administrativo IV (787) 764-0000 ext: 7261<br \/>\nDirecci\u00f3n f\u00edsica:\u00a0Edificio de Ciencias Naturales, Fase II,\u00a0Oficina C-140<\/dd>\n<dt class=\"sc-accordion-title\"><a href=\"#\">B\u00daSQUEDA DE FONDOS<\/a><\/dt><dd class=\"sc-accordion-pane\"><\/strong><\/p>\n<ul>\n<li><a href=\"https:\/\/pivot.cos.com\/\" target=\"_blank\" rel=\"noopener\">Community of Science (COS)<\/a><\/li>\n<li><a href=\"http:\/\/graduados.uprrp.edu\/index.php?option=com_content&amp;view=article&amp;id=91&amp;Itemid=182&amp;lang=en\" target=\"_blank\" rel=\"noopener\">Fondo institucional para la investigaci\u00f3n (FIPI)<\/a><\/li>\n<li><a href=\"https:\/\/www.grantforward.com\/search\" target=\"_blank\" rel=\"noopener\">Illinois Researcher Information Service (IRIS)<\/a><\/li>\n<li><a href=\"http:\/\/puertorico.infoed.org\/\" target=\"_blank\" rel=\"noopener\">InfoEd<\/a><\/li>\n<li><a href=\"https:\/\/www.grants.gov\/\" target=\"_blank\" rel=\"noopener\">Grants.gov<\/a><\/li>\n<li><a href=\"https:\/\/www.imls.gov\/\" target=\"_blank\" rel=\"noopener\">Institute of Museum and Library Service<\/a><\/li>\n<li><a href=\"https:\/\/www.grantwatch.com\/grant-search.php\" target=\"_blank\" rel=\"noopener\">GrantWatch<\/a><\/li>\n<li><a href=\"http:\/\/www.fordfoundation.org\/\" target=\"_blank\" rel=\"noopener\">FordFundation<\/a><\/li>\n<li><a href=\"http:\/\/natsci.uprrp.edu\/es\/wp-content\/uploads\/sites\/10\/2018\/03\/Top-20-Websites-for-Grant-Seekers.pdf\" target=\"_blank\" rel=\"noopener\">Top 20 Websites for Grant Seekers<\/a><\/li>\n<li><a href=\"http:\/\/newtonslist.crdfglobal.org\/\" target=\"_blank\" rel=\"noopener\">Newton&#8217;s List: A gateway to international research collaboration<\/a><\/li>\n<li><a title=\"The National Institutes of Health (NIH) Office of Extramural Research\" href=\"http:\/\/grants.nih.gov\/grants\/oer.htm\">The National Institutes of Health (NIH) Office of Extramural Research<\/a><\/li>\n<li><a title=\"The National Science Foundation (NSF)\" href=\"http:\/\/www.nsf.gov\/funding\/\">The National Science Foundation (NSF)<\/a><\/li>\n<li><a href=\"https:\/\/www.researchresearch.com\/\" target=\"_blank\" rel=\"noopener\">Research Professional\u00a0<\/a><\/li>\n<\/ul>\n<\/dd>\n<dt class=\"sc-accordion-title\"><a href=\"#\">B\u00daSQUEDA, LOCALIZACI\u00d3N, ACCESO Y USO DE LA INFORMACI\u00d3N<\/a><\/dt><dd class=\"sc-accordion-pane\"><\/strong><\/p>\n<ul>\n<li>Libros impresos y electr\u00f3nicos\n<ul>\n<li><a href=\"http:\/\/hip.upr.edu:85\/ipac20\/ipac.jsp?profile=scn#focus\" target=\"_blank\" rel=\"noopener\">C\u00e1talogo del CITEc<\/a><\/li>\n<li><a href=\"http:\/\/hip.upr.edu:85\/ipac20\/ipac.jsp?session=15E1S916S9202.55711&amp;profile=sl--1&amp;menu=home&amp;ts=1521991656696\" target=\"_blank\" rel=\"noopener\">Cat\u00e1logo de todas las bibliotecas UPR<\/a> <em>excepto Recinto de Ciencias M\u00e9dicas y Recinto de <span class=\"st\">Mayag\u00fcez<\/span> <\/em><\/li>\n<li><a href=\"http:\/\/136.145.11.55:83\/ipac20\/ipac.jsp?index=.GW&amp;term=&amp;search.x=7&amp;search.y=9&amp;aspect=basic\" target=\"_blank\" rel=\"noopener\">Cat\u00e1logo del Recinto de Ciencias M\u00e9dicas<\/a><\/li>\n<li><a href=\"http:\/\/unilib.uprm.edu\/uhtbin\/cgisirsi.exe\/?ps=8hk3DDgIPt\/GENLIBRARY\/311340006\/38\/1\/X\/BLASTOFF\" target=\"_blank\" rel=\"noopener\">Cat\u00e1logo del Recinto de Mayag<span class=\"st\">\u00fc<\/span>ez<\/a><\/li>\n<li><a href=\"http:\/\/uprrp.summon.serialssolutions.com\/#!\/search?ho=t&amp;l=en&amp;q=\" target=\"_blank\" rel=\"noopener\">Metabuscador Summons<\/a><\/li>\n<\/ul>\n<\/li>\n<li>Revistas\n<ul>\n<li><a href=\"http:\/\/bcn.uprrp.edu\/SubjectsPlus\/subjects\/BCN_Guide.php\" target=\"_blank\" rel=\"noopener\">Lista de Revistas del CITec<\/a><\/li>\n<li><a href=\"http:\/\/uprrp.summon.serialssolutions.com\/#!\/search?ho=t&amp;l=en&amp;q=\" target=\"_blank\" rel=\"noopener\">Metabuscador Summons<\/a><\/li>\n<\/ul>\n<\/li>\n<li>Bases de datos suscritas\n<ul>\n<li><a href=\"http:\/\/bcn.uprrp.edu\/bases_de_datos\/subjects\/databases.php\" target=\"_blank\" rel=\"noopener\">Lista de bases de datos relacionadas a las ciencias naturales<\/a><\/li>\n<li><a href=\"http:\/\/uprrp.libguides.com\/az.php\">Lista de todas las bases de datos<\/a><\/li>\n<li><a href=\"https:\/\/www.symbaloo.com\/shared\/AAAAAbTSz4IAA41-4gPD9Q==\" target=\"_blank\" rel=\"noopener\">Tutoriales para el uso de las bases de datos<\/a><\/li>\n<\/ul>\n<\/li>\n<li>Bases de datos de acceso abierto\n<ul>\n<li><a href=\"http:\/\/www.bcn.uprrp.edu\/24_bases_de_datos_de_acceso_abierto.html\" target=\"_blank\" rel=\"noopener\">Lista de bases de datos de acceso abierto<\/a><\/li>\n<\/ul>\n<\/li>\n<li>Tesis y disertaciones\n<ul>\n<li><a href=\"http:\/\/www.bcn.uprrp.edu\/SubjectsPlus20_tesis\/subjects\/databases.php\" target=\"_blank\" rel=\"noopener\">De la Facultad de Ciencias Naturales<\/a><\/li>\n<li><a href=\"https:\/\/search.proquest.com\/pqdtlocal1006866\/dissertations\/fromDatabasesLayer?accountid=44825\" target=\"_blank\" rel=\"noopener\">Del Recinto de R\u00edo Piedras<\/a><\/li>\n<li><a href=\"https:\/\/search.proquest.com\/pqdtglobal\/dissertations\/fromDatabasesLayer?accountid=44825\" target=\"_blank\" rel=\"noopener\">Global<\/a><\/li>\n<\/ul>\n<\/li>\n<li><a href=\"http:\/\/bcn.uprrp.edu\/Prestamo_interbibliotecario.html\" target=\"_blank\" rel=\"noopener\">Pr\u00e9stamos Interbibliotecarios<\/a> &#8211; para solicitar a otras bibliotecas libros y art\u00edculos que el CITec no posee<\/li>\n<li><a href=\"http:\/\/www.bcn.uprrp.edu\/45_Referencia_virtual.html\" target=\"_blank\" rel=\"noopener\">Preg\u00fantale al bibliotecario<\/a> &#8211; para realizar consultas mediante chat o correo electr\u00f3nico<\/li>\n<li>Uso \u00e9tico de la informaci\u00f3n\n<ul>\n<li><a href=\"https:\/\/www.symbaloo.com\/shared\/AAAAAQu2RDoAA41-4gPUeQ==\" target=\"_blank\" rel=\"noopener\">Normativas federales, estatales y universitarias<\/a><\/li>\n<li><a href=\"https:\/\/www.symbaloo.com\/mix\/manualesdeestilo2\" target=\"_blank\" rel=\"noopener\">Gu\u00edas de manuales de estilo (ACS, AMA, APA, ASA, CSE, Chicago, Turabian)<\/a><\/li>\n<li><a href=\"http:\/\/www.bcn.uprrp.edu\/373_Uso_EndNoteWeb.html\" target=\"_blank\" rel=\"noopener\">Creaci\u00f3n de fichas bibliogr\u00e1ficas con EndNote<\/a><\/li>\n<li><a href=\"http:\/\/www.bcn.uprrp.edu\/35_comunicacion_erudita.html\" target=\"_blank\" rel=\"noopener\">Comunicaci\u00f3n erudita<\/a><\/li>\n<\/ul>\n<\/li>\n<\/ul>\n<\/dd>\n<dt class=\"sc-accordion-title\"><a href=\"#\">HERRAMIENTAS DIGITALES PARA INVESTIGADORES<\/a><\/dt><dd class=\"sc-accordion-pane\"><\/strong><\/p>\n<p><a href=\"http:\/\/connectedresearchers.com\/online-tools-for-researchers\/\" target=\"_blank\" rel=\"noopener\">Connected Researchers<\/a> &#8212; P\u00e1gina Web de una colecci\u00f3n de herramientas digitales para investigadores<\/dd>\n<dt class=\"sc-accordion-title\"><a href=\"#\">ILUSTRACI\u00d3N CIENT\u00cdFICA<\/a><\/dt><dd class=\"sc-accordion-pane\"><\/strong><\/p>\n<p>El Centro de Informaci\u00f3n y Tecnolog\u00edas (CITec) ofrece el servicio de ilustraci\u00f3n cient\u00edfica a profesores de la Facultad de Ciencias Naturales. Considere que:<\/p>\n<ul>\n<li>Todo documento a reproducir debe ser entregado con<strong>\u00a0cinco d\u00edas laborables<\/strong>\u00a0de anticipaci\u00f3n.<\/li>\n<li>Los pedidos se atender\u00e1n en orden de llegada.<\/li>\n<li>Algunas consideraciones de tiempo se pueden hacer condicionado al volumen de trabajo existente.<\/li>\n<li>Todo trabajo debe ser recogido con no m\u00e1s de dos d\u00edas luego de producido el mismo.<\/li>\n<li>El CITec no se hace responsable por errores cometidos por parte del solicitante en la descripci\u00f3n del servicio.<\/li>\n<li>El solicitante es responsable de informar cualquier cambio en el servicio solicitado.<\/li>\n<\/ul>\n<p><a href=\"http:\/\/natsci.uprrp.edu\/es\/wp-content\/uploads\/sites\/10\/2018\/03\/Solicitud-de-Servicios-Taller-de-Ilustraci%C3%B3n-Cient%C3%ADfica.pdf\">Solicitud de Servicios de Ilustraci\u00f3n Cient\u00edfica<\/a><\/p>\n<p>INFORMACI\u00d3N CONTACTO<br \/>\nSr. Jos\u00e9 Terr\u00f3n, Ilustrador Cient\u00edfico<br \/>\nTercer Piso, Centro de Informaci\u00f3n y Tecnolog\u00edas<br \/>\nT. (787) 764-0000 Ext. 88393<br \/>\nC.E. jose.terron1@upr.edu<\/dd>\n<dt class=\"sc-accordion-title\"><a href=\"#\">PROGRAMAS ALIADOS<\/a><\/dt><dd class=\"sc-accordion-pane\"><\/strong><\/p>\n<ul>\n<li><a href=\"http:\/\/graduados.uprrp.edu\/index.php?lang=es\" target=\"_blank\" rel=\"noopener\">Decanato de Asuntos Graduados en Investigaci\u00f3n<\/a><\/li>\n<li><a href=\"https:\/\/www.nsf.gov\/od\/oia\/programs\/epscor\/index.jsp\" target=\"_blank\" rel=\"noopener\">Experimental Program to Stimulate Competitive Research (EPSCoR)<\/a><\/li>\n<\/ul>\n<\/dd>\n<dt class=\"sc-accordion-title\"><a href=\"#\">PROGRAMADO PARA AN\u00c1LISIS ESTAD\u00cdSTICO<\/a><\/dt><dd class=\"sc-accordion-pane\"><\/strong><\/p>\n<p>La Universidad de Puerto Rico, Recinto de R\u00edo Piedras, mantiene un licenciamiento Institucional que se renueva anualmente con IBM para la aplicaci\u00f3n de <strong>SPSS Statistics<\/strong> con los m\u00f3dulos Advance y Regression. Esta licencia est\u00e1 disponible para los sistemas operativos Microsoft Windows 32bit y 64bit y Mac. El acuerdo es extensivo a las computadoras Institucionales, computadoras personales del personal docente y no docente.\u00a0 El mismo NO es extensivo a las computadoras personales de los estudiantes.<\/p>\n<p>\u00bfC\u00f3mo solicito\u00a0SPSS para mi computadora Institucional?<\/p>\n<ul>\n<li>Equipo activo con n\u00famero de propiedad del Recinto de R\u00edo Piedras<\/li>\n<li>Tener activo su email Institucional @upr.edu<\/li>\n<li>Realizar orden de servicio en la\u00a0<a href=\"http:\/\/helpdesk.uprrp.edu:9675\/portal\/page\/32-spss-empleados\" target=\"_blank\" rel=\"noopener\">Mesa de Ayuda \u2013 Help Desk<\/a>\u00a0o llamar a la extensi\u00f3n 80400.<\/li>\n<\/ul>\n<p>\u00bfC\u00f3mo obtengo SPSS para mi computadora personal?<\/p>\n<ul>\n<li>Ser empleado activo del Recinto de R\u00edo Piedras<\/li>\n<li>Tener activo su email Institucional @upr.edu<\/li>\n<li>Realizar orden de servicio en la\u00a0<a href=\"http:\/\/helpdesk.uprrp.edu:9675\/portal\/page\/32-spss-empleados\" target=\"_blank\" rel=\"noopener\">Mesa de Ayuda \u2013 Help Desk<\/a>\u00a0o llamar a la extensi\u00f3n 80400.<\/li>\n<li>Para obtener el acceso a la descarga (Download) de SPSS, debe realizar una\u00a0<a href=\"http:\/\/helpdesk.uprrp.edu:9675\/portal\/page\/32-spss-empleados\" target=\"_blank\" rel=\"noopener\">o<\/a><a href=\"http:\/\/helpdesk.uprrp.edu:9675\/portal\/page\/32-spss-empleados\" target=\"_blank\" rel=\"noopener\">rden de servicio<\/a><\/li>\n<\/ul>\n<\/dd>\n<\/dl>\n","protected":false},"excerpt":{"rendered":"","protected":false},"author":1,"featured_media":0,"parent":299,"menu_order":0,"comment_status":"closed","ping_status":"closed","template":"","meta":{"rs_blank_template":"","rs_page_bg_color":"","slide_template_v7":"","footnotes":""},"class_list":["post-334","page","type-page","status-publish"],"_links":{"self":[{"href":"https:\/\/natsci.uprrp.edu\/es\/wp-json\/wp\/v2\/pages\/334","targetHints":{"allow":["GET"]}}],"collection":[{"href":"https:\/\/natsci.uprrp.edu\/es\/wp-json\/wp\/v2\/pages"}],"about":[{"href":"https:\/\/natsci.uprrp.edu\/es\/wp-json\/wp\/v2\/types\/page"}],"author":[{"embeddable":true,"href":"https:\/\/natsci.uprrp.edu\/es\/wp-json\/wp\/v2\/users\/1"}],"replies":[{"embeddable":true,"href":"https:\/\/natsci.uprrp.edu\/es\/wp-json\/wp\/v2\/comments?post=334"}],"version-history":[{"count":26,"href":"https:\/\/natsci.uprrp.edu\/es\/wp-json\/wp\/v2\/pages\/334\/revisions"}],"predecessor-version":[{"id":1419,"href":"https:\/\/natsci.uprrp.edu\/es\/wp-json\/wp\/v2\/pages\/334\/revisions\/1419"}],"up":[{"embeddable":true,"href":"https:\/\/natsci.uprrp.edu\/es\/wp-json\/wp\/v2\/pages\/299"}],"wp:attachment":[{"href":"https:\/\/natsci.uprrp.edu\/es\/wp-json\/wp\/v2\/media?parent=334"}],"curies":[{"name":"wp","href":"https:\/\/api.w.org\/{rel}","templated":true}]}}