{"id":329,"date":"2017-12-27T16:22:34","date_gmt":"2017-12-27T20:22:34","guid":{"rendered":"http:\/\/natsci.uprrp.edu\/es\/?page_id=329"},"modified":"2018-08-06T15:01:33","modified_gmt":"2018-08-06T19:01:33","slug":"no-docentes","status":"publish","type":"page","link":"https:\/\/natsci.uprrp.edu\/es\/servicios-y-recursos\/no-docentes\/","title":{"rendered":"Staff&#8211;traducir"},"content":{"rendered":"<ul id=\"menu-leval-5-3-no-docentes\" class=\"menu\">\n<li id=\"menu-item-712\" class=\"menu-item menu-item-type-post_type menu-item-object-page menu-item-712\"><a href=\"http:\/\/natsci.uprrp.edu\/es\/servicios-y-recursos\/no-docentes\/mejoramiento-profesional\/\">Ayuda Tecnol\u00f3gica<\/a><\/li>\n<li id=\"menu-item-711\" class=\"menu-item menu-item-type-post_type menu-item-object-page menu-item-711\"><a href=\"http:\/\/natsci.uprrp.edu\/es\/servicios-y-recursos\/no-docentes\/consejeria-personal\/\">Consejer\u00eda Personal<\/a><\/li>\n<li id=\"menu-item-715\" class=\"menu-item menu-item-type-post_type menu-item-object-page menu-item-715\"><a href=\"http:\/\/natsci.uprrp.edu\/es\/servicios-y-recursos\/no-docentes\/programa-de-ayuda-al-empleado\/\">Formularios<\/a><\/li>\n<li id=\"menu-item-951\" class=\"menu-item menu-item-type-custom menu-item-object-custom menu-item-951\"><a href=\"http:\/\/heendupr.com\/\">HEEND<\/a><\/li>\n<li id=\"menu-item-713\" class=\"menu-item menu-item-type-post_type menu-item-object-page menu-item-713\"><a href=\"http:\/\/natsci.uprrp.edu\/es\/servicios-y-recursos\/no-docentes\/permiso-de-estacionamiento\/\">Permiso de Estacionamiento<\/a><\/li>\n<li id=\"menu-item-714\" class=\"menu-item menu-item-type-post_type menu-item-object-page menu-item-714\"><a href=\"http:\/\/natsci.uprrp.edu\/es\/servicios-y-recursos\/no-docentes\/politicas-y-normativas\/\">Pol\u00edticas y Normativas<\/a><\/li>\n<\/ul>\n","protected":false},"excerpt":{"rendered":"<p>Ayuda Tecnol\u00f3gica Consejer\u00eda Personal Formularios HEEND Permiso de Estacionamiento Pol\u00edticas y Normativas<\/p>\n","protected":false},"author":1,"featured_media":0,"parent":287,"menu_order":0,"comment_status":"closed","ping_status":"closed","template":"","meta":{"rs_blank_template":"","rs_page_bg_color":"","slide_template_v7":"","footnotes":""},"class_list":["post-329","page","type-page","status-publish"],"_links":{"self":[{"href":"https:\/\/natsci.uprrp.edu\/es\/wp-json\/wp\/v2\/pages\/329","targetHints":{"allow":["GET"]}}],"collection":[{"href":"https:\/\/natsci.uprrp.edu\/es\/wp-json\/wp\/v2\/pages"}],"about":[{"href":"https:\/\/natsci.uprrp.edu\/es\/wp-json\/wp\/v2\/types\/page"}],"author":[{"embeddable":true,"href":"https:\/\/natsci.uprrp.edu\/es\/wp-json\/wp\/v2\/users\/1"}],"replies":[{"embeddable":true,"href":"https:\/\/natsci.uprrp.edu\/es\/wp-json\/wp\/v2\/comments?post=329"}],"version-history":[{"count":5,"href":"https:\/\/natsci.uprrp.edu\/es\/wp-json\/wp\/v2\/pages\/329\/revisions"}],"predecessor-version":[{"id":1436,"href":"https:\/\/natsci.uprrp.edu\/es\/wp-json\/wp\/v2\/pages\/329\/revisions\/1436"}],"up":[{"embeddable":true,"href":"https:\/\/natsci.uprrp.edu\/es\/wp-json\/wp\/v2\/pages\/287"}],"wp:attachment":[{"href":"https:\/\/natsci.uprrp.edu\/es\/wp-json\/wp\/v2\/media?parent=329"}],"curies":[{"name":"wp","href":"https:\/\/api.w.org\/{rel}","templated":true}]}}