{"id":327,"date":"2017-12-27T16:22:15","date_gmt":"2017-12-27T20:22:15","guid":{"rendered":"http:\/\/natsci.uprrp.edu\/es\/?page_id=327"},"modified":"2018-08-06T15:01:08","modified_gmt":"2018-08-06T19:01:08","slug":"estudiantes","status":"publish","type":"page","link":"https:\/\/natsci.uprrp.edu\/es\/servicios-y-recursos\/estudiantes\/","title":{"rendered":"Students&#8211;traducir"},"content":{"rendered":"<ul id=\"menu-leval-5-2-estudiantes\" class=\"menu\">\n<li id=\"menu-item-685\" class=\"menu-item menu-item-type-post_type menu-item-object-page menu-item-685\"><a href=\"http:\/\/natsci.uprrp.edu\/es\/servicios-y-recursos\/estudiantes\/acomodo-razonable\/\">Acomodo Razonable<\/a><\/li>\n<li id=\"menu-item-686\" class=\"menu-item menu-item-type-post_type menu-item-object-page menu-item-686\"><a href=\"http:\/\/natsci.uprrp.edu\/es\/servicios-y-recursos\/estudiantes\/asesoria-academica-lista-de-asesores-agnes-vazquez\/\">Asesor\u00eda Acad\u00e9mica<\/a><\/li>\n<li id=\"menu-item-687\" class=\"menu-item menu-item-type-post_type menu-item-object-page menu-item-687\"><a href=\"http:\/\/natsci.uprrp.edu\/es\/servicios-y-recursos\/estudiantes\/asistencia-economica\/\">Asistencia Econ\u00f3mica<\/a><\/li>\n<li id=\"menu-item-689\" class=\"menu-item menu-item-type-post_type menu-item-object-page menu-item-689\"><a href=\"http:\/\/natsci.uprrp.edu\/es\/servicios-y-recursos\/estudiantes\/ayuda-tecnologica\/\">Ayuda Tecnol\u00f3gica<\/a><\/li>\n<li id=\"menu-item-916\" class=\"menu-item menu-item-type-post_type menu-item-object-page menu-item-916\"><a href=\"http:\/\/natsci.uprrp.edu\/es\/biblioteca\/\">Biblioteca<\/a><\/li>\n<li id=\"menu-item-851\" class=\"menu-item menu-item-type-post_type menu-item-object-page menu-item-851\"><a href=\"http:\/\/natsci.uprrp.edu\/es\/consejeria-trabajo-social-y-psicologia\/\">Consejer\u00eda, Trabajo Social y Psicolog\u00eda<\/a><\/li>\n<li id=\"menu-item-690\" class=\"menu-item menu-item-type-post_type menu-item-object-page current-menu-item page_item page-item-567 current_page_item menu-item-690\"><a href=\"http:\/\/natsci.uprrp.edu\/es\/servicios-y-recursos\/estudiantes\/cuido-de-infantes\/\">Cuido de Infantes<\/a><\/li>\n<li id=\"menu-item-691\" class=\"menu-item menu-item-type-post_type menu-item-object-page menu-item-691\"><a href=\"http:\/\/natsci.uprrp.edu\/es\/servicios-y-recursos\/estudiantes\/empleo\/\">Empleo<\/a><\/li>\n<li id=\"menu-item-692\" class=\"menu-item menu-item-type-post_type menu-item-object-page menu-item-692\"><a href=\"http:\/\/natsci.uprrp.edu\/es\/servicios-y-recursos\/estudiantes\/estudiantes-internacionales\/\">Estudiantes Internacionales<\/a><\/li>\n<li id=\"menu-item-693\" class=\"menu-item menu-item-type-post_type menu-item-object-page menu-item-693\"><a href=\"http:\/\/natsci.uprrp.edu\/es\/servicios-y-recursos\/estudiantes\/intercambio-de-estudiantes\/\">Intercambio de Estudiantes<\/a><\/li>\n<li id=\"menu-item-694\" class=\"menu-item menu-item-type-post_type menu-item-object-page menu-item-694\"><a href=\"http:\/\/natsci.uprrp.edu\/es\/servicios-y-recursos\/estudiantes\/matricula-y-bajas-agnes\/\">Oficina del Registrador<\/a><\/li>\n<li id=\"menu-item-696\" class=\"menu-item menu-item-type-post_type menu-item-object-page menu-item-696\"><a href=\"http:\/\/natsci.uprrp.edu\/es\/servicios-y-recursos\/estudiantes\/organizaciones-estudiantiles\/\">Organizaciones Estudiantiles<\/a><\/li>\n<li id=\"menu-item-698\" class=\"menu-item menu-item-type-post_type menu-item-object-page menu-item-698\"><a href=\"http:\/\/natsci.uprrp.edu\/es\/servicios-y-recursos\/estudiantes\/permiso-de-estacionamiento\/\">Permiso de Estacionamiento<\/a><\/li>\n<li id=\"menu-item-700\" class=\"menu-item menu-item-type-post_type menu-item-object-page menu-item-700\"><a href=\"http:\/\/natsci.uprrp.edu\/es\/servicios-y-recursos\/estudiantes\/politicas-y-normativas\/\">Pol\u00edticas y Normativas<\/a><\/li>\n<li id=\"menu-item-701\" class=\"menu-item menu-item-type-post_type menu-item-object-page menu-item-701\"><a href=\"http:\/\/natsci.uprrp.edu\/es\/servicios-y-recursos\/estudiantes\/procurador-estudiantil\/\">Procurador Estudiantil<\/a><\/li>\n<li id=\"menu-item-702\" class=\"menu-item menu-item-type-post_type menu-item-object-page menu-item-702\"><a href=\"http:\/\/natsci.uprrp.edu\/es\/servicios-y-recursos\/estudiantes\/programa-de-estudios-de-honor\/\">Programa de Estudios de Honor<\/a><\/li>\n<li id=\"menu-item-719\" class=\"menu-item menu-item-type-post_type menu-item-object-page menu-item-719\"><a href=\"http:\/\/natsci.uprrp.edu\/es\/servicios-y-recursos\/estudiantes\/programas-de-investigacion\/\">Programas de Investigaci\u00f3n<\/a><\/li>\n<li id=\"menu-item-919\" class=\"menu-item menu-item-type-post_type menu-item-object-page menu-item-919\"><a href=\"http:\/\/natsci.uprrp.edu\/es\/red-graduada\/\">Red Graduada<\/a><\/li>\n<li id=\"menu-item-703\" class=\"menu-item menu-item-type-post_type menu-item-object-page menu-item-703\"><a href=\"http:\/\/natsci.uprrp.edu\/es\/servicios-y-recursos\/estudiantes\/salones-para-estudio-en-grupo\/\">Salones para Estudio Grupal<\/a><\/li>\n<li id=\"menu-item-704\" class=\"menu-item menu-item-type-post_type menu-item-object-page menu-item-704\"><a href=\"http:\/\/natsci.uprrp.edu\/es\/servicios-y-recursos\/estudiantes\/servicios-medicos-y-consejeria\/\">Servicios M\u00e9dicos<\/a><\/li>\n<li id=\"menu-item-705\" class=\"menu-item menu-item-type-post_type menu-item-object-page menu-item-705\"><a href=\"http:\/\/natsci.uprrp.edu\/es\/servicios-y-recursos\/estudiantes\/transcripciones-y-permisos-especiales\/\">Transcripciones<\/a><\/li>\n<li id=\"menu-item-706\" class=\"menu-item menu-item-type-post_type menu-item-object-page menu-item-706\"><a href=\"http:\/\/natsci.uprrp.edu\/es\/servicios-y-recursos\/estudiantes\/tutorias\/\">Tutor\u00edas<\/a><\/li>\n<li id=\"menu-item-707\" class=\"menu-item menu-item-type-post_type menu-item-object-page menu-item-707\"><a href=\"http:\/\/natsci.uprrp.edu\/es\/servicios-y-recursos\/estudiantes\/vivienda\/\">Vivienda<\/a><\/li>\n<\/ul>\n","protected":false},"excerpt":{"rendered":"<p>Acomodo Razonable Asesor\u00eda Acad\u00e9mica Asistencia Econ\u00f3mica Ayuda Tecnol\u00f3gica Biblioteca Consejer\u00eda, Trabajo Social y Psicolog\u00eda Cuido de Infantes Empleo Estudiantes Internacionales Intercambio de Estudiantes Oficina del Registrador Organizaciones Estudiantiles Permiso de Estacionamiento Pol\u00edticas y Normativas Procurador Estudiantil Programa de Estudios de Honor Programas de Investigaci\u00f3n Red Graduada Salones para Estudio Grupal Servicios M\u00e9dicos Transcripciones Tutor\u00edas Vivienda<\/p>\n","protected":false},"author":1,"featured_media":0,"parent":287,"menu_order":0,"comment_status":"closed","ping_status":"closed","template":"","meta":{"rs_blank_template":"","rs_page_bg_color":"","slide_template_v7":"","footnotes":""},"class_list":["post-327","page","type-page","status-publish"],"_links":{"self":[{"href":"https:\/\/natsci.uprrp.edu\/es\/wp-json\/wp\/v2\/pages\/327","targetHints":{"allow":["GET"]}}],"collection":[{"href":"https:\/\/natsci.uprrp.edu\/es\/wp-json\/wp\/v2\/pages"}],"about":[{"href":"https:\/\/natsci.uprrp.edu\/es\/wp-json\/wp\/v2\/types\/page"}],"author":[{"embeddable":true,"href":"https:\/\/natsci.uprrp.edu\/es\/wp-json\/wp\/v2\/users\/1"}],"replies":[{"embeddable":true,"href":"https:\/\/natsci.uprrp.edu\/es\/wp-json\/wp\/v2\/comments?post=327"}],"version-history":[{"count":6,"href":"https:\/\/natsci.uprrp.edu\/es\/wp-json\/wp\/v2\/pages\/327\/revisions"}],"predecessor-version":[{"id":1435,"href":"https:\/\/natsci.uprrp.edu\/es\/wp-json\/wp\/v2\/pages\/327\/revisions\/1435"}],"up":[{"embeddable":true,"href":"https:\/\/natsci.uprrp.edu\/es\/wp-json\/wp\/v2\/pages\/287"}],"wp:attachment":[{"href":"https:\/\/natsci.uprrp.edu\/es\/wp-json\/wp\/v2\/media?parent=327"}],"curies":[{"name":"wp","href":"https:\/\/api.w.org\/{rel}","templated":true}]}}