{"id":325,"date":"2017-12-27T16:21:34","date_gmt":"2017-12-27T20:21:34","guid":{"rendered":"http:\/\/natsci.uprrp.edu\/es\/?page_id=325"},"modified":"2018-08-06T14:57:54","modified_gmt":"2018-08-06T18:57:54","slug":"docentes","status":"publish","type":"page","link":"https:\/\/natsci.uprrp.edu\/es\/servicios-y-recursos\/docentes\/","title":{"rendered":"Faculty&#8211;traducir"},"content":{"rendered":"<div class=\"menu-recursos-docentes-container\">\n<div class=\"menu-recursos-docentes-container\">\n<ul id=\"menu-recursos-docentes\" class=\"menu\">\n<li id=\"menu-item-1048\" class=\"menu-item menu-item-type-post_type menu-item-object-page menu-item-1048\"><a href=\"http:\/\/natsci.uprrp.edu\/es\/servicios-y-recursos\/docentes\/solicitud-de-salones-facilidades-y-transporte\/\">Anfiteatros, Salones y Transportaci\u00f3n<\/a><\/li>\n<li id=\"menu-item-750\" class=\"menu-item menu-item-type-custom menu-item-object-custom menu-item-750\"><a href=\"http:\/\/appu.org\/\">APPU<\/a><\/li>\n<li id=\"menu-item-1012\" class=\"menu-item menu-item-type-post_type menu-item-object-page menu-item-1012\"><a href=\"http:\/\/natsci.uprrp.edu\/es\/servicios-y-recursos\/docentes\/ayuda-tecnologica\/\">Ayuda Tecnol\u00f3gica<\/a><\/li>\n<li id=\"menu-item-1138\" class=\"menu-item menu-item-type-custom menu-item-object-custom menu-item-1138\"><a href=\"http:\/\/www.upr.edu\/biblioteca-uprrp-cn\/\">Biblioteca<\/a><\/li>\n<li id=\"menu-item-1018\" class=\"menu-item menu-item-type-post_type menu-item-object-page menu-item-1018\"><a href=\"http:\/\/natsci.uprrp.edu\/es\/servicios-y-recursos\/docentes\/consejeria-personal\/\">Consejer\u00eda Personal<\/a><\/li>\n<li id=\"menu-item-1129\" class=\"menu-item menu-item-type-custom menu-item-object-custom menu-item-1129\"><a href=\"https:\/\/adistancia.upr.edu\/nosotros\/\">Educaci\u00f3n a Distancia<\/a><\/li>\n<li id=\"menu-item-1128\" class=\"menu-item menu-item-type-post_type menu-item-object-page menu-item-1128\"><a href=\"http:\/\/natsci.uprrp.edu\/es\/servicios-y-recursos\/docentes\/equipo-multimedia\/\">Equipo Multimedia<\/a><\/li>\n<li id=\"menu-item-1057\" class=\"menu-item menu-item-type-post_type menu-item-object-page menu-item-1057\"><a href=\"http:\/\/natsci.uprrp.edu\/es\/servicios-y-recursos\/docentes\/ilustracion-cientifica\/\">Ilustraci\u00f3n Cient\u00edfica<\/a><\/li>\n<li id=\"menu-item-1023\" class=\"menu-item menu-item-type-post_type menu-item-object-page menu-item-1023\"><a href=\"http:\/\/natsci.uprrp.edu\/es\/servicios-y-recursos\/docentes\/permiso-de-estacionamiento\/\">Permiso de Estacionamiento<\/a><\/li>\n<li id=\"menu-item-1026\" class=\"menu-item menu-item-type-post_type menu-item-object-page menu-item-1026\"><a href=\"http:\/\/natsci.uprrp.edu\/es\/servicios-y-recursos\/docentes\/politicas-y-normativas\/\">Pol\u00edticas y Normativas<\/a><\/li>\n<li id=\"menu-item-1032\" class=\"menu-item menu-item-type-post_type menu-item-object-page menu-item-1032\"><a href=\"http:\/\/natsci.uprrp.edu\/es\/servicios-y-recursos\/docentes\/mejoramiento-profesional\/\">Mejoramiento Profesional<\/a><\/li>\n<li id=\"menu-item-1041\" class=\"menu-item menu-item-type-post_type menu-item-object-page menu-item-1041\"><a href=\"http:\/\/natsci.uprrp.edu\/es\/servicios-y-recursos\/docentes\/reproduccion-de-documentos\/\">Reproducci\u00f3n de Documentos<\/a><\/li>\n<\/ul>\n<\/div>\n<\/div>\n","protected":false},"excerpt":{"rendered":"<p>Anfiteatros, Salones y Transportaci\u00f3n APPU Ayuda Tecnol\u00f3gica Biblioteca Consejer\u00eda Personal Educaci\u00f3n a Distancia Equipo Multimedia Ilustraci\u00f3n Cient\u00edfica Permiso de Estacionamiento Pol\u00edticas y Normativas Mejoramiento Profesional Reproducci\u00f3n de Documentos<\/p>\n","protected":false},"author":1,"featured_media":0,"parent":287,"menu_order":0,"comment_status":"closed","ping_status":"closed","template":"","meta":{"rs_blank_template":"","rs_page_bg_color":"","slide_template_v7":"","footnotes":""},"class_list":["post-325","page","type-page","status-publish"],"_links":{"self":[{"href":"https:\/\/natsci.uprrp.edu\/es\/wp-json\/wp\/v2\/pages\/325","targetHints":{"allow":["GET"]}}],"collection":[{"href":"https:\/\/natsci.uprrp.edu\/es\/wp-json\/wp\/v2\/pages"}],"about":[{"href":"https:\/\/natsci.uprrp.edu\/es\/wp-json\/wp\/v2\/types\/page"}],"author":[{"embeddable":true,"href":"https:\/\/natsci.uprrp.edu\/es\/wp-json\/wp\/v2\/users\/1"}],"replies":[{"embeddable":true,"href":"https:\/\/natsci.uprrp.edu\/es\/wp-json\/wp\/v2\/comments?post=325"}],"version-history":[{"count":39,"href":"https:\/\/natsci.uprrp.edu\/es\/wp-json\/wp\/v2\/pages\/325\/revisions"}],"predecessor-version":[{"id":1431,"href":"https:\/\/natsci.uprrp.edu\/es\/wp-json\/wp\/v2\/pages\/325\/revisions\/1431"}],"up":[{"embeddable":true,"href":"https:\/\/natsci.uprrp.edu\/es\/wp-json\/wp\/v2\/pages\/287"}],"wp:attachment":[{"href":"https:\/\/natsci.uprrp.edu\/es\/wp-json\/wp\/v2\/media?parent=325"}],"curies":[{"name":"wp","href":"https:\/\/api.w.org\/{rel}","templated":true}]}}