{"id":24,"date":"2016-03-30T18:56:17","date_gmt":"2016-03-30T22:56:17","guid":{"rendered":"http:\/\/natsci.uprrp.edu\/es\/?page_id=24"},"modified":"2018-08-06T15:22:29","modified_gmt":"2018-08-06T19:22:29","slug":"historia","status":"publish","type":"page","link":"https:\/\/natsci.uprrp.edu\/es\/la-facultad\/historia\/","title":{"rendered":"History&#8211;para traducir"},"content":{"rendered":"<p>La Facultad de Ciencias Naturales de la Universidad de Puerto Rico, Recinto de R\u00edo Piedras es en la actualidad una de las m\u00e1s destacadas en su campo y uno de los centros de investigaci\u00f3n m\u00e1s importantes del pa\u00eds.\u00a0 Sus inicios se remontan al 1943, cuando bajo la direcci\u00f3n de su primer Decano, el Dr. Facundo Bueso (1943-1959), qued\u00f3 establecida al haberse dividido la que hasta ese momento fue la Facultad de Artes y Ciencias como el Colegio de Ciencias Naturales con programas estrictamente sub-graduados.\u00a0 Ese proyecto inicial constituido por los departamentos de Matem\u00e1ticas, Qu\u00edmica, Biolog\u00eda y F\u00edsica fue evolucionando hasta convertirse ocho d\u00e9cadas despu\u00e9s en una facultad de vanguardia integrada por seis departamentos: Matem\u00e1ticas, Qu\u00edmica, Biolog\u00eda, F\u00edsica, Ciencias Ambientales y Ciencia de C\u00f3mputos (cinco de \u00e9stos con programas sub-graduados y graduados de maestr\u00eda y\/o doctorales), un programa de Bachillerato en Nutrici\u00f3n y Diet\u00e9tica y el Programa Interdisciplinario en Ciencias Naturales.<\/p>\n<p>Su trayectoria a nivel graduado inici\u00f3 en 1960 con la Maestr\u00eda en Ciencias y Artes.\u00a0 M\u00e1s adelante, se le sumaron los programas doctorales de Qu\u00edmica (1970), F\u00edsica-Qu\u00edmica (1983), Matem\u00e1ticas (2002) y Ciencias Ambientales (2010).<\/p>\n<p><img loading=\"lazy\" decoding=\"async\" class=\"size-full wp-image-542 alignleft\" src=\"http:\/\/natsci.uprrp.edu\/es\/wp-content\/uploads\/sites\/10\/2018\/01\/logocn.gif\" alt=\"\" width=\"100\" height=\"269\" \/><\/p>\n<p>En enero del 1999, el emblema de la Facultad de Ciencias Naturales fue redise\u00f1ado. Para comenzar el proceso, se evalu\u00f3 el emblema anterior, dise\u00f1ando as\u00ed dos emblemas de prueba, los cuales fueron presentados ante el profesorado. Eventualmente, se presentaron once emblemas de prueba ante el personal docente y no docente de la Facultad para que seleccionasen las tres mejores opciones.<\/p>\n<p>Los tres emblemas fueron entonces presentados en una reuni\u00f3n de profesores, quienes pidieron que las ideas fuesen sometidas al Taller de Ilustraci\u00f3n Cient\u00edfica para que se desarrollasen. M\u00e1s adelante, el Dr. Rafael Joglar, del Departamento de Biolog\u00eda, someti\u00f3 dos emblemas adicionales que fueron incluidos en la papeleta final para la votaci\u00f3n.\u00a0El emblema final fue creado por el ilustrador cient\u00edfico Jos\u00e9 M. Terr\u00f3n y fue seleccionado en diciembre de 2001.<\/p>\n<p><em><strong>Descripci\u00f3n del emblema<\/strong><\/em><br \/>\nEn general, el emblema representa a la torre ic\u00f3nica del Recinto. El color amarillo simboliza a la Facultad de Ciencias Naturales y el color rojo representa al Recinto de R\u00edo Piedras de la Universidad de Puerto Rico. Dentro de la torre, el acr\u00f3nimo CN significa \u00abCiencias Naturales\u00bb y UPR significa \u00abUniversidad de Puerto Rico\u00bb. El globo terr\u00e1queo es s\u00edmbolo de la internacionalizaci\u00f3n de las ciencias naturales.<\/p>\n","protected":false},"excerpt":{"rendered":"<p>La Facultad de Ciencias Naturales de la Universidad de Puerto Rico, Recinto de R\u00edo Piedras es en la actualidad una de las m\u00e1s destacadas en su campo y uno de los centros de investigaci\u00f3n m\u00e1s importantes del pa\u00eds.\u00a0 Sus inicios se remontan al 1943, cuando bajo la direcci\u00f3n de su primer Decano, el Dr. Facundo<\/p>\n<div class=\"read-more\"><a href=\"https:\/\/natsci.uprrp.edu\/es\/la-facultad\/historia\/\" title=\"Read More\">Read More<\/a><\/div>\n","protected":false},"author":1,"featured_media":0,"parent":296,"menu_order":3,"comment_status":"closed","ping_status":"closed","template":"","meta":{"rs_blank_template":"","rs_page_bg_color":"","slide_template_v7":"","footnotes":""},"class_list":["post-24","page","type-page","status-publish"],"_links":{"self":[{"href":"https:\/\/natsci.uprrp.edu\/es\/wp-json\/wp\/v2\/pages\/24","targetHints":{"allow":["GET"]}}],"collection":[{"href":"https:\/\/natsci.uprrp.edu\/es\/wp-json\/wp\/v2\/pages"}],"about":[{"href":"https:\/\/natsci.uprrp.edu\/es\/wp-json\/wp\/v2\/types\/page"}],"author":[{"embeddable":true,"href":"https:\/\/natsci.uprrp.edu\/es\/wp-json\/wp\/v2\/users\/1"}],"replies":[{"embeddable":true,"href":"https:\/\/natsci.uprrp.edu\/es\/wp-json\/wp\/v2\/comments?post=24"}],"version-history":[{"count":21,"href":"https:\/\/natsci.uprrp.edu\/es\/wp-json\/wp\/v2\/pages\/24\/revisions"}],"predecessor-version":[{"id":1439,"href":"https:\/\/natsci.uprrp.edu\/es\/wp-json\/wp\/v2\/pages\/24\/revisions\/1439"}],"up":[{"embeddable":true,"href":"https:\/\/natsci.uprrp.edu\/es\/wp-json\/wp\/v2\/pages\/296"}],"wp:attachment":[{"href":"https:\/\/natsci.uprrp.edu\/es\/wp-json\/wp\/v2\/media?parent=24"}],"curies":[{"name":"wp","href":"https:\/\/api.w.org\/{rel}","templated":true}]}}