{"id":167,"date":"2016-09-08T10:14:48","date_gmt":"2016-09-08T14:14:48","guid":{"rendered":"http:\/\/natsci.uprrp.edu\/es\/?page_id=167"},"modified":"2018-08-06T15:27:17","modified_gmt":"2018-08-06T19:27:17","slug":"acreditaciones","status":"publish","type":"page","link":"https:\/\/natsci.uprrp.edu\/es\/la-facultad\/acreditaciones\/","title":{"rendered":"Accreditations and Certifications&#8211;traducir"},"content":{"rendered":"<p>El Recinto de R\u00edo Piedras de la Universidad de Puerto Rico est\u00e1 acreditado por la\u00a0<a href=\"https:\/\/www.msche.org\/\" target=\"_blank\" rel=\"noopener\">Middle States Commission on Higher Education<\/a><em>\u00a0<\/em>(<em>MSCHE<\/em>).\u00a0 Adem\u00e1s posee la licencia otorgada por el <a href=\"http:\/\/www.ce.pr.gov\/\" target=\"_blank\" rel=\"noopener\">Consejo de Educaci\u00f3n de Puerto Rico<\/a>.<\/p>\n<table style=\"height: 284px\" width=\"717\">\n<tbody>\n<tr>\n<td style=\"text-align: center\" width=\"210\"><strong>Programa Subgraduado<\/strong><\/td>\n<td style=\"text-align: center\" width=\"198\"><strong>Agencia<\/strong><\/td>\n<td style=\"text-align: center\" width=\"150\"><strong>Periodo Acreditaci\u00f3n<\/strong><\/td>\n<\/tr>\n<tr>\n<td width=\"&quot;210\">Programa de Nutrici\u00f3n y Diet\u00e9tica<\/td>\n<td width=\"198\">\n<ul>\n<li><a href=\"http:\/\/www.eatrightpro.org\/resources\/acend\/accredited-programs\/didactic-programs-in-dietetics\" target=\"_blank\" rel=\"noopener\">Accreditation Council for Education in Nutrition and Dietetics (ACEND)<\/a>\u00a0de la Academy of Nutrition and Dietetics (AND)<\/li>\n<\/ul>\n<\/td>\n<td width=\"150\">2009-2020<\/td>\n<\/tr>\n<tr>\n<td width=\"210\">Ciencia de C\u00f3mputos<\/td>\n<td width=\"198\">\n<ul>\n<li><a href=\"http:\/\/main.abet.org\/aps\/AccreditedProgramsDetails.aspx?OrganizationID=6220&amp;ProgramIDs=\" target=\"_blank\" rel=\"noopener\">ABET Computing Accreditation Commission<\/a><\/li>\n<\/ul>\n<\/td>\n<td width=\"150\">2008-2022<\/td>\n<\/tr>\n<tr>\n<td width=\"210\">Qu\u00edmica<\/td>\n<td width=\"198\">\n<ul>\n<li>Certificado por la <a href=\"https:\/\/www.acs.org\/content\/acs\/en.html\" target=\"_blank\" rel=\"noopener\">American Chemical Society<\/a><\/li>\n<\/ul>\n<\/td>\n<td width=\"150\">N\/A<\/td>\n<\/tr>\n<\/tbody>\n<\/table>\n","protected":false},"excerpt":{"rendered":"<p>El Recinto de R\u00edo Piedras de la Universidad de Puerto Rico est\u00e1 acreditado por la\u00a0Middle States Commission on Higher Education\u00a0(MSCHE).\u00a0 Adem\u00e1s posee la licencia otorgada por el Consejo de Educaci\u00f3n de Puerto Rico. Programa Subgraduado Agencia Periodo Acreditaci\u00f3n Programa de Nutrici\u00f3n y Diet\u00e9tica Accreditation Council for Education in Nutrition and Dietetics (ACEND)\u00a0de la Academy of<\/p>\n<div class=\"read-more\"><a href=\"https:\/\/natsci.uprrp.edu\/es\/la-facultad\/acreditaciones\/\" title=\"Read More\">Read More<\/a><\/div>\n","protected":false},"author":1,"featured_media":0,"parent":296,"menu_order":4,"comment_status":"closed","ping_status":"closed","template":"page-blocks.php","meta":{"rs_blank_template":"","rs_page_bg_color":"","slide_template_v7":"","footnotes":""},"class_list":["post-167","page","type-page","status-publish"],"_links":{"self":[{"href":"https:\/\/natsci.uprrp.edu\/es\/wp-json\/wp\/v2\/pages\/167","targetHints":{"allow":["GET"]}}],"collection":[{"href":"https:\/\/natsci.uprrp.edu\/es\/wp-json\/wp\/v2\/pages"}],"about":[{"href":"https:\/\/natsci.uprrp.edu\/es\/wp-json\/wp\/v2\/types\/page"}],"author":[{"embeddable":true,"href":"https:\/\/natsci.uprrp.edu\/es\/wp-json\/wp\/v2\/users\/1"}],"replies":[{"embeddable":true,"href":"https:\/\/natsci.uprrp.edu\/es\/wp-json\/wp\/v2\/comments?post=167"}],"version-history":[{"count":20,"href":"https:\/\/natsci.uprrp.edu\/es\/wp-json\/wp\/v2\/pages\/167\/revisions"}],"predecessor-version":[{"id":1442,"href":"https:\/\/natsci.uprrp.edu\/es\/wp-json\/wp\/v2\/pages\/167\/revisions\/1442"}],"up":[{"embeddable":true,"href":"https:\/\/natsci.uprrp.edu\/es\/wp-json\/wp\/v2\/pages\/296"}],"wp:attachment":[{"href":"https:\/\/natsci.uprrp.edu\/es\/wp-json\/wp\/v2\/media?parent=167"}],"curies":[{"name":"wp","href":"https:\/\/api.w.org\/{rel}","templated":true}]}}