{"id":1363,"date":"2018-05-10T14:28:58","date_gmt":"2018-05-10T18:28:58","guid":{"rendered":"http:\/\/natsci.uprrp.edu\/es\/?page_id=1363"},"modified":"2018-08-06T13:51:14","modified_gmt":"2018-08-06T17:51:14","slug":"maestria-y-doctorado2","status":"publish","type":"page","link":"https:\/\/natsci.uprrp.edu\/es\/maestria-y-doctorado2\/","title":{"rendered":"Masters &amp; PhD&#8217;s&#8212;traducir al ingles"},"content":{"rendered":"<p>La informaci\u00f3n provista en esta p\u00e1gina se ofrece con el s\u00f3lo prop\u00f3sito de orientar; no es y no pretende ser exhaustiva.\u00a0 Para ampliar la misma te recomendamos visitar o contactar a las oficinas de Admisiones.\u00a0Tambi\u00e9n puedes consultar las gu\u00eda de <span style=\"color: #ff0000\"><a style=\"color: #ff0000\" href=\"http:\/\/admisiones.uprrp.edu\/?page_id=181\" target=\"_blank\" rel=\"noopener\">preguntas frecuentes<\/a><\/span><\/p>\n<p style=\"padding-left: 30px\"><div class=\"row cf\"><div class=\"column half\"><strong>Oficina de Admisiones UPR<\/strong><br \/>\nTel: (787) 250-0000 Exts. 3201, 3200, 3202<br \/>\nDirecci\u00f3n F\u00edsica:<br \/>\n<span class=\"mini-contacts address icon-off show-on-desktop near-logo-first-switch in-menu-second-switch first\">UPR Adm Central, Calle Flamboy\u00e1n Jard\u00edn Bot\u00e1nico Sur, R\u00edo Piedras, PR<\/span><br \/>\nDirecci\u00f3n Postal:<br \/>\nJard\u00edn Bot\u00e1nico Sur<br \/>\n1187 Calle Flamboy\u00e1n<br \/>\nSan Juan, PR 00926-1117<br \/>\nP\u00e1gina web: <span style=\"color: #ff0000\"><a style=\"color: #ff0000\" href=\"http:\/\/www.upr.edu\/admisiones\" target=\"_blank\" rel=\"noopener\">www.upr.edu\/admisiones<\/a><\/span><\/p>\n<\/div><div class=\"column half\"><strong>Oficina de Admisiones Recinto de R\u00edo Piedras<\/strong><br \/>\nTel: (787) 764-0000 Exts. 85701 a la 85712<br \/>\nFax: (787) 764-3680<br \/>\nDireci\u00f3n F\u00edsica:<br \/>\n<span class=\"st\">Ave. Ponce de Le\u00f3n Edificio Plaza Universitaria Torre Central \u2013 Segundo Piso, R\u00edo Piedras, PR<\/span><br \/>\nDirecci\u00f3n Postal:<br \/>\nPO Box 21907 San Juan, PR 00931-1907<br \/>\nP\u00e1gina web:<span style=\"color: #ff0000\"><a style=\"color: #ff0000\" href=\"http:\/\/admisiones.uprrp.edu\/\" target=\"_blank\" rel=\"noopener\"> http:\/\/admisiones.uprrp.edu\/<\/a><\/span><br \/>\n<\/div><\/div>\n<dl class=\"sc-accordions\"><dt class=\"sc-accordion-title\"><a href=\"#\">GRADOS DE MAESTR\u00cdA Y DOCTORADO OFRECIDOS<\/a><\/dt><dd class=\"sc-accordion-pane\">\n<div class=\"row cf\"><div class=\"column half\">\n<p><strong>Biolog\u00eda<br \/>\n<\/strong><span style=\"color: #e54e53\"><a style=\"font-size: 14px;color: #e54e53\" href=\"http:\/\/graduados.uprrp.edu\/images\/pdf\/Est_Req_Ms_Biologia.pdf\" target=\"_blank\" rel=\"noopener\">Maestr\u00eda en Ciencias\/M.S.<br \/>\n<\/a><\/span><a href=\"http:\/\/graduados.uprrp.edu\/images\/pdf\/Est_Req_Phd_Biologia.pdf\" target=\"_blank\" rel=\"noopener\"><span style=\"color: #e54e53\">Doctorado en Filosof\u00eda\/Ph.D.<\/span><\/a><\/p>\n<p><strong>Ciencias Ambientales<br \/>\n<\/strong><span style=\"color: #e54e53\"><a style=\"font-size: 14px;color: #e54e53\" href=\"http:\/\/graduados.uprrp.edu\/images\/pdf\/Est_Req_Ms_Envsc.pdf\" target=\"_blank\" rel=\"noopener\">Maestr\u00eda en Ciencias\/M.S.<br \/>\n<\/a><a style=\"color: #e54e53\" href=\"http:\/\/graduados.uprrp.edu\/images\/pdf\/Est_Req_Phd_Ciencias_Ambientales.pdf\" target=\"_blank\" rel=\"noopener\">Doctorado en Filosof\u00eda\/Ph.D.<\/a><\/span><\/p>\n<p><strong>F\u00edsica<br \/>\n<\/strong><a style=\"font-size: 14px\" href=\"http:\/\/graduados.uprrp.edu\/images\/pdf\/Est_Req_Ms_Fisica.pdf\" target=\"_blank\" rel=\"noopener\"><span style=\"color: #e54e53\">Maestr\u00eda en Ciencias\/M.S.<\/span><\/a><\/div><div class=\"column half\">\n<p><strong>Matem\u00e1ticas<br \/>\n<\/strong><span style=\"color: #e54e53\"><a style=\"font-size: 14px;color: #e54e53\" href=\"http:\/\/graduados.uprrp.edu\/images\/pdf\/Est_Req_Ms_Matematicas.pdf\" target=\"_blank\" rel=\"noopener\">Maestr\u00eda en Ciencias\/M.S.<br \/>\n<\/a><\/span><a href=\"http:\/\/graduados.uprrp.edu\/images\/pdf\/Est_Req_Phd_Matematicas.pdf\" target=\"_blank\" rel=\"noopener\"><span style=\"color: #e54e53\">Doctorado en Filosof\u00eda\/Ph.D.<\/span><\/a><\/p>\n<p><strong>Qu\u00edmica<br \/>\n<\/strong><span style=\"color: #e54e53\"><a style=\"font-size: 14px;color: #e54e53\" href=\"http:\/\/graduados.uprrp.edu\/images\/pdf\/Est_Req_Ms_Quimica.pdf\" target=\"_blank\" rel=\"noopener\">Maestr\u00eda en Ciencias\/M.S.<br \/>\n<\/a><a style=\"color: #e54e53\" href=\"http:\/\/graduados.uprrp.edu\/images\/pdf\/Est_Req_Phd_Quimica.pdf\" target=\"_blank\" rel=\"noopener\">Doctorado en Filosof\u00eda\/Ph.D.<\/a><\/span><\/p>\n<p><strong>F\u00edsica-Qu\u00edmica<br \/>\n<\/strong><span style=\"color: #e54e53\"><span style=\"font-size: 14px\">\u00a0<\/span><a style=\"font-size: 14px;color: #e54e53\" href=\"Doctorado%20en%20Filosof\u00eda\/Ph.D.\" target=\"_blank\" rel=\"noopener\">Doctorado en Filosof\u00eda\/Ph.D.<\/a><\/span><\/div><\/div>\n<\/dd>\n<dt class=\"sc-accordion-title\"><a href=\"#\">CRITERIOS DE ADMISI\u00d3N<\/a><\/dt><dd class=\"sc-accordion-pane\">\n<p>Toda persona que interese una admisi\u00f3n graduada para la Facultad de Ciencias Naturales debe cumplir con los requisitos espec\u00edficos del programa al que aspira.\u00a0Todos los programas graduados ofrecen admisi\u00f3n para el primer semestre de cada a\u00f1o acad\u00e9mico que comienza en agosto; el programa de Biolog\u00eda tambi\u00e9n admite en enero. Los solicitantes internacionales son considerados para admisi\u00f3n solo para la sesi\u00f3n de agosto del a\u00f1o acad\u00e9mico y son responsables de gestionar su visa y de conocer con las reglas y procedimientos del Servicio de Inmigraci\u00f3n de los EE.UU.\u00a0 Para preguntas o informaci\u00f3n adicional sobre admisiones graduadas puede enviar un correo electr\u00f3nico a <a href=\"mailto:maria.castro19@upr.edu\">maria.castro19@upr.edu<\/a>. Para m\u00e1s informaci\u00f3n visite la p\u00e1gina <a href=\"http:\/\/graduados.uprrp.edu\/index.php?option=com_content&amp;view=article&amp;id=109&amp;Itemid=364&amp;lang=es\">F<\/a><a href=\"http:\/\/graduados.uprrp.edu\/index.php?option=com_content&amp;view=article&amp;id=109&amp;Itemid=364&amp;lang=es\">echa<\/a><a href=\"http:\/\/graduados.uprrp.edu\/index.php?option=com_content&amp;view=article&amp;id=109&amp;Itemid=364&amp;lang=es\"> l\u00edmite<\/a> del Decanato de Asuntos Graduados e Investigaci\u00f3n (DEGI).<\/p>\n<p>Para verificar los requisitos as\u00ed como los documentos requeridos por el programa acad\u00e9mico de su inter\u00e9s pulse sobre los enlaces de siguiente tabla.<\/p>\n<div class=\"row cf\"><div class=\"column half\">\n<p><strong>Biolog\u00eda<br \/>\n<\/strong><span style=\"color: #e54e53\"><a style=\"font-size: 14px;color: #e54e53\" href=\"http:\/\/graduados.uprrp.edu\/images\/pdf\/Est_Req_Ms_Biologia.pdf\" target=\"_blank\" rel=\"noopener\">Maestr\u00eda en Ciencias\/M.S.<br \/>\n<\/a><\/span><a href=\"http:\/\/graduados.uprrp.edu\/images\/pdf\/Est_Req_Phd_Biologia.pdf\" target=\"_blank\" rel=\"noopener\"><span style=\"color: #e54e53\">Doctorado en Filosof\u00eda\/Ph.D.<\/span><\/a><\/p>\n<p><strong>Ciencias Ambientales<br \/>\n<\/strong><span style=\"color: #e54e53\"><a style=\"font-size: 14px;color: #e54e53\" href=\"http:\/\/graduados.uprrp.edu\/images\/pdf\/Est_Req_Ms_Envsc.pdf\" target=\"_blank\" rel=\"noopener\">Maestr\u00eda en Ciencias\/M.S.<br \/>\n<\/a><a style=\"color: #e54e53\" href=\"http:\/\/graduados.uprrp.edu\/images\/pdf\/Est_Req_Phd_Ciencias_Ambientales.pdf\" target=\"_blank\" rel=\"noopener\">Doctorado en Filosof\u00eda\/Ph.D.<\/a><\/span><\/p>\n<p><strong>F\u00edsica<br \/>\n<\/strong><a style=\"font-size: 14px\" href=\"http:\/\/graduados.uprrp.edu\/images\/pdf\/Est_Req_Ms_Fisica.pdf\" target=\"_blank\" rel=\"noopener\"><span style=\"color: #e54e53\">Maestr\u00eda en Ciencias\/M.S.<\/span><\/a><\/div><div class=\"column half\">\n<p><strong>Matem\u00e1ticas<br \/>\n<\/strong><span style=\"color: #e54e53\"><a style=\"font-size: 14px;color: #e54e53\" href=\"http:\/\/graduados.uprrp.edu\/images\/pdf\/Est_Req_Ms_Matematicas.pdf\" target=\"_blank\" rel=\"noopener\">Maestr\u00eda en Ciencias\/M.S.<br \/>\n<\/a><\/span><a href=\"http:\/\/graduados.uprrp.edu\/images\/pdf\/Est_Req_Phd_Matematicas.pdf\" target=\"_blank\" rel=\"noopener\"><span style=\"color: #e54e53\">Doctorado en Filosof\u00eda\/Ph.D.<\/span><\/a><\/p>\n<p><strong>Qu\u00edmica<br \/>\n<\/strong><span style=\"color: #e54e53\"><a style=\"font-size: 14px;color: #e54e53\" href=\"http:\/\/graduados.uprrp.edu\/images\/pdf\/Est_Req_Ms_Quimica.pdf\" target=\"_blank\" rel=\"noopener\">Maestr\u00eda en Ciencias\/M.S.<br \/>\n<\/a><a style=\"color: #e54e53\" href=\"http:\/\/graduados.uprrp.edu\/images\/pdf\/Est_Req_Phd_Quimica.pdf\" target=\"_blank\" rel=\"noopener\">Doctorado en Filosof\u00eda\/Ph.D.<\/a><\/span><\/p>\n<p><strong>F\u00edsica-Qu\u00edmica<br \/>\n<\/strong><span style=\"color: #e54e53\"><span style=\"font-size: 14px\">\u00a0<\/span><a style=\"font-size: 14px;color: #e54e53\" href=\"Doctorado%20en%20Filosof\u00eda\/Ph.D.\" target=\"_blank\" rel=\"noopener\">Doctorado en Filosof\u00eda\/Ph.D.<\/a><\/span><\/div><\/div>\n<\/dd>\n<dt class=\"sc-accordion-title\"><a href=\"#\">COSTOS DE ESTUDIOS<\/a><\/dt><dd class=\"sc-accordion-pane\">Visite la p\u00e1gina <span style=\"color: #e44e53\"><a style=\"color: #e44e53\" href=\"http:\/\/graduados.uprrp.edu\/index.php?option=com_content&amp;view=article&amp;id=110&amp;Itemid=365&amp;lang=es\">Costos de estudio<\/a><\/span> del Decanato de Asuntos Graduados e Investigaci\u00f3n (DEGI) para un\u00a0 desglose de las tarifas, cuotas u otros cargos por concepto de estudios graduados.<\/dd>\n<dt class=\"sc-accordion-title\"><a href=\"#\">PARA SOLICITAR ADMISI\u00d3N<\/a><\/dt><dd class=\"sc-accordion-pane\">\n<p><strong>Completar y Someter la Solicitud de Admisi\u00f3n<\/strong><\/p>\n<p>El formulario Solicitud para Admisi\u00f3n a Estudios Graduados del Recinto de R\u00edo Piedras est\u00e1 disponible en<span style=\"color: #e44e53\"> <a style=\"color: #e44e53\" href=\"https:\/\/app.applyyourself.com\/?id=upr-grad\" target=\"_blank\" rel=\"noopener\">l\u00ednea<\/a><\/span>. La cuota de admisi\u00f3n o readmisi\u00f3n correspondiente debe ser pagada al momento de someter la solicitud o antes de la fecha l\u00edmite de admisi\u00f3n. Este pago no es reembolsable y puede realizarse a trav\u00e9s de Internet utilizando ATH del Banco Popular de Puerto Rico, Visa o Master Card. De tener alguna duda o confrontar alg\u00fan problema puede enviar un correo electr\u00f3nico a<span style=\"color: #e44e53\"> <a style=\"color: #e44e53\" href=\"mailto:admisionesgrad@uprrp.edu\" target=\"_blank\" rel=\"noopener\">admisionesgrad@uprrp.edu<\/a><\/span>. Los costos por tipo de admisi\u00f3n son:<\/p>\n<p>Admisi\u00f3n regular $20.00<br \/>\nReadmisi\u00f3n a estudios graduados $33.00<br \/>\nEstudios transitorios $20.00<br \/>\nPermiso de estudio $20.00<br \/>\nTramitar el Env\u00edo de Documentos de Admisi\u00f3n<\/p>\n<p>El solicitante es responsable de enviar directamente al programa graduado todos los documentos requeridos en la solicitud de admisi\u00f3n, incluyendo los resultados del Graduate Record Examinations GRE (en el \u00e1rea de especialidad). En la siguiente tabla encontrar\u00e1s la informaci\u00f3n de contacto y el enlace a la documentaci\u00f3n requerida por cada programa acad\u00e9mico de nuestra facultad.<\/p>\n<table width=\"709\">\n<tbody>\n<tr>\n<td width=\"168\"><strong>Programa<br \/>\n<\/strong><\/td>\n<td width=\"426\"><strong>Informaci\u00f3n de Contacto de los Programas<\/strong><\/td>\n<\/tr>\n<tr>\n<td width=\"168\"><strong>Biolog\u00eda<br \/>\n<\/strong><span style=\"color: #e54e53\"><a style=\"font-size: 14px;color: #e54e53\" href=\"http:\/\/graduados.uprrp.edu\/images\/pdf\/Est_Req_Ms_Biologia.pdf\">Maestr\u00eda en Ciencias\/M.S.<br \/>\n<\/a><a style=\"font-size: 14px;color: #e54e53\" href=\"http:\/\/graduados.uprrp.edu\/images\/pdf\/Est_Req_Phd_Biologia.pdf\">Doctorado en Filosof\u00eda\/Ph.D.<\/a><\/span><\/td>\n<td width=\"426\">Programa Graduado de Biolog\u00eda<br \/>\n(787) 764-0000 Exts. 88051, 88055, 88150 y 87943<br \/>\n<span style=\"font-size: 14px\">Dr. Jos\u00e9 E. Garcia Arrar\u00e1s , Coordinador &#8211;\u00a0<a href=\"mailto:jegarcia@hpcf.upr.edu\" target=\"_blank\" rel=\"noopener\">jegarcia@hpcf.upr.edu<\/a><\/span><a style=\"font-size: 14px\" href=\"mailto:anthony.washington@upr.edu\"><br \/>\n<\/a><span style=\"font-size: 14px\">Sra. Aidamarie P\u00e9rez, Oficial Asuntos Estudiantiles <span style=\"color: #e54e53\"><a style=\"color: #e54e53\" href=\"mailto:programagraduado_biol@upr.edu\" target=\"_blank\" rel=\"noopener\">programagraduado_biol@upr.edu<\/a><\/span><br \/>\n<\/span><span style=\"font-size: 14px\">Programa Graduado de Biolog\u00eda<br \/>\n<\/span><span style=\"font-size: 14px\">PO Box 23360<br \/>\n<\/span>San Juan, PR 00931-3360<\/td>\n<\/tr>\n<tr>\n<td width=\"168\"><strong>Ciencias Ambientales<br \/>\n<\/strong><span style=\"color: #e54e53\"><a style=\"color: #e54e53\" href=\"http:\/\/graduados.uprrp.edu\/images\/pdf\/Est_Req_Ms_Envsc.pdf\">Maestr\u00eda en Ciencias\/M.S.<\/a><\/span><br \/>\n<span style=\"color: #e54e53\"> <a style=\"font-size: 14px;color: #e54e53\" href=\"http:\/\/graduados.uprrp.edu\/images\/pdf\/Est_Req_Phd_Ciencias_Ambientales.pdf\">Doctorado en Filosof\u00eda\/Ph.D.<\/a><\/span><\/td>\n<td width=\"426\">Programa Graduado de Ciencias Ambientales<br \/>\n(787) 764-0000 Exts. 87942 y 88194<br \/>\n<span style=\"font-size: 14px\">Dr. Alonso Ram\u00edrez, Coordinador &#8211;\u00a0<\/span><span style=\"color: #e54e53\"><a style=\"font-size: 14px;color: #e54e53\" href=\"mailto:aramirez@ramirezlab.net\">aramirez@ramirezlab.net<br \/>\n<\/a><\/span>Sra. Wilma Santiago Rivera, Asistente Administrativo &#8211;\u00a0<span style=\"color: #e54e53\"><a style=\"color: #e54e53\" href=\"mailto:ws6490@gmail.com\" target=\"_blank\" rel=\"noopener\">ws6490@gmail.com<\/a><\/span><br \/>\n<span style=\"font-size: 14px\">Programa Graduado de Ciencias Ambientales<br \/>\n<\/span><span style=\"font-size: 14px\">17 Ave. Universidad Ste 1701<br \/>\n<\/span>San Juan, PR 00925-2537<\/td>\n<\/tr>\n<tr>\n<td width=\"168\"><strong>F\u00edsica<br \/>\n<\/strong><a href=\"http:\/\/graduados.uprrp.edu\/images\/pdf\/Est_Req_Ms_Fisica.pdf\"><span style=\"color: #e54e53\">Maestr\u00eda en Ciencias\/M.S.<\/span><br \/>\n<\/a><strong>F\u00edsica-Qu\u00edmica<br \/>\n<\/strong><span style=\"color: #e54e53\">\u00a0<a style=\"color: #e54e53\" href=\"Doctorado%20en%20Filosof\u00eda\/Ph.D.\">Doctorado en Filosof\u00eda\/Ph.D.<\/a><\/span><\/td>\n<td width=\"426\">Programa Graduado de F\u00edsica<br \/>\n(787) 764-0000 Exts. 88401, 88406 y 87943<br \/>\nDr. Lutful Bari Bhuiyan, Coordinador de Ph.D<br \/>\n<span style=\"color: #e54e53\"><a style=\"color: #e54e53\" href=\"mailto:leenakhan3@gmail.com\" target=\"_blank\" rel=\"noopener\">leenakhan3@gmail.com<\/a><\/span><br \/>\nDr. Marcelo Ubriaco, Coordinador de M.S.<br \/>\n<span style=\"color: #e54e53\"><a style=\"color: #e54e53\" href=\"mailto:ubriaco@ltp.uprrp.edu\">ubriaco@ltp.uprrp.edu<\/a><\/span><br \/>\nSra. Aidamarie P\u00e9rez, Asistente Administrativo<br \/>\nPrograma Graduado de F\u00edsica<br \/>\nPO Box 70377<br \/>\nSan Juan, PR 00931-8377<\/td>\n<\/tr>\n<tr>\n<td width=\"168\"><strong>Matem\u00e1ticas<br \/>\n<\/strong><span style=\"color: #e54e53\"><a style=\"color: #e54e53\" href=\"http:\/\/graduados.uprrp.edu\/images\/pdf\/Est_Req_Ms_Matematicas.pdf\">Maestr\u00eda en Ciencias\/M.S.<\/a><\/span><br \/>\n<span style=\"color: #e54e53\"> <a style=\"color: #e54e53\" href=\"http:\/\/graduados.uprrp.edu\/images\/pdf\/Est_Req_Phd_Matematicas.pdf\">Doctorado en Filosof\u00eda\/Ph.D.<\/a><\/span><\/td>\n<td width=\"426\">Programa Graduado de Matem\u00e1ticas<br \/>\n(787) 764-0000 Exts. 87942 y 88249<br \/>\nDr. Luis A. Medina, Coordinador \u2013 <span style=\"color: #e54e53\"><a style=\"color: #e54e53\" href=\"mailto:luis.medina17@upr.edu\">luis.medina17@upr.edu<\/a><br \/>\n<\/span>Sra. Wilma Santiago Rivera, Asistente Administrativo &#8211;\u00a0<span style=\"color: #e54e53\"><a style=\"color: #e54e53\" href=\"mailto:ws6490@gmail.com\" target=\"_blank\" rel=\"noopener\">ws6490@gmail.com<\/a><\/span><br \/>\n<span style=\"font-size: 14px\">Programa Graduado de Matem\u00e1ticas<br \/>\n<\/span><span style=\"font-size: 14px\">17 Ave. Universidad Ste 1701<br \/>\n<\/span>San Juan, PR 00925-2537<\/td>\n<\/tr>\n<tr>\n<td width=\"168\"><strong>Qu\u00edmica<br \/>\n<\/strong><span style=\"color: #e54e53\"><a style=\"color: #e54e53\" href=\"http:\/\/graduados.uprrp.edu\/images\/pdf\/Est_Req_Ms_Quimica.pdf\">Maestr\u00eda en Ciencias\/M.S.<\/a><\/span><br \/>\n<span style=\"color: #e54e53\"> <a style=\"color: #e54e53\" href=\"http:\/\/graduados.uprrp.edu\/images\/pdf\/Est_Req_Phd_Quimica.pdf\">Doctorado en Filosof\u00eda\/Ph.D.<\/a><\/span><\/td>\n<td width=\"426\">Programa Graduado de Qu\u00edmica<br \/>\n(787) 764-0000 Ext. 87942<br \/>\nDr. Jorge Col\u00f3n, Coordinador &#8211;\u00a0<span style=\"color: #e54e53\"><a style=\"color: #e54e53\" href=\"mailto:jorge.colon10@upr.edu\">jorge.colon10@upr.edu<\/a><\/span><br \/>\n(787) 764-0000 Ext. 88543<br \/>\nSra. Wilma Santiago, Oficial de Asuntos Estudiantiles &#8211;<span style=\"color: #e54e53\">\u00a0<\/span><a href=\"mailto:ws6490@gmail.com\" target=\"_blank\" rel=\"noopener\"><span style=\"color: #e54e53\">ws6490@gmail.com<\/span><br \/>\n<\/a>Programa Graduado de Qu\u00edmica<br \/>\n17 Ave. Universidad Ste 1701<br \/>\nSan Juan, PR 00925-2537<\/td>\n<\/tr>\n<\/tbody>\n<\/table>\n<p>&nbsp;<\/p>\n<p><strong>Notificaci\u00f3n de Admisi\u00f3n<\/strong><br \/>\nEl aspirante recibir\u00e1 la contestaci\u00f3n a su solicitud de admisi\u00f3n mediante carta electr\u00f3nica enviada a la direcci\u00f3n de correo electr\u00f3nico mediante la cual someti\u00f3 su solicitud. El solicitante debe confirmar si va a estudiar o no en el Recinto mediante la forma electr\u00f3nica para la aceptaci\u00f3n. \u00a0Tambi\u00e9n recibir\u00e1 informaci\u00f3n sobre el proceso de matr\u00edcula y c\u00f3mo solicitar los servicios de apoyo para el estudiante.<\/p>\n<p><strong>Orientaciones para Estudiantes Graduados de Nuevo Ingreso<\/strong><\/p>\n<p>Una vez el solicitante confirma la admisi\u00f3n, ser\u00e1 invitado a participar de orientaciones ofrecidas por el programa acad\u00e9mico correspondiente y por el Decanato de Estudios Graduados e Investigaci\u00f3n (DEGI). <strong>Los estudiantes de nuevo ingreso deben asistir a todas las orientaciones.<\/strong><\/p>\n<p><strong>Estudiantes con Diversidad Funcional<\/strong><\/p>\n<p>Si requieres de alg\u00fan tipo de acomodo razonable para eliminar barreras que puedan limitar tu igual participaci\u00f3n y acceso a los servicios, programas y actividades disponibles para la comunidad universitaria debes comunicarte con la <span style=\"color: #ff0000\"><a style=\"color: #ff0000\" href=\"http:\/\/estudiantes.uprrp.edu\/servicios-al-estudiante\/oapi\/\" target=\"_blank\" rel=\"noopener\">Oficina de Asuntos para la Persona con Impedimentos (OAPI).<\/a><\/span><\/dd>\n<\/dl>\n<p>&nbsp;<\/p>\n","protected":false},"excerpt":{"rendered":"<p>La informaci\u00f3n provista en esta p\u00e1gina se ofrece con el s\u00f3lo prop\u00f3sito de orientar; no es y no pretende ser exhaustiva.\u00a0 Para ampliar la misma te recomendamos visitar o contactar a las oficinas de Admisiones.\u00a0Tambi\u00e9n puedes consultar las gu\u00eda de preguntas frecuentes &nbsp;<\/p>\n","protected":false},"author":7,"featured_media":0,"parent":0,"menu_order":0,"comment_status":"closed","ping_status":"closed","template":"","meta":{"rs_blank_template":"","rs_page_bg_color":"","slide_template_v7":"","footnotes":""},"class_list":["post-1363","page","type-page","status-publish"],"_links":{"self":[{"href":"https:\/\/natsci.uprrp.edu\/es\/wp-json\/wp\/v2\/pages\/1363","targetHints":{"allow":["GET"]}}],"collection":[{"href":"https:\/\/natsci.uprrp.edu\/es\/wp-json\/wp\/v2\/pages"}],"about":[{"href":"https:\/\/natsci.uprrp.edu\/es\/wp-json\/wp\/v2\/types\/page"}],"author":[{"embeddable":true,"href":"https:\/\/natsci.uprrp.edu\/es\/wp-json\/wp\/v2\/users\/7"}],"replies":[{"embeddable":true,"href":"https:\/\/natsci.uprrp.edu\/es\/wp-json\/wp\/v2\/comments?post=1363"}],"version-history":[{"count":8,"href":"https:\/\/natsci.uprrp.edu\/es\/wp-json\/wp\/v2\/pages\/1363\/revisions"}],"predecessor-version":[{"id":1417,"href":"https:\/\/natsci.uprrp.edu\/es\/wp-json\/wp\/v2\/pages\/1363\/revisions\/1417"}],"wp:attachment":[{"href":"https:\/\/natsci.uprrp.edu\/es\/wp-json\/wp\/v2\/media?parent=1363"}],"curies":[{"name":"wp","href":"https:\/\/api.w.org\/{rel}","templated":true}]}}