{"id":1281,"date":"2018-05-03T16:54:37","date_gmt":"2018-05-03T20:54:37","guid":{"rendered":"http:\/\/natsci.uprrp.edu\/es\/?page_id=1281"},"modified":"2018-05-03T17:01:59","modified_gmt":"2018-05-03T21:01:59","slug":"tmpoficinaregistrador","status":"publish","type":"page","link":"https:\/\/natsci.uprrp.edu\/es\/tmpoficinaregistrador\/","title":{"rendered":"tmpOficinaRegistrador"},"content":{"rendered":"<div class=\"sc-toggle\"><div class=\"sc-toggle-title\"><a href=\"#\">MATR\u00cdCULA<\/a><\/div><div class=\"sc-toggle-content\">La Oficina del Registrador prepara la matr\u00edcula para el primer semestre de los estudiantes de nuevo ingreso.\u00a0Sin embargo, para los siguientes semestres es el estudiante quien hace su matr\u00edcula.\u00a0 Es de suma importancia que consultes\u00a0 el Calendario Acad\u00e9mico para conocer las fechas en que te corresponde realizar el proceso de prematr\u00edcula y matr\u00edcula.\u00a0 En MIUPI, se indica toda la informaci\u00f3n necesaria para poder realizar el proceso as\u00ed c\u00f3mo las fechas en que se abre el acceso a los programas de matr\u00edcula Putty Tel, Telnet o Terra Term.<\/p>\n<p>Si tienes dudas o preguntas puedes acudir al Programa de Estudiantes Orientadores o a la Oficina de Asuntos Estudiantiles de la Facultad o en el Departamento al que perteneces.<\/div><\/div>\n\n<div class=\"sc-toggle\"><div class=\"sc-toggle-title\"><a href=\"#\">BAJAS PARCIALES<\/a><\/div><div class=\"sc-toggle-content\">Para solicitar bajas parciales el estudiante debe pasar por la Oficina de Asuntos Estudiantiles de su facultad para procesarla. Tiene que llevar consigo su ID de estudiante o una identificaci\u00f3n con foto para realizar el tr\u00e1mite. Una vez se haya completado el formulario se le da copia al estudiante y es la Oficina de Asuntos Estudiantiles quien se encarga de llevar el original al registrador.<\/p>\n<p><strong><em>Se debe verificar el calendario acad\u00e9mico del semestre para ver la fecha l\u00edmite de bajas parciales.<\/em><\/strong><\/div><\/div>\n\n<div class=\"sc-toggle\"><div class=\"sc-toggle-title\"><a href=\"#\">PERMISOS ESPECIALES<\/a><\/div><div class=\"sc-toggle-content\"><em><strong>Definiciones<\/strong><\/em><br \/>\nDe acuerdo a la Pol\u00edtica Institucional del A\u00f1o Acad\u00e9mico 1996-1997, el permiso especial es una autorizaci\u00f3n que se le concede al estudiante activo en una unidad de la Universidad de Puerto Rico para tomar cursos en otra unidad del Sistema UPR o instituci\u00f3n universitaria acreditada con el prop\u00f3sito de transferir los cr\u00e9ditos autorizados a su unidad de origen.<\/p>\n<p>Todo curso tomado en la UPR recibir\u00e1 el mismo trato a trav\u00e9s del sistema y los cursos con igual codificaci\u00f3n ser\u00e1n equivalentes, independiente de la unidad en que hayan sido aprobados (Certificaci\u00f3n N\u00fam. 115, 1996-97, de la Junta de S\u00edndicos). La Junta de S\u00edndicos reafirmo esta posici\u00f3n en su Certificaci\u00f3n N\u00fam. 51, 2000-01, consignando que las unidades de la UPR constituyen para todo los efectos, incluida la convalidaci\u00f3n de cursos, un sistema universitario, seg\u00fan establecido en el Art\u00edculo 12 del Reglamento General de la UPR.<\/p>\n<p>La Facultad de Ciencias Naturales acoge como suya estas definiciones y acorde con las pol\u00edticas vigentes tiene como objetivos al otorgar el permiso especial lo siguiente:<br \/>\n&gt;Facilitar el progreso acad\u00e9mico del estudiante hacia el grado, permiti\u00e9ndole tomar cursos que en determinado momento no est\u00e1n disponibles en su unidad.<br \/>\n&gt;Atender situaciones de \u00edndole personal que le requieran relocalizarse en forma temporera en otra unidad o universidad acreditada.<br \/>\n&gt;Expandir sus opciones educativas permiti\u00e9ndole tomar cursos que ofrecen otras unidades o instituciones educativas, ya sea por iniciativa individual, o como participante en programas de intercambio e internado.<br \/>\n&gt;Ofrecer al estudiante la oportunidad de estar expuesto a otros ambientes y culturas universitarias.<\/p>\n<p><em><strong>Elegibilidad<\/strong><\/em><br \/>\nLos estudiantes de la Facultad de Ciencias Naturales son elegibles para permiso especial si cumplen con lo siguiente:<\/p>\n<ul>\n<li>Debe haber estudiado al menos un semestre en su unidad de origen.<\/li>\n<li>Se necesita la autorizaci\u00f3n previa del director del departamento o programa al cual est\u00e1 adscrito el estudiante que solicita el permiso.<\/li>\n<li>Tener progreso acad\u00e9mico satisfactorio**** VER NORMA DE PROGRESO ACADEMICO****<\/li>\n<li>Matricularse en los cursos previamente autorizados. Para permitir flexibilidad la unidad de origen podr\u00e1 indicar en el documento otros cursos alternativos, siempre que no excedan el m\u00e1ximo de cr\u00e9ditos autorizados.<\/li>\n<li>El estudiante no se exceder\u00e1 de 21 cr\u00e9ditos por semestre\/cuatrimestre\/trimestre.<\/li>\n<li>La aprobaci\u00f3n final de un permiso especial est\u00e1 sujeta a la disponibilidad de oferta y espacio en la unidad o instituci\u00f3n receptora.<\/li>\n<li>En casos excepcionales el Decanato de Asuntos Acad\u00e9micos de la unidad de origen podr\u00e1 autorizar permisos especiales a estudiantes que no cumplan plenamente con las condiciones anteriores.<\/li>\n<\/ul>\n<p><em><strong>T\u00e9rmino<\/strong><\/em><br \/>\nEl permiso especial se autoriza durante un plazo de tiempo fijo y puede extenderse por varios t\u00e9rminos pero siempre con miras a regresar a su unidad de origen a proseguir con el balance de sus estudios. Se podr\u00e1 emitir autorizaciones para estudiar en m\u00e1s de una instituci\u00f3n en forma concurrente, siempre y cuando el n\u00famero de cr\u00e9ditos combinado est\u00e9 dentro de las normas de origen.<\/p>\n<p><strong><em>Tr\u00e1mite<\/em><\/strong><br \/>\nLos formularios de solicitud ser\u00e1n suministrados y tramitados por la Oficina del Registrador de la unidad de origen. Para ser v\u00e1lida la solicitud, \u00e9sta debe contar con la autorizaci\u00f3n del Director del Departamento al que est\u00e1 adscrito el estudiante y el Decano de Facultad o funcionario correspondiente en esa unidad.<\/p>\n<ol>\n<li style=\"list-style-type: none\">\n<ol>\n<li>\u00a0El estudiante debe solicitar el formulario de Permiso Especial en la Oficina dle Registrador dentro de la fecha limite y verificar\u00e1 que tenga el \u00edndice m\u00ednimo de retenci\u00f3n para cumplir con el proceso.<\/li>\n<li>Cada departamento deber\u00e1 autorizar los cursos que le corresponda hacer convalidaci\u00f3n o equivalencia.<\/li>\n<li>Todas las unidades de la UPR har\u00e1n esfuerzos por evaluar y responder a las solicitudes radicadas dentro del periodo calendarizado dentro de un plazo de tiempo razonable.<\/li>\n<li>En aquellos casos en que la autorizaci\u00f3n sea denegada por una unidad receptora del Sistema UPR, esta deber\u00e1 indicar al estudiante la raz\u00f3n de la denegaci\u00f3n dentro de un plazo de tiempo razonable.<\/li>\n<li>Cuando tenga todas las firmas, el estudiante, debe acudir a la Oficina de Recaudaciones, para pagar.<\/li>\n<li>Luego, llevar el permiso especial y el recibo de pago a la Oficina del Registrador, Secci\u00f3n de Anotaciones.<\/li>\n<\/ol>\n<\/li>\n<\/ol>\n<\/div><\/div>\n\n<div class=\"sc-toggle\"><div class=\"sc-toggle-title\"><a href=\"#\">PROGRESO ACAD\u00c9MICO SATISFACTORIO<\/a><\/div><div class=\"sc-toggle-content\">\nProgreso acad\u00e9mico satisfactorio es cumplir con los requisitos de promedio m\u00ednimo establecidos, por la instituci\u00f3n (2.00), aprobar un por ciento m\u00ednimo de cr\u00e9ditos al a\u00f1o (50%); si recibe ayuda econ\u00f3mica es el (70%).\u00a0 Adem\u00e1s, en caso de recibir ayudas econ\u00f3micas, \u00a0poder completar el grado dentro del 150% del total de cr\u00e9ditos requeridos por su programa acad\u00e9mico. El Progreso acad\u00e9mico se mide anualmente.<\/p>\n<p style=\"text-align: center\"><strong>Progreso Acad\u00e9mico no satisfactorio conlleva estar en estatus probatorio, tenga o no ayuda econ\u00f3mica el estudiante<\/strong><\/p>\n<ol>\n<li style=\"list-style-type: none\">\n<ol>\n<li style=\"list-style-type: none\">\n<ul>\n<li><strong>Probatoria Administrativa*<\/strong>: El estudiante no ha aprobado el 50% de los cr\u00e9ditos matriculados durante el <u>a\u00f1o acad\u00e9mico<\/u>.** Sin embargo, cuenta con un \u00edndice acad\u00e9mico general de 2.00 o m\u00e1s.<\/li>\n<li><strong>Probatoria Acad\u00e9mica*<\/strong>: El estudiante cuenta con un \u00edndice acad\u00e9mico general menor de 2.00, durante el <u>a\u00f1o acad\u00e9mico<\/u>.**<\/li>\n<\/ul>\n<\/li>\n<\/ol>\n<\/li>\n<\/ol>\n<p>*Si el estudiante presenta solo una de estas, se le adjudica el estatus de probatoria.<br \/>\n**Enti\u00e9ndase por <u>a\u00f1o acad\u00e9mico<\/u> ambos periodos de agosto-diciembre y enero a mayo. Verano no est\u00e1 incluido en este periodo.<\/p>\n<p><strong>\u00cdndice m\u00ednimo para estudiantes que reciben alguna ayuda econ\u00f3mica*<br \/>\n<\/strong>*Enti\u00e9ndase por alguna ayuda econ\u00f3mica a las becas federales, el Programa Federal de Estudio y Trabajo, los pr\u00e9stamos y otras ayudas administradas por la Instituci\u00f3n.<\/p>\n<table>\n<tbody>\n<tr>\n<td width=\"127\">\n<p style=\"text-align: center\"><strong>A\u00f1o de Estudios<\/strong><\/p>\n<\/td>\n<td width=\"156\">\n<p style=\"text-align: center\"><strong>Promedio M\u00ednimo (criterio cualitativo)<\/strong><\/p>\n<\/td>\n<td width=\"192\">\n<p style=\"text-align: center\"><strong>Por ciento m\u00ednimo de cr\u00e9ditos intentados y aprobados en el a\u00f1o (criterio cuantitativo)<\/strong><\/p>\n<\/td>\n<\/tr>\n<tr>\n<td width=\"127\">\n<p style=\"text-align: center\">1<sup>er<\/sup><\/p>\n<\/td>\n<td width=\"156\">\n<p style=\"text-align: center\">1.40<\/p>\n<\/td>\n<td width=\"192\">\n<p style=\"text-align: center\">57<\/p>\n<\/td>\n<\/tr>\n<tr>\n<td width=\"127\">\n<p style=\"text-align: center\">2<sup>do<\/sup><\/p>\n<\/td>\n<td width=\"156\">\n<p style=\"text-align: center\">1.60<\/p>\n<\/td>\n<td width=\"192\">\n<p style=\"text-align: center\">67<\/p>\n<\/td>\n<\/tr>\n<tr>\n<td width=\"127\">\n<p style=\"text-align: center\">3<sup>er<\/sup><\/p>\n<\/td>\n<td width=\"156\">\n<p style=\"text-align: center\">1.80<\/p>\n<\/td>\n<td width=\"192\">\n<p style=\"text-align: center\">67<\/p>\n<\/td>\n<\/tr>\n<tr>\n<td width=\"127\">\n<p style=\"text-align: center\">4<sup>to<\/sup> o m\u00e1s<\/p>\n<\/td>\n<td width=\"156\">\n<p style=\"text-align: center\">2.00<\/p>\n<\/td>\n<td width=\"192\">\n<p style=\"text-align: center\">67<\/p>\n<\/td>\n<\/tr>\n<\/tbody>\n<\/table>\n<p>Todos los datos fueron recopilados por la certificaci\u00f3n n\u00famero 111 (2013-2014)\u00a0 de la Junta de Gobierno de la Universidad de Puerto Rico.<\/p>\n<\/div><\/div>\n\n","protected":false},"excerpt":{"rendered":"","protected":false},"author":8,"featured_media":0,"parent":0,"menu_order":0,"comment_status":"closed","ping_status":"closed","template":"","meta":{"footnotes":""},"class_list":["post-1281","page","type-page","status-publish"],"_links":{"self":[{"href":"https:\/\/natsci.uprrp.edu\/es\/wp-json\/wp\/v2\/pages\/1281","targetHints":{"allow":["GET"]}}],"collection":[{"href":"https:\/\/natsci.uprrp.edu\/es\/wp-json\/wp\/v2\/pages"}],"about":[{"href":"https:\/\/natsci.uprrp.edu\/es\/wp-json\/wp\/v2\/types\/page"}],"author":[{"embeddable":true,"href":"https:\/\/natsci.uprrp.edu\/es\/wp-json\/wp\/v2\/users\/8"}],"replies":[{"embeddable":true,"href":"https:\/\/natsci.uprrp.edu\/es\/wp-json\/wp\/v2\/comments?post=1281"}],"version-history":[{"count":12,"href":"https:\/\/natsci.uprrp.edu\/es\/wp-json\/wp\/v2\/pages\/1281\/revisions"}],"predecessor-version":[{"id":1294,"href":"https:\/\/natsci.uprrp.edu\/es\/wp-json\/wp\/v2\/pages\/1281\/revisions\/1294"}],"wp:attachment":[{"href":"https:\/\/natsci.uprrp.edu\/es\/wp-json\/wp\/v2\/media?parent=1281"}],"curies":[{"name":"wp","href":"https:\/\/api.w.org\/{rel}","templated":true}]}}