{"id":1164,"date":"2018-03-25T13:31:35","date_gmt":"2018-03-25T17:31:35","guid":{"rendered":"http:\/\/natsci.uprrp.edu\/es\/?page_id=1164"},"modified":"2018-08-06T14:41:43","modified_gmt":"2018-08-06T18:41:43","slug":"investigacion-y-actividad-creativa-de-estudiantes","status":"publish","type":"page","link":"https:\/\/natsci.uprrp.edu\/es\/investigacion-desarrollo-e-innovacion\/investigacion-y-actividad-creativa-de-estudiantes\/","title":{"rendered":"Student Research &amp; Creative Activity&#8211;para traducir al ingles"},"content":{"rendered":"<h3>INVESTIGACI\u00d3N SUBGRADUADA<\/h3>\n<dl class=\"sc-accordions\"><dt class=\"sc-accordion-title\"><a href=\"#\">PROYECTO INICIATIVAS DE INVESTIGACI\u00d3N Y ACTIVIDAD CREATIVA SUBGRADUADAS  (INAS)<\/a><\/dt><dd class=\"sc-accordion-pane\">\nSobre INAS:<\/p>\n<p><strong>Misi\u00f3n<br \/>\n<\/strong>Enriquecer los ofrecimientos acad\u00e9micos y mejorar la calidad de los programas subgraduados en el Recinto de R\u00edo Piedras, aumentando la investigaci\u00f3n y la actividad creativa.<\/p>\n<p><strong>Visi\u00f3n<br \/>\n<\/strong><span style=\"font-size: 14px\">Promover una cultura institucional que sit\u00fae la investigaci\u00f3n y la actividad creativa subgraduadas como la base del quehacer acad\u00e9mico que estimula el aprendizaje y la producci\u00f3n intelectual.<\/span><strong><br \/>\n<\/strong><\/p>\n<p><strong>Objetivos<br \/>\n<\/strong><span style=\"font-size: 14px\">Promover y facilitar la capacidad de la facultad y los estudiantes subgraduados de participar activamente en la investigaci\u00f3n y la actividad creativa.<\/span><strong><br \/>\n<\/strong><\/p>\n<p>Ofrecer espacios y oportunidades para la difusi\u00f3n de la investigaci\u00f3n y la actividad creativa sugraduadas.<br \/>\nDesarrollar y establecer una oficina de servicios y apoyo para la investigaci\u00f3n y actividad creativa subgraduadas.<\/p>\n<p><strong>INFORMACI\u00d3N CONTACTO<\/strong><\/p>\n<p>Edificio Hogar Mas\u00f3nico<br \/>\nPrimer Piso, Oficina 102 (DEGI)<br \/>\nUniversidad de Puerto Rico<br \/>\nRecinto de R\u00edo Piedras<\/p>\n<p>Direcci\u00f3n Postal<br \/>\nPO Box 21790<br \/>\nSan Juan, PR 00931-1790<\/p>\n<p>T. 787-764-0000\u00a0Exts. 86745<br \/>\n<span style=\"font-size: 14px\">CE: <a href=\"mailto:iinas.uprrp@gmail.com\" target=\"_blank\" rel=\"noopener\">iinas.uprrp@gmail.com<\/a><br \/>\nP\u00e1gina Web:\u00a0<a href=\"http:\/\/www.iinasupr.org\/\" target=\"_blank\" rel=\"noopener\">http:\/\/www.iinasupr.org\/<\/a><\/span><\/p>\n<p>Facebook: <a href=\"http:\/\/www.facebook.com\/iinas.uprrp\" target=\"_blank\" rel=\"noopener\">www.facebook.com\/iinas.uprrp<\/a><br \/>\ntwitter: <a href=\"http:\/\/wwww.twitter.com\/iinasupr\" target=\"_blank\" rel=\"noopener\">wwww.twitter.com\/iinasupr<\/a><\/p>\n<\/dd>\n<\/dl><\/span><\/p>\n<h3>INVESTIGACI\u00d3N GRADUADA<\/h3>\n<dl class=\"sc-accordions\"><dt class=\"sc-accordion-title\"><a href=\"#\">TESIS Y DISERTACIONES<\/a><\/dt><dd class=\"sc-accordion-pane\">http:\/\/www.bcn.uprrp.edu\/SubjectsPlus20_tesis\/subjects\/databases.php<\/dd>\n<\/dl>\n","protected":false},"excerpt":{"rendered":"<p>INVESTIGACI\u00d3N SUBGRADUADA INVESTIGACI\u00d3N GRADUADA<\/p>\n","protected":false},"author":7,"featured_media":0,"parent":290,"menu_order":7,"comment_status":"closed","ping_status":"closed","template":"","meta":{"rs_blank_template":"","rs_page_bg_color":"","slide_template_v7":"","footnotes":""},"class_list":["post-1164","page","type-page","status-publish"],"_links":{"self":[{"href":"https:\/\/natsci.uprrp.edu\/es\/wp-json\/wp\/v2\/pages\/1164","targetHints":{"allow":["GET"]}}],"collection":[{"href":"https:\/\/natsci.uprrp.edu\/es\/wp-json\/wp\/v2\/pages"}],"about":[{"href":"https:\/\/natsci.uprrp.edu\/es\/wp-json\/wp\/v2\/types\/page"}],"author":[{"embeddable":true,"href":"https:\/\/natsci.uprrp.edu\/es\/wp-json\/wp\/v2\/users\/7"}],"replies":[{"embeddable":true,"href":"https:\/\/natsci.uprrp.edu\/es\/wp-json\/wp\/v2\/comments?post=1164"}],"version-history":[{"count":5,"href":"https:\/\/natsci.uprrp.edu\/es\/wp-json\/wp\/v2\/pages\/1164\/revisions"}],"predecessor-version":[{"id":1423,"href":"https:\/\/natsci.uprrp.edu\/es\/wp-json\/wp\/v2\/pages\/1164\/revisions\/1423"}],"up":[{"embeddable":true,"href":"https:\/\/natsci.uprrp.edu\/es\/wp-json\/wp\/v2\/pages\/290"}],"wp:attachment":[{"href":"https:\/\/natsci.uprrp.edu\/es\/wp-json\/wp\/v2\/media?parent=1164"}],"curies":[{"name":"wp","href":"https:\/\/api.w.org\/{rel}","templated":true}]}}