{"id":116,"date":"2016-05-11T19:06:07","date_gmt":"2016-05-11T23:06:07","guid":{"rendered":"http:\/\/natsci.uprrp.edu\/es\/?page_id=116"},"modified":"2018-04-02T15:01:18","modified_gmt":"2018-04-02T19:01:18","slug":"oficina-de-recursos-externos-y-proyectos-especiales","status":"publish","type":"page","link":"https:\/\/natsci.uprrp.edu\/es\/oficina-del-decano\/oficina-de-recursos-externos-y-proyectos-especiales\/","title":{"rendered":"Oficina de Recursos Externos y Proyectos Especiales"},"content":{"rendered":"<table border=\"0\" cellspacing=\"1\" cellpadding=\"20\">\n<tbody>\n<tr>\n<td colspan=\"3\" valign=\"top\" width=\"623\">\n<p align=\"center\"><strong>Horas de Oficina<\/strong><br \/>\n<strong>Lunes a Viernes: 8:00 AM \u2013 12:00 M, 1:00 PM \u2013 4:30 PM<\/strong><br \/>\n<strong>Tel\u00e9fono:\u00a0 787-764-0000<\/strong><\/p>\n<\/td>\n<\/tr>\n<tr>\n<td colspan=\"3\" valign=\"top\" width=\"623\"><strong>La Oficina de Recursos Externos y Proyectos Especiales ofrece los siguientes servicios:<\/strong><br \/>\n<strong>Manejo \u201cPre-award\u201d<\/strong><\/p>\n<ul>\n<li>Revisi\u00f3n del presupuesto y de compromisos acad\u00e9micos antes de que la propuesta sea sometida por miembros de la facultad a las agencias del gobierno federal \/ local o a fundaciones privadas,\u00a0 y antes de solicitar la aprobaci\u00f3n del Director del departamento correspondiente y del decano de Ciencias Naturales.<\/li>\n<li>Revisi\u00f3n y tramitaci\u00f3n de los documentos necesarios para presentar una propuesta para su aprobaci\u00f3n final por el Rector, en coordinaci\u00f3n con el Centro de Programas Patrocinados e Iniciativas Empresariales.<\/li>\n<\/ul>\n<p><strong><br \/>\nManejo \u201cPost-Award\u201d<\/strong><\/p>\n<ul>\n<li>Pre-Intervenci\u00f3n de documentos administrativos relacionados con las subvenciones con fondos externos antes de ser aprobados por el Decano de Ciencias Naturales.<\/li>\n<li>Asesoramiento a los miembros de la facultad con respecto a reglamentos y procedimientos establecidos por los organismos de financiaci\u00f3n externos, as\u00ed como por la Universidad de Puerto Rico a nivel del Campus y del sistema.<\/li>\n<li>Asesoramiento a personal administrativo a cargo de proyectos de investigaci\u00f3n y de mejoramiento en la ense\u00f1anza de las fuentes de financiaci\u00f3n externas con respecto a los reglamentos y procedimientos administrativos aplicables.<\/li>\n<li>Interacci\u00f3n directa con las oficinas administrativas en el campus que participan en el desarrollo y el cumplimiento de las subvenciones financiados con fondos externos.<\/li>\n<\/ul>\n<p><strong><br \/>\nTarjeta de cr\u00e9dito corporativa<\/strong><\/p>\n<ul>\n<li>Administraci\u00f3n, en cumplimiento de las pol\u00edticas institucionales y corporativas, de Tarjetas de Cr\u00e9dito American Express Corporativa, expedidas a miembros de la facultad.<\/li>\n<\/ul>\n<\/td>\n<\/tr>\n<tr>\n<td valign=\"top\" width=\"208\">Jos\u00e9 Pulgar<\/td>\n<td valign=\"top\" width=\"208\">Oficial para el manejo de fondos externos<\/td>\n<td valign=\"top\" width=\"207\">87948<\/td>\n<\/tr>\n<tr>\n<td valign=\"top\" width=\"208\">Ivette Hern\u00e1ndez<\/td>\n<td valign=\"top\" width=\"208\">Secretaria<\/td>\n<td valign=\"top\" width=\"207\">87948<\/td>\n<\/tr>\n<tr>\n<td valign=\"top\" width=\"208\">Clarissa Ortiz<\/td>\n<td valign=\"top\" width=\"208\">Agente Comprador<\/td>\n<td valign=\"top\" width=\"207\">87928<\/td>\n<\/tr>\n<\/tbody>\n<\/table>\n","protected":false},"excerpt":{"rendered":"<p>Horas de Oficina Lunes a Viernes: 8:00 AM \u2013 12:00 M, 1:00 PM \u2013 4:30 PM Tel\u00e9fono:\u00a0 787-764-0000 La Oficina de Recursos Externos y Proyectos Especiales ofrece los siguientes servicios: Manejo \u201cPre-award\u201d Revisi\u00f3n del presupuesto y de compromisos acad\u00e9micos antes de que la propuesta sea sometida por miembros de la facultad a las agencias del<\/p>\n<div class=\"read-more\"><a href=\"https:\/\/natsci.uprrp.edu\/es\/oficina-del-decano\/oficina-de-recursos-externos-y-proyectos-especiales\/\" title=\"Read More\">Read More<\/a><\/div>\n","protected":false},"author":2,"featured_media":0,"parent":96,"menu_order":0,"comment_status":"closed","ping_status":"closed","template":"","meta":{"rs_blank_template":"","rs_page_bg_color":"","slide_template_v7":"","footnotes":""},"class_list":["post-116","page","type-page","status-publish"],"_links":{"self":[{"href":"https:\/\/natsci.uprrp.edu\/es\/wp-json\/wp\/v2\/pages\/116","targetHints":{"allow":["GET"]}}],"collection":[{"href":"https:\/\/natsci.uprrp.edu\/es\/wp-json\/wp\/v2\/pages"}],"about":[{"href":"https:\/\/natsci.uprrp.edu\/es\/wp-json\/wp\/v2\/types\/page"}],"author":[{"embeddable":true,"href":"https:\/\/natsci.uprrp.edu\/es\/wp-json\/wp\/v2\/users\/2"}],"replies":[{"embeddable":true,"href":"https:\/\/natsci.uprrp.edu\/es\/wp-json\/wp\/v2\/comments?post=116"}],"version-history":[{"count":4,"href":"https:\/\/natsci.uprrp.edu\/es\/wp-json\/wp\/v2\/pages\/116\/revisions"}],"predecessor-version":[{"id":1195,"href":"https:\/\/natsci.uprrp.edu\/es\/wp-json\/wp\/v2\/pages\/116\/revisions\/1195"}],"up":[{"embeddable":true,"href":"https:\/\/natsci.uprrp.edu\/es\/wp-json\/wp\/v2\/pages\/96"}],"wp:attachment":[{"href":"https:\/\/natsci.uprrp.edu\/es\/wp-json\/wp\/v2\/media?parent=116"}],"curies":[{"name":"wp","href":"https:\/\/api.w.org\/{rel}","templated":true}]}}