{"id":114,"date":"2016-05-11T19:05:28","date_gmt":"2016-05-11T23:05:28","guid":{"rendered":"http:\/\/natsci.uprrp.edu\/es\/?page_id=114"},"modified":"2018-04-02T15:20:37","modified_gmt":"2018-04-02T19:20:37","slug":"decano-auxiliar-de-asuntos-administrativos","status":"publish","type":"page","link":"https:\/\/natsci.uprrp.edu\/es\/la-facultad\/el-decanato\/decano-auxiliar-de-asuntos-administrativos\/","title":{"rendered":"Oficina de Asuntos Administrativos"},"content":{"rendered":"<table border=\"0\" cellspacing=\"1\" cellpadding=\"20\">\n<tbody>\n<tr>\n<td colspan=\"3\" valign=\"top\" width=\"623\">\n<p align=\"center\"><strong>Horas de Oficina<\/strong><br \/>\n<strong>Lunes a Viernes: 8:00 AM \u2013 12:00 M, 1:00 PM \u2013 4:30 PM<\/strong><br \/>\n<strong>Tel\u00e9fono:\u00a0 787-764-0000<\/strong><\/p>\n<\/td>\n<\/tr>\n<tr>\n<td colspan=\"3\" valign=\"top\" width=\"623\">Esta oficina trabaja directamente con el Decano en los asuntos administrativos de la Facultad de Ciencias Naturales incluyendo:<\/p>\n<ul>\n<li>Proyecci\u00f3n del presupuesto de la Facultad, la distribuci\u00f3n y los informes financieros.<\/li>\n<li>Asuntos laborales relacionados al personal no acad\u00e9mico.<\/li>\n<li>Supervisi\u00f3n del mantenimiento e infraestructura de los trabajos para los cinco edificios del campus con empleados privados y de la UPR.<\/li>\n<li>Supervisi\u00f3n y coordinaci\u00f3n del redise\u00f1o de los espacios de laboratorio.<\/li>\n<\/ul>\n<\/td>\n<\/tr>\n<tr>\n<td valign=\"top\" width=\"195\">Carlos Pereira<\/td>\n<td valign=\"top\" width=\"297\">Decano Auxiliar de Asuntos Administrativos<\/td>\n<td valign=\"top\" width=\"132\">87927<\/td>\n<\/tr>\n<tr>\n<td valign=\"top\" width=\"195\">Minerva Lugo Guzm\u00e1n<\/td>\n<td valign=\"top\" width=\"297\">Oficial Administrativo II<\/td>\n<td valign=\"top\" width=\"132\">87927<\/td>\n<\/tr>\n<tr>\n<td valign=\"top\" width=\"195\">Irma\u00a0Candelaria<\/td>\n<td valign=\"top\" width=\"297\">Ilustrador Cient\u00edfico-Troquelera<\/td>\n<td valign=\"top\" width=\"132\">87931<\/td>\n<\/tr>\n<tr>\n<td valign=\"top\" width=\"195\">Misael Calder\u00f3n<\/td>\n<td valign=\"top\" width=\"297\">Supervisor de Mantenimiento<\/td>\n<td valign=\"top\" width=\"132\">84619<\/td>\n<\/tr>\n<tr>\n<td valign=\"top\" width=\"195\">Emilio Lanzot<\/td>\n<td valign=\"top\" width=\"297\">Supervisor Conservaci\u00f3n<\/td>\n<td valign=\"top\" width=\"132\">84620<\/td>\n<\/tr>\n<\/tbody>\n<\/table>\n<p>&nbsp;<\/p>\n","protected":false},"excerpt":{"rendered":"<p>Horas de Oficina Lunes a Viernes: 8:00 AM \u2013 12:00 M, 1:00 PM \u2013 4:30 PM Tel\u00e9fono:\u00a0 787-764-0000 Esta oficina trabaja directamente con el Decano en los asuntos administrativos de la Facultad de Ciencias Naturales incluyendo: Proyecci\u00f3n del presupuesto de la Facultad, la distribuci\u00f3n y los informes financieros. Asuntos laborales relacionados al personal no acad\u00e9mico.<\/p>\n<div class=\"read-more\"><a href=\"https:\/\/natsci.uprrp.edu\/es\/la-facultad\/el-decanato\/decano-auxiliar-de-asuntos-administrativos\/\" title=\"Read More\">Read More<\/a><\/div>\n","protected":false},"author":2,"featured_media":0,"parent":299,"menu_order":0,"comment_status":"closed","ping_status":"closed","template":"","meta":{"rs_blank_template":"","rs_page_bg_color":"","slide_template_v7":"","footnotes":""},"class_list":["post-114","page","type-page","status-publish"],"_links":{"self":[{"href":"https:\/\/natsci.uprrp.edu\/es\/wp-json\/wp\/v2\/pages\/114","targetHints":{"allow":["GET"]}}],"collection":[{"href":"https:\/\/natsci.uprrp.edu\/es\/wp-json\/wp\/v2\/pages"}],"about":[{"href":"https:\/\/natsci.uprrp.edu\/es\/wp-json\/wp\/v2\/types\/page"}],"author":[{"embeddable":true,"href":"https:\/\/natsci.uprrp.edu\/es\/wp-json\/wp\/v2\/users\/2"}],"replies":[{"embeddable":true,"href":"https:\/\/natsci.uprrp.edu\/es\/wp-json\/wp\/v2\/comments?post=114"}],"version-history":[{"count":5,"href":"https:\/\/natsci.uprrp.edu\/es\/wp-json\/wp\/v2\/pages\/114\/revisions"}],"predecessor-version":[{"id":1199,"href":"https:\/\/natsci.uprrp.edu\/es\/wp-json\/wp\/v2\/pages\/114\/revisions\/1199"}],"up":[{"embeddable":true,"href":"https:\/\/natsci.uprrp.edu\/es\/wp-json\/wp\/v2\/pages\/299"}],"wp:attachment":[{"href":"https:\/\/natsci.uprrp.edu\/es\/wp-json\/wp\/v2\/media?parent=114"}],"curies":[{"name":"wp","href":"https:\/\/api.w.org\/{rel}","templated":true}]}}