{"id":110,"date":"2016-05-11T19:03:16","date_gmt":"2016-05-11T23:03:16","guid":{"rendered":"http:\/\/natsci.uprrp.edu\/es\/?page_id=110"},"modified":"2018-04-02T14:59:09","modified_gmt":"2018-04-02T18:59:09","slug":"decano-asociado-de-asuntos-academicos","status":"publish","type":"page","link":"https:\/\/natsci.uprrp.edu\/es\/la-facultad\/el-decanato\/decano-asociado-de-asuntos-academicos\/","title":{"rendered":"Oficina de Asuntos Acad\u00e9micos"},"content":{"rendered":"<table border=\"0\" cellspacing=\"1\" cellpadding=\"20\">\n<tbody>\n<tr>\n<td colspan=\"3\" valign=\"top\" width=\"638\">\n<p align=\"center\"><strong>Horas de Oficina<\/strong><br \/>\n<strong>Lunes a Viernes: 8:00 AM \u2013 12:00 M, 1:00 PM \u2013 4:30 PM<\/strong><br \/>\n<strong>Tel\u00e9fono:\u00a0 787-764-0000<\/strong><br \/>\n<strong>E-mail:\u00a0<a href=\"mailto:daa.fcn@gmail.com\">daa.fcn@gmail.com<\/a><\/strong><\/p>\n<\/td>\n<\/tr>\n<tr>\n<td colspan=\"3\" valign=\"top\" width=\"623\">La Oficina del Decano Asociado de Asuntos Acad\u00e9micos es responsable del seguimiento y la aplicaci\u00f3n de pol\u00edticas acad\u00e9micas de la Universidad, trabaja con la facultad para crear nuevos cursos y programas, coordina la evaluaci\u00f3n del aprendizaje estudiantil y los informes de revisi\u00f3n peri\u00f3dica, etc. El Decano Asociado de Asuntos Acad\u00e9micos trabaja en estrecha cooperaci\u00f3n con el Decano, el Decano Auxiliar de Asuntos Estudiantiles, el Decano Auxiliar de Estudios Graduado e Investigaci\u00f3n y el Decano Auxiliar de Asuntos Administrativos para el sostenimiento y avance de la misi\u00f3n acad\u00e9mica de la universidad.<\/td>\n<\/tr>\n<tr>\n<td valign=\"top\" width=\"201\">Rosaura Ram\u00edrez Ord\u00f3\u00f1ez<\/td>\n<td valign=\"top\" width=\"312\">Decana Asociada de Asuntos Acad\u00e9micos Interina<\/td>\n<td valign=\"top\" width=\"125\">87922<\/td>\n<\/tr>\n<tr>\n<td valign=\"top\" width=\"201\">Carmen Beatriz Febo<\/td>\n<td valign=\"top\" width=\"312\">Secretaria Ejecutiva<\/td>\n<td valign=\"top\" width=\"125\">87922<\/td>\n<\/tr>\n<\/tbody>\n<\/table>\n<p>&nbsp;<\/p>\n","protected":false},"excerpt":{"rendered":"<p>Horas de Oficina Lunes a Viernes: 8:00 AM \u2013 12:00 M, 1:00 PM \u2013 4:30 PM Tel\u00e9fono:\u00a0 787-764-0000 E-mail:\u00a0daa.fcn@gmail.com La Oficina del Decano Asociado de Asuntos Acad\u00e9micos es responsable del seguimiento y la aplicaci\u00f3n de pol\u00edticas acad\u00e9micas de la Universidad, trabaja con la facultad para crear nuevos cursos y programas, coordina la evaluaci\u00f3n del aprendizaje<\/p>\n<div class=\"read-more\"><a href=\"https:\/\/natsci.uprrp.edu\/es\/la-facultad\/el-decanato\/decano-asociado-de-asuntos-academicos\/\" title=\"Read More\">Read More<\/a><\/div>\n","protected":false},"author":2,"featured_media":0,"parent":299,"menu_order":0,"comment_status":"closed","ping_status":"closed","template":"","meta":{"rs_blank_template":"","rs_page_bg_color":"","slide_template_v7":"","footnotes":""},"class_list":["post-110","page","type-page","status-publish"],"_links":{"self":[{"href":"https:\/\/natsci.uprrp.edu\/es\/wp-json\/wp\/v2\/pages\/110","targetHints":{"allow":["GET"]}}],"collection":[{"href":"https:\/\/natsci.uprrp.edu\/es\/wp-json\/wp\/v2\/pages"}],"about":[{"href":"https:\/\/natsci.uprrp.edu\/es\/wp-json\/wp\/v2\/types\/page"}],"author":[{"embeddable":true,"href":"https:\/\/natsci.uprrp.edu\/es\/wp-json\/wp\/v2\/users\/2"}],"replies":[{"embeddable":true,"href":"https:\/\/natsci.uprrp.edu\/es\/wp-json\/wp\/v2\/comments?post=110"}],"version-history":[{"count":7,"href":"https:\/\/natsci.uprrp.edu\/es\/wp-json\/wp\/v2\/pages\/110\/revisions"}],"predecessor-version":[{"id":1191,"href":"https:\/\/natsci.uprrp.edu\/es\/wp-json\/wp\/v2\/pages\/110\/revisions\/1191"}],"up":[{"embeddable":true,"href":"https:\/\/natsci.uprrp.edu\/es\/wp-json\/wp\/v2\/pages\/299"}],"wp:attachment":[{"href":"https:\/\/natsci.uprrp.edu\/es\/wp-json\/wp\/v2\/media?parent=110"}],"curies":[{"name":"wp","href":"https:\/\/api.w.org\/{rel}","templated":true}]}}