{"id":108,"date":"2016-05-11T19:02:51","date_gmt":"2016-05-11T23:02:51","guid":{"rendered":"http:\/\/natsci.uprrp.edu\/es\/?page_id=108"},"modified":"2018-04-02T15:29:02","modified_gmt":"2018-04-02T19:29:02","slug":"decanato-auxiliar-de-estudios-graduados-e-investigacion","status":"publish","type":"page","link":"https:\/\/natsci.uprrp.edu\/es\/la-facultad\/el-decanato\/decanato-auxiliar-de-estudios-graduados-e-investigacion\/","title":{"rendered":"Oficina de Programas Graduados e Investigaci\u00f3n"},"content":{"rendered":"<table border=\"0\" cellspacing=\"1\" cellpadding=\"20\">\n<tbody>\n<tr>\n<td colspan=\"3\" valign=\"top\" width=\"623\">\n<p align=\"center\"><strong>Horas de Oficina<\/strong><br \/>\n<strong>Lunes \u2013 Viernes:\u00a0 8:00 AM \u2013 5:00 PM<\/strong><br \/>\n<strong>T:\u00a0 787-764-0000<\/strong><br \/>\n<strong>E-mail:\u00a0<a href=\"mailto:programagraduadocn@gmail.com\">programagraduadocn@gmail.com<\/a><\/strong><\/p>\n<\/td>\n<\/tr>\n<tr>\n<td colspan=\"3\" valign=\"top\" width=\"623\">La Oficina de Estudios Graduados e Investigaci\u00f3n coordina los aspectos administrativos de los programas graduados en nuestra facultad. Esta oficina maneja las admisiones de posgrado, matr\u00edcula y ayuda financiera institucional. Tambi\u00e9n proporciona liderazgo y coordinaci\u00f3n para la revisi\u00f3n y creaci\u00f3n de nuevos programas graduados. Esta oficina convoca a la Junta Graduada para que los coordinadores de los programas y la representaci\u00f3n estudiantil discutan y adopten pol\u00edticas aplicables a los mismos. Adem\u00e1s esta oficina sirve de enlace al Decanato de Estudios Graduados e Investigaci\u00f3n institucional (DEGI). \u00a0La oficina es responsable de implantar un programa de reclutamiento de estudiantes y de mediar en situaciones particulares que surjan y que impacten la educaci\u00f3n de cada estudiante graduado.<\/td>\n<\/tr>\n<tr>\n<td valign=\"top\" width=\"208\">Dr. Valent\u00edn Keyantuo<\/td>\n<td valign=\"top\" width=\"209\">Decano Auxiliar de Asuntos Graduados e Investigaci\u00f3n<\/td>\n<td valign=\"top\" width=\"207\">87945<\/td>\n<\/tr>\n<tr>\n<td valign=\"top\" width=\"208\">Catalina Santiago Rivera<\/td>\n<td valign=\"top\" width=\"209\">Secretaria<\/td>\n<td valign=\"top\" width=\"207\">87945<\/td>\n<\/tr>\n<tr>\n<td valign=\"top\" width=\"208\">Aidamarie P\u00e9rez Burgos<\/td>\n<td valign=\"top\" width=\"209\">Asistente Administrativo<\/td>\n<td valign=\"top\" width=\"207\">87943<\/td>\n<\/tr>\n<tr>\n<td valign=\"top\" width=\"208\">Wilma Santiago<\/td>\n<td valign=\"top\" width=\"209\">Asistente Administrativo<\/td>\n<td valign=\"top\" width=\"207\">87942<\/td>\n<\/tr>\n<\/tbody>\n<\/table>\n<p>&nbsp;<\/p>\n","protected":false},"excerpt":{"rendered":"<p>Horas de Oficina Lunes \u2013 Viernes:\u00a0 8:00 AM \u2013 5:00 PM T:\u00a0 787-764-0000 E-mail:\u00a0programagraduadocn@gmail.com La Oficina de Estudios Graduados e Investigaci\u00f3n coordina los aspectos administrativos de los programas graduados en nuestra facultad. Esta oficina maneja las admisiones de posgrado, matr\u00edcula y ayuda financiera institucional. Tambi\u00e9n proporciona liderazgo y coordinaci\u00f3n para la revisi\u00f3n y creaci\u00f3n de<\/p>\n<div class=\"read-more\"><a href=\"https:\/\/natsci.uprrp.edu\/es\/la-facultad\/el-decanato\/decanato-auxiliar-de-estudios-graduados-e-investigacion\/\" title=\"Read More\">Read More<\/a><\/div>\n","protected":false},"author":2,"featured_media":0,"parent":299,"menu_order":0,"comment_status":"closed","ping_status":"closed","template":"","meta":{"rs_blank_template":"","rs_page_bg_color":"","slide_template_v7":"","footnotes":""},"class_list":["post-108","page","type-page","status-publish"],"_links":{"self":[{"href":"https:\/\/natsci.uprrp.edu\/es\/wp-json\/wp\/v2\/pages\/108","targetHints":{"allow":["GET"]}}],"collection":[{"href":"https:\/\/natsci.uprrp.edu\/es\/wp-json\/wp\/v2\/pages"}],"about":[{"href":"https:\/\/natsci.uprrp.edu\/es\/wp-json\/wp\/v2\/types\/page"}],"author":[{"embeddable":true,"href":"https:\/\/natsci.uprrp.edu\/es\/wp-json\/wp\/v2\/users\/2"}],"replies":[{"embeddable":true,"href":"https:\/\/natsci.uprrp.edu\/es\/wp-json\/wp\/v2\/comments?post=108"}],"version-history":[{"count":7,"href":"https:\/\/natsci.uprrp.edu\/es\/wp-json\/wp\/v2\/pages\/108\/revisions"}],"predecessor-version":[{"id":1193,"href":"https:\/\/natsci.uprrp.edu\/es\/wp-json\/wp\/v2\/pages\/108\/revisions\/1193"}],"up":[{"embeddable":true,"href":"https:\/\/natsci.uprrp.edu\/es\/wp-json\/wp\/v2\/pages\/299"}],"wp:attachment":[{"href":"https:\/\/natsci.uprrp.edu\/es\/wp-json\/wp\/v2\/media?parent=108"}],"curies":[{"name":"wp","href":"https:\/\/api.w.org\/{rel}","templated":true}]}}