{"id":106,"date":"2016-05-11T19:02:08","date_gmt":"2016-05-11T23:02:08","guid":{"rendered":"http:\/\/natsci.uprrp.edu\/es\/?page_id=106"},"modified":"2018-04-22T14:15:30","modified_gmt":"2018-04-22T18:15:30","slug":"decanato-auxiliar-de-asuntos-estudiantiles","status":"publish","type":"page","link":"https:\/\/natsci.uprrp.edu\/es\/la-facultad\/el-decanato\/decanato-auxiliar-de-asuntos-estudiantiles\/","title":{"rendered":"Oficina de Asuntos Estudiantiles"},"content":{"rendered":"<table border=\"0\" cellspacing=\"1\" cellpadding=\"20\">\n<tbody>\n<tr>\n<td colspan=\"3\" valign=\"top\" width=\"623\">\n<p align=\"center\"><strong>Horas de Oficina<\/strong><br \/>\n<strong>Lunes \u2013 Viernes: 8:00 AM \u2013 12:00 M, 1:00 PM \u2013 4:30 PM<\/strong><br \/>\n<strong>Phone:\u00a0 787-764-0000<\/strong><br \/>\n<strong>E-mail:<a href=\"mailto:estscnuprrp@gmail.com\">estscnuprrp@gmail.com<\/a><\/strong><\/p>\n<\/td>\n<\/tr>\n<tr>\n<td colspan=\"3\" valign=\"top\" width=\"623\">La Oficina de Asuntos Estudiantiles (OAE) es la encargada de planificar, dise\u00f1ar, implantar y evaluar los aspectos relacionados con la vida estudiantil que complementan el desarrollo acad\u00e9mico del estudiante.\u00a0 Asiste a los estudiantes con discapacidades certificadas por la Oficina de Asuntos para Personas con Impedimentos (OAPI)\u00a0<span style=\"font-size: 14px\">y a otras poblaciones estudiantiles\u00a0<\/span><span style=\"font-size: 14px\">que as\u00ed lo ameriten\u00a0<\/span><span style=\"font-size: 14px\">en el proceso de selecci\u00f3n de cursos.\u00a0 Esta oficina tambi\u00e9n atiende y eval\u00faa las peticiones y reclamos de los estudiantes de la Facultad, sirviendo de mediador entre las partes involucradas y, de ser necesario, consulta y\/o refiere al Procurador Estudiantil.\u00a0 La oficina da apoyo al Consejo de Estudiantes y a las organizaciones estudiantiles de la Facultad.<\/span><\/p>\n<ul>\n<li>Entre las funciones importantes se encuentran las siguientes:\u00a0Orientar a estudiantes, padres, profesores, funcionarios del Sistema UPR y p\u00fablico en general, sobre los requisitos de admisi\u00f3n a la Facultad.<\/li>\n<li>Orientar a estudiantes con relaci\u00f3n a:\n<ul>\n<li>Reclasificaci\u00f3n o cambio de facultad aplica a estudiantes activos del Recinto de Rio Piedras\n<ul>\n<li>Estudiantes de primer a\u00f1o que interesan cambio de facultad<\/li>\n<li>Estudiantes de 2do a\u00f1o en adelante que interesan cambio de concentraci\u00f3n dentro de la facultad o cambio a la misma.<\/li>\n<\/ul>\n<\/li>\n<li>Readmisi\u00f3n aplica a estudiantes que han estado inactivos por un semestre o m\u00e1s e interesan continuar estudios. Adem\u00e1s, a estudiantes que ya cuentan con un grado y estudiaron en el Sistema UPR.<\/li>\n<li>Traslado de estudiantes del Sistema UPR<\/li>\n<li>Permisos especiales aplica a estudiantes del Sistema UPR.<\/li>\n<li>Admisi\u00f3n por transferencia aplica a estudiantes de universidades privadas que no hayan estudiado en el Sistema UPR<\/li>\n<\/ul>\n<\/li>\n<li>Atender y evaluar las peticiones y reclamos de los estudiantes de la facultad, sirviendo como mediador entre las partes involucradas y, de ser necesario, consulta y\/o refiere al Procurador Estudiantil.<\/li>\n<li>Asistir a los estudiantes con diversidad funcional certificados por la Oficina de Asuntos para Personas con Impedimentos (OAPI), en el proceso de selecci\u00f3n de cursos y a otras poblaciones que as\u00ed lo ameriten.<\/li>\n<li>Orientar a los estudiantes de la facultad sobre el proceso de bajas parciales y totales; adem\u00e1s, tramitar las mismas a la Oficina del Registrador.<\/li>\n<li>Orientar y autorizar a los estudiantes, de la facultad, que interesan tomar cursos en otras instituciones mediante el Programa de Intercambio (ACOI).<\/li>\n<li>Recibir y evaluar, cada semestre, las solicitudes de reclasificaci\u00f3n, readmisi\u00f3n, traslado, permiso especial y transferencia. La determinaci\u00f3n se env\u00eda a la oficina del Registrador para contestaci\u00f3n al estudiante.<\/li>\n<li>Evaluar y asesorar acad\u00e9micamente a estudiantes en status de probatoria acad\u00e9mica o administrativa. Tambi\u00e9n, a estudiantes sin progreso acad\u00e9mico referidos por el decanato de estudiantes. Adem\u00e1s, casos de grado tard\u00edos y casos referidos.<\/li>\n<li>Ofrecer apoyo al consejo de estudiantes y a las organizaciones de la Facultad.<\/li>\n<li>Coordinar la prestaci\u00f3n de salones y vest\u00edbulo principal de la facultad.<\/li>\n<\/ul>\n<\/td>\n<\/tr>\n<\/tbody>\n<\/table>\n<p>&nbsp;<\/p>\n<table width=\"636\">\n<tbody>\n<tr>\n<td width=\"193\">Decano Auxiliar<\/td>\n<td width=\"75\">Agnes<\/td>\n<td width=\"124\">V\u00e1zquez<\/td>\n<td width=\"88\">87937<\/td>\n<\/tr>\n<tr>\n<td width=\"193\">Oficial de Asuntos Estudiantiles<\/td>\n<td width=\"75\">Lorna<\/td>\n<td width=\"124\">P\u00e9rez<\/td>\n<td width=\"88\">87938<\/td>\n<\/tr>\n<tr>\n<td width=\"193\">Secretaria Administrativa<\/td>\n<td width=\"75\">Luz E.<\/td>\n<td width=\"124\">Alm\u00e9stica<\/td>\n<td width=\"88\">87937<\/td>\n<\/tr>\n<tr>\n<td width=\"193\">Asistente Administrativo IV<\/td>\n<td width=\"75\">N\u00e9stor<\/td>\n<td width=\"124\">Pacheco<\/td>\n<td width=\"88\">87929<\/td>\n<\/tr>\n<\/tbody>\n<\/table>\n","protected":false},"excerpt":{"rendered":"<p>Horas de Oficina Lunes \u2013 Viernes: 8:00 AM \u2013 12:00 M, 1:00 PM \u2013 4:30 PM Phone:\u00a0 787-764-0000 E-mail:estscnuprrp@gmail.com La Oficina de Asuntos Estudiantiles (OAE) es la encargada de planificar, dise\u00f1ar, implantar y evaluar los aspectos relacionados con la vida estudiantil que complementan el desarrollo acad\u00e9mico del estudiante.\u00a0 Asiste a los estudiantes con discapacidades certificadas<\/p>\n<div class=\"read-more\"><a href=\"https:\/\/natsci.uprrp.edu\/es\/la-facultad\/el-decanato\/decanato-auxiliar-de-asuntos-estudiantiles\/\" title=\"Read More\">Read More<\/a><\/div>\n","protected":false},"author":2,"featured_media":0,"parent":299,"menu_order":0,"comment_status":"closed","ping_status":"closed","template":"","meta":{"rs_blank_template":"","rs_page_bg_color":"","slide_template_v7":"","footnotes":""},"class_list":["post-106","page","type-page","status-publish"],"_links":{"self":[{"href":"https:\/\/natsci.uprrp.edu\/es\/wp-json\/wp\/v2\/pages\/106","targetHints":{"allow":["GET"]}}],"collection":[{"href":"https:\/\/natsci.uprrp.edu\/es\/wp-json\/wp\/v2\/pages"}],"about":[{"href":"https:\/\/natsci.uprrp.edu\/es\/wp-json\/wp\/v2\/types\/page"}],"author":[{"embeddable":true,"href":"https:\/\/natsci.uprrp.edu\/es\/wp-json\/wp\/v2\/users\/2"}],"replies":[{"embeddable":true,"href":"https:\/\/natsci.uprrp.edu\/es\/wp-json\/wp\/v2\/comments?post=106"}],"version-history":[{"count":9,"href":"https:\/\/natsci.uprrp.edu\/es\/wp-json\/wp\/v2\/pages\/106\/revisions"}],"predecessor-version":[{"id":1238,"href":"https:\/\/natsci.uprrp.edu\/es\/wp-json\/wp\/v2\/pages\/106\/revisions\/1238"}],"up":[{"embeddable":true,"href":"https:\/\/natsci.uprrp.edu\/es\/wp-json\/wp\/v2\/pages\/299"}],"wp:attachment":[{"href":"https:\/\/natsci.uprrp.edu\/es\/wp-json\/wp\/v2\/media?parent=106"}],"curies":[{"name":"wp","href":"https:\/\/api.w.org\/{rel}","templated":true}]}}