{"id":1050,"date":"2018-03-20T16:41:48","date_gmt":"2018-03-20T20:41:48","guid":{"rendered":"http:\/\/natsci.uprrp.edu\/es\/?page_id=1050"},"modified":"2018-03-25T10:30:29","modified_gmt":"2018-03-25T14:30:29","slug":"equipo-multimedia","status":"publish","type":"page","link":"https:\/\/natsci.uprrp.edu\/es\/servicios-y-recursos\/docentes\/equipo-multimedia\/","title":{"rendered":"Equipo Multimedia"},"content":{"rendered":"<p>En el Centro de Informaci\u00f3n y Tecnolog\u00edas (CITec) se ofrece el servicio de pr\u00e9stamos de equipo multimedia\u00a0<span style=\"font-family: 'Open Sans', Arial, sans-serif;font-size: 14px;color: #606569\">para uso exclusivo en la Facultad de Ciencias Naturales<\/span><span style=\"font-size: 14px;color: #606569\">. Considere que el solicitante es responsable de:<\/span><\/p>\n<ul>\n<li>informar anticipadamente cualquier cambio o cancelaci\u00f3n en los servicios solicitados.<\/li>\n<li>hacer buen uso del equipo y reportar cualquier da\u00f1o causado u observado en el mismo.<\/li>\n<li>devolver\u00a0<span style=\"font-family: 'Open Sans', Arial, sans-serif;font-size: 14px\">el equipo en<\/span>\u00a0la fecha y hora establecida, o en su lugar, notificar\u00e1 en el mostrador de servicio del CITec para que se recoja el mismo.<\/li>\n<li>cualquier da\u00f1o y p\u00e9rdida de cualquier equipo por lo cual autoriza a la Oficina de Propiedad a hacer cualquier tipo de descuento o penalidad a su sueldo en caso de demostrarse negligencia de su parte.<\/li>\n<\/ul>\n<p><a href=\"http:\/\/natsci.uprrp.edu\/es\/wp-content\/uploads\/sites\/10\/2018\/03\/Hoja-de-pr\u00e9stamo-equipo-pdf418.pdf\" target=\"_blank\" rel=\"noopener\">Solicitud de pr\u00e9stamo equipo del CITec<\/a><\/p>\n","protected":false},"excerpt":{"rendered":"<p>En el Centro de Informaci\u00f3n y Tecnolog\u00edas (CITec) se ofrece el servicio de pr\u00e9stamos de equipo multimedia\u00a0para uso exclusivo en la Facultad de Ciencias Naturales. Considere que el solicitante es responsable de: informar anticipadamente cualquier cambio o cancelaci\u00f3n en los servicios solicitados. hacer buen uso del equipo y reportar cualquier da\u00f1o causado u observado en<\/p>\n<div class=\"read-more\"><a href=\"https:\/\/natsci.uprrp.edu\/es\/servicios-y-recursos\/docentes\/equipo-multimedia\/\" title=\"Read More\">Read More<\/a><\/div>\n","protected":false},"author":7,"featured_media":0,"parent":325,"menu_order":0,"comment_status":"closed","ping_status":"closed","template":"","meta":{"footnotes":""},"class_list":["post-1050","page","type-page","status-publish"],"_links":{"self":[{"href":"https:\/\/natsci.uprrp.edu\/es\/wp-json\/wp\/v2\/pages\/1050","targetHints":{"allow":["GET"]}}],"collection":[{"href":"https:\/\/natsci.uprrp.edu\/es\/wp-json\/wp\/v2\/pages"}],"about":[{"href":"https:\/\/natsci.uprrp.edu\/es\/wp-json\/wp\/v2\/types\/page"}],"author":[{"embeddable":true,"href":"https:\/\/natsci.uprrp.edu\/es\/wp-json\/wp\/v2\/users\/7"}],"replies":[{"embeddable":true,"href":"https:\/\/natsci.uprrp.edu\/es\/wp-json\/wp\/v2\/comments?post=1050"}],"version-history":[{"count":2,"href":"https:\/\/natsci.uprrp.edu\/es\/wp-json\/wp\/v2\/pages\/1050\/revisions"}],"predecessor-version":[{"id":1134,"href":"https:\/\/natsci.uprrp.edu\/es\/wp-json\/wp\/v2\/pages\/1050\/revisions\/1134"}],"up":[{"embeddable":true,"href":"https:\/\/natsci.uprrp.edu\/es\/wp-json\/wp\/v2\/pages\/325"}],"wp:attachment":[{"href":"https:\/\/natsci.uprrp.edu\/es\/wp-json\/wp\/v2\/media?parent=1050"}],"curies":[{"name":"wp","href":"https:\/\/api.w.org\/{rel}","templated":true}]}}