{"id":1028,"date":"2018-03-20T10:43:41","date_gmt":"2018-03-20T14:43:41","guid":{"rendered":"http:\/\/natsci.uprrp.edu\/es\/?page_id=1028"},"modified":"2018-03-27T16:23:02","modified_gmt":"2018-03-27T20:23:02","slug":"mejoramiento-profesional","status":"publish","type":"page","link":"https:\/\/natsci.uprrp.edu\/es\/servicios-y-recursos\/docentes\/mejoramiento-profesional\/","title":{"rendered":"Mejoramiento Profesional"},"content":{"rendered":"<p>El Centro para la Excelencia Acad\u00e9mica (CEA) es una unidad de desarrollo acad\u00e9mico y profesional para el personal docente, personal docente en puestos administrativos, estudiantes y personal no docente.\u00a0 Ofrece seminarios, coloquios, conversatorios, paneles de discusi\u00f3n, orientaciones, talleres, conferencias presenciales y a\u00a0trav\u00e9s de la web (Webinars).<\/p>\n<p><strong>ENFOQUES TEM\u00c1TICOS<\/strong><\/p>\n<ul>\n<li>Desarrollo profesional y personal<\/li>\n<li>Pol\u00edticas y normas institucionales<\/li>\n<li>Mentor\u00eda en investigaci\u00f3n y publicaci\u00f3n<\/li>\n<li>Tecnolog\u00eda y educaci\u00f3n a distancia<\/li>\n<li>Ense\u00f1anza-aprendizaje y aval\u00fao<\/li>\n<li>Direcci\u00f3n estrat\u00e9gica<\/li>\n<li>Direcci\u00f3n administrativa<\/li>\n<li>Direcci\u00f3n \u00e9tica<\/li>\n<li>Direcci\u00f3n innovadora<\/li>\n<li>Direcci\u00f3n acad\u00e9mica-investigativa<\/li>\n<\/ul>\n<p><strong>PROGRAMAS DE CAPACITACI\u00d3N<\/strong><\/p>\n<ul>\n<li>En asuntos de personal docente: Comit\u00e9 de Personal Certificaci\u00f3n N\u00fam. 032 A\u00f1o 2002-2003<\/li>\n<li>En asuntos gerenciales: Docentes administradores<\/li>\n<li>En asuntos del Senado Acad\u00e9mico<\/li>\n<li>En asuntos de curr\u00edculo: Comit\u00e9 de Curr\u00edculo de Facultad<\/li>\n<li>En conducta responsable y \u00e9tica en la investigaci\u00f3n<\/li>\n<li>A profesores nuevos: Certificaci\u00f3n 101, a\u00f1o 2000-2001<\/li>\n<li>A asesores acad\u00e9micos<\/li>\n<li>Programa de capacitaci\u00f3n en l\u00ednea<\/li>\n<\/ul>\n<p><strong>LABORATORIO COMPUTACIONAL DE APOYO A LA DOCENCIA (LabCAD)<\/strong><\/p>\n<p>Ofrece ofrece adiestramientos, coordina actividades de computaci\u00f3n acad\u00e9mica y sirve como asesor de tecnolog\u00edas.<\/p>\n<hr \/>\n<p><strong>INFORMACI\u00d3N DE CONTACTO<\/strong><\/p>\n<hr \/>\n<p><strong>CENTRO DE EXCELENCIA ACAD\u00c9MICA (CEA)<\/strong><br \/>\nDra. Eunice P\u00e9rez Medina, Directora<br \/>\nPlaza Universitaria, Torre Norte, Tercer Piso<br \/>\nHorario 8:00 a.m.-4:30 p.m.<br \/>\nT. (787) 764-0000 Ext. 83243, 83236<br \/>\n<a href=\"http:\/\/cea.uprrp.edu\/\" target=\"_blank\" rel=\"noopener\">http:\/\/cea.uprrp.edu\/<\/a><\/p>\n<p><b>LABORATORIO COMPUTACIONAL DE APOYO A LA DOCENCIA (LabCAD)<\/b><br \/>\nDr. Luis Joel\u00a0Donato, Director<br \/>\nBiblioteca Jos\u00e9 M. L\u00e1zaro, Primer Piso<br \/>\nT. (787) 764-0000 Ext. 85074, 85070, 85071<br \/>\n<a href=\"http:\/\/cea.uprrp.edu\/quienes-somos\/labcad\/\" target=\"_blank\" rel=\"noopener\">http:\/\/cea.uprrp.edu\/quienes-somos\/labcad\/<\/a><\/p>\n","protected":false},"excerpt":{"rendered":"<p>El Centro para la Excelencia Acad\u00e9mica (CEA) es una unidad de desarrollo acad\u00e9mico y profesional para el personal docente, personal docente en puestos administrativos, estudiantes y personal no docente.\u00a0 Ofrece seminarios, coloquios, conversatorios, paneles de discusi\u00f3n, orientaciones, talleres, conferencias presenciales y a\u00a0trav\u00e9s de la web (Webinars). ENFOQUES TEM\u00c1TICOS Desarrollo profesional y personal Pol\u00edticas y normas<\/p>\n<div class=\"read-more\"><a href=\"https:\/\/natsci.uprrp.edu\/es\/servicios-y-recursos\/docentes\/mejoramiento-profesional\/\" title=\"Read More\">Read More<\/a><\/div>\n","protected":false},"author":7,"featured_media":0,"parent":325,"menu_order":0,"comment_status":"closed","ping_status":"closed","template":"","meta":{"footnotes":""},"class_list":["post-1028","page","type-page","status-publish"],"_links":{"self":[{"href":"https:\/\/natsci.uprrp.edu\/es\/wp-json\/wp\/v2\/pages\/1028","targetHints":{"allow":["GET"]}}],"collection":[{"href":"https:\/\/natsci.uprrp.edu\/es\/wp-json\/wp\/v2\/pages"}],"about":[{"href":"https:\/\/natsci.uprrp.edu\/es\/wp-json\/wp\/v2\/types\/page"}],"author":[{"embeddable":true,"href":"https:\/\/natsci.uprrp.edu\/es\/wp-json\/wp\/v2\/users\/7"}],"replies":[{"embeddable":true,"href":"https:\/\/natsci.uprrp.edu\/es\/wp-json\/wp\/v2\/comments?post=1028"}],"version-history":[{"count":5,"href":"https:\/\/natsci.uprrp.edu\/es\/wp-json\/wp\/v2\/pages\/1028\/revisions"}],"predecessor-version":[{"id":1184,"href":"https:\/\/natsci.uprrp.edu\/es\/wp-json\/wp\/v2\/pages\/1028\/revisions\/1184"}],"up":[{"embeddable":true,"href":"https:\/\/natsci.uprrp.edu\/es\/wp-json\/wp\/v2\/pages\/325"}],"wp:attachment":[{"href":"https:\/\/natsci.uprrp.edu\/es\/wp-json\/wp\/v2\/media?parent=1028"}],"curies":[{"name":"wp","href":"https:\/\/api.w.org\/{rel}","templated":true}]}}