{"id":18,"date":"2018-08-10T01:22:50","date_gmt":"2018-08-10T01:22:50","guid":{"rendered":"http:\/\/natsci.uprrp.edu\/envsci\/?page_id=18"},"modified":"2024-10-24T12:41:25","modified_gmt":"2024-10-24T16:41:25","slug":"admision-subgraduada","status":"publish","type":"page","link":"https:\/\/natsci.uprrp.edu\/envsci\/admision-subgraduada\/","title":{"rendered":"Admisi\u00f3n Subgraduada"},"content":{"rendered":"<p>La informaci\u00f3n provista en esta p\u00e1gina se ofrece con el s\u00f3lo prop\u00f3sito de orientar; no es y no pretende ser exhaustiva.\u00a0 Para ampliar la misma te recomendamos visitar o contactar a las oficinas de Admisiones.\u00a0Tambi\u00e9n puedes consultar las gu\u00eda de <span style=\"color: #e40000\"><a style=\"color: #e40000\" href=\"http:\/\/admisiones.uprrp.edu\/?page_id=181\" target=\"_blank\" rel=\"noopener\">preguntas frecuentes<\/a><\/span><\/p>\n<p><strong>Oficina de Admisiones UPR<\/strong><br \/>\nTel: (787) 250-0000 Exts. 3201, 3200, 3202<br \/>\nDirecci\u00f3n F\u00edsica:<br \/>\n<span class=\"mini-contacts address icon-off show-on-desktop near-logo-first-switch in-menu-second-switch first\">UPR Adm Central, Calle Flamboy\u00e1n Jard\u00edn Bot\u00e1nico Sur, R\u00edo Piedras, PR<\/span><br \/>\nDirecci\u00f3n Postal:<br \/>\nJard\u00edn Bot\u00e1nico Sur<br \/>\n1187 Calle Flamboy\u00e1n<br \/>\nSan Juan, PR 00926-1117<br \/>\nP\u00e1gina web: <span style=\"color: #e40000\"><a style=\"color: #e40000\" href=\"http:\/\/www.upr.edu\/admisiones\" target=\"_blank\" rel=\"noopener\">www.upr.edu\/admisiones<\/a><\/span><\/p>\n<p><strong>Oficina de Admisiones Recinto de R\u00edo Piedras<\/strong><br \/>\nTel: (787) 764-0000 Exts. 85701 a la 85712<br \/>\nFax: (787) 764-3680<br \/>\nDireci\u00f3n F\u00edsica:<br \/>\n<span class=\"st\">Ave. Ponce de Le\u00f3n Edificio Plaza Universitaria Torre Central \u2013 Segundo Piso, R\u00edo Piedras, PR<\/span><br \/>\nDirecci\u00f3n Postal:<br \/>\nPO Box 21907 San Juan, PR 00931-1907<br \/>\nP\u00e1gina web:<span style=\"color: #e40000\"><a style=\"color: #e40000\" href=\"http:\/\/admisiones.uprrp.edu\/\" target=\"_blank\" rel=\"noopener\"> http:\/\/admisiones.uprrp.edu\/<\/a><\/span><\/p>\n<p>Todo estudiante que interese ser admitido a la Universidad de Puerto Rico debe cumplir con unos criterios de admisi\u00f3n que incluyen el \u00edndice de escuela superior y la prueba de Aptitud Acad\u00e9mica Verbal de las PEAU que ofrece el College Board o el SAT. \u00a0La Universidad de Puerto Rico admite un n\u00famero limitado de estudiantes que se destacan por alguna habilidad o talento excepcional.\u00a0 Es importante que al completar la solicitud de admisi\u00f3n indiques ese talento o habilidad.\u00a0 Para m\u00e1s informaci\u00f3n pueden referirse a<span style=\"color: #ff0000\">\u00a0<span style=\"color: #e40000\"><a style=\"color: #e40000\" href=\"http:\/\/www.upr.edu\/admisiones\" target=\"_blank\" rel=\"noopener\">www.upr.edu\/admisiones<\/a><\/span><\/span><\/p>\n<p><strong>Para readmisiones, traslados y trasferencias pulse <\/strong><span style=\"color: #ff0000\"><a style=\"color: #ff0000\" href=\"http:\/\/www.upr.edu\/vicepresidencias\/vicepresindencia-de-asuntos-estudiantiles\/vicepresidencia-de-asuntos-estudiantiles-oficinas-adscritas\/oficina-de-admisiones\/transferencias-readmisiones-y-traslados\/\" target=\"_blank\" rel=\"noopener\">aqu\u00ed<\/a><\/span><strong>.<\/strong><br \/>\nEl IGS se calcula a partir del promedio general de escuela superior y de los resultados obtenidos en el College Board o el SAT.<\/p>\n<p><span style=\"font-size: 14px\">Los IGS requeridos pueden variar de a\u00f1o en a\u00f1o de acuerdo a la demanda de cada programa acad\u00e9mico.\u00a0\u00a0<\/span><span style=\"font-size: 14px\">El IGS para cada uno de nuestros ofrecimientos acad\u00e9micos para la admisi\u00f3n 2018 son:<\/span><\/p>\n<p>Bachilleratos<br \/>\nNutrici\u00f3n y Diet\u00e9tica<br \/>\nEstudios Interdisciplinarios<br \/>\nBiolog\u00eda<br \/>\nQu\u00edmica<br \/>\nMatem\u00e1ticas<br \/>\nF\u00edsica<br \/>\nCiencias Ambientales<br \/>\nCiencia de C\u00f3mputos<\/p>\n<p>El<span style=\"color: #e40000\"> <a style=\"color: #e40000\" href=\"http:\/\/www.uprrp.edu\/netpricecalc\/npcalc.htm\" target=\"_blank\" rel=\"noopener\">Net Price Calculator (NPC)<\/a>\u00a0<\/span>es una herramienta que le permite a los estudiantes, padres y\/o encargados, estimar los costos de estudios en nuestra instituci\u00f3n. Esto tomando en consideraci\u00f3n las becas otorgadas tanto federales, estatales e institucionales. Los costos y la disponibilidad de ayuda financiera cambian de a\u00f1o en a\u00f1o.<\/p>\n<p><strong>Completar y Someter la Solicitud de Admisi\u00f3n<\/strong><\/p>\n<p>La Solicitud de Admisi\u00f3n solo se puede radicar en l\u00ednea a trav\u00e9s de <span style=\"color: #e40000\"><a style=\"color: #e40000\" href=\"http:\/\/www.upr.edu\/admisiones\">upr.edu\/admisiones<\/a><\/span><\/p>\n<p>Al momento de radicar la solicitud no se cobra ninguna cuota, sin embargo, de ser admitido se a\u00f1adir\u00e1 un cargo de $30 a la matr\u00edcula. \u00a0De tener alg\u00fan inconveniente o duda de c\u00f3mo solicitar entonces debes comunicarse con la Oficina de Admisiones.\u00a0 La fecha l\u00edmite para la radicaci\u00f3n de la solicitud generalmente es a finales de los meses de enero o febrero por lo que te recomendamos estar pendientes a la misma.\u00a0 Para informaci\u00f3n relacionada las fechas de admisiones puedes consultar el <span style=\"color: #e40000\"><a style=\"color: #e40000\" href=\"http:\/\/www.upr.edu\/vicepresidencias\/vicepresindencia-de-asuntos-estudiantiles\/vicepresidencia-de-asuntos-estudiantiles-oficinas-adscritas\/oficina-de-admisiones\/admisiones-calendario\/\" target=\"_blank\" rel=\"noopener\">calendario<\/a> <\/span>o las redes sociales <span style=\"color: #e40000\"><a style=\"color: #e40000\" href=\"http:\/\/facebook.com\/AdmisionesUPR\" target=\"_blank\" rel=\"noopener\">facebook<\/a><\/span><span style=\"font-family: 'Open Sans', Arial, sans-serif;font-size: 14px\"><span style=\"color: #e40000\">\u00a0<\/span>y<span style=\"color: #e40000\">\u00a0<\/span><\/span><span style=\"color: #ff0000\"><a href=\"https:\/\/twitter.com\/UPR_Oficial\"><span style=\"color: #e40000\">twitte<\/span>r<\/a>\u00a0<\/span><span style=\"font-size: 14px\">de la Oficina de Admisiones de la UPR.<\/span><\/p>\n<p><strong>Tomar las Pruebas de Admisi\u00f3n Universitaria (PAA) y Pruebas de Nivel Avanzado del College Board<\/strong><\/p>\n<p>Indicar en la solicitud del examen que env\u00eden los resultados al Recinto de R\u00edo Piedras.\u00a0\u00a0Al seleccionar un recinto, se reciben los resultados en todo el sistema UPR.\u00a0 Recuerda que los c\u00f3digos de los programas de nuestra Facultad son:<\/p>\n<p><span style=\"text-decoration: underline\"><strong>Bachilleratos<\/strong><\/span><br \/>\nNutrici\u00f3n y Diet\u00e9tica<br \/>\nEstudios Interdisciplinarios<br \/>\nBiolog\u00eda<br \/>\nQu\u00edmica<br \/>\nMatem\u00e1ticas<br \/>\nF\u00edsica<br \/>\nCiencias Ambientales<br \/>\nCiencia de C\u00f3mputos<\/p>\n<p>Si prefieres la versi\u00f3n en Ingl\u00e9s del PAA, debes tomar las siguientes\u00a0pruebas:<br \/>\nSAT I \u2013 Scholastic Aptitude Test, y\u00a0SAT II \u2013 Subject Test (English-Literature and Spanish-Reading) e indicar el c\u00f3digo 0979 para que todas las unidades del Sistema UPR\u00a0reciban tus resultados.\u00a0\u00a0Para m\u00e1s informaci\u00f3n sobre el SAT, accede al portal \u00a0<span style=\"color: #ff0000\"><a style=\"color: #ff0000\" href=\"http:\/\/www.collegeboard.org\" target=\"_blank\" rel=\"noopener\">www.collegeboard.org<\/a><\/span><\/p>\n<p>Aunque no son un requisito de admisi\u00f3n, aprobar las Pruebas de Nivel Avanzado para\u00a0Espa\u00f1ol, Ingl\u00e9s, Matem\u00e1tica General Univesitaria y Prec\u00e1lculo te servir\u00e1 para convalidad cursos universitarios introductorios.\u00a0 Para m\u00e1s informaci\u00f3n puedes acceder a\u00a0<a href=\"https:\/\/latam.collegeboard.org\/page\/pna\">https:\/\/latam.collegeboard.org\/page\/pna<\/a><\/p>\n<p><strong>\u00a0Tramitar el Env\u00edo de la Transcripci\u00f3n de Cr\u00e9ditos Oficial<\/strong><\/p>\n<p>Si tu escuela no est\u00e1 inscrita en el sistema de registro electr\u00f3nico de\u00a0promedios (UPRPES o PREPAS, de las escuelas privadas o p\u00fablicas),\u00a0debes tramitar el env\u00edo de la Transcripci\u00f3n de Cr\u00e9ditos Oficial al Recinto de R\u00edo Piedras.\u00a0 Te debes asegurar\u00a0que dicha transcripci\u00f3n de cr\u00e9ditos sea enviada en o antes de la fecha l\u00edmite y que incluya la firma del funcionario autorizado y el sello oficial de la escuela.<\/p>\n<p><strong>Certificaci\u00f3n de Graduaci\u00f3n<\/strong><\/p>\n<p>Si eres admitido a la Universidad de Puerto Rico, recibir\u00e1s una Certificaci\u00f3n de Graduaci\u00f3n que deber\u00e1s llevar a tu escuela para que sea sellada y firmada por el funcionario de\u00a0la escuela\u00a0registrado en la Oficina de Admisiones.\u00a0 Cada recinto de la UPR establece su propia fecha l\u00edmite\u00a0para recibir este documento por lo que debe estar pendiente a la misma de manera que no se afecte tu proceso de matr\u00edcula.<\/p>\n<p>Si eres estudiante de una\u00a0escuela superior fuera de Puerto Rico, debes cumplir con los siguientes requisitos adicionales:<\/p>\n<p>Someter evidencia de diplomas y t\u00edtulos recibidos acompa\u00f1ados de una certificaci\u00f3n indicando que la instituci\u00f3n goza de reconocimiento oficial del gobierno del pa\u00eds de origen.<br \/>\nGestionar con el Departamento de Educaci\u00f3n de Puerto Rico la equivalencia del grado.<br \/>\nEvidenciar disponibilidad de recursos econ\u00f3micos para estudiar en Puerto Rico.<br \/>\nGestionar en la escuela de procedencia el env\u00edo de un informe oficial explicativo sobre el sistema de calificaciones utilizado para evaluar el aprovechamiento acad\u00e9mico, sobre el contenido y nivel de los cursos tomados y el n\u00famero de horas que cubre cada asignatura.<\/p>\n<p><strong>Inmersi\u00f3n en Matem\u00e1ticas<\/strong><\/p>\n<p>Est\u00e1 dirigido a estudiantes de nuevo ingreso de Facultad de Ciencias Naturales, la Facultad de Educaci\u00f3n con especializaci\u00f3n en Ciencias y Matem\u00e1ticas, y los estudiantes de la Facultad de Estudios Generales que se encuentran en el Programa de traslado articulado de de Ingenier\u00eda.\u00a0 Este programa\u00a0consiste de cinco semanas en las cuales <span style=\"font-family: 'Open Sans', Arial, sans-serif;font-size: 14px\">se estudian intensivamente\u00a0<\/span><span style=\"font-size: 14px\">los conceptos matem\u00e1ticos discutidos durante los 12 a\u00f1os escolares.\u00a0 El estudiante que participa de este programa empieza con una mejor preparaci\u00f3n en matem\u00e1ticas lo que le facilita la obtenci\u00f3n de una buena calificaci\u00f3n en los cursos de esta materia.\u00a0 Para m\u00e1s informaci\u00f3n visite el <a href=\"http:\/\/math.uprrp.edu\/immersion-summer-camp\/\" target=\"_blank\" rel=\"noopener\">Departamento de Matem\u00e1ticas.<\/a><\/span><\/p>\n<p><strong>Orientaci\u00f3n y Bienvenida a Estudiantes de Nuevo Ingreso<\/strong><\/p>\n<p>Ser\u00e1s invitado a participar de este evento por lo que debes separar en tu calendario las fechas correspondientes a la Facultad de Ciencias Naturales.\u00a0 Las orientaciones ofrecidas por el Decanato de Asuntos Estudiantiles y por cada uno de nuestros programas acad\u00e9micos ser\u00e1n de suma importancia para tu proceso de inmersi\u00f3n y adaptaci\u00f3n a la vida universitaria.<\/p>\n<p><strong>Estudiantes con Diversidad Funcional<\/strong><\/p>\n<p>Si requieres de alg\u00fan tipo de acomodo razonable para eliminar barreras que puedan limitar tu igual participaci\u00f3n y acceso a los servicios, programas y actividades disponibles para la comunidad universitaria debes comunicarte con la <a href=\"https:\/\/estudiantes.uprrp.edu\/servicios-al-estudiante\/osei\/servicios-oapi\/\"><span style=\"color: #ff0000\">Oficina de Asuntos para la Persona con Impedimentos (OSEI).<\/span><\/a><\/p>\n","protected":false},"excerpt":{"rendered":"<p>La informaci\u00f3n provista en esta p\u00e1gina se ofrece con el s\u00f3lo prop\u00f3sito de orientar; no es y no pretende ser exhaustiva.\u00a0 Para ampliar la misma te recomendamos visitar o contactar a las oficinas de Admisiones.\u00a0Tambi\u00e9n puedes consultar las gu\u00eda de preguntas frecuentes Oficina de Admisiones UPR Tel: (787) 250-0000 Exts. 3201, 3200, 3202 Direcci\u00f3n F\u00edsica:<\/p>\n<div class=\"read-more\"><a href=\"https:\/\/natsci.uprrp.edu\/envsci\/admision-subgraduada\/\" title=\"Read More\">Read More<\/a><\/div>\n","protected":false},"author":1,"featured_media":0,"parent":0,"menu_order":0,"comment_status":"closed","ping_status":"closed","template":"","meta":{"rs_blank_template":"","rs_page_bg_color":"","slide_template_v7":"","footnotes":""},"class_list":["post-18","page","type-page","status-publish"],"_links":{"self":[{"href":"https:\/\/natsci.uprrp.edu\/envsci\/wp-json\/wp\/v2\/pages\/18","targetHints":{"allow":["GET"]}}],"collection":[{"href":"https:\/\/natsci.uprrp.edu\/envsci\/wp-json\/wp\/v2\/pages"}],"about":[{"href":"https:\/\/natsci.uprrp.edu\/envsci\/wp-json\/wp\/v2\/types\/page"}],"author":[{"embeddable":true,"href":"https:\/\/natsci.uprrp.edu\/envsci\/wp-json\/wp\/v2\/users\/1"}],"replies":[{"embeddable":true,"href":"https:\/\/natsci.uprrp.edu\/envsci\/wp-json\/wp\/v2\/comments?post=18"}],"version-history":[{"count":8,"href":"https:\/\/natsci.uprrp.edu\/envsci\/wp-json\/wp\/v2\/pages\/18\/revisions"}],"predecessor-version":[{"id":530,"href":"https:\/\/natsci.uprrp.edu\/envsci\/wp-json\/wp\/v2\/pages\/18\/revisions\/530"}],"wp:attachment":[{"href":"https:\/\/natsci.uprrp.edu\/envsci\/wp-json\/wp\/v2\/media?parent=18"}],"curies":[{"name":"wp","href":"https:\/\/api.w.org\/{rel}","templated":true}]}}