{"id":100,"date":"2018-08-10T04:21:08","date_gmt":"2018-08-10T04:21:08","guid":{"rendered":"http:\/\/natsci.uprrp.edu\/envsci\/?page_id=100"},"modified":"2023-06-06T21:12:35","modified_gmt":"2023-06-07T01:12:35","slug":"graduate-program-faculty","status":"publish","type":"page","link":"https:\/\/natsci.uprrp.edu\/envsci\/graduate-program-faculty\/","title":{"rendered":"Graduate Program Faculty"},"content":{"rendered":"<p><strong>Department of Environmental Sciences, UPRRP<br \/>\n<\/strong><\/p>\n<ul>\n<li><strong>Christopher Nytch. <\/strong>Ph.D. Universidad de Puerto Rico, Recinto de R\u00edo Piedras, 2018. Catedr\u00e1tico \u00a0Asociado, Ecolog\u00eda Forestal, Servicios Ecosist\u00e9micos, Manejo Sostenible de Recursos<\/li>\n<li><strong>Clifford Louime, <\/strong>Ph.D. Florida Agricultural and Mechanical University, 2005, Catedr\u00e1tico \u00a0Asociado, Producci\u00f3n Sostenible de Biocombustibles.<\/li>\n<li><strong>Edwin Hern\u00e1ndez<\/strong>, Ph.D., Universidad de Puerto Rico, Recinto de R\u00edo Piedras, 2000, Investigador Asociado.\u00a0 Ecolog\u00eda marina.<\/li>\n<li><strong>Elvia Mel\u00e9ndez-Ackerman<\/strong>, Ph.D. University of California-Irvine, 1995, Catedr\u00e1tica. Evoluci\u00f3n y bioconservaci\u00f3n<\/li>\n<li><strong>Gabriel Moreno<\/strong>, Ph.D. State University of New York-Stony Brook, 1990, Catedr\u00e1tico.\u00a0\u00a0\u00a0\u00a0\u00a0\u00a0\u00a0\u00a0\u00a0\u00a0\u00a0\u00a0\u00a0\u00a0\u00a0\u00a0\u00a0 Sistemas urbanos sustentables.<\/li>\n<li><strong>Jess Zimmerman<\/strong>, Ph.D., University of Utah, 1989, Catedr\u00e1tico. Ecolog\u00eda de las plantas.<\/li>\n<li><strong>Jorge Ortiz<\/strong>, Ph.D., University of Colorado-Boulder, 1998, Catedr\u00e1tico. Limnolog\u00eda aplicada, Manejo de recursos de agua.<\/li>\n<li><strong>Mei Yu<\/strong>, Ph.D., Academia China de las Ciencias, 1998, Catedr\u00e1tica. An\u00e1lisis Espacial, Modelado.<\/li>\n<li><strong>Omar P\u00e9rez-Reyes<\/strong>, Ph.D., Utah State University, 2014, Catedr\u00e1tico \u00a0Asociado, Ecolog\u00eda, Zoolog\u00eda de invertebrados.<\/li>\n<li><strong>Quiong Gao<\/strong>, Ph.D., Cornell University, 1987, Catedr\u00e1tico . Modelaje de ecosistemas<\/li>\n<li><strong>Rafael A. R\u00edos, <\/strong>Ph.D., University of Texas, Austin, 1975, Catedr\u00e1tico. Tratamiento de agua potable y aguas residuales. Manejo de desperdicios s\u00f3lidos.<\/li>\n<li><strong>Xiaoming Zou<\/strong>, Ph.D., Colorado State University, 1992, Catedr\u00e1tico.\u00a0 Ecolog\u00eda de suelo.<\/li>\n<\/ul>\n<p><strong>Department of Biology, UPRRP<\/strong><\/p>\n<ul>\n<li><strong>\u00a0<\/strong><strong>Alberto Sabat<\/strong>, Ph.D. SUNY-Albany, 1989, Catedr\u00e1tico.\u00a0 Ecolog\u00eda y bioconservaci\u00f3n.<\/li>\n<li><strong>Elvira Cuevas<\/strong>, Ph.D., Instituto Venezolano de Investigaci\u00f3n Cient\u00edfica, 1983, Catedr\u00e1tica. Ecolog\u00eda<\/li>\n<li><strong>Jos\u00e9 l. Agosto, Ph.D., <\/strong>Brandeis University, 2008, Control Gen\u00e9tico del sue\u00f1o y ritmos circadianos.<\/li>\n<li><strong>Steven E. Massey, <\/strong>Ph.D, University of Kent at Canterbury, 2004. Catedr\u00e1tico. Bioinform\u00e1tica; evoluci\u00f3n molecular; evoluci\u00f3n genoma; el origen de la vida; complejidad.<\/li>\n<li><strong>Tugrul Giray<\/strong>, Ph.D. University of Illinois, 1997, Catedr\u00e1tico.\u00a0\u00a0\u00a0 Comportamiento de animales<\/li>\n<\/ul>\n<p><strong>Department of Chemistry, UPRRP<\/strong><\/p>\n<ul>\n<li><strong>Arthur Tinoco<\/strong>, Ph.D., Yale University, 2007, Catedr\u00e1tico Asociado. Qu\u00edmica Bioinorg\u00e1nica.\u00a0 Bioinorganic Chemistry, Proteomics, anticancer research, Metal-based therapeutics.<\/li>\n<li><strong>\u00a0<\/strong><strong>Brad R. Weiner<\/strong>, Ph.D. University of California, Davis, 1986, Catedr\u00e1tico.\u00a0 F\u00edsica Qu\u00edmica; Qu\u00edmica Ambiental y F\u00edsica; Qu\u00edmica de los Materiales.\u00a0 Din\u00e1mica de reacciones de mol\u00e9culas de fase gaseosa, fotoqu\u00edmica y fotof\u00edsica de l\u00e1seres, cin\u00e9tica de intermediarios reactivos de fase gaseosa, fotoprocesos no-lineares, transferencia de energ\u00eda molecular.<\/li>\n<li><strong>\u00a0<\/strong><strong>Liz D\u00edaz V\u00e1zquez<\/strong>, Ph.D. Universidad de Puerto Rico, Recinto de R\u00edo Piedras, 2005, Catedr\u00e1tica. Qu\u00edmica Anal\u00edtica<\/li>\n<li><strong>N\u00e9stor Carballeira<\/strong>, Ph.D. University of W\u00fcrzburg, 1983, Catedr\u00e1tico. Qu\u00edmica de Productos Naturales<\/li>\n<\/ul>\n<p><strong>Department of Mathematics, UPRRP<br \/>\n<\/strong><\/p>\n<ul>\n<li><strong>\u00a0<\/strong><strong>Mar\u00eda Egl\u00e9e P\u00e9rez<\/strong>, PhD, Universidad Central de Venezuela, 1994, Catedr\u00e1tica. Estad\u00edstica Bayesiana; bioestad\u00edstica.<\/li>\n<\/ul>\n<p><strong>International Institute of Tropical Forestry, USDA Forest Service<br \/>\n<\/strong><\/p>\n<ul>\n<li><strong>Grizelle Gonz\u00e1lez<\/strong>, Ph.D. University of Colorado, 1999, Cient\u00edfica.\u00a0 Ecolog\u00eda de suelos<\/li>\n<li><strong>\u00a0<\/strong><strong>Joseph Wunderle<\/strong>, Ph.D. University of Minnesota, 1980, Cient\u00edfico. Ornitolog\u00eda.<\/li>\n<li><strong>William Gould<\/strong>, Ph.D. University of Colorado, 1999, Cient\u00edfico.\u00a0\u00a0\u00a0 Sistemas de informaci\u00f3n geogr\u00e1ficasta<\/li>\n<li><strong>Tamara Herarsill-Scalley<\/strong>, Ph.D. Utah State University, 2005, Cient\u00edfico, Ecolog\u00eda de Bosques Tropicales y Ribere\u00f1os<\/li>\n<\/ul>\n<p><strong>Institute of Neurobiology, Medical Sciences Campus, UPR<\/strong><\/p>\n<ul>\n<li><strong>\u00a0<\/strong><strong>Mark W. Miller<\/strong>, Ph.D. University of Connecticut, 1980, Catedr\u00e1tico. Neurobiolog\u00eda Ambiental.<strong><br \/>\n<\/strong><\/li>\n<\/ul>\n<p><strong>\u00a0University of Puerto Rico, Mayaguez Campus, UPR<\/strong><\/p>\n<ul>\n<li><strong>\u00a0<\/strong><strong>Jos\u00e9 Dumas Rodr\u00edguez<\/strong>, Ph.D. Universidad de Puerto Rico, Recinto de R\u00edo Piedras, 1999, Catedr\u00e1tico. Qu\u00edmica anal\u00edtica<\/li>\n<li><strong>\u00a0<\/strong><strong>Luis A. R\u00edos Hern\u00e1ndez<\/strong>, Ph.D. University of Oklahoma, 2003 Catedr\u00e1tico Auxiliar. Microbiolog\u00eda.<\/li>\n<li><strong>\u00a0<\/strong><strong>Victor A. Snyder<\/strong>, Ph.D. Cornell University, 1980, Catedr\u00e1tico. Suelos.<\/li>\n<\/ul>\n","protected":false},"excerpt":{"rendered":"<p>Department of Environmental Sciences, UPRRP Christopher Nytch. Ph.D. Universidad de Puerto Rico, Recinto de R\u00edo Piedras, 2018. Catedr\u00e1tico \u00a0Asociado, Ecolog\u00eda Forestal, Servicios Ecosist\u00e9micos, Manejo Sostenible de Recursos Clifford Louime, Ph.D. Florida Agricultural and Mechanical University, 2005, Catedr\u00e1tico \u00a0Asociado, Producci\u00f3n Sostenible de Biocombustibles. Edwin Hern\u00e1ndez, Ph.D., Universidad de Puerto Rico, Recinto de R\u00edo Piedras, 2000, Investigador<\/p>\n<div class=\"read-more\"><a href=\"https:\/\/natsci.uprrp.edu\/envsci\/graduate-program-faculty\/\" title=\"Read More\">Read More<\/a><\/div>\n","protected":false},"author":1,"featured_media":0,"parent":0,"menu_order":0,"comment_status":"closed","ping_status":"closed","template":"","meta":{"footnotes":""},"class_list":["post-100","page","type-page","status-publish"],"_links":{"self":[{"href":"https:\/\/natsci.uprrp.edu\/envsci\/wp-json\/wp\/v2\/pages\/100","targetHints":{"allow":["GET"]}}],"collection":[{"href":"https:\/\/natsci.uprrp.edu\/envsci\/wp-json\/wp\/v2\/pages"}],"about":[{"href":"https:\/\/natsci.uprrp.edu\/envsci\/wp-json\/wp\/v2\/types\/page"}],"author":[{"embeddable":true,"href":"https:\/\/natsci.uprrp.edu\/envsci\/wp-json\/wp\/v2\/users\/1"}],"replies":[{"embeddable":true,"href":"https:\/\/natsci.uprrp.edu\/envsci\/wp-json\/wp\/v2\/comments?post=100"}],"version-history":[{"count":3,"href":"https:\/\/natsci.uprrp.edu\/envsci\/wp-json\/wp\/v2\/pages\/100\/revisions"}],"predecessor-version":[{"id":516,"href":"https:\/\/natsci.uprrp.edu\/envsci\/wp-json\/wp\/v2\/pages\/100\/revisions\/516"}],"wp:attachment":[{"href":"https:\/\/natsci.uprrp.edu\/envsci\/wp-json\/wp\/v2\/media?parent=100"}],"curies":[{"name":"wp","href":"https:\/\/api.w.org\/{rel}","templated":true}]}}