{"id":83,"date":"2018-08-11T10:03:33","date_gmt":"2018-08-11T10:03:33","guid":{"rendered":"http:\/\/natsci.uprrp.edu\/chemistry\/?page_id=83"},"modified":"2025-03-31T17:05:48","modified_gmt":"2025-03-31T21:05:48","slug":"researchers-profiles","status":"publish","type":"page","link":"https:\/\/natsci.uprrp.edu\/chemistry\/researchers-profiles\/","title":{"rendered":"Researchers&#8217; Profiles"},"content":{"rendered":"\n<figure class=\"wp-block-table\"><table class=\"has-fixed-layout\"><tbody><tr><td><a href=\"http:\/\/natsci.uprrp.edu\/chemistry\/marvin-j-bayro\/\">Bayro, Marvin J.<\/a><\/td><\/tr><tr><td><a href=\"http:\/\/natsci.uprrp.edu\/chemistry\/nestor-m-carballeira\/\"><span style=\"font-weight: 400\">Carballeira, N\u00e9stor M.&nbsp;<\/span><\/a><\/td><\/tr><tr><td><a href=\"http:\/\/natsci.uprrp.edu\/chemistry\/zhongfang-chen\/\"><span style=\"font-weight: 400\">Chen, Zhongfang<\/span><\/a><\/td><\/tr><tr><td><a href=\"http:\/\/natsci.uprrp.edu\/chemistry\/jorge-l-colon-rivera\/\">Col\u00f3n Rivera, Jorge L.<\/a><\/td><\/tr><tr><td><a href=\"http:\/\/natsci.uprrp.edu\/chemistry\/lisandro-cunci\/\">Cunci, Lisandro<\/a><\/td><\/tr><tr><td><a href=\"http:\/\/natsci.uprrp.edu\/chemistry\/dalice-m-pinero-cruz\/\">Cruz Pi\u00f1ero, Dalice M.<\/a><\/td><\/tr><tr><td><a href=\"https:\/\/natsci.uprrp.edu\/chemistry\/liz-m-diaz-vazquez\/\">D\u00edaz, Liz<\/a><\/td><\/tr><tr><td><a href=\"http:\/\/natsci.uprrp.edu\/chemistry\/kai-hans-griebenow\/\">Hans Griebenow, Kai<\/a><\/td><\/tr><tr><td><a href=\"http:\/\/natsci.uprrp.edu\/chemistry\/ingrid-montes\/\">Montes, Ingrid<\/a><\/td><\/tr><tr><td><a href=\"http:\/\/natsci.uprrp.edu\/chemistry\/eduardo-nicolau\/\">Nicolau, Eduardo<\/a><\/td><\/tr><tr><td><a href=\"http:\/\/natsci.uprrp.edu\/chemistry\/jose-m-rivera\/\"><span style=\"font-weight: 400\">Rivera, Jos\u00e9<\/span><\/a><\/td><\/tr><tr><td><a href=\"http:\/\/natsci.uprrp.edu\/chemistry\/abimael-d-rodriguez\/\">Rodr\u00edguez, Abimael D.<\/a><\/td><\/tr><tr><td><a href=\"https:\/\/natsci.uprrp.edu\/chemistry\/raul-rodriguez-berrios\/\">Rodr\u00edguez Berr\u00edos, Ra\u00fal<\/a><\/td><\/tr><tr><td><a href=\"http:\/\/natsci.uprrp.edu\/chemistry\/arthur-d-tinoco\/\">Tinoco, Arthur D.<\/a><\/td><\/tr><tr><td><a href=\"http:\/\/natsci.uprrp.edu\/chemistry\/brad-r-weiner\/\">Weiner, Brad R.<\/a><\/td><\/tr><tr><td><a href=\"https:\/\/natsci.uprrp.edu\/chemistry\/prof-xianyong-wu\/\">Wu, Xianyong<\/a><\/td><\/tr><\/tbody><\/table><\/figure>\n","protected":false},"excerpt":{"rendered":"<p>Bayro, Marvin J. Carballeira, N\u00e9stor M.&nbsp; Chen, Zhongfang Col\u00f3n Rivera, Jorge L. Cunci, Lisandro Cruz Pi\u00f1ero, Dalice M. D\u00edaz, Liz Hans Griebenow, Kai Montes, Ingrid Nicolau, Eduardo Rivera, Jos\u00e9 Rodr\u00edguez, Abimael D. Rodr\u00edguez Berr\u00edos, Ra\u00fal Tinoco, Arthur D. Weiner, Brad R. Wu, Xianyong<\/p>\n","protected":false},"author":1,"featured_media":3310,"parent":0,"menu_order":0,"comment_status":"closed","ping_status":"closed","template":"","meta":{"footnotes":""},"class_list":["post-83","page","type-page","status-publish","has-post-thumbnail","hentry"],"_links":{"self":[{"href":"https:\/\/natsci.uprrp.edu\/chemistry\/wp-json\/wp\/v2\/pages\/83","targetHints":{"allow":["GET"]}}],"collection":[{"href":"https:\/\/natsci.uprrp.edu\/chemistry\/wp-json\/wp\/v2\/pages"}],"about":[{"href":"https:\/\/natsci.uprrp.edu\/chemistry\/wp-json\/wp\/v2\/types\/page"}],"author":[{"embeddable":true,"href":"https:\/\/natsci.uprrp.edu\/chemistry\/wp-json\/wp\/v2\/users\/1"}],"replies":[{"embeddable":true,"href":"https:\/\/natsci.uprrp.edu\/chemistry\/wp-json\/wp\/v2\/comments?post=83"}],"version-history":[{"count":22,"href":"https:\/\/natsci.uprrp.edu\/chemistry\/wp-json\/wp\/v2\/pages\/83\/revisions"}],"predecessor-version":[{"id":3412,"href":"https:\/\/natsci.uprrp.edu\/chemistry\/wp-json\/wp\/v2\/pages\/83\/revisions\/3412"}],"wp:featuredmedia":[{"embeddable":true,"href":"https:\/\/natsci.uprrp.edu\/chemistry\/wp-json\/wp\/v2\/media\/3310"}],"wp:attachment":[{"href":"https:\/\/natsci.uprrp.edu\/chemistry\/wp-json\/wp\/v2\/media?parent=83"}],"curies":[{"name":"wp","href":"https:\/\/api.w.org\/{rel}","templated":true}]}}