{"id":3593,"date":"2025-07-11T12:17:50","date_gmt":"2025-07-11T16:17:50","guid":{"rendered":"https:\/\/natsci.uprrp.edu\/chemistry\/?page_id=3593"},"modified":"2025-10-24T16:07:41","modified_gmt":"2025-10-24T20:07:41","slug":"assessment-plans","status":"publish","type":"page","link":"https:\/\/natsci.uprrp.edu\/chemistry\/assessment-plans\/","title":{"rendered":"Assessment Plans"},"content":{"rendered":"\t\t<div data-elementor-type=\"wp-page\" data-elementor-id=\"3593\" class=\"elementor elementor-3593\">\n\t\t\t\t<div class=\"elementor-element elementor-element-fdde078 e-flex e-con-boxed e-con e-parent\" data-id=\"fdde078\" data-element_type=\"container\" data-e-type=\"container\">\n\t\t\t\t\t<div class=\"e-con-inner\">\n\t\t\t\t<div class=\"elementor-element elementor-element-00301c9 elementor-widget elementor-widget-text-editor\" data-id=\"00301c9\" data-element_type=\"widget\" data-e-type=\"widget\" data-widget_type=\"text-editor.default\">\n\t\t\t\t<div class=\"elementor-widget-container\">\n\t\t\t\t\t\t\t\t\t<p data-start=\"65\" data-end=\"448\"><a href=\"https:\/\/natsci.uprrp.edu\/chemistry\/wp-content\/uploads\/sites\/3\/2025\/07\/IMG_6724.jpg\"><img fetchpriority=\"high\" decoding=\"async\" class=\" wp-image-3594 alignright\" src=\"https:\/\/natsci.uprrp.edu\/chemistry\/wp-content\/uploads\/sites\/3\/2025\/07\/IMG_6724-300x300.jpg\" alt=\"\" width=\"329\" height=\"329\" srcset=\"https:\/\/natsci.uprrp.edu\/chemistry\/wp-content\/uploads\/sites\/3\/2025\/07\/IMG_6724-300x300.jpg 300w, https:\/\/natsci.uprrp.edu\/chemistry\/wp-content\/uploads\/sites\/3\/2025\/07\/IMG_6724-150x150.jpg 150w, https:\/\/natsci.uprrp.edu\/chemistry\/wp-content\/uploads\/sites\/3\/2025\/07\/IMG_6724-768x768.jpg 768w, https:\/\/natsci.uprrp.edu\/chemistry\/wp-content\/uploads\/sites\/3\/2025\/07\/IMG_6724.jpg 1024w\" sizes=\"(max-width: 329px) 100vw, 329px\" \/><\/a>At the Chemistry Program, we are committed to continually improving the teaching and learning process. We believe that delivering a high-quality education requires ongoing evaluation of our practices and outcomes. Assessment plays a crucial role in identifying areas for growth, encouraging pedagogical reflection, and ensuring that students achieve a deep and meaningful learning process.<\/p><p data-start=\"450\" data-end=\"720\">In this section, you will find the program\u2019s assessment plans as well as the rubrics used to measure the development of essential competencies. These tools help us align our goals, demonstrate student achievement, and continue enhancing the academic experience we offer.<\/p><p data-start=\"450\" data-end=\"720\">&#8212;&#8212;&#8212;<\/p><p data-start=\"71\" data-end=\"538\">En el Programa de Qu\u00edmica, estamos comprometidos con el fortalecimiento continuo del proceso de ense\u00f1anza y aprendizaje. Creemos que una educaci\u00f3n de excelencia requiere una evaluaci\u00f3n constante de nuestras pr\u00e1cticas y resultados. Por eso, el assessment \u2014o aval\u00fao del aprendizaje\u2014 es una herramienta clave para identificar \u00e1reas de oportunidad, promover la reflexi\u00f3n pedag\u00f3gica y garantizar que nuestros estudiantes alcancen un aprendizaje significativo y duradero.<\/p><p data-start=\"540\" data-end=\"824\">En esta secci\u00f3n encontrar\u00e1 los planes de aval\u00fao del programa, as\u00ed como las r\u00fabricas utilizadas para medir el desarrollo de competencias esenciales. Estos recursos nos permiten alinear objetivos, evidenciar logros y continuar mejorando la experiencia acad\u00e9mica de nuestro estudiantado.<\/p><p data-start=\"450\" data-end=\"720\">\u00a0<\/p>\t\t\t\t\t\t\t\t<\/div>\n\t\t\t\t<\/div>\n\t\t\t\t\t<\/div>\n\t\t\t\t<\/div>\n\t\t<div class=\"elementor-element elementor-element-e3001a3 e-grid e-con-boxed e-con e-parent\" data-id=\"e3001a3\" data-element_type=\"container\" data-e-type=\"container\">\n\t\t\t\t\t<div class=\"e-con-inner\">\n\t\t\t\t<div class=\"elementor-element elementor-element-7adf826 elementor-widget elementor-widget-button\" data-id=\"7adf826\" data-element_type=\"widget\" data-e-type=\"widget\" data-widget_type=\"button.default\">\n\t\t\t\t<div class=\"elementor-widget-container\">\n\t\t\t\t\t\t\t\t\t<div class=\"elementor-button-wrapper\">\n\t\t\t\t\t<a class=\"elementor-button elementor-button-link elementor-size-sm\" href=\"#\">\n\t\t\t\t\t\t<span class=\"elementor-button-content-wrapper\">\n\t\t\t\t\t\t\t\t\t<span class=\"elementor-button-text\">GRADUATE ASSESSMENT PLAN 2025-2029<\/span>\n\t\t\t\t\t<\/span>\n\t\t\t\t\t<\/a>\n\t\t\t\t<\/div>\n\t\t\t\t\t\t\t\t<\/div>\n\t\t\t\t<\/div>\n\t\t\t\t<div class=\"elementor-element elementor-element-704589c elementor-widget elementor-widget-button\" data-id=\"704589c\" data-element_type=\"widget\" data-e-type=\"widget\" data-widget_type=\"button.default\">\n\t\t\t\t<div class=\"elementor-widget-container\">\n\t\t\t\t\t\t\t\t\t<div class=\"elementor-button-wrapper\">\n\t\t\t\t\t<a class=\"elementor-button elementor-button-link elementor-size-sm\" href=\"#\">\n\t\t\t\t\t\t<span class=\"elementor-button-content-wrapper\">\n\t\t\t\t\t\t\t\t\t<span class=\"elementor-button-text\">UNDERGRADUATE ASSESSMENT PLAN 2025-2029<\/span>\n\t\t\t\t\t<\/span>\n\t\t\t\t\t<\/a>\n\t\t\t\t<\/div>\n\t\t\t\t\t\t\t\t<\/div>\n\t\t\t\t<\/div>\n\t\t\t\t<div class=\"elementor-element elementor-element-fcb0e06 elementor-widget elementor-widget-button\" data-id=\"fcb0e06\" data-element_type=\"widget\" data-e-type=\"widget\" data-widget_type=\"button.default\">\n\t\t\t\t<div class=\"elementor-widget-container\">\n\t\t\t\t\t\t\t\t\t<div class=\"elementor-button-wrapper\">\n\t\t\t\t\t<a class=\"elementor-button elementor-button-link elementor-size-sm\" href=\"#\">\n\t\t\t\t\t\t<span class=\"elementor-button-content-wrapper\">\n\t\t\t\t\t\t\t\t\t<span class=\"elementor-button-text\">GRADUATE PROGRAM RUBRICS<\/span>\n\t\t\t\t\t<\/span>\n\t\t\t\t\t<\/a>\n\t\t\t\t<\/div>\n\t\t\t\t\t\t\t\t<\/div>\n\t\t\t\t<\/div>\n\t\t\t\t\t<\/div>\n\t\t\t\t<\/div>\n\t\t<div class=\"elementor-element elementor-element-7a99b90 e-flex e-con-boxed e-con e-parent\" data-id=\"7a99b90\" data-element_type=\"container\" data-e-type=\"container\">\n\t\t\t\t\t<div class=\"e-con-inner\">\n\t\t\t\t<div class=\"elementor-element elementor-element-7c0cb94 elementor-widget elementor-widget-text-editor\" data-id=\"7c0cb94\" data-element_type=\"widget\" data-e-type=\"widget\" data-widget_type=\"text-editor.default\">\n\t\t\t\t<div class=\"elementor-widget-container\">\n\t\t\t\t\t\t\t\t\t<p>Contact<\/p><p><strong>Dr. Mar\u00eda M. Gil Barvo<\/strong><\/p><p>Graduate and Undergraduate Assessment Coordinator<\/p><p>maria.gil@upr.edu<\/p>\t\t\t\t\t\t\t\t<\/div>\n\t\t\t\t<\/div>\n\t\t\t\t\t<\/div>\n\t\t\t\t<\/div>\n\t\t\t\t<\/div>\n\t\t","protected":false},"excerpt":{"rendered":"<p>At the Chemistry Program, we are committed to continually improving the teaching and learning process. We believe that delivering a high-quality education requires ongoing evaluation of our practices and outcomes. Assessment plays a crucial role in identifying areas for growth, encouraging pedagogical reflection, and ensuring that students achieve a deep &hellip; <\/p>\n","protected":false},"author":32,"featured_media":0,"parent":0,"menu_order":0,"comment_status":"closed","ping_status":"closed","template":"","meta":{"footnotes":""},"class_list":["post-3593","page","type-page","status-publish","hentry"],"_links":{"self":[{"href":"https:\/\/natsci.uprrp.edu\/chemistry\/wp-json\/wp\/v2\/pages\/3593","targetHints":{"allow":["GET"]}}],"collection":[{"href":"https:\/\/natsci.uprrp.edu\/chemistry\/wp-json\/wp\/v2\/pages"}],"about":[{"href":"https:\/\/natsci.uprrp.edu\/chemistry\/wp-json\/wp\/v2\/types\/page"}],"author":[{"embeddable":true,"href":"https:\/\/natsci.uprrp.edu\/chemistry\/wp-json\/wp\/v2\/users\/32"}],"replies":[{"embeddable":true,"href":"https:\/\/natsci.uprrp.edu\/chemistry\/wp-json\/wp\/v2\/comments?post=3593"}],"version-history":[{"count":15,"href":"https:\/\/natsci.uprrp.edu\/chemistry\/wp-json\/wp\/v2\/pages\/3593\/revisions"}],"predecessor-version":[{"id":3644,"href":"https:\/\/natsci.uprrp.edu\/chemistry\/wp-json\/wp\/v2\/pages\/3593\/revisions\/3644"}],"wp:attachment":[{"href":"https:\/\/natsci.uprrp.edu\/chemistry\/wp-json\/wp\/v2\/media?parent=3593"}],"curies":[{"name":"wp","href":"https:\/\/api.w.org\/{rel}","templated":true}]}}