{"id":33,"date":"2018-08-11T09:30:46","date_gmt":"2018-08-11T09:30:46","guid":{"rendered":"http:\/\/natsci.uprrp.edu\/chemistry\/?page_id=33"},"modified":"2026-02-12T17:36:08","modified_gmt":"2026-02-12T21:36:08","slug":"historia","status":"publish","type":"page","link":"https:\/\/natsci.uprrp.edu\/chemistry\/historia\/","title":{"rendered":"Programa Subgraduado en Qu\u00edmica"},"content":{"rendered":"\t\t<div data-elementor-type=\"wp-page\" data-elementor-id=\"33\" class=\"elementor elementor-33\">\n\t\t\t\t<div class=\"elementor-element elementor-element-5411678d e-con-full e-flex e-con e-parent\" data-id=\"5411678d\" data-element_type=\"container\" data-e-type=\"container\" data-settings=\"{&quot;background_background&quot;:&quot;classic&quot;}\">\n\t\t\t\t<\/div>\n\t\t<div class=\"elementor-element elementor-element-a1b6680 e-flex e-con-boxed e-con e-parent\" data-id=\"a1b6680\" data-element_type=\"container\" data-e-type=\"container\">\n\t\t\t\t\t<div class=\"e-con-inner\">\n\t\t<div class=\"elementor-element elementor-element-e2933f1 e-con-full e-flex e-con e-child\" data-id=\"e2933f1\" data-element_type=\"container\" data-e-type=\"container\">\n\t\t\t\t<div class=\"elementor-element elementor-element-2d86c36a elementor-widget elementor-widget-text-editor\" data-id=\"2d86c36a\" data-element_type=\"widget\" data-e-type=\"widget\" data-widget_type=\"text-editor.default\">\n\t\t\t\t<div class=\"elementor-widget-container\">\n\t\t\t\t\t\t\t\t\t<p>El Programa Subgraduado en Qu\u00edmica de la Universidad de Puerto Rico, Recinto de R\u00edo Piedras, fue establecido en 1943 y ha evolucionado hasta convertirse en nuestro actual programa acad\u00e9mico conducente al grado de Bachillerato en Ciencias en Qu\u00edmica.<\/p><p>En el contexto del Recinto de R\u00edo Piedras, que actualmente cuenta con m\u00e1s de 12,500 estudiantes matriculados, de los cuales m\u00e1s de 9,700 cursan estudios subgraduados, nuestro departamento es parte esencial de la formaci\u00f3n cient\u00edfica del campus y aporta consistentemente nuevos profesionales al campo de las ciencias naturales.<\/p><p>La Facultad de Ciencias Naturales incluye alrededor de 320 estudiantes subgraduados en Qu\u00edmica, lo que demuestra que el programa contin\u00faa siendo una opci\u00f3n acad\u00e9mica significativa para j\u00f3venes que desean desarrollar una carrera cient\u00edfica s\u00f3lida y competitiva.<\/p><p>Nuestra trayectoria refleja un crecimiento sostenido en matr\u00edcula y graduados a lo largo de las d\u00e9cadas, y posiciona al Departamento de Qu\u00edmica como un referente en la formaci\u00f3n de cient\u00edficos con habilidades te\u00f3ricas y experimentales tanto a nivel local como global.<\/p><p><\/p><p><\/p>\t\t\t\t\t\t\t\t<\/div>\n\t\t\t\t<\/div>\n\t\t\t\t<\/div>\n\t\t<div class=\"elementor-element elementor-element-3bbf261 e-con-full e-flex e-con e-child\" data-id=\"3bbf261\" data-element_type=\"container\" data-e-type=\"container\">\n\t\t<div class=\"elementor-element elementor-element-c78a500 e-con-full e-flex e-con e-child\" data-id=\"c78a500\" data-element_type=\"container\" data-e-type=\"container\">\n\t\t\t\t<div class=\"elementor-element elementor-element-3c07214 elementor-widget elementor-widget-image\" data-id=\"3c07214\" data-element_type=\"widget\" data-e-type=\"widget\" data-widget_type=\"image.default\">\n\t\t\t\t<div class=\"elementor-widget-container\">\n\t\t\t\t\t\t\t\t\t\t\t\t\t\t\t<img fetchpriority=\"high\" decoding=\"async\" width=\"640\" height=\"238\" src=\"https:\/\/natsci.uprrp.edu\/chemistry\/wp-content\/uploads\/sites\/3\/2025\/03\/laboratorio-1024x380.jpg\" class=\"attachment-large size-large wp-image-3421\" alt=\"\" srcset=\"https:\/\/natsci.uprrp.edu\/chemistry\/wp-content\/uploads\/sites\/3\/2025\/03\/laboratorio-1024x380.jpg 1024w, https:\/\/natsci.uprrp.edu\/chemistry\/wp-content\/uploads\/sites\/3\/2025\/03\/laboratorio-300x111.jpg 300w, https:\/\/natsci.uprrp.edu\/chemistry\/wp-content\/uploads\/sites\/3\/2025\/03\/laboratorio-768x285.jpg 768w, https:\/\/natsci.uprrp.edu\/chemistry\/wp-content\/uploads\/sites\/3\/2025\/03\/laboratorio-600x223.jpg 600w, https:\/\/natsci.uprrp.edu\/chemistry\/wp-content\/uploads\/sites\/3\/2025\/03\/laboratorio.jpg 1078w\" sizes=\"(max-width: 640px) 100vw, 640px\" \/>\t\t\t\t\t\t\t\t\t\t\t\t\t\t\t<\/div>\n\t\t\t\t<\/div>\n\t\t\t\t<\/div>\n\t\t<div class=\"elementor-element elementor-element-9ba0d2d e-con-full e-flex e-con e-child\" data-id=\"9ba0d2d\" data-element_type=\"container\" data-e-type=\"container\">\n\t\t\t\t<div class=\"elementor-element elementor-element-edc7fed elementor-widget elementor-widget-text-editor\" data-id=\"edc7fed\" data-element_type=\"widget\" data-e-type=\"widget\" data-widget_type=\"text-editor.default\">\n\t\t\t\t<div class=\"elementor-widget-container\">\n\t\t\t\t\t\t\t\t\t<ul><li><h4><a href=\"https:\/\/natsci.uprrp.edu\/chemistry\/courses\/\">Cat\u00e1logo de Cursos Subgraduados<\/a><\/h4><\/li><li><h4><a href=\"https:\/\/natsci.uprrp.edu\/chemistry\/course-enrollment-forms\/\">Formularios de Registro<\/a><\/h4><\/li><li><h4><a href=\"https:\/\/natsci.uprrp.edu\/chemistry\/course-general-syllabi\/\">S\u00edlabos<\/a><\/h4><\/li><li><h4><a href=\"https:\/\/natsci.uprrp.edu\/chemistry\/asesores-academicos\/\">Asesor\u00eda Acad\u00e9mica<\/a>\u00a0<\/h4><\/li><li><h4><a href=\"https:\/\/natsci.uprrp.edu\/chemistry\/programa-de-estudio-sugerido\/\">Programa de Estudio Sugerido Nivel Subgraduado<\/a><\/h4><\/li><li><h4><a href=\"https:\/\/natsci.uprrp.edu\/chemistry\/internal-policies\/\">Pol\u00edticas Internas<\/a><\/h4><\/li><li><h4>Oportunidades\u00a0<\/h4><\/li><\/ul>\t\t\t\t\t\t\t\t<\/div>\n\t\t\t\t<\/div>\n\t\t\t\t<\/div>\n\t\t\t\t<\/div>\n\t\t\t\t\t<\/div>\n\t\t\t\t<\/div>\n\t\t\t\t<\/div>\n\t\t","protected":false},"excerpt":{"rendered":"<p>El Programa Subgraduado en Qu\u00edmica de la Universidad de Puerto Rico, Recinto de R\u00edo Piedras, fue establecido en 1943 y ha evolucionado hasta convertirse en nuestro actual programa acad\u00e9mico conducente al grado de Bachillerato en Ciencias en Qu\u00edmica. En el contexto del Recinto de R\u00edo Piedras, que actualmente cuenta con &hellip; <\/p>\n","protected":false},"author":7,"featured_media":0,"parent":0,"menu_order":0,"comment_status":"closed","ping_status":"closed","template":"","meta":{"footnotes":""},"class_list":["post-33","page","type-page","status-publish","hentry"],"_links":{"self":[{"href":"https:\/\/natsci.uprrp.edu\/chemistry\/wp-json\/wp\/v2\/pages\/33","targetHints":{"allow":["GET"]}}],"collection":[{"href":"https:\/\/natsci.uprrp.edu\/chemistry\/wp-json\/wp\/v2\/pages"}],"about":[{"href":"https:\/\/natsci.uprrp.edu\/chemistry\/wp-json\/wp\/v2\/types\/page"}],"author":[{"embeddable":true,"href":"https:\/\/natsci.uprrp.edu\/chemistry\/wp-json\/wp\/v2\/users\/7"}],"replies":[{"embeddable":true,"href":"https:\/\/natsci.uprrp.edu\/chemistry\/wp-json\/wp\/v2\/comments?post=33"}],"version-history":[{"count":12,"href":"https:\/\/natsci.uprrp.edu\/chemistry\/wp-json\/wp\/v2\/pages\/33\/revisions"}],"predecessor-version":[{"id":3754,"href":"https:\/\/natsci.uprrp.edu\/chemistry\/wp-json\/wp\/v2\/pages\/33\/revisions\/3754"}],"wp:attachment":[{"href":"https:\/\/natsci.uprrp.edu\/chemistry\/wp-json\/wp\/v2\/media?parent=33"}],"curies":[{"name":"wp","href":"https:\/\/api.w.org\/{rel}","templated":true}]}}