{"id":2110,"date":"2020-05-08T02:47:20","date_gmt":"2020-05-08T02:47:20","guid":{"rendered":"http:\/\/natsci.uprrp.edu\/chemistry\/?page_id=2110"},"modified":"2026-02-24T11:58:21","modified_gmt":"2026-02-24T15:58:21","slug":"active-faculty","status":"publish","type":"page","link":"https:\/\/natsci.uprrp.edu\/chemistry\/active-faculty\/","title":{"rendered":"Faculty"},"content":{"rendered":"\n<h3 class=\"wp-block-heading\">Active Faculty<\/h3>\n\n\n\n<p class=\"has-medium-font-size\"><a href=\"http:\/\/natsci.uprrp.edu\/chemistry\/noel-motta\/\">Motta Cruz, Noel- Interim Department Chair &#8211; Associate Professor<\/a><\/p>\n\n\n\n<figure class=\"wp-block-table\"><table class=\"has-fixed-layout\"><tbody><tr><td><strong>Professor<\/strong><\/td><td>&nbsp;<\/td><\/tr><tr><td><a href=\"http:\/\/natsci.uprrp.edu\/chemistry\/marvin-j-bayro\/\"><span style=\"font-weight: 400\">Bayro, Marvin J.<\/span><\/a><\/td><td><span style=\"font-weight: 400\">Assistant Professor<\/span><\/td><\/tr><tr><td><a href=\"http:\/\/natsci.uprrp.edu\/chemistry\/nestor-m-carballeira\/\"><span style=\"font-weight: 400\">Carballeira, N\u00e9stor M.<\/span><\/a><\/td><td><span style=\"font-weight: 400\">Professor<\/span><\/td><\/tr><tr><td><span style=\"font-weight: 400\">Carrasquillo, Jos\u00e9<\/span><\/td><td><span style=\"font-weight: 400\">Lecturer<\/span><\/td><\/tr><tr><td><a href=\"http:\/\/natsci.uprrp.edu\/chemistry\/zhongfang-chen\/\"><span style=\"font-weight: 400\">Chen, Zhongfang<\/span><\/a><\/td><td><span style=\"font-weight: 400\">Professor<\/span><\/td><\/tr><tr><td><a href=\"http:\/\/natsci.uprrp.edu\/chemistry\/jorge-l-colon-rivera\/\"><span style=\"font-weight: 400\">Col\u00f3n Rivera, Jorge L.<\/span><\/a><\/td><td><span style=\"font-weight: 400\">Professor<\/span><\/td><\/tr><tr><td><a href=\"https:\/\/natsci.uprrp.edu\/chemistry\/lisandro-cunci\/\"><span style=\"font-weight: 400\">Cunci, Lisandro<\/span><\/a><\/td><td><span style=\"font-weight: 400\">Assistant Professor<\/span><\/td><\/tr><tr><td><a href=\"http:\/\/natsci.uprrp.edu\/chemistry\/kariluz-davila-diaz\/\"><span style=\"font-weight: 400\">D\u00e1vila, Kariluz<\/span><\/a><\/td><td><span style=\"font-weight: 400\">Assistant Professor<\/span><\/td><\/tr><tr><td><a href=\"https:\/\/natsci.uprrp.edu\/chemistry\/liz-m-diaz-vazquez\/\" data-type=\"page\" data-id=\"3269\"><span style=\"font-weight: 400\">D\u00edaz V\u00e1zquez, Liz<\/span><\/a><\/td><td>Professor<\/td><\/tr><tr><td><span style=\"font-weight: 400\">Feliciano, Ileana<\/span><\/td><td><span style=\"font-weight: 400\">Lecturer<\/span><\/td><\/tr><tr><td>Gil Barvo, Mar\u00eda<\/td><td>Assistant Professor<\/td><\/tr><tr><td>Gonz\u00e1lez, Jean<\/td><td>Assistant Professor<\/td><\/tr><tr><td><a href=\"http:\/\/natsci.uprrp.edu\/chemistry\/kai-hans-griebenow\/\"><span style=\"font-weight: 400\">Griebenow Hans, Kai<\/span><\/a><\/td><td><span style=\"font-weight: 400\">Professor<\/span><\/td><\/tr><tr><td>Malca, Carlos<\/td><td>Assistant Professor<\/td><\/tr><tr><td>M\u00e9ndez, Jos\u00e9<\/td><td>Assistant Professor<\/td><\/tr><tr><td><a href=\"http:\/\/natsci.uprrp.edu\/chemistry\/ingrid-montes\/\"><span style=\"font-weight: 400\">Montes, Ingrid<\/span><\/a><\/td><td><span style=\"font-weight: 400\">Professor<\/span><\/td><\/tr><tr><td><span style=\"font-weight: 400\">Morales, Angel<\/span><\/td><td><span style=\"font-weight: 400\">Lecturer<\/span><\/td><\/tr><tr><td><a href=\"http:\/\/natsci.uprrp.edu\/chemistry\/noel-motta\/\"><span style=\"font-weight: 400\">Motta Cruz, Noel<\/span><\/a><\/td><td><span style=\"font-weight: 400\">Associate Professor<\/span><\/td><\/tr><tr><td><span style=\"font-weight: 400\">Mu\u00f1oz, Lorell<\/span><\/td><td><span style=\"font-weight: 400\">Lecturer<\/span><\/td><\/tr><tr><td><a href=\"http:\/\/natsci.uprrp.edu\/chemistry\/eduardo-nicolau\/\"><span style=\"font-weight: 400\">Nicolau, Eduardo<\/span><\/a><\/td><td><span style=\"font-weight: 400\">Associate Professor<\/span><\/td><\/tr><tr><td><a href=\"http:\/\/natsci.uprrp.edu\/chemistry\/dalice-m-pinero-cruz\/\"><span style=\"font-weight: 400\">Pi\u00f1ero, Dalice M.<\/span><\/a><\/td><td><span style=\"font-weight: 400\">Ass<span style=\"font-weight: 400\">ociate Professor<\/span><\/span><\/td><\/tr><tr><td><a href=\"http:\/\/natsci.uprrp.edu\/chemistry\/jose-m-rivera\/\"><span style=\"font-weight: 400\">Rivera, Jos\u00e9<\/span><\/a><\/td><td><span style=\"font-weight: 400\">Professor<\/span><\/td><\/tr><tr><td><a href=\"http:\/\/natsci.uprrp.edu\/chemistry\/abimael-d-rodriguez\/\"><span style=\"font-weight: 400\">Rodr\u00edguez, Abimael D.<\/span><\/a><\/td><td><span style=\"font-weight: 400\">Professor<\/span><\/td><\/tr><tr><td><a href=\"https:\/\/natsci.uprrp.edu\/chemistry\/raul-rodriguez-berrios\/\"><span style=\"font-weight: 400\">Rodr\u00edguez, Ra\u00fal<\/span><\/a><\/td><td><span style=\"font-weight: 400\">Assistant Professor<\/span><\/td><\/tr><tr><td><a href=\"http:\/\/natsci.uprrp.edu\/chemistry\/arthur-d-tinoco\/\"><span style=\"font-weight: 400\">Tinoco, Arthur D.<\/span><\/a><\/td><td><span style=\"font-weight: 400\">Associate Professor<\/span><\/td><\/tr><tr><td><a href=\"http:\/\/natsci.uprrp.edu\/chemistry\/carlos-m-torres-diaz\/\"><span style=\"font-weight: 400\">Torres D\u00edaz, Carlos M.<\/span><\/a><\/td><td><span style=\"font-weight: 400\">Assistant Professor<\/span><\/td><\/tr><tr><td>Torres Rivera, Marielys<\/td><td>Assistant Professor<\/td><\/tr><tr><td><span style=\"font-weight: 400\">Torres, Gerardo<\/span><\/td><td><span style=\"font-weight: 400\">Lecturer<\/span><\/td><\/tr><tr><td><span style=\"font-weight: 400\"><a href=\"https:\/\/natsci.uprrp.edu\/cahreus\/equipo\/betty-velazquez-ph-d\/\" data-type=\"link\" data-id=\"https:\/\/natsci.uprrp.edu\/cahreus\/equipo\/betty-velazquez-ph-d\/\">Vel\u00e1zquez, Betty<\/a><\/span><\/td><td><span style=\"font-weight: 400\">Lecturer<\/span><\/td><\/tr><tr><td><a href=\"http:\/\/natsci.uprrp.edu\/chemistry\/brad-r-weiner\/\"><span style=\"font-weight: 400\">Weiner, Brad R.<\/span><\/a><\/td><td><span style=\"font-weight: 400\">Professor<\/span><\/td><\/tr><tr><td><a href=\"https:\/\/natsci.uprrp.edu\/chemistry\/prof-xianyong-wu\/\"><span style=\"font-weight: 400\">Wu, Xianyong<\/span><\/a><\/td><td><span style=\"font-weight: 400\">Assistant Professor<\/span><\/td><\/tr><\/tbody><\/table><\/figure>\n\n\n\n<p>&nbsp;<\/p>\n\n\n\n<h3 class=\"wp-block-heading\">Retired Faculty<\/h3>\n\n\n\n<figure class=\"wp-block-table\"><table class=\"has-fixed-layout\"><tbody><tr><td><a href=\"http:\/\/natsci.uprrp.edu\/chemistry\/waldemar-adam-leder\/\"><span style=\"font-weight: 400\">Adam, Waldemar, Emeritus Professor<\/span><\/a><\/td><\/tr><tr><td><span style=\"font-weight: 400\">Aguilera, Cruz<\/span><\/td><\/tr><tr><td><span style=\"font-weight: 400\">Arce, Josefina<\/span><\/td><\/tr><tr><td><span style=\"font-weight: 400\">Arce, Rafael<\/span><\/td><\/tr><tr><td><span style=\"font-weight: 400\">Bird, Lillian<\/span><\/td><\/tr><tr><td><a href=\"http:\/\/natsci.uprrp.edu\/chemistry\/carlos-r-cabrera\/\"><span style=\"font-weight: 400\">Cabrera, Carlos R.<\/span><\/a><\/td><\/tr><tr><td><span style=\"font-weight: 400\">Cordero, Nadia<\/span><\/td><\/tr><tr><td><a href=\"https:\/\/www.researchgate.net\/profile\/Osvaldo-Cox\" data-type=\"link\" data-id=\"https:\/\/www.researchgate.net\/profile\/Osvaldo-Cox\">Cox, Osvaldo<\/a><\/td><\/tr><tr><td><a href=\"https:\/\/natsci.uprrp.edu\/chemistry\/francisco-echegaray\/\"><span style=\"font-weight: 400\">Echegaray, Francisco<\/span><\/a><\/td><\/tr><tr><td><span style=\"font-weight: 400\">Gonz\u00e1les, Patricia<\/span><\/td><\/tr><tr><td><a href=\"https:\/\/natsci.uprrp.edu\/chemistry\/ana-r-guadalupe-quinones\/\"><span style=\"font-weight: 400\">Guadalupe, Ana R.<\/span><\/a><\/td><\/tr><tr><td><span style=\"font-weight: 400\">Ishikawa, Yashuyuki<\/span><\/td><\/tr><tr><td><span style=\"font-weight: 400\">Morales, Reginald<\/span><\/td><\/tr><tr><td><span style=\"font-weight: 400\">Prieto, Jos\u00e9 A.<\/span><\/td><\/tr><tr><td><a href=\"https:\/\/natsci.uprrp.edu\/chemistry\/edwin-quinones\/\"><span style=\"font-weight: 400\">Qui\u00f1ones, Edwin<\/span><\/a><\/td><\/tr><tr><td><span style=\"font-weight: 400\">Rechani, Pio<\/span><\/td><\/tr><tr><td><span style=\"font-weight: 400\">Rosario, Osvaldo<\/span><\/td><\/tr><tr><td><span style=\"font-weight: 400\">Soderquist, John<\/span><\/td><\/tr><tr><td><span style=\"font-weight: 400\">Veguilla, Luis<\/span><\/td><\/tr><\/tbody><\/table><\/figure>\n\n\n\n<p>&nbsp;<\/p>\n\n\n\n<p><\/p>\n","protected":false},"excerpt":{"rendered":"<p>Active Faculty Motta Cruz, Noel- Interim Department Chair &#8211; Associate Professor Professor &nbsp; Bayro, Marvin J. Assistant Professor Carballeira, N\u00e9stor M. Professor Carrasquillo, Jos\u00e9 Lecturer Chen, Zhongfang Professor Col\u00f3n Rivera, Jorge L. Professor Cunci, Lisandro Assistant Professor D\u00e1vila, Kariluz Assistant Professor D\u00edaz V\u00e1zquez, Liz Professor Feliciano, Ileana Lecturer Gil Barvo, &hellip; <\/p>\n","protected":false},"author":23,"featured_media":0,"parent":0,"menu_order":0,"comment_status":"closed","ping_status":"closed","template":"","meta":{"footnotes":""},"class_list":["post-2110","page","type-page","status-publish","hentry"],"_links":{"self":[{"href":"https:\/\/natsci.uprrp.edu\/chemistry\/wp-json\/wp\/v2\/pages\/2110","targetHints":{"allow":["GET"]}}],"collection":[{"href":"https:\/\/natsci.uprrp.edu\/chemistry\/wp-json\/wp\/v2\/pages"}],"about":[{"href":"https:\/\/natsci.uprrp.edu\/chemistry\/wp-json\/wp\/v2\/types\/page"}],"author":[{"embeddable":true,"href":"https:\/\/natsci.uprrp.edu\/chemistry\/wp-json\/wp\/v2\/users\/23"}],"replies":[{"embeddable":true,"href":"https:\/\/natsci.uprrp.edu\/chemistry\/wp-json\/wp\/v2\/comments?post=2110"}],"version-history":[{"count":39,"href":"https:\/\/natsci.uprrp.edu\/chemistry\/wp-json\/wp\/v2\/pages\/2110\/revisions"}],"predecessor-version":[{"id":3790,"href":"https:\/\/natsci.uprrp.edu\/chemistry\/wp-json\/wp\/v2\/pages\/2110\/revisions\/3790"}],"wp:attachment":[{"href":"https:\/\/natsci.uprrp.edu\/chemistry\/wp-json\/wp\/v2\/media?parent=2110"}],"curies":[{"name":"wp","href":"https:\/\/api.w.org\/{rel}","templated":true}]}}