{"id":2054,"date":"2020-05-07T05:40:21","date_gmt":"2020-05-07T05:40:21","guid":{"rendered":"http:\/\/natsci.uprrp.edu\/chemistry\/?page_id=2054"},"modified":"2025-03-31T17:21:12","modified_gmt":"2025-03-31T21:21:12","slug":"curriculo-de-quimica","status":"publish","type":"page","link":"https:\/\/natsci.uprrp.edu\/chemistry\/curriculo-de-quimica\/","title":{"rendered":"Course Requirements to enter the Graduate Program"},"content":{"rendered":"\n<p>&nbsp;<\/p>\n\n\n\n<p>General Education Requirements (43 credits)<\/p>\n\n\n\n<figure class=\"wp-block-table\"><table class=\"has-fixed-layout\"><tbody><tr><td><strong>Course<\/strong><\/td><td><strong>Credits<\/strong><\/td><td><strong>Description<\/strong><\/td><\/tr><tr><td><span style=\"font-weight: 400\">ARTE<\/span><\/td><td><span style=\"font-weight: 400\">3<\/span><\/td><td><span style=\"font-weight: 400\">3 Arte de Educaci\u00f3n General<\/span><\/td><\/tr><tr><td><span style=\"font-weight: 400\">CIBI\/CIFI 4XXX_1<\/span><\/td><td><span style=\"font-weight: 400\">3<\/span><\/td><td rowspan=\"2\"><span style=\"font-weight: 400\">Cursos de Ciencias Naturales de nivel 4000. Estos pueden ser: CIBI 4105, CIBI 4006, CIFI 4005, CIFI<\/span>\n<p><span style=\"font-weight: 400\">4075 y CIFI 4995<\/span><\/p>\n<\/td><\/tr><tr><td><span style=\"font-weight: 400\">CIBI\/CIFI 4XXX_2<\/span><\/td><td><span style=\"font-weight: 400\">3<\/span><\/td><\/tr><tr><td><span style=\"font-weight: 400\">CISO 3121<\/span><\/td><td><span style=\"font-weight: 400\">3<\/span><\/td><td><span style=\"font-weight: 400\">Ciencias Sociales B\u00e1sico-1<\/span><\/td><\/tr><tr><td><span style=\"font-weight: 400\">CISO3122<\/span><\/td><td><span style=\"font-weight: 400\">3<\/span><\/td><td><span style=\"font-weight: 400\">Ciencias Sociales B\u00e1sico-2<\/span><\/td><\/tr><tr><td><span style=\"font-weight: 400\">ESPA XXXX_1<\/span><\/td><td><span style=\"font-weight: 400\">3<\/span><\/td><td><span style=\"font-weight: 400\">Espa\u00f1ol de primer a\u00f1o-1&nbsp;<\/span><\/td><\/tr><tr><td><span style=\"font-weight: 400\">ESPA XXX_2<\/span><\/td><td><span style=\"font-weight: 400\">3<\/span><\/td><td><span style=\"font-weight: 400\">Espa\u00f1ol de primer a\u00f1o-2&nbsp;<\/span><\/td><\/tr><tr><td><span style=\"font-weight: 400\">HUMA XXXX_1<\/span><\/td><td><span style=\"font-weight: 400\">3<\/span><\/td><td><span style=\"font-weight: 400\">Humanidades Educ. General-1&nbsp;<\/span><\/td><\/tr><tr><td><span style=\"font-weight: 400\">HUMA XXXX_2<\/span><\/td><td><span style=\"font-weight: 400\">3<\/span><\/td><td><span style=\"font-weight: 400\">Humanidades Educ. General-2<\/span><\/td><\/tr><tr><td><span style=\"font-weight: 400\">INGL XXXX_1<\/span><\/td><td><span style=\"font-weight: 400\">3<\/span><\/td><td><span style=\"font-weight: 400\">Ingl\u00e9s de primer a\u00f1o-1<\/span><\/td><\/tr><tr><td><span style=\"font-weight: 400\">INGL XXXX_2<\/span><\/td><td><span style=\"font-weight: 400\">3<\/span><\/td><td><span style=\"font-weight: 400\">Ingl\u00e9s de primer a\u00f1o-2<\/span><\/td><\/tr><tr><td><span style=\"font-weight: 400\">LITERATURA_1<\/span><\/td><td><span style=\"font-weight: 400\">3<\/span><\/td><td><span style=\"font-weight: 400\">Literatura Educ. General-1<\/span><\/td><\/tr><tr><td><span style=\"font-weight: 400\">LITERATURA_2<\/span><\/td><td><span style=\"font-weight: 400\">3<\/span><\/td><td><span style=\"font-weight: 400\">Literatura Educ. General-2&nbsp;<\/span><\/td><\/tr><tr><td><span style=\"font-weight: 400\">MATE 3151<\/span><\/td><td><span style=\"font-weight: 400\">3<\/span><\/td><td>Calculo 1 (como requisito de Educ General)<\/td><\/tr><\/tbody><\/table><\/figure>\n\n\n\n<p>&nbsp;<\/p>\n\n\n\n<p>&nbsp;<\/p>\n\n\n\n<p>Faculty Requirements (23 credits)<\/p>\n\n\n\n<figure class=\"wp-block-table\"><table class=\"has-fixed-layout\"><tbody><tr><td><strong>Curso<\/strong><\/td><td><strong>Cr\u00e9ditos<\/strong><\/td><td><strong>Descripci\u00f3n<\/strong><\/td><\/tr><tr><td><span style=\"font-weight: 400\">BIOL 3101<\/span><\/td><td><span style=\"font-weight: 400\">4<\/span><\/td><td><span style=\"font-weight: 400\">Biolog\u00eda General-1<\/span><\/td><\/tr><tr><td><span style=\"font-weight: 400\">FISI 3011<\/span><\/td><td><span style=\"font-weight: 400\">3<\/span><\/td><td><span style=\"font-weight: 400\">F\u00edsica Universitaria-1<\/span><\/td><\/tr><tr><td><span style=\"font-weight: 400\">FISI 3012<\/span><\/td><td><span style=\"font-weight: 400\">3<\/span><\/td><td><span style=\"font-weight: 400\">F\u00edsica Universitaria-2<\/span><\/td><\/tr><tr><td><span style=\"font-weight: 400\">FISI 3013<\/span><\/td><td><span style=\"font-weight: 400\">1<\/span><\/td><td><span style=\"font-weight: 400\">Laboratorio de F\u00edsica-1<\/span><\/td><\/tr><tr><td><span style=\"font-weight: 400\">FISI 3014<\/span><\/td><td><span style=\"font-weight: 400\">1<\/span><\/td><td><span style=\"font-weight: 400\">Laboratorio de F\u00edsica-2<\/span><\/td><\/tr><tr><td><span style=\"font-weight: 400\">MATE 3152<\/span><\/td><td><span style=\"font-weight: 400\">4<\/span><\/td><td><span style=\"font-weight: 400\">Calculo 2<\/span><\/td><\/tr><tr><td><span style=\"font-weight: 400\">MATE 3163<\/span><\/td><td><span style=\"font-weight: 400\">4<\/span><\/td><td><span style=\"font-weight: 400\">M\u00e9todos Matem\u00e1ticos para Qu\u00edmica F\u00edsica<\/span><\/td><\/tr><tr><td><span style=\"font-weight: 400\">REDACCION<\/span><\/td><td><span style=\"font-weight: 400\">3<\/span><\/td><td><span style=\"font-weight: 400\">Curso de redacci\u00f3n en espa\u00f1ol o ingl\u00e9s<\/span><\/td><\/tr><\/tbody><\/table><\/figure>\n\n\n\n<p>&nbsp;<\/p>\n\n\n\n<p>&nbsp;<\/p>\n\n\n\n<p>Concentration Requirements (46 credits, including directed electives)<\/p>\n\n\n\n<figure class=\"wp-block-table\"><table class=\"has-fixed-layout\"><tbody><tr><td><strong>Curso<\/strong><\/td><td><strong>Cr\u00e9ditos<\/strong><\/td><td><strong>Descripci\u00f3n<\/strong><\/td><td><strong>SECUENCIA<\/strong><\/td><\/tr><tr><td><span style=\"font-weight: 400\">QUIM 3001<\/span><\/td><td><span style=\"font-weight: 400\">4<\/span><\/td><td><span style=\"font-weight: 400\">Qu\u00edmica General-1<\/span><\/td><td><span style=\"font-weight: 400\">1<\/span><\/td><\/tr><tr><td><span style=\"font-weight: 400\">QUIM 3001<\/span><\/td><td><span style=\"font-weight: 400\">4<\/span><\/td><td><span style=\"font-weight: 400\">Qu\u00edmica General-2<\/span><\/td><td><span style=\"font-weight: 400\">2<\/span><\/td><\/tr><tr><td><span style=\"font-weight: 400\">QUIM 3451<\/span><\/td><td><span style=\"font-weight: 400\">4<\/span><\/td><td><span style=\"font-weight: 400\">Qu\u00edmica Org\u00e1nica-1<\/span><\/td><td><span style=\"font-weight: 400\">3<\/span><\/td><\/tr><tr><td><span style=\"font-weight: 400\">QUIM 3452<\/span><\/td><td><span style=\"font-weight: 400\">4<\/span><\/td><td><span style=\"font-weight: 400\">Qu\u00edmica Org\u00e1nica-2<\/span><\/td><td><span style=\"font-weight: 400\">4<\/span><\/td><\/tr><tr><td><span style=\"font-weight: 400\">QUIM 3255<\/span><\/td><td><span style=\"font-weight: 400\">4<\/span><\/td><td><span style=\"font-weight: 400\">Qu\u00edmica Anal\u00edtica<\/span><\/td><td><span style=\"font-weight: 400\">5<\/span><\/td><\/tr><tr><td><span style=\"font-weight: 400\">QUIM 4015<\/span><\/td><td><span style=\"font-weight: 400\">4<\/span><\/td><td><span style=\"font-weight: 400\">An\u00e1lisis Instrumental<\/span><\/td><td><span style=\"font-weight: 400\">6<\/span><\/td><\/tr><tr><td><span style=\"font-weight: 400\">QUIM 4055<\/span><\/td><td><span style=\"font-weight: 400\">3<\/span><\/td><td><span style=\"font-weight: 400\">Bioqu\u00edmica<\/span><\/td><td><span style=\"font-weight: 400\">5<\/span><\/td><\/tr><tr><td><span style=\"font-weight: 400\">QUIM 4000<\/span><\/td><td><span style=\"font-weight: 400\">3<\/span><\/td><td><span style=\"font-weight: 400\">Qu\u00edmica Inorg\u00e1nica<\/span><\/td><td><span style=\"font-weight: 400\">8<\/span><\/td><\/tr><tr><td><span style=\"font-weight: 400\">QUIM 4041<\/span><\/td><td><span style=\"font-weight: 400\">3<\/span><\/td><td><span style=\"font-weight: 400\">Qu\u00edmica F\u00edsica-1<\/span><\/td><td><span style=\"font-weight: 400\">7<\/span><\/td><\/tr><tr><td><span style=\"font-weight: 400\">QUIM 4042<\/span><\/td><td><span style=\"font-weight: 400\">3<\/span><\/td><td><span style=\"font-weight: 400\">Qu\u00edmica F\u00edsica-2<\/span><\/td><td><span style=\"font-weight: 400\">8<\/span><\/td><\/tr><tr><td><span style=\"font-weight: 400\">QUIM 4043<\/span><\/td><td><span style=\"font-weight: 400\">2<\/span><\/td><td><span style=\"font-weight: 400\">Laboratorio Intermedio-1<\/span><\/td><td><span style=\"font-weight: 400\">7<\/span><\/td><\/tr><tr><td><span style=\"font-weight: 400\">QUIM 4044<\/span><\/td><td><span style=\"font-weight: 400\">2<\/span><\/td><td><span style=\"font-weight: 400\">Laboratorio&nbsp; Intermedio-2<\/span><\/td><td><span style=\"font-weight: 400\">8<\/span><\/td><\/tr><\/tbody><\/table><\/figure>\n\n\n\n<p>&nbsp;<\/p>\n\n\n\n<p>&nbsp;<\/p>\n\n\n\n<p>Courses accepted by the Department of Chemistry to meet the Writing requirement<\/p>\n\n\n\n<p><strong>INGL 3236: DRAFTING OF SCIENTIFIC MATERIAL [MOST RECOMMENDED]<\/strong><\/p>\n\n\n\n<p>RECOMMENDED FOR STUDENTS OF NATURAL SCIENCES AND STUDENTS RELATED TO SCIENTIFIC MATERIAL INSTEAD OF SECOND YEAR ENGLISH.<\/p>\n\n\n\n<p><strong>PREREQUISITE: ENGLISH 3103-3104.<\/strong> A WIDE RANGE OF SCIENTIFIC READINGS ON DIFFERENT THEMES. TRIALS ON THESE MATERIALS WITH SPECIAL ATTENTION TO THE COMPOSITION AND DRAFTING OF DESCRIPTIVE AND ANALYTICAL REPORTS AND THEORETICAL TRIALS WITH AN EMPHASIS ON SYNTHESIZING THE DATA PROVIDED BY SCIENTIFIC MATERIALS OF VARIOUS AUTHORS.<\/p>\n\n\n\n<p><strong>INGL 3231: ADVANCED COMPOSITION<\/strong><\/p>\n\n\n\n<p>COMPOSITIONS, NOTES, SUMMARIES, DISCUSSION REVIEWS, BOOK REPORTS. RESEARCH WORK DURING THE SECOND SEMESTER. INDIVIDUAL CONFERENCES WITH THE INSTRUCTOR.<\/p>\n\n\n\n<p><strong>INGL3286: DRAFTING OF FICTION<\/strong><\/p>\n\n\n\n<p>PREREQUISITES: ONE OF THE FOLLOWING: 1. ENGLISH 3103-04 OR ENGLISH 3011-12 OR 2. LEVEL 5 IN THE DEPARTMENT LOCATION TEST. OF ENGLISH OR 3. LEVEL 3 OR MORE IN THE TEST OF ADVANCED LOCATION IN ENGLISH, (AP) OF THE COLLEGE BOARD (CEEB). INTENSIVE INDIVIDUAL WORK AND GROUP DISCUSSION OF THE DRAFTING OF FICTION. (C)<\/p>\n\n\n\n<p><strong>INGL3237: INTRODUCTION TO JOURNALISTIC DRAFTING<\/strong><\/p>\n\n\n\n<p><strong>PREREQUISITE: ENGLISH 3103-3104<\/strong> OR MORE ADVANCED COURSE. METHODS OF OBTAINING AND REPORTING THE NEWS. PRACTICES IN THE DRAFTING OF FUND ARTICLES, EDITORIALS, LITERARY AND SPORTS CRITICISM. EMPHASIS IN THE DRAFTING OF NEWS. (C)<\/p>\n\n\n\n<p><strong>ENGLISH 3238: INTRODUCTION TO LITERARY CREATION PREREQUISITE:<\/strong> TEACHER&#8217;S PERMISSION. INTRODUCTORY COURSE OF LITERARY CREATION IN THE VARIOUS LITERARY GENES -FICTION, ESSAY, POETRY, DRAMA- WITH INTENSIVE INDIVIDUAL WORK IN AT LEAST ONE OF THESE GENES. (C)<\/p>\n\n\n\n<p><strong>ESGE 3038: DRAFTING IN ENGLISH:<\/strong> REFLECTION AND REASONING<\/p>\n\n\n\n<p><strong>PREREQUISITE: BASIC ENGLISH OR ITS EQUIVALENT<\/strong><\/p>\n\n\n\n<p>COURSE REQUIREMENT FOR THE COMPONENT OF CONCENTRATION OF THE BACHELOR&#8217;S DEGREE IN GENERAL STUDIES. USING THE DRAFTING METHOD AS A PROCESS (WRITING AS A PROCESS APPROACH, WPA IN ENGLISH), THIS COURSE IS CRITICALLY ABOUT THE DOMINANT DISCOUNTS, THE USES OF LANGUAGE AND PRACTICES THAT ARE IDEOLOGICAL LEADERSHIP AND CONSTITUTE POWERFUL LAWS REALITY, WITH THE PURPOSE OF DISCOVERING THE RELATIONSHIP BETWEEN LANGUAGE, THOUGHT AND SOCIAL PRACTICES. IT IS AN INTERDISCIPLINARY COURSE THAT INTEGRATES LITERATURE, LANGUAGE, COGNOSCITIVE SCIENCES AND OTHER AREAS OF KNOWLEDGE TO PROBLEM TO SPEECH. WPA LEADS STUDENTS TO REFLECT ON HOW THE DRAFTING HELPS YOU REFINE YOUR THOUGHTS THROUGH ANALYSIS OF YOUR WRITTEN WORK.<\/p>\n\n\n\n<p><strong>ESGE 3130: DRAFTING AS A REASONING PROCESS<\/strong><\/p>\n\n\n\n<p>PREREQUISITE: ESPA 3001-3002. PROCESS OF REASONING AND LINGUISTIC CONSTRUCTION IN THE PRODUCTION OF ACADEMIC AND PROFESSIONAL WRITINGS; PRINCIPLES OF THEORY OF WRITTEN COMMUNICATION; THEORY AND PRACTICE OF PLANNING, LIMITATION AND DEVELOPMENT OF GOVERNING IDEAS; COHERENT STRUCTURING AND REVIEW OF EXPOSURE WRITINGS.<\/p>\n\n\n\n<p><strong>ESPA 3208: DRAFTING AND STYLE<\/strong><\/p>\n\n\n\n<p><strong>PREREQUISITE: ESPA 3211-3212 OR CONCURRENTLY<\/strong>. IT IS A PRACTICAL COURSE OF DRAFTING AND COMPOSITION THAT COVER FROM THE DRAFTING OF SIMPLE PRAYER TO THAT OF THE COMPLETE TRIAL. EMPHASIS WILL BE PUT ON THE FOLLOWING QUALITIES OF THE STYLE: CLARITY, PRECISION, COHERENCE, CORRECTION AND SOBRIETY AND THE ENRICHMENT OF THE VOCABULARY WILL BE TREATED.<\/p>\n\n\n\n<p><strong>PREH 4655: ADVANCED EDITING SKILLS IN ENGLISH<\/strong><\/p>\n\n\n\n<p><strong>PREREQUISITE: ENGLISH PROFICIENCY ADVANCED EDITING SKILLS IN ENGLISH,<\/strong> WHICH EMPHASIZES THE CONSCIOUS AND DELIBERATED USE OF THEM TO ACHIEVE DEFINED EDITING OBJECTIVES.<\/p>\n","protected":false},"excerpt":{"rendered":"<p>&nbsp; General Education Requirements (43 credits) Course Credits Description ARTE 3 3 Arte de Educaci\u00f3n General CIBI\/CIFI 4XXX_1 3 Cursos de Ciencias Naturales de nivel 4000. Estos pueden ser: CIBI 4105, CIBI 4006, CIFI 4005, CIFI 4075 y CIFI 4995 CIBI\/CIFI 4XXX_2 3 CISO 3121 3 Ciencias Sociales B\u00e1sico-1 CISO3122 &hellip; <\/p>\n","protected":false},"author":23,"featured_media":0,"parent":0,"menu_order":0,"comment_status":"closed","ping_status":"closed","template":"page-blocks.php","meta":{"footnotes":""},"class_list":["post-2054","page","type-page","status-publish","hentry"],"_links":{"self":[{"href":"https:\/\/natsci.uprrp.edu\/chemistry\/wp-json\/wp\/v2\/pages\/2054","targetHints":{"allow":["GET"]}}],"collection":[{"href":"https:\/\/natsci.uprrp.edu\/chemistry\/wp-json\/wp\/v2\/pages"}],"about":[{"href":"https:\/\/natsci.uprrp.edu\/chemistry\/wp-json\/wp\/v2\/types\/page"}],"author":[{"embeddable":true,"href":"https:\/\/natsci.uprrp.edu\/chemistry\/wp-json\/wp\/v2\/users\/23"}],"replies":[{"embeddable":true,"href":"https:\/\/natsci.uprrp.edu\/chemistry\/wp-json\/wp\/v2\/comments?post=2054"}],"version-history":[{"count":9,"href":"https:\/\/natsci.uprrp.edu\/chemistry\/wp-json\/wp\/v2\/pages\/2054\/revisions"}],"predecessor-version":[{"id":3419,"href":"https:\/\/natsci.uprrp.edu\/chemistry\/wp-json\/wp\/v2\/pages\/2054\/revisions\/3419"}],"wp:attachment":[{"href":"https:\/\/natsci.uprrp.edu\/chemistry\/wp-json\/wp\/v2\/media?parent=2054"}],"curies":[{"name":"wp","href":"https:\/\/api.w.org\/{rel}","templated":true}]}}