{"id":20,"date":"2018-08-11T09:25:29","date_gmt":"2018-08-11T09:25:29","guid":{"rendered":"http:\/\/natsci.uprrp.edu\/chemistry\/?page_id=20"},"modified":"2025-06-17T15:16:57","modified_gmt":"2025-06-17T19:16:57","slug":"mensaje-de-nuestro-director","status":"publish","type":"page","link":"https:\/\/natsci.uprrp.edu\/chemistry\/mensaje-de-nuestro-director\/","title":{"rendered":"Message from our Department Head"},"content":{"rendered":"\t\t<div data-elementor-type=\"wp-page\" data-elementor-id=\"20\" class=\"elementor elementor-20\">\n\t\t\t\t<div class=\"elementor-element elementor-element-5b6f0b31 e-flex e-con-boxed e-con e-parent\" data-id=\"5b6f0b31\" data-element_type=\"container\" data-e-type=\"container\">\n\t\t\t\t\t<div class=\"e-con-inner\">\n\t\t\t\t<div class=\"elementor-element elementor-element-1d022470 elementor-widget elementor-widget-text-editor\" data-id=\"1d022470\" data-element_type=\"widget\" data-e-type=\"widget\" data-widget_type=\"text-editor.default\">\n\t\t\t\t<div class=\"elementor-widget-container\">\n\t\t\t\t\t\t\t\t\t<div class=\"wp-block-image is-style-default\">\n<figure class=\"alignright size-full is-resized\"><a href=\"https:\/\/natsci.uprrp.edu\/chemistry\/wp-content\/uploads\/sites\/3\/2025\/03\/Liz-Diaz.png\"><img fetchpriority=\"high\" decoding=\"async\" class=\"alignnone size-medium wp-image-3305\" src=\"https:\/\/natsci.uprrp.edu\/chemistry\/wp-content\/uploads\/sites\/3\/2025\/03\/Liz-Diaz-300x250.png\" alt=\"Liz Diaz-Vazquez, Ph.D.\" width=\"300\" height=\"250\" srcset=\"https:\/\/natsci.uprrp.edu\/chemistry\/wp-content\/uploads\/sites\/3\/2025\/03\/Liz-Diaz-300x250.png 300w, https:\/\/natsci.uprrp.edu\/chemistry\/wp-content\/uploads\/sites\/3\/2025\/03\/Liz-Diaz.png 563w\" sizes=\"(max-width: 300px) 100vw, 300px\" \/><\/a><\/figure><\/div>\n<h3 class=\"wp-block-heading\"><strong>Versi\u00f3n en Espa\u00f1ol<\/strong><\/h3>\n\n<p><strong>Bienvenidos al Departamento de Qu\u00edmica de la Universidad de Puerto Rico, Recinto de R\u00edo Piedras<\/strong><\/p>\n\n<p>Es un privilegio darles la bienvenida al Departamento de Qu\u00edmica de la Universidad de Puerto Rico, Recinto de R\u00edo Piedras, un din\u00e1mico epicentro de innovaci\u00f3n, excelencia acad\u00e9mica y liderazgo cient\u00edfico al servicio de Puerto Rico y el mundo. Desde nuestra fundaci\u00f3n, hemos sido pioneres en la formaci\u00f3n de profesionales visionaries, en la creaci\u00f3n de conocimiento transformador y en el dise\u00f1o de soluciones sostenibles para enfrentar los desaf\u00edos m\u00e1s apremiantes de nuestra era. Aqu\u00ed, la pasi\u00f3n por la qu\u00edmica se encuentra con un profundo compromiso de impactar positivamente a la sociedad, construyendo un legado de descubrimiento e influencia global.<\/p>\n\n<h3 class=\"wp-block-heading\"><strong>Nuestras Fortalezas<\/strong><\/h3>\n\n<p>El Departamento de Qu\u00edmica de la UPR-RP se distingue por su excelencia acad\u00e9mica y cient\u00edfica, respaldada por un equipo de docentes reconocides a nivel internacional, instalaciones de vanguardia y un enfoque interdisciplinario que conecta la qu\u00edmica con las necesidades del presente y las oportunidades del futuro.<\/p>\n\n<ul class=\"wp-block-list\">\n<li><strong>Excelencia Acad\u00e9mica<\/strong>: Ofrecemos programas de bachillerato, maestr\u00eda y doctorado en qu\u00edmica que preparan a nuestres estudiantes para liderar en la academia, la industria y el sector p\u00fablico. Nuestra ense\u00f1anza se complementa con experiencias pr\u00e1cticas en laboratorios equipados con tecnolog\u00eda avanzada.<\/li>\n\n<li><strong>Investigaciones de Alto Impacto<\/strong>: En el Departamento de Qu\u00edmica de la UPR-R\u00edo Piedras, lideramos investigaciones que impulsan el conocimiento y la innovaci\u00f3n en \u00e1reas fundamentales y emergentes de la ciencia. Nuestro enfoque incluye qu\u00edmica anal\u00edtica, org\u00e1nica, inorg\u00e1nica, qu\u00edmica f\u00edsica y bioqu\u00edmica, integradas con campos de vanguardia como la nanotecnolog\u00eda, qu\u00edmica medicinal, cat\u00e1lisis, qu\u00edmica computacional, sostenibilidad energ\u00e9tica y el desarrollo de materiales avanzados, entre muchas otras. Nuestros proyectos, respaldados por instituciones prestigiosas como la NSF, NASA, EPA, NIH y DOE, consolidan nuestro rol como l\u00edderes en la creaci\u00f3n de soluciones cient\u00edficas con impacto global y relevancia duradera.<\/li>\n\n<li><strong>Compromiso con la Comunidad<\/strong>: Nos enorgullece promover el acceso a la ciencia y la educaci\u00f3n STEM a trav\u00e9s de iniciativas como ferias cient\u00edficas, talleres y programas para j\u00f3venes, con un \u00e9nfasis en inspirar a las pr\u00f3ximas generaciones, especialmente en comunidades hist\u00f3ricamente subrepresentadas.<\/li>\n\n<li><strong>Colaboraciones Internacionales<\/strong>: Mantenemos asociaciones con universidades, centros de investigaci\u00f3n y laboratorios internacionales, ofreciendo a nuestres estudiantes y docentes oportunidades de colaboraci\u00f3n global y movilidad acad\u00e9mica.<\/li>\n<\/ul>\n\n<h3 class=\"wp-block-heading\"><strong>Innovaci\u00f3n para el Futuro<\/strong><\/h3>\n\n<p>El Departamento de Qu\u00edmica de la UPR-RP no solo forma cient\u00edfiques, sino tambi\u00e9n l\u00edderes comprometides con la sostenibilidad, la diversidad y la inclusi\u00f3n. Desde la participaci\u00f3n activa en proyectos interdisciplinarios como el desarrollo de sensores ambientales y biomateriales hasta el uso de herramientas tecnol\u00f3gicas en la ense\u00f1anza como Arduino y modelado computacional, estamos transformando c\u00f3mo la qu\u00edmica impacta al mundo.<\/p>\n\n<h3 class=\"wp-block-heading\"><strong>\u00danete a Nuestra Comunidad<\/strong><\/h3>\n\n<p>Invitamos a estudiantes, investigadores y socies estrat\u00e9giques a unirse a nuestra comunidad. Aqu\u00ed encontrar\u00e1s el espacio perfecto para explorar, innovar y crecer. Ya sea que sue\u00f1es con descubrir nuevos compuestos, dise\u00f1ar tecnolog\u00edas para el futuro o impactar positivamente tu comunidad, el Departamento de Qu\u00edmica de la UPR-RP te ofrece las herramientas, el apoyo y el conocimiento para hacerlo realidad.<\/p>\n\n<p><strong>\u00a1Transformemos la qu\u00edmica de hoy en las soluciones del ma\u00f1ana!<\/strong><\/p>\n\n<p><strong>Dr. Liz M. D\u00edaz V\u00e1zquez<\/strong><br \/>Directora<br \/>Departamento de Qu\u00edmica<br \/>Universidad de Puerto Rico &#8211; Recinto de R\u00edo Piedras<\/p>\n\n<p><strong>Welcome to the Department of Chemistry at the University of Puerto Rico, R\u00edo Piedras<\/strong><\/p>\n\n<p>It is a privilege to welcome you to the Department of Chemistry at the University of Puerto Rico, R\u00edo Piedras\u2014a vibrant hub of innovation, academic excellence, and scientific leadership serving Puerto Rico and the world. Since our founding, we have been pioneers in shaping visionary professionals, generating transformative knowledge, and designing sustainable solutions to address the most pressing challenges of our time. Here, the passion for chemistry is deeply aligned with a commitment to positively impacting society, building a legacy of discovery and global influence.<\/p>\n\n<h3 class=\"wp-block-heading\"><strong>Our Strengths<\/strong><\/h3>\n\n<p>The Department of Chemistry at UPR-RP stands out for its academic and scientific excellence, supported by a team of internationally recognized faculty, cutting-edge facilities, and an interdisciplinary approach that connects chemistry with today\u2019s needs and tomorrow\u2019s opportunities.<\/p>\n\n<ul class=\"wp-block-list\">\n<li><strong>Academic Excellence<\/strong>: We offer bachelor&#8217;s, master&#8217;s, and doctoral programs in chemistry that prepare our students to lead in academia, industry, and the public sector. Our education is complemented by hands-on experiences in laboratories equipped with advanced technology.<\/li>\n\n<li><strong>High-Impact Research<\/strong>: At the Department of Chemistry, we lead research that advances knowledge and fosters innovation in fundamental and emerging fields of science. Our focus spans analytical, organic, inorganic, physical, and biochemistry, integrated with cutting-edge areas such as nanotechnology, medicinal chemistry, catalysis, computational chemistry, energy sustainability, and advanced materials development, among many others. Our projects, supported by prestigious institutions such as NSF, NASA, EPA, NIH, and DOE, position us as leaders in creating scientific solutions with global impact and lasting relevance.<\/li>\n\n<li><strong>Community Commitment<\/strong>: We take pride in promoting access to science and STEM education through initiatives like science fairs, workshops, and programs for youth, with a focus on inspiring future generations, particularly in historically underrepresented communities.<\/li>\n\n<li><strong>International Collaborations<\/strong>: We maintain partnerships with universities, research centers, and international laboratories, providing our students and faculty with opportunities for global collaboration and academic mobility.<\/li>\n<\/ul>\n\n<h3 class=\"wp-block-heading\"><strong>Innovation for the Future<\/strong><\/h3>\n\n<p>The Department of Chemistry at UPR-RP not only trains scientists but also shapes leaders committed to sustainability, diversity, and inclusion. Through active participation in interdisciplinary projects, such as the development of environmental sensors and biomaterials, and the integration of technological tools like Arduino and computational modeling in education, we are redefining the way chemistry impacts the world.<\/p>\n\n<h3 class=\"wp-block-heading\"><strong>Join Our Community<\/strong><\/h3>\n\n<p>We invite students, researchers, and strategic partners to join our community. Here, you will find the ideal environment to explore, innovate, and grow. Whether you aspire to discover new compounds, design future technologies, or positively impact your community, the Department of Chemistry at UPR-RP provides the tools, support, and knowledge to make it a reality.<\/p>\n\n<p><strong>Let\u2019s transform today\u2019s chemistry into tomorrow\u2019s solutions!<\/strong><\/p>\n\t\t\t\t\t\t\t\t<\/div>\n\t\t\t\t<\/div>\n\t\t\t\t\t<\/div>\n\t\t\t\t<\/div>\n\t\t\t\t<\/div>\n\t\t","protected":false},"excerpt":{"rendered":"<p>Versi\u00f3n en Espa\u00f1ol Bienvenidos al Departamento de Qu\u00edmica de la Universidad de Puerto Rico, Recinto de R\u00edo Piedras Es un privilegio darles la bienvenida al Departamento de Qu\u00edmica de la Universidad de Puerto Rico, Recinto de R\u00edo Piedras, un din\u00e1mico epicentro de innovaci\u00f3n, excelencia acad\u00e9mica y liderazgo cient\u00edfico al servicio &hellip; <\/p>\n","protected":false},"author":7,"featured_media":3305,"parent":0,"menu_order":0,"comment_status":"closed","ping_status":"closed","template":"","meta":{"footnotes":""},"class_list":["post-20","page","type-page","status-publish","has-post-thumbnail","hentry"],"_links":{"self":[{"href":"https:\/\/natsci.uprrp.edu\/chemistry\/wp-json\/wp\/v2\/pages\/20","targetHints":{"allow":["GET"]}}],"collection":[{"href":"https:\/\/natsci.uprrp.edu\/chemistry\/wp-json\/wp\/v2\/pages"}],"about":[{"href":"https:\/\/natsci.uprrp.edu\/chemistry\/wp-json\/wp\/v2\/types\/page"}],"author":[{"embeddable":true,"href":"https:\/\/natsci.uprrp.edu\/chemistry\/wp-json\/wp\/v2\/users\/7"}],"replies":[{"embeddable":true,"href":"https:\/\/natsci.uprrp.edu\/chemistry\/wp-json\/wp\/v2\/comments?post=20"}],"version-history":[{"count":7,"href":"https:\/\/natsci.uprrp.edu\/chemistry\/wp-json\/wp\/v2\/pages\/20\/revisions"}],"predecessor-version":[{"id":3484,"href":"https:\/\/natsci.uprrp.edu\/chemistry\/wp-json\/wp\/v2\/pages\/20\/revisions\/3484"}],"wp:featuredmedia":[{"embeddable":true,"href":"https:\/\/natsci.uprrp.edu\/chemistry\/wp-json\/wp\/v2\/media\/3305"}],"wp:attachment":[{"href":"https:\/\/natsci.uprrp.edu\/chemistry\/wp-json\/wp\/v2\/media?parent=20"}],"curies":[{"name":"wp","href":"https:\/\/api.w.org\/{rel}","templated":true}]}}