{"id":1998,"date":"2020-04-20T18:12:01","date_gmt":"2020-04-20T18:12:01","guid":{"rendered":"http:\/\/natsci.uprrp.edu\/chemistry\/?page_id=1998"},"modified":"2025-03-25T17:54:03","modified_gmt":"2025-03-25T21:54:03","slug":"arthur-d-tinoco","status":"publish","type":"page","link":"https:\/\/natsci.uprrp.edu\/chemistry\/arthur-d-tinoco\/","title":{"rendered":"Dr. Arthur D. Tinoco"},"content":{"rendered":"\n<p><strong>Chemistry Graduate and Undergraduate Professor<\/strong><br>e-mail: arthur.tinoco@upr.edu<br>Office Location: Facundo Bueso 312<br>Office Phone: 787-764-0000 ext. 88566<br>Lab Location: Facundo Bueso 136 &amp; 143<br>Lab Phone: 787-764-0000 ext. 88566<br>Homepage: <a href=\"http:\/\/tinocolab.weebly.com\/\">http:\/\/tinocolab.weebly.com\/&nbsp;<\/a><\/p>\n\n\n\n<p><strong>Social Networks<\/strong><br>Twitter: @TeamTinoco<\/p>\n\n\n\n<p><strong>Research Interests<\/strong><br>&#8211; Bioinorganic Chemistry<br>&#8211; Chemical Biological approaches to understand biomolecular regulation of metals<br>&#8211; Metals in Biology<br>&#8211; Studying small molecule mimics of metal-based enzymes<br>&#8211; Development of new drug design strategies for metal-based therapeutics<br>&#8211; Peptide-based drug delivery systems<br>&#8211; Mass spectrometry based \u2018omics\u2019 studies for elucidating the mechanism of action of<br>therapeutics<br>&#8211; Metal-based anticoronavirus drug development<br>&#8211; To promote and encourage disability, gender, race, sexual orientation, and socioeconomic status diversity in the Natural Sciences and to create spaces and opportunities for inclusivity in the STEM workforce.<br>&#8211; To study the metal bioactivity in humans and to elucidate the molecular mechanisms that regulate this behavior.<br>&#8211; To develop new bio-inspired drug design strategies for metal-based therapeutics and use mass spectrometry based \u201comics\u201d studies to investigate the mechanism of action of these compounds for improved target selectivity.<\/p>\n\n\n\n<p><strong>Research Objectives<\/strong><br><strong><em>Projects<\/em><\/strong><\/p>\n\n\n\n<ol class=\"wp-block-list\">\n<li>Protein regulation of metal functionality and therapeutic potential<\/li>\n\n\n\n<li>Using peptides for selective metal delivery<\/li>\n\n\n\n<li>Synergizing titanium(IV) and iron chelators in an anticancer drug design strategy to attack the bioavailability of iron in cancer cells<\/li>\n\n\n\n<li>With the emergency of the COVID-19 pandemic, the Tinoco laboratory will be embarking on a mission to apply the functional tunability of metal-protein interactions for the development of a specific drug against SARS-COV-2. To this end, we will explore the development of albumin-fatty acid-metal complexes operate in a multimodal fashion to attack SARS-COV-2 and inhibit its aggressive spreading.<\/li>\n\n\n\n<li><a href=\"https:\/\/reu-prclimb.weebly.com\/\">NSF REU: PR-CLIMB<\/a><\/li>\n<\/ol>\n\n\n\n<p><strong>Publications<\/strong><br><a href=\"https:\/\/www.ncbi.nlm.nih.gov\/myncbi\/arthur.tinoco.1\/bibliography\/public\/\">https:\/\/www.ncbi.nlm.nih.gov\/myncbi\/arthur.tinoco.1\/bibliography\/public\/<\/a><\/p>\n\n\n\n<p>Rodr\u00edguez, I.; Fern\u00e1ndez-Vega, L.; Maser-Figueroa, A.N.; Sang, B.; Gonz\u00e1lez-Pag\u00e1n, P.; <strong>Tinoco, A.D.*<\/strong> \u201cExploring Titanium(IV) Complexes as Potential Antimicrobial Compounds.\u201d <em>Antibiotics<\/em> <strong>2022<\/strong>, <em>11<\/em>, 158. <a href=\"https:\/\/doi.org\/10.3390\/antibiotics11020158\">https:\/\/doi.org\/10.3390\/antibiotics11020158<\/a><\/p>\n\n\n\n<p>Delinois, L.J.; De Leon-Velez, O.; Vazquez-Medina, A.; Velez-Cabrera, A.; Marrero-Sanchez, A.; Nieves-Escobar, C.; Alfonso-Cano, D.; Caraballo-Rodriguez, D.; Rodriguez-Ortiz, J.; Acosta-Mercado, J.; Benjamin-Rivera, J.A.; Gonzalez-Gonzalez, K.; Fernandez-Adorno, K.; Santiago-Pagan, L.; Delgado-Vergara, R.; Torres-Avila, X.; Maser-Figueroa, A.; Grajales-Aviles, G.; Miranda Mendez, G.I.; Santiago-Pagan, J.; Nieves-Santiago, M.; Alvarez-Carrillo, V.; Griebenow, K.; <strong>Tinoco, A.D.<\/strong>* \u201cCytochrome c: Using biological insight toward engineering an optimized anticancer biodrug.\u201d <em>Inorganics <\/em><strong>2021<\/strong>, 9, 83. <a href=\"https:\/\/doi.org\/10.3390\/inorganics9110083\">https:\/\/doi.org\/10.3390\/inorganics9110083<\/a>.<\/p>\n\n\n\n<p>Gaur, K.; Perez Otero, S.C.; Benjamin-Rivera, J.A.; Rodriguez, I.; Loza-Rosas, S.A.; Vazquez-Salgado, A.M.; Akam, E.A.; Hernandez-Matias, L.; Sharma, R.K.; Alicea, N.; Kowaleff, M.; Washington, A.V.; Astashkin, A.V.; Tomat, E.; <strong>Tinoco, A.D.<\/strong>* \u201cIron Chelator Transmetalative Approach to Inhibit Human Ribonucleotide Reductase.\u201d <em>J. Am. Chem. Soc. Au. <\/em><strong>2021<\/strong>, doi:<a href=\"https:\/\/doi.org\/10.1021\/jacsau.1c00078\">10.1021\/jacsau.1c00078<\/a><\/p>\n\n\n\n<p>Rodriguez, I.*; Gautam, R.*; <strong>Tinoco, A.D.*<\/strong> \u201cUsing X-ray diffraction techniques for biomimetic drug development, formulation, and polymorphic characterization.\u201d <em>Biomimetics.<\/em> <strong>2021<\/strong>, doi: <a href=\"https:\/\/doi.org\/10.3390\/biomimetics6010001\">10.3390\/biomimetics6010001<\/a>.<\/p>\n\n\n\n<p>Delinois, L.J.; Peon, H.; Villalobos-Santos, J.C.; Ramirez-Paz, J.; Miller, J.; Griebenow, K.H.; <strong>Tinoco, A.D.* <\/strong>\u201cA cytochrome c-chlorotoxin hybrid protein as a possible antiglioma drug.\u201d <em>ChemMedChem. <\/em><strong>2020<\/strong>, <em>15(22)<\/em>, 2185-2192.<\/p>\n\n\n\n<p>Benjamin-Rivera, J.A.; Cardona-Rivera, A.E.; Vazquez-Maldonado, A.L.; Dones-Lassalle, C.Y.; Pabon-Colon, H.L.; Rodriguez-Rivera, H.M.; Rodriguez, I.; Gonzalez-Espiet, J.C.; Catala-Torres, J.F.; Carrasquillo Rivera, M.; De Jesus-Soto, M.G.; Cordero-Virella, N.C.; Cruz-Maldonado, P.M.; Gonzalez-Pagan, P.; Hernandez-Rios, R.; Gaur, K.; Loza-Rosas, S.A.; <strong>Tinoco, A.D.*<\/strong> \u201cExploring serum transferrin regulation of nonferric metal therapeutic function and toxicity.\u201d <em>Inorganics.<\/em> <strong>2020<\/strong>, <em>8<\/em>(9), 48; doi: 10.3390\/inorganics8090048.<\/p>\n\n\n\n<p>Gaur, K.; Cruz, Y.M.; Santiago Espinoza, J.A.; Morales Rueda, C.A.; Loza-Rosas, S.A.; Fernandez-Vega, L.; Benjamin-Rivera, J.A.; Alvarez, A.; <strong>Tinoco, A.D.* <\/strong>\u201cExploring the pH dependent aqueous speciation of metal complexes through UV-Vis spectroscopy.\u201d <em>J. Chem. Ed. <\/em><strong>2020<\/strong>, doi: 10.1021\/acs.jchemed.9b01199.<\/p>\n\n\n\n<p>Hanif, M.*; Yang, X., <strong>Tinoco, A.D.<\/strong>; and Pla\u017cuk, D. \u201cEditorial: New Strategies in Design and Synthesis of Inorganic Pharmaceuticals.\u201d <em>Front. Chem. <\/em><strong>2020, <\/strong>8:453. doi: 10.3389\/fchem.2020.00453.<\/p>\n\n\n\n<p>Fernandez-Vega, L.; Ruiz Silva, V.A.; Dom\u00ednguez-Gonz\u00e1lez, T.M.; Claudio-Betancourt, S.; Toro-Maldonado, R.E.; Capre Maso, L.C.; Sanabria Ortiz, K.; P\u00e9rez-Verdejo, J.A.; Rom\u00e1n Gonz\u00e1lez, J.; Rosado-Fraticelli, G.T.; Pag\u00e1n Mel\u00e9ndez, F.; Betancourt Santiago, F.M.; Rivera-Rivera, D.A.; Mart\u00ednez Navarro, C.; Bruno Chard\u00f3n, A.C. Vera, A.O.; <strong>Tinoco, A.D.*<\/strong> \u201cEvaluating ligand modifications of the titanocene and auranofin moieties for the development of more potent anticancer drugs.\u201d <em>Inorganics.<\/em> <strong>2020<\/strong>, <em>8<\/em>, doi: 10.3390\/inorganics8020010.<\/p>\n\n\n\n<p>Sharma, S.; Sharma, R.K.; Gaur, K.; C\u00e1tala Torres, J.F.; Loza-Rosas, S.A.; Torres, A.; Saxena, M.; Julin, M. <strong>Tinoco, A.D.<\/strong>* \u201cFueling a hot debate on the application of TiO<sub>2<\/sub> nanoparticles in sunscreen.\u201d <em>Materials.<\/em> <strong>2019<\/strong>, <em>12<\/em>, doi: 10.3390\/ ma12142317.<\/p>\n\n\n\n<p>Gaur, K.; Vazquez-Salgado, A.M.; Duran-Camacho, G.; Dominguez-Martinez; Benjamin-Rivera, J.A.; Fernandez-Vega, L.; Carmona Sarabia, L.; Cruz Garcia, A.; Perez-Deliz, F.; Mendez Roman, J.A.; Vega-Cartagena, M.; Loza-Rosas, S.A.; Rodriguez Acevedo, X.; <strong>Tinoco, A.D.<\/strong>* \u201cIron and copper intracelular chelation as an anticancer drug strategy.\u201d <em>Inorganics.<\/em> <strong>2018<\/strong>, <em>6<\/em>, doi: 10.3390\/inorganics6040126.<\/p>\n\n\n\n<p>Das, S.; Parga, K.; Chakraborty, I.; <strong>Tinoco, A.D.<\/strong>; Delgado, Y.; Lopez, P.M.; Fern\u00e1ndez Vega, L.; Sanakis, Y.; Ghosh, Y.; Ghosh, S.; Bankson, J.; Klostergaard, J.; Gonzalez-Mendez, R.; Raptis, R.G.* \u201cMagnetic resonance imaging contrast enhancement in vitro and in vivo by octanuclear iron-oxo cluster-based agents.\u201d <em>J. Inorg. Biochem<\/em>. <strong>2018<\/strong>, <em>186<\/em>, 176-186.<\/p>\n\n\n\n<p>Carballeira, N.M.*; Morales-Guzman, C.; Alvarez-Benedicto, E.; Torres-Martinez, Z.; Delgado, Y.; Griebenow, K.; <strong>Tinoco, A.D.<\/strong>; Reguera, R.M.; Perez-Pertejo, Y.; Carbajo-Andres, R.; Balana-Fouce, R. \u201cFirst total synthesis of \u03c9-phenyl \u22066 fatty acids and their Leishmanicidal and anticancer properties.\u201d <em>Curr. Top. Med. Chem<\/em>. <strong>2018<\/strong>, doi: 10.2174\/1568026618666180516125056.<\/p>\n\n\n\n<p>Saxena, M.; Delgado, Y.; Sharma, R.; Sharma, S.; Guzman, S.; <strong>Tinoco, A.D.<\/strong>; Griebenow, K.H.* \u201cInducing cell death in cancer cells by targeted delivery of cytochrome c via a transferrin conjugate.\u201d <em>PLoS ONE<\/em>. <strong>2018<\/strong>, 13(4): e0195542. doi: 10.1371\/journal.pone.0195542.<\/p>\n\n\n\n<p>Saxena, M.; Loza-Rosas, S.A.; Gaur, K.; Sharma, S.; Perez Otero, S.C.; <strong>Tinoco, A.D.<\/strong>* \u201cExploring titanium(IV) chemical proximity to iron(III) to elucidate a function for Ti(IV) in the human body.\u201d <em>Coord. Chem. Rev<\/em>. <strong>2018<\/strong>, <em>363<\/em>, 109-125.<\/p>\n\n\n\n<p>Loza-Rosas, S.A.; Vazquez, A.M.; Rivero, K.I.; Negron, L.J.; Delgado, Y.; Benjamin-Rivera, J.A.; Vazquez-Maldonado, A.L.; Parks, T.B.; Munet-Colon, C.; <strong>Tinoco, A.D.<\/strong>* \u201cExpanding the therapeutic potential of the iron chelator deferasirox in the development of aqueous stable Ti(IV) anticancer complexes.\u201d <em>Inorg. Chem<\/em>. <strong>2017<\/strong>, <em>56<\/em>, 7788-7802.<\/p>\n\n\n\n<p>Loza-Rosas, S.A.; Saxena, M.; Delgado, Y.; Gaur, K.; Pandrala, M.; <strong>Tinoco, A.D.<\/strong>* \u201cA ubiquitous metal, Difficult to track: Towards an understanding of the bioactivity of Titanium(IV) in humans.\u201d <em>Metallomics<\/em>, <strong>2017<\/strong>, <em>9<\/em>, 346-356.<\/p>\n\n\n\n<p>Morales-Cruz, M.; Cruz-Monta\u00f1ez, A.; Figueroa, C.M.; Gonz\u00e1lez-Robles, T.; Davila, J.; Inyushin, M.; Loza-Rosas, S.A.; Molina, A.M.; Mu\u00f1oz-Perez, L.; Kucheryavykh, L.Y.; <strong>Tinoco, A.D.<\/strong>; Griebenow, K. \u201cCombining stimulus-triggered release and active targetting strategies improves cytotoxicity of cytochrome c nanoparticles in tumor cells.\u201d <em>Mol. Pharmaceutics<\/em>, <strong>2016<\/strong>, <em>13<\/em>, 2844-2854.<\/p>\n\n\n\n<p><strong>Tinoco, A.D.<\/strong>*; Saxena, M.; Sharma, S.; Noinaj, N.; Delgado, Y.; Qui\u00f1ones Gonz\u00e1lez, E.P.;<br>Conklin, S.E.; Zambrana, N.;&nbsp; Loza-Rosas, S.A.; Parks, T.B. \u201cUnusual synergism of transferrin and<br>citrate in the regulation of Ti(IV) speciation, transport, and toxicity.\u201d&nbsp; <em>J. Amer. Chem. Soc.<\/em>, <strong>2016<\/strong>,<br><strong>138<\/strong>, 5659.<\/p>\n\n\n\n<p>Saxena, M.; Sharma, R.K.; Ramirez, J.; <strong>Tinoco, A.D.<\/strong>; Griebenow, K.* \u201cPurification and characterization of a cytochrome c with novel caspase-3 activation activity from the pathogenic fungus <em>Rhizopus arrhizus<\/em>.\u201d <em>BMC Biochemistry<\/em>, <strong>2015<\/strong>, <em>16<\/em>, 21.<\/p>\n\n\n\n<p>Parks, T.B.; Cruz, Y.M.; <strong>Tinoco, A.D.*<\/strong> \u201cApplying the Fe(III) binding property of a chemical transferrin mimetic to Ti(IV) anticancer drug design.\u201d <em>Inorg. Chem.<\/em>, <strong>2014<\/strong>, <em>53<\/em>, 1743.<\/p>\n\n\n\n<p>Mitchell, A.; Lone, A.M.; <strong>Tinoco, A.D.*;<\/strong> Saghatelian, A.* \u201cProteolysis controls endogenous substance P levels.\u201d <em>PLOS ONE<\/em>, <strong>2013<\/strong>, 8(7): e68638. doi:10.1371\/journal.pone.0068638<\/p>\n\n\n\n<p><strong>Tinoco, A.D.*<\/strong>; Thomas, H.R.; Incarvito, C.D.; Saghatelian, A.; Valentine, A.M. \u201cCytotoxicity of a Ti(IV) complex is independent of serum proteins.\u201d <em>Proc<\/em>. <em>Natl. Acad. Sci.<\/em>, <strong>2012<\/strong>, <em>109<\/em>, 5016.<\/p>\n\n\n\n<p><\/p>\n\n\n\n<p><\/p>\n","protected":false},"excerpt":{"rendered":"<p>Chemistry Graduate and Undergraduate Professore-mail: arthur.tinoco@upr.eduOffice Location: Facundo Bueso 312Office Phone: 787-764-0000 ext. 88566Lab Location: Facundo Bueso 136 &amp; 143Lab Phone: 787-764-0000 ext. 88566Homepage: http:\/\/tinocolab.weebly.com\/&nbsp; Social NetworksTwitter: @TeamTinoco Research Interests&#8211; Bioinorganic Chemistry&#8211; Chemical Biological approaches to understand biomolecular regulation of metals&#8211; Metals in Biology&#8211; Studying small molecule mimics of metal-based &hellip; <\/p>\n","protected":false},"author":23,"featured_media":2766,"parent":0,"menu_order":0,"comment_status":"closed","ping_status":"closed","template":"","meta":{"footnotes":""},"class_list":["post-1998","page","type-page","status-publish","has-post-thumbnail","hentry"],"_links":{"self":[{"href":"https:\/\/natsci.uprrp.edu\/chemistry\/wp-json\/wp\/v2\/pages\/1998","targetHints":{"allow":["GET"]}}],"collection":[{"href":"https:\/\/natsci.uprrp.edu\/chemistry\/wp-json\/wp\/v2\/pages"}],"about":[{"href":"https:\/\/natsci.uprrp.edu\/chemistry\/wp-json\/wp\/v2\/types\/page"}],"author":[{"embeddable":true,"href":"https:\/\/natsci.uprrp.edu\/chemistry\/wp-json\/wp\/v2\/users\/23"}],"replies":[{"embeddable":true,"href":"https:\/\/natsci.uprrp.edu\/chemistry\/wp-json\/wp\/v2\/comments?post=1998"}],"version-history":[{"count":12,"href":"https:\/\/natsci.uprrp.edu\/chemistry\/wp-json\/wp\/v2\/pages\/1998\/revisions"}],"predecessor-version":[{"id":3303,"href":"https:\/\/natsci.uprrp.edu\/chemistry\/wp-json\/wp\/v2\/pages\/1998\/revisions\/3303"}],"wp:featuredmedia":[{"embeddable":true,"href":"https:\/\/natsci.uprrp.edu\/chemistry\/wp-json\/wp\/v2\/media\/2766"}],"wp:attachment":[{"href":"https:\/\/natsci.uprrp.edu\/chemistry\/wp-json\/wp\/v2\/media?parent=1998"}],"curies":[{"name":"wp","href":"https:\/\/api.w.org\/{rel}","templated":true}]}}