{"id":1973,"date":"2020-04-20T18:11:18","date_gmt":"2020-04-20T18:11:18","guid":{"rendered":"http:\/\/natsci.uprrp.edu\/chemistry\/?page_id=1973"},"modified":"2026-02-24T12:00:53","modified_gmt":"2026-02-24T16:00:53","slug":"dalice-m-pinero-cruz","status":"publish","type":"page","link":"https:\/\/natsci.uprrp.edu\/chemistry\/dalice-m-pinero-cruz\/","title":{"rendered":"Dalice M. Pi\u00f1ero Cruz"},"content":{"rendered":"\t\t<div data-elementor-type=\"wp-page\" data-elementor-id=\"1973\" class=\"elementor elementor-1973\">\n\t\t\t\t<div class=\"elementor-element elementor-element-b532bbb e-flex e-con-boxed e-con e-parent\" data-id=\"b532bbb\" data-element_type=\"container\" data-e-type=\"container\">\n\t\t\t\t\t<div class=\"e-con-inner\">\n\t\t\t\t<div class=\"elementor-element elementor-element-b0e6aaa elementor-widget elementor-widget-text-editor\" data-id=\"b0e6aaa\" data-element_type=\"widget\" data-e-type=\"widget\" data-widget_type=\"text-editor.default\">\n\t\t\t\t<div class=\"elementor-widget-container\">\n\t\t\t\t\t\t\t\t\t<figure id=\"attachment_3383\" aria-describedby=\"caption-attachment-3383\" style=\"width: 300px\" class=\"wp-caption alignnone\"><a href=\"https:\/\/natsci.uprrp.edu\/chemistry\/wp-content\/uploads\/sites\/3\/2025\/03\/Dalice-Pinero-Cruz-2.jpg\"><img fetchpriority=\"high\" decoding=\"async\" class=\"wp-image-3383 size-medium\" src=\"https:\/\/natsci.uprrp.edu\/chemistry\/wp-content\/uploads\/sites\/3\/2025\/03\/Dalice-Pinero-Cruz-2-300x300.jpg\" alt=\"\" width=\"300\" height=\"300\" srcset=\"https:\/\/natsci.uprrp.edu\/chemistry\/wp-content\/uploads\/sites\/3\/2025\/03\/Dalice-Pinero-Cruz-2-300x300.jpg 300w, https:\/\/natsci.uprrp.edu\/chemistry\/wp-content\/uploads\/sites\/3\/2025\/03\/Dalice-Pinero-Cruz-2-150x150.jpg 150w, https:\/\/natsci.uprrp.edu\/chemistry\/wp-content\/uploads\/sites\/3\/2025\/03\/Dalice-Pinero-Cruz-2.jpg 512w\" sizes=\"(max-width: 300px) 100vw, 300px\" \/><\/a><figcaption id=\"caption-attachment-3383\" class=\"wp-caption-text\">\u00a0<span style=\"font-family: var( --e-global-typography-text-font-family ), Sans-serif;text-align: var(--text-align);font-size: var(--thim-font-body-font-size)\">Dr. Dalice M. Pi\u00f1ero Cruz &#8211; Associate Professor<\/span><\/figcaption><\/figure>\n<div>\n<h3><strong style=\"color: #000000\">Chemistry Graduate and Undergraduate Program<\/strong><\/h3>\n<p><span style=\"color: #000000;font-family: -webkit-standard;font-size: medium\">e-mail: dalice.pinero@upr.edu<\/span><br style=\"color: #000000\" \/><span style=\"color: #000000;font-family: -webkit-standard;font-size: medium\">Office: FB 135-C<\/span><\/p>\n<h4 role=\"presentation\" data-olk-copy-source=\"MessageBody\">Research<\/h4>\n<p>My research interests combine the field of Coordination Chemistry with four major fields: Magnetism, Materials Science, Bioinorganic Chemistry and Medicine, for the synthesis of transition metal complexes with relevant magnetic properties for future application in memory, gas sensing and battery technologies for climate change resilience, and the synthesis of anticancer therapies.<\/p>\n<h4>Short-Bio<\/h4>\n<p>Dr. Pi\u00f1ero Cruz is a former student of the University of Puerto Rico, Rio Piedras campus. She obtained her doctoral degree in 2009 with a thesis titled: \u201cCoordination Chemistry of Fe-Pyrazole\/ate Complexes Based on the Study of their Structural, Electrochemical, Magnetic and Spectroscopic Properties\u201d, mentored by Raphael G. Raptis. As a student, she had the opportunity of becoming an invited researcher at the University of Notre Dame, Indiana, to work at the Radiation Laboratories on the \u201cMechanistic and Energetic Aspects of the Thermal and Photochemical Redox Chemistry of the Octanuclear Cubane Complexes, FeIII8(\u03bc4-O4) (pyrazolate)12X4 (X = Cl or Br)\u201d through a collaboration with Guillermo Ferraudi. She obtained a thesis dissertation award from the National Science Foundation that founded three visits to the Institute of Material Science in Demokritos, Greece, for conducting \u201cM\u00f6ssbauer Spectroscopic Studies of Redox-Active Fe4O4-Cubanes\u201d with the training and supervision of Yiannis Sanakis.<\/p>\n<p>In June 2009 Dr. Pinero joined the \u2018Groupe de Sciences Mol\u00e9culaires: Mat\u00e9riaux Photo-, Pi\u00e9zo-, Thermo-sensibles\u2019 at the \u2018Institut de Chimie de la Mati\u00e8re Condens\u00e9e de Bordeaux\u2019, France, as a postdoctoral fellow from the Centre National de la Recherche Scientifique. She worked under the supervision of Corine Mathoni\u00e8re on the project of \u201cMulti-Shell Magn\u00e9tiques Nanoparticules de Coordination (MS MGNP)\u201d while collaborating with Rodolphe Cl\u00e9rac from the Centre de Recherche Paul Pascal, Pessac, on the \u201cSynthesis of pyridine-based ligands for magnetic studies of cyanide linked transition metal complexes capable of undergoing photo-induced electron transfer processes\u201d. Thereafter, she joined the MaCSE Group at the University of Rennes, France, to work on the synthesis and magnetic properties of \u201cNickel-Dithiolene Complexes as Metallo-Ligands\u201d under the supervision of Marc Fourmigu\u00e9. Lastly, she joined the University of Bordeaux as an adjunct assistant professor and worked as a researcher at the Centre de Recherche Paul Pascal, on the \u201cSynthesis of Single Molecule Magnets from polyamines spyder-like building blocks\u201d. In 2014 she was hired as an assistant professor of the Chemistry Department at the UPR-RP where she has started a research laboratory group on Coordination Chemistry.\u00a0<\/p>\n<p>Dr. Pi\u00f1ero Cruz is the director of two research facilities: the UPR Molecular Sciences Research Center&#8217;s Single Crystal X-ray Diffraction Facility and the newly created UPR&#8217;s Center for Resilience to Climate Change.<\/p>\n<h4 data-olk-copy-source=\"MessageBody\">Webpage:\u00a0<\/h4>\n<div><a id=\"OWA5a802e0d-ac03-5076-fcd6-bf2553827a2e\" class=\"x_x_x_OWAAutoLink\" title=\"Original URL: https:\/\/crcc.uprrp.edu\/. Click or tap if you trust this link.\" href=\"https:\/\/nam02.safelinks.protection.outlook.com\/?url=https%3A%2F%2Fcrcc.uprrp.edu%2F&amp;data=05%7C02%7Cmaria.gil%40upr.edu%7C1e76f320f34b40b0e1de08de70978a3a%7C0dfa5dc0036f461599e494af822f2b84%7C0%7C0%7C639071993349653722%7CUnknown%7CTWFpbGZsb3d8eyJFbXB0eU1hcGkiOnRydWUsIlYiOiIwLjAuMDAwMCIsIlAiOiJXaW4zMiIsIkFOIjoiTWFpbCIsIldUIjoyfQ%3D%3D%7C0%7C%7C%7C&amp;sdata=kEl%2FWgWM6IAvTd14hEdFtcGof7a%2BGSAiVWtX%2FlN1GHg%3D&amp;reserved=0\" target=\"_blank\" rel=\"noopener noreferrer\" data-auth=\"NotApplicable\" data-linkindex=\"1\">https:\/\/crcc.uprrp.edu\/<\/a><\/div>\n<div>\u00a0<\/div>\n<div>\n<h4 data-olk-copy-source=\"MessageBody\">Recent Publications<\/h4>\n<div><strong>2025<\/strong><\/div>\n<div>&#8211; Cruz Lozada, J. A.; Rosario, R. A.; Flores, S. Y.; Kisslinger, K.; Fonseca, L. F.; Pi\u00f1ero-Cruz, D. M. High-Sensitivity NO\u2082 Gas Sensor: Exploiting UV-Enhanced Recovery in a Hexadecafluorinated Iron Phthalocyanine-Reduced Graphene Oxide. <i>ACS Omega<\/i> <b>2025<\/b>, <i>10<\/i>\u00a0(3), 2809\u20132818.<\/div>\n<div>\u00a0<\/div>\n<div>&#8211; Hou, W.; Araujo-Correa, A. E.; Qiu, S.; Otero, C.; Acosta-Tejada, Y. D.; Feliz-Hern\u00e1ndez, L. N.; Gonz\u00e1lez-Nieves, K.; Morell, G.; Pi\u00f1ero-Cruz, D. M.; Wu, X. Electrochemical Studies of Metal Phthalocyanines as Alternative Cathodes for Aqueous Zinc Batteries in \u201cWater-in-Salt\u201d Electrolytes. <i>Batteries<\/i> <b>2025<\/b>, <i>11<\/i>\u00a0(3), 88.<\/div>\n<div>\u00a0<\/div>\n<div>&#8211; Metzler, C. L.; Flores, S. Y.; Cruz Lozada, J. A.; Gonz\u00e1lez, J. C.; Su\u00e1rez Schmidt, S.; Barrionuevo, D.; Feng, P.; Ota\u00f1o, W.; Fonseca, L. F.; Pi\u00f1ero-Cruz, D. M. Gas Sensitivity Improvements of Nanowire Hexadecafluorinated Iron Phthalocyanines by Thermal Vacuum Annealing. <i>Chemosensors<\/i> <b>2025<\/b>, <i>13<\/i>\u00a0(3), 95.<\/div>\n<div>\u00a0<\/div>\n<div>&#8211; Ullah, I.; Chang, S.; Hou, W.; Valle\u2010Perez, A. D.; Du, X.; Katiyar, S.; Pi\u00f1ero-Cruz, D. M.; Cunci, L.; Morell, G.; Wu, X. Concentrated Chloride Electrolytes Enable High\u2010Efficiency, Long\u2010Cycling, and Dendrite\u2010Free Aqueous Trivalent Antimony Batteries. <i>Angew. Chem. Int. Ed.<\/i> <b>2025<\/b>, <i>64<\/i>\u00a0(19), e202502279.<\/div>\n<div>\u00a0<\/div>\n<div>&#8211; Flores, S. Y.; Pacheco, E.; Malca, C.; Peng, X.; Chen, Y.; Zhou, B.; Pi\u00f1ero, D. M.; D\u00edaz-V\u00e1zquez, L. M.; Zhou, A. F.; Feng, P. X. Highly Selective Room-Temperature Blue LED-Enhanced NO\u2082 Gas Sensors Based on ZnO-MoS\u2082-TiO\u2082 Heterostructures. <i>Sensors<\/i> <b>2025<\/b>, <i>25<\/i>\u00a0(6), 1781.<\/div>\n<div>\u00a0<\/div>\n<div>&#8211; Mendoza-Morales, W. O.; Rodr\u00edguez, E.; Gonz\u00e1lez, A.; Ramos, Z.; Acosta-Mercado, J.; Pi\u00f1ero-Cruz, D. M.; Ospina, C. A.; Mel\u00e9ndez, E.; Hern\u00e1ndez-O\u2019Farrill, E. Synthesis, Structure, Electrochemistry, and In Vitro Anticancer and Anti-Migratory Activities of (Z)- and (E)-2-Substituted-3-Ferrocene-Acrylonitrile Hybrids and Their Derivatives. <i>Molecules<\/i><b>2025<\/b>, <i>30<\/i>\u00a0(13), 2835.<\/div>\n<div>\u00a0<\/div>\n<div>&#8211; Acosta-Mercado, J.; Oliveras-Alsina, A.; Marcano-Maiz, A. I.; Rivera-Torres, A. P.; Cordero-Gim\u00e9nez, K. T.; Malavez-Cajigas, S.; Bayro, M. J.; Ramos-Benitez, M. J.; Pi\u00f1ero-Cruz, D. M. Evaluating Naphthalene-Modified Metallosalen Complexes as Anticancer Agents. <i>J. Med. Chem.<\/i> <b>2025<\/b>, <i>68<\/i>\u00a0(14), 14300\u201314311.<\/div>\n<div>\u00a0<\/div>\n<div>&#8211; Ullah, I.; Qiu, S.; Chang, S.; Hou, W.; Pi\u00f1ero-Cruz, D. M.; Morell, G.; Wu, J.; Chen, Z.; Wu, X. Revealing the Micro\u2010Size Effect in Alloy Anodes for High\u2010Capacity and Long\u2010Cycling Sulfide\u2010Based Solid\u2010State Batteries. <i>Small<\/i> <b>2025<\/b>, e2504481.<\/div>\n<div><b>2024<\/b><\/div>\n<div>&#8211; Otero-V\u00e9lez, C.; Flores, S. Y.; Fonseca, L. F.; Pi\u00f1ero-Cruz, D. M. Palladium Phthalocyanine Nanowire-Based Highly Sensitive Sensors for NO\u2082(g) Detection. <i>Sensors<\/i> <b>2024<\/b>, <i>24<\/i>, 1819.<\/div>\n<div>\u00a0<\/div>\n<div>&#8211; Rivera-Reyes, J. O.; Billings, K. J.; Metzler, C. L.; Lagle, R. M.; Drabo, M.; Palai, R.; Jones, J.-P.; Pi\u00f1ero-Cruz, D. M. Surface Modified Copper Foam with Cobalt Phthalocyanine Carbon Nanotube Hybrids for Tuning CO\u2082 Reduction Reaction Products. <i>Chem. Commun.<\/i> <b>2024<\/b>, <i>60<\/i>, 7551\u20137554.<\/div>\n<div>\u00a0<\/div>\n<div>&#8211; Cruz, D. M. P.; Fonseca, L. F.; Gonz\u00e1lez-Espiet, J. C.; Flores-Chalco, S. Y.; D\u00edaz-Rivera, R. E.; Cintr\u00f3n-Cruz, J. A. Metal Phthalocyanine-Based Nanowire Devices and Methods of Preparation and Use Thereof. <i>U.S. Patent App.<\/i> <b>2024<\/b>, 18\/431,932.<\/div>\n<div aria-hidden=\"true\">\u00a0<\/div>\n<div><b>2023<\/b><\/div>\n<div>&#8211; Rivera-Reyes, J. O.; Soto-P\u00e9rez, J.; Sep\u00falveda-Pag\u00e1n, M.; Lu, L.; Borrero-Negr\u00f3n, J.; Luna-Ram\u00edrez, A. V.; Trinidad-P\u00e9rez, P.; Pag\u00e1n-Torres, Y.; Chen, Z.; Cabrera, C. R.; West, W. C.; Jones, J.-P.; Pi\u00f1ero-Cruz, D. M. New Platinum Complexes from Salen- and Hydroxy-Substituted Salpn-Naphthalene Ligands with CO\u2082 Reduction Activity. <i>Catalysts<\/i><b>2023<\/b>, <i>13<\/i>, 911.<\/div>\n<div>\u00a0<\/div>\n<div>&#8211; Nogu\u00e9-Guzm\u00e1n, V. C.; Burgos-Suazo, A.; Rivera-Reyes, J. O.; Montes-Qui\u00f1ones, V. P.; Ramis-Aybar, P. C.; Burgos-Jim\u00e9nez, A. C.; Gonz\u00e1lez-Nieves, K.; Pi\u00f1ero-Cruz, D. M. New Copper Carboxylate Pyrene Dimers: Synthesis, Crystal Structure, Hirshfeld Surface Analysis and Electrochemical Characterization. <i>Acta Cryst. E<\/i> <b>2023<\/b>, <i>80<\/i>, 9.<\/div>\n<div>\u00a0<\/div>\n<div>&#8211; Camino, F. E.; R\u00faa, A.; Pi\u00f1ero-Cruz, D. M.; Nieto-Fern\u00e1ndez, F. E.; P\u00e9rez, A.; Kisslinger, K.; Yang, J. C. Remote Operation of Instruments for Education and Research. <i>Microsc. Microanal.<\/i> <b>2023<\/b>, <i>29<\/i>\u00a0(S1), 2902\u20132903.<\/div>\n<div aria-hidden=\"true\">\u00a0<\/div>\n<div><b>2022<\/b><\/div>\n<div>-Fonseca, L. F.; Pi\u00f1ero-Cruz, D. M.; Gonz\u00e1lez-Espiet, J. C.; Flores-Chalco, S. Y.; D\u00edaz-Rivera, R. E.; Cintr\u00f3n-Cruz, J. A. Fluorinated Iron and Cobalt Phthalocyanine Nanowire Chemiresistors for Environmental Gas Monitoring at Parts-per-Billion Levels. <i>ACS Appl. Nano Mater.<\/i> <b>2022<\/b>, <i>5<\/i>\u00a0(2), 1765\u20131775.<\/div>\n<div aria-hidden=\"true\">\u00a0<\/div>\n<div><b>2020<\/b><\/div>\n<div>&#8211; M\u00e9ndez, B.; Reyes, J.; Conde, I.; Ramos, Z.; Lozada, E.; Cruz, A. M.; Asencio, G.; Carvajal, A.; Dharmawardhane, S.; Pi\u00f1ero-Cruz, D. M. Simalikalactone D, a Potential Anticancer Compound from <i>Simarouba tulae<\/i>, an Endemic Plant of Puerto Rico. <i>Plants<\/i> <b>2020<\/b>, <i>9<\/i>\u00a0(1), 93.<\/div>\n<div>\u00a0<\/div>\n<div>&#8211; Gonz\u00e1lez-Espiet, J. C.; Cintr\u00f3n-Cruz, J. A.; Pi\u00f1ero-Cruz, D. M. Structural Characterization and Hirshfeld Surface Analysis of 2-Iodo-4-(Pentafluoro-\u03bb\u2076-Sulfanyl)benzonitrile. <i>Acta Cryst. E<\/i> <b>2020<\/b>, <i>76<\/i>, 231\u2013234.<\/div>\n<div>\u00a0<\/div>\n<div>&#8211; Gonz\u00e1lez-Nieves, K.; Pi\u00f1ero-Cruz, D. M. Crystal Structure of a Nickel Compound Comprising Two Nickel(II) Complexes with Different Ligand Environments: [Ni(tren)(H\u2082O)\u2082]Ni(H\u2082O)\u2086\u2082. <i>Acta Cryst. E<\/i> <b>2020<\/b>, <i>76<\/i>, 314\u2013317.<\/div>\n<div>\u00a0<\/div>\n<div>&#8211; Su\u00e1rez, D. M.; Col\u00f3n, J. A. M.; Garc\u00eda-Mercado, W.; Pi\u00f1ero-Cruz, D. M.; Bail\u00f3n-Ruiz, S. J. Potential Bactericidal Activity of Silver Nanoparticles. <i>MRS Adv.<\/i> <b>2020<\/b>, <i>5<\/i>\u00a0(44), 2283\u20132292.<\/div>\n<div>\u00a0<\/div>\n<div>&#8211; Riascos-Rodr\u00edguez, K.; Marks, S.; Evans, P. G.; Hern\u00e1ndez-Rivera, S. P.; Ruiz-Caballero, J. L.; Pi\u00f1ero, D.; Hern\u00e1ndez-Maldonado, A. J. Lithium Functionalization Promoted by Amide-Containing Ligands of a Cu(pzdc)(pia) Porous Coordination Polymer for CO\u2082 Adsorption Enhancement. <i>Cryst. Growth Des.<\/i> <b>2020<\/b>, <i>20<\/i>\u00a0(12), 7596\u20137606.<\/div>\n<div>\u00a0<\/div>\n<div>&#8211; Delgado Rivera, S. M.; Gonz\u00e1lez-Espiet, J. C.; Dones, J. M.; Henr\u00edquez L\u00f3pez, S. A.; Guadalupe, A. R.; Pi\u00f1ero-Cruz, D. M.; Montes Gonz\u00e1lez, I. Crystal Structure of 1-Ferrocenyl-2-(4-Nitrophenyl)ethyne. <i>Acta Cryst. E<\/i> <b>2020<\/b>, <i>76<\/i>, 1403\u20131406.<\/div>\n<div>\u00a0<\/div>\n<div>&#8211; Cordero-Gim\u00e9nez, K. T.; Soto-D\u00edaz, V.; Gonz\u00e1lez-Espiet, J. C.; Lav\u00edn-Flores, A.; Bas-Concepci\u00f3n, J.; Rivera-Cruz, K.; Rodr\u00edguez-Ayala, D.; Pi\u00f1ero-Cruz, D. M. Crystal Structure, Hirshfeld Surface Analysis and Spectroscopic Characterization of the Di-Enol Tautomeric Form of the Compound 3,3\u2032-[(2-Sulfanyl\u00adidene-1,3-Dithiole-4,5-Di\u00adyl)Bis\u00ad(Sulfanedi\u00adyl)]Bis\u00ad(Pentane-2,4-Dione). <i>Acta Cryst. E<\/i> <b>2020<\/b>, <i>76<\/i>, 1427\u20131432.<\/div>\n<div>\u00a0<\/div>\n<div>&#8211; Calimano, J.; Li, F.; Flori\u00e1n, J.; Pi\u00f1ero-Cruz, D. M.; Fielitz, T. R.; Holmes, R. J.; Ciszek, J. W. Solid-State Properties and Spectroscopic Analysis of Thin-Film TPBi. <i>J. Phys. Chem. C<\/i> <b>2020<\/b>, <i>124<\/i>\u00a0(43), 23716\u201323723.<\/div>\n<div>\u00a0<\/div>\n<h4>Google Scholar<\/h4>\n<div>https:\/\/scholar.google.com\/citations?user=9CTlaCUAAAAJ&amp;hl=en&amp;oi=ao<\/div>\n<\/div>\n<div>\u00a0<\/div>\n<h4><span data-olk-copy-source=\"MessageBody\">ORCID<\/span><\/h4>\n<p>https:\/\/orcid.org\/0000-0001-6331-761X<\/p>\n<\/div>\t\t\t\t\t\t\t\t<\/div>\n\t\t\t\t<\/div>\n\t\t\t\t\t<\/div>\n\t\t\t\t<\/div>\n\t\t\t\t<\/div>\n\t\t","protected":false},"excerpt":{"rendered":"<p>Chemistry Graduate and Undergraduate Program e-mail: dalice.pinero@upr.eduOffice: FB 135-C Research My research interests combine the field of Coordination Chemistry with four major fields: Magnetism, Materials Science, Bioinorganic Chemistry and Medicine, for the synthesis of transition metal complexes with relevant magnetic properties for future application in memory, gas sensing and battery &hellip; <\/p>\n","protected":false},"author":23,"featured_media":3383,"parent":0,"menu_order":0,"comment_status":"closed","ping_status":"closed","template":"","meta":{"footnotes":""},"class_list":["post-1973","page","type-page","status-publish","has-post-thumbnail","hentry"],"_links":{"self":[{"href":"https:\/\/natsci.uprrp.edu\/chemistry\/wp-json\/wp\/v2\/pages\/1973","targetHints":{"allow":["GET"]}}],"collection":[{"href":"https:\/\/natsci.uprrp.edu\/chemistry\/wp-json\/wp\/v2\/pages"}],"about":[{"href":"https:\/\/natsci.uprrp.edu\/chemistry\/wp-json\/wp\/v2\/types\/page"}],"author":[{"embeddable":true,"href":"https:\/\/natsci.uprrp.edu\/chemistry\/wp-json\/wp\/v2\/users\/23"}],"replies":[{"embeddable":true,"href":"https:\/\/natsci.uprrp.edu\/chemistry\/wp-json\/wp\/v2\/comments?post=1973"}],"version-history":[{"count":29,"href":"https:\/\/natsci.uprrp.edu\/chemistry\/wp-json\/wp\/v2\/pages\/1973\/revisions"}],"predecessor-version":[{"id":3818,"href":"https:\/\/natsci.uprrp.edu\/chemistry\/wp-json\/wp\/v2\/pages\/1973\/revisions\/3818"}],"wp:featuredmedia":[{"embeddable":true,"href":"https:\/\/natsci.uprrp.edu\/chemistry\/wp-json\/wp\/v2\/media\/3383"}],"wp:attachment":[{"href":"https:\/\/natsci.uprrp.edu\/chemistry\/wp-json\/wp\/v2\/media?parent=1973"}],"curies":[{"name":"wp","href":"https:\/\/api.w.org\/{rel}","templated":true}]}}