{"id":1971,"date":"2020-04-20T18:11:30","date_gmt":"2020-04-20T18:11:30","guid":{"rendered":"http:\/\/natsci.uprrp.edu\/chemistry\/?page_id=1971"},"modified":"2023-06-15T20:58:50","modified_gmt":"2023-06-16T00:58:50","slug":"carlos-r-cabrera","status":"publish","type":"page","link":"https:\/\/natsci.uprrp.edu\/chemistry\/carlos-r-cabrera\/","title":{"rendered":"Carlos R. Cabrera"},"content":{"rendered":"<p><a href=\"http:\/\/natsci.uprrp.edu\/chemistry\/wp-content\/uploads\/sites\/3\/2020\/06\/CarlosCabreraMartinez.jpg\"><img fetchpriority=\"high\" decoding=\"async\" class=\"alignnone size-medium wp-image-2196\" src=\"http:\/\/natsci.uprrp.edu\/chemistry\/wp-content\/uploads\/sites\/3\/2020\/06\/CarlosCabreraMartinez-200x300.jpg\" alt=\"Dr. Carlos Cabrera\" width=\"200\" height=\"300\" srcset=\"https:\/\/natsci.uprrp.edu\/chemistry\/wp-content\/uploads\/sites\/3\/2020\/06\/CarlosCabreraMartinez-200x300.jpg 200w, https:\/\/natsci.uprrp.edu\/chemistry\/wp-content\/uploads\/sites\/3\/2020\/06\/CarlosCabreraMartinez.jpg 450w\" sizes=\"(max-width: 200px) 100vw, 200px\" \/><\/a><br \/>\n<strong>Chemistry Graduate and Undergraduate Program<\/strong><\/p>\n<p>e-mail: carlos.cabrera2@upr.edu<br \/>\nOffice Location: Facundo Bueso 135B<br \/>\nOffice Phone: 787-764-0000 x-88559<br \/>\nLab Phone: 787-764-0000 x-88536<br \/>\nUPR Address: 17 Ave Universidad STE 1701, Department of Chemistry, University of Puerto Rico, Rio<br \/>\nPiedras Campus, San Juan, PR 00925-2537<\/p>\n<p><strong>Social Networks<\/strong><br \/>\n<a href=\"https:\/\/www.linkedin.com\/in\/carlos-r-cabrera-44248417\/\">https:\/\/www.linkedin.com\/in\/carlos-r-cabrera-44248417\/<\/a><br \/>\n<a href=\"https:\/\/www.researchgate.net\/profile\/Carlos_Cabrera9\">https:\/\/www.researchgate.net\/profile\/Carlos_Cabrera9<\/a><\/p>\n<p><strong>Research interests<\/strong><br \/>\n-Nanomaterials for Alkaline Fuel Cells<br \/>\n-Environmental Remediation<br \/>\n-Electrochemical Biosensors<br \/>\n-Operando Synchrotron Light Source Techniques for Energy Materials<\/p>\n<p><strong>Pubications<\/strong><\/p>\n<p>1. Ortiz-Quiles, E.O.; Cabrera, C. R., \u201cExfoliated Molybdenum Disulfide for Dye Sensitized Solar Cells\u201d, FlatChem, Chemistry of Flat Materials, 2017, 2, 1-7. <a href=\"https:\/\/doi.org\/10.1016\/j.flatc.2017.01.002\">https:\/\/doi.org\/10.1016\/j.flatc.2017.01.002<\/a><\/p>\n<p>2. Arroyo-Ram\u00edrez, L.; Raptis, R. G.; Cabrera, C. R. \u201cElectrochemical study of methanol tolerant oxygen reduction reaction PdxCoy\/C-catalysts from organometallic molecular precursors\u201d, Inorganica Chim. Acta, 2017, 468, 109-118. <a href=\"https:\/\/doi.org\/10.1016\/j.ica.2017.06.034\">https:\/\/doi.org\/10.1016\/j.ica.2017.06.034<\/a><\/p>\n<p>3. V\u00e9lez, C.A.; Corchado-Garcia, J.; Rojas-P\u00e9rez, A.; Serrano-Alejandro, E.J.; Santos-Homs, C.; Soto-P\u00e9rez, J.J.; Cabrera, C.R., \u201c\u00acManufacture of Pd\/Carbon Vulcan XC-72R nanoflakes catalysts for ethanol oxidation in fuel cells by RoDSE Methodology\u201d, J. Electrochem. Soc. 2017 164(14): D1015-D1021. <a href=\"https:\/\/doi.org\/10.1021\/la3031396\">https:\/\/doi.org\/10.1021\/la3031396<\/a><\/p>\n<p>4. Morales-Cruz, M.; L\u00f3pez-Nieves, M.; Morales-Hern\u00e1ndez, R.; Rivera-Crespo, G. C.; Toranzos, G. A.; Gonz\u00e1lez-Gonz\u00e1lez, I.; Cabrera, C. R., \u201cProteus vulgaris &#8211; Pt Electrode System for Urea to Nitrogen Conversion in Synthetic Urine\u201d, Bioelectrochemistry 2018, 122, 206-122. <a href=\"https:\/\/doi.org\/10.1016\/j.bioelechem.2018.03.017\">https:\/\/doi.org\/10.1016\/j.bioelechem.2018.03.017<\/a><\/p>\n<p>5. Luo, B.; Zhao, Q.; Zhang, Y.; Wang, L.; Li, F.; Xie, H.; Cabrera, C.R., \u201cCore-shell Ag nanowires@Pt nanorods catalyst: synthesis and application in direct methanol fuel cells\u201d Materials Letters 2018, 233, 138-141. <a href=\"https:\/\/doi.org\/10.1016\/j.matlet.2018.08.153\">https:\/\/doi.org\/10.1016\/j.matlet.2018.08.153<\/a><\/p>\n<p>6. Betancourt, L.; Ortiz-Rodr\u00edguez, \u00c1.; Corchado-Garc\u00eda, J.; Cabrera, C.R., \u201cRoDSE Synthesized Fine Tailored Au Nanoparticles from Au(X)4-  (X = Cl-, Br-, and OH-) on Unsupported Vulcan XC-72R for Ethanol Oxidation Reaction in Alkaline Media\u201d, ACS Applied Energy Materials 2019, 2(1), 287-297. <a href=\"https:\/\/doi.org\/10.1021\/acsaem.8b01284\">https:\/\/doi.org\/10.1021\/acsaem.8b01284<\/a><\/p>\n<p>7. D\u00edaz-Cartagena, D.; Hern\u00e1ndez-Cancel, G.; Bracho-Rinc\u00f3n, D.; Gonz\u00e1lez-Feliciano, J.; Cunci, L.; Gonz\u00e1lez, C.I.; Cabrera, C.R., \u201cLabel-Free Telomerase Activity Detection via Electrochemical Impedance Spectroscopy\u201d ACS Omega 2019, 4(16), 16724-16732. <a href=\"https:\/\/doi.org\/10.1021\/acsomega.9b00783\">https:\/\/doi.org\/10.1021\/acsomega.9b00783<\/a><\/p>\n<p>8. Melissa Vega-Cartagena, M.; Flores-V\u00e9lez, E.M.; Col\u00f3n-Quintana, G.S.; Blasini-P\u00e9rez, D.; De Jes\u00fas, M.A. Carlos R. Cabrera, C.R., \u201cSilver-Palladium Electrodeposition on Unsupported Vulcan XC-72R for Oxygen Reduction Reaction in Alkaline Media\u201d, ACS Applied Energy Materials 2019, 2, 7, 4664-4673. <a href=\"https:\/\/doi.org\/10.1021\/acsaem.9b00038\">https:\/\/doi.org\/10.1021\/acsaem.9b00038<\/a><\/p>\n<p>9. Myreisa Morales-Cruz, M.; Solis-Marcano, N.E.; Binder, C.; Priest, C., &#8220;Electrochemical Proteus Vulgaris Whole Cell Urea Sensor in Synthetic Urine\u201d, Current Research in Biotechnology 2019, 1, 22-27. <a href=\"https:\/\/doi.org\/10.1016\/j.crbiot.2019.07.002\">https:\/\/doi.org\/10.1016\/j.crbiot.2019.07.002<\/a><\/p>\n<p>10. Betancourt, L.E.; Rojas-P\u00e9rez, A.; Orozco, I; Zhang, F.; Frenkel, A.; Li, Y.; Sasaki, K.; Senanayeke, S.; Cabrera, C.R. \u201cEnhancing ORR Performance of Bimetallic PdAg Electrocatalysts by Designing Interactions between Pd and Ag\u201d, ACS Applied Energy Materials 2020. <a href=\"https:\/\/doi.org\/10.1016\/j.crbiot.2019.07.002\">https:\/\/doi.org\/10.1016\/j.crbiot.2019.07.002<\/a><\/p>\n","protected":false},"excerpt":{"rendered":"<p>Chemistry Graduate and Undergraduate Program e-mail: carlos.cabrera2@upr.edu Office Location: Facundo Bueso 135B Office Phone: 787-764-0000 x-88559 Lab Phone: 787-764-0000 x-88536 UPR Address: 17 Ave Universidad STE 1701, Department of Chemistry, University of Puerto Rico, Rio Piedras Campus, San Juan, PR 00925-2537 Social Networks https:\/\/www.linkedin.com\/in\/carlos-r-cabrera-44248417\/ https:\/\/www.researchgate.net\/profile\/Carlos_Cabrera9 Research interests -Nanomaterials for Alkaline &hellip; <\/p>\n","protected":false},"author":23,"featured_media":0,"parent":0,"menu_order":0,"comment_status":"closed","ping_status":"closed","template":"","meta":{"rs_blank_template":"","rs_page_bg_color":"","slide_template_v7":"","footnotes":""},"class_list":["post-1971","page","type-page","status-publish","hentry"],"_links":{"self":[{"href":"https:\/\/natsci.uprrp.edu\/chemistry\/wp-json\/wp\/v2\/pages\/1971","targetHints":{"allow":["GET"]}}],"collection":[{"href":"https:\/\/natsci.uprrp.edu\/chemistry\/wp-json\/wp\/v2\/pages"}],"about":[{"href":"https:\/\/natsci.uprrp.edu\/chemistry\/wp-json\/wp\/v2\/types\/page"}],"author":[{"embeddable":true,"href":"https:\/\/natsci.uprrp.edu\/chemistry\/wp-json\/wp\/v2\/users\/23"}],"replies":[{"embeddable":true,"href":"https:\/\/natsci.uprrp.edu\/chemistry\/wp-json\/wp\/v2\/comments?post=1971"}],"version-history":[{"count":5,"href":"https:\/\/natsci.uprrp.edu\/chemistry\/wp-json\/wp\/v2\/pages\/1971\/revisions"}],"predecessor-version":[{"id":3038,"href":"https:\/\/natsci.uprrp.edu\/chemistry\/wp-json\/wp\/v2\/pages\/1971\/revisions\/3038"}],"wp:attachment":[{"href":"https:\/\/natsci.uprrp.edu\/chemistry\/wp-json\/wp\/v2\/media?parent=1971"}],"curies":[{"name":"wp","href":"https:\/\/api.w.org\/{rel}","templated":true}]}}