{"id":1968,"date":"2020-05-07T05:15:53","date_gmt":"2020-05-07T05:15:53","guid":{"rendered":"http:\/\/natsci.uprrp.edu\/chemistry\/?page_id=1968"},"modified":"2026-02-26T13:40:39","modified_gmt":"2026-02-26T17:40:39","slug":"nestor-m-carballeira","status":"publish","type":"page","link":"https:\/\/natsci.uprrp.edu\/chemistry\/nestor-m-carballeira\/","title":{"rendered":"N\u00e9stor M. Carballeira"},"content":{"rendered":"\t\t<div data-elementor-type=\"wp-page\" data-elementor-id=\"1968\" class=\"elementor elementor-1968\">\n\t\t\t\t<div class=\"elementor-element elementor-element-6796d95b e-flex e-con-boxed e-con e-parent\" data-id=\"6796d95b\" data-element_type=\"container\" data-e-type=\"container\">\n\t\t\t\t\t<div class=\"e-con-inner\">\n\t\t\t\t<div class=\"elementor-element elementor-element-5cd71abd elementor-widget elementor-widget-text-editor\" data-id=\"5cd71abd\" data-element_type=\"widget\" data-e-type=\"widget\" data-widget_type=\"text-editor.default\">\n\t\t\t\t<div class=\"elementor-widget-container\">\n\t\t\t\t\t\t\t\t\t<figure id=\"attachment_3828\" aria-describedby=\"caption-attachment-3828\" style=\"width: 242px\" class=\"wp-caption alignnone\"><a href=\"https:\/\/natsci.uprrp.edu\/chemistry\/wp-content\/uploads\/sites\/3\/2026\/02\/IMG_1443-e1771961633820.jpg\"><img fetchpriority=\"high\" decoding=\"async\" class=\"size-medium wp-image-3828\" src=\"https:\/\/natsci.uprrp.edu\/chemistry\/wp-content\/uploads\/sites\/3\/2026\/02\/IMG_1443-e1771961633820-242x300.jpg\" alt=\"\" width=\"242\" height=\"300\" srcset=\"https:\/\/natsci.uprrp.edu\/chemistry\/wp-content\/uploads\/sites\/3\/2026\/02\/IMG_1443-e1771961633820-242x300.jpg 242w, https:\/\/natsci.uprrp.edu\/chemistry\/wp-content\/uploads\/sites\/3\/2026\/02\/IMG_1443-e1771961633820.jpg 427w\" sizes=\"(max-width: 242px) 100vw, 242px\" \/><\/a><figcaption id=\"caption-attachment-3828\" class=\"wp-caption-text\">Dr. N\u00e9stor Carballeira &#8211; Professor<\/figcaption><\/figure>\n<h4><strong>Chemistry Graduate and Undergraduate Program<\/strong><\/h4>\n<p><!-- \/wp:paragraph --><!-- wp:paragraph --><\/p>\n<p><strong>E-mail:<\/strong> nestor.carballeira1@upr.edu<br \/><strong>Office:<\/strong> FB-135D<br \/><strong>Lab:<\/strong> FB-119<\/p>\n<p><!-- \/wp:paragraph --><!-- wp:paragraph --><\/p>\n<h4><strong>Research Interests<\/strong><\/h4>\n<p><!-- \/wp:paragraph --><!-- wp:list --><\/p>\n<ul class=\"wp-block-list\">\n<li style=\"list-style-type: none\">\n<ul class=\"wp-block-list\"><!-- wp:list-item --><\/ul>\n<\/li>\n<\/ul>\n<ul class=\"wp-block-list\">\n<li style=\"list-style-type: none\">\n<ul class=\"wp-block-list\">\n<li>Lipid Chemistry and Marine Natural Products: Isolation and Synthesis of New Fatty<br \/>Acids of Marine Origin<\/li>\n<\/ul>\n<\/li>\n<\/ul>\n<p><!-- \/wp:list-item --><!-- wp:list-item --><\/p>\n<ul class=\"wp-block-list\">\n<li style=\"list-style-type: none\">\n<ul class=\"wp-block-list\">\n<li>New Antiplasmodial and Antibacterial Lipids<\/li>\n<\/ul>\n<\/li>\n<\/ul>\n<p><!-- \/wp:list-item --><\/p>\n<p><!-- \/wp:list --><!-- wp:paragraph --><\/p>\n<h4><strong>Research<\/strong><\/h4>\n<p><!-- \/wp:paragraph --><!-- wp:paragraph --><\/p>\n<p style=\"font-weight: 400\">Dr. N\u00e9stor M. Carballeira&#8217;s research efforts span the chemistry and biological activity of fatty acids, particularly those derived from marine sources. Key findings include:<\/p>\n<p style=\"font-weight: 400\"><strong>Antibacterial Properties of Fatty Acids: <\/strong>The antibacterial activity of fatty acids, especially synthetic 2-alkynoic fatty acids, has been extensively studied, highlighting their potential as next-generation antibacterial agents. This includes their ability to inhibit bacterial conjugation and act against multidrug-resistant <em>Staphylococcus aureus<\/em>.<\/p>\n<p style=\"font-weight: 400\"><strong>Antimalarial, Antimycobacterial, and Antifungal Agents: <\/strong>Research has focused on fatty acids as potential antimalarial, antimycobacterial, and antifungal agents, including novel marine fatty acids and synthetic acetylenic fatty acids.<\/p>\n<p style=\"font-weight: 400\"><strong>Marine Natural Products and Novel Fatty Acids: <\/strong>Identification and characterization of numerous novel and unusual fatty acids from various marine organisms, including sponges, anemones, and zoanthids, such as \u03b1-methoxylated branched-chain fatty acids, brominated fatty acids, and specific dienoic acids.<\/p>\n<p style=\"font-weight: 400\"><strong>Fatty Acid Compositions of Microorganisms:<\/strong> Characterization of unusual fatty acid compositions in hyperthermophilic archaea and bacteria, including the first report of fatty acids from an archaeon.<\/p>\n<p style=\"font-weight: 400\"><strong>Ecological Role of Sponges:<\/strong> Contributions to understanding the trophodynamics of coral reef sponges, demonstrating their ability to feed on dissolved and particulate organic matter and their significant role in organic matter assimilation in reef systems.<\/p>\n<p style=\"font-weight: 400\"><strong>Role of Fatty Acid Synthase (FASN) in Cognitive Enhancement:<\/strong> Evidence suggesting that FASN plays an important role in exercise-mediated cognitive enhancement, potentially linked to its role in modulating exercise-induced neurogenesis.<\/p>\n<p style=\"font-weight: 400\"><strong>Synthesis and Biological Evaluation of Fatty Acids: <\/strong>Development of synthetic methods for novel fatty acids and evaluation of their biological activities, including their antimicrobial properties and inhibition of human topoisomerase I.<\/p>\n<p style=\"font-weight: 400\"><strong>Novel Chalcones for Cancer Treatment:<\/strong> Synthesis and evaluation of novel 4-Boc-piperidone chalcones for their cytotoxic activity against highly-metastatic cancer cells, linking their efficacy to apoptosis induction and NF\u03baB activity reduction.<\/p>\n<h4 style=\"font-weight: 400\"><strong>Representative publications:<\/strong><\/h4>\n<p style=\"font-weight: 400\"><span style=\"font-family: var( --e-global-typography-text-font-family ), Sans-serif;text-align: var(--text-align);font-size: var(--thim-font-body-font-size)\">Villarini-Torres, G. Casillas-Vargas, K. Shayeb, A. Rosado-Ort\u00edz, L. Reyes-Vicente, M. De Jes\u00fas-Vega, D. Amely-Gavil\u00e1n, N. D\u00edaz-Cruz, G. Cort\u00e9s-Rodr\u00edguez, J. Said, J. Ceja-Vega, E. Andersen, A. Rabadi, A. Colom, H. Rivera, S. Lee, N. Chorna, K. Brundage, N. M. Carballeira, and D. J. Sanabria-R\u00edos, \u201cDual Mechanisms of Action of a Halogenated Allyl Fatty Acid Against Methicillin-Resistant <\/span><em style=\"font-family: var( --e-global-typography-text-font-family ), Sans-serif;text-align: var(--text-align);font-size: var(--thim-font-body-font-size)\">Staphylococcus aureus<\/em><span style=\"font-family: var( --e-global-typography-text-font-family ), Sans-serif;text-align: var(--text-align);font-size: var(--thim-font-body-font-size)\">\u201d, <\/span><strong style=\"font-family: var( --e-global-typography-text-font-family ), Sans-serif;text-align: var(--text-align);font-size: var(--thim-font-body-font-size)\">ACS Omega<\/strong><span style=\"font-family: var( --e-global-typography-text-font-family ), Sans-serif;text-align: var(--text-align);font-size: var(--thim-font-body-font-size)\">, <\/span><em style=\"font-family: var( --e-global-typography-text-font-family ), Sans-serif;text-align: var(--text-align);font-size: var(--thim-font-body-font-size)\">10(46)<\/em><span style=\"font-family: var( --e-global-typography-text-font-family ), Sans-serif;text-align: var(--text-align);font-size: var(--thim-font-body-font-size)\">, 55769-55786(2025).<\/span><\/p>\n<p style=\"font-weight: 400\"><span style=\"font-family: var( --e-global-typography-text-font-family ), Sans-serif;text-align: var(--text-align);font-size: var(--thim-font-body-font-size)\">J. Sanabria-R\u00edos, R. Garc\u00eda-Del-Valle, S. Boch-Fonseca, J. Gonz\u00e1lez-Pag\u00e1n, A. D\u00edaz-Rosa, K. Acevedo-Rosario, L. Reyes-Vicente, A. Colom, and N. M. Carballeira, \u201cSynthesis of the novel <\/span><em style=\"font-family: var( --e-global-typography-text-font-family ), Sans-serif;text-align: var(--text-align);font-size: var(--thim-font-body-font-size)\">N<\/em><span style=\"font-family: var( --e-global-typography-text-font-family ), Sans-serif;text-align: var(--text-align);font-size: var(--thim-font-body-font-size)\">-(2-hexadecynoyl)-L-homoserine lactone and evaluation of its anti-quorum sensing activity in <\/span><em style=\"font-family: var( --e-global-typography-text-font-family ), Sans-serif;text-align: var(--text-align);font-size: var(--thim-font-body-font-size)\">Chromobacterium violaceum<\/em><span style=\"font-family: var( --e-global-typography-text-font-family ), Sans-serif;text-align: var(--text-align);font-size: var(--thim-font-body-font-size)\">\u201d, <\/span><strong style=\"font-family: var( --e-global-typography-text-font-family ), Sans-serif;text-align: var(--text-align);font-size: var(--thim-font-body-font-size)\">ACS Omega<\/strong><span style=\"font-family: var( --e-global-typography-text-font-family ), Sans-serif;text-align: var(--text-align);font-size: var(--thim-font-body-font-size)\">, <\/span><em style=\"font-family: var( --e-global-typography-text-font-family ), Sans-serif;text-align: var(--text-align);font-size: var(--thim-font-body-font-size)\">9<\/em><span style=\"font-family: var( --e-global-typography-text-font-family ), Sans-serif;text-align: var(--text-align);font-size: var(--thim-font-body-font-size)\">, 32536-32546 (2024).<\/span><\/p>\n<p style=\"font-weight: 400\"><span style=\"font-family: var( --e-global-typography-text-font-family ), Sans-serif;text-align: var(--text-align);font-size: var(--thim-font-body-font-size)\">J. Sanabria-R\u00edos, D. Alequ\u00edn-Torres, A. De Jes\u00fas, G. Cort\u00e9s, N. M. Carballeira, and V. J\u00e1uregui-Matos \u201cVinyl Halogenated Fatty Acids Display Antibacterial Activity Against Clinical Isolates of Methicillin-Resistant <\/span><em style=\"font-family: var( --e-global-typography-text-font-family ), Sans-serif;text-align: var(--text-align);font-size: var(--thim-font-body-font-size)\">Staphylococcus aureus<\/em><span style=\"font-family: var( --e-global-typography-text-font-family ), Sans-serif;text-align: var(--text-align);font-size: var(--thim-font-body-font-size)\">\u201d, <\/span><strong style=\"font-family: var( --e-global-typography-text-font-family ), Sans-serif;text-align: var(--text-align);font-size: var(--thim-font-body-font-size)\">Med. Res. Arch.<\/strong><span style=\"font-family: var( --e-global-typography-text-font-family ), Sans-serif;text-align: var(--text-align);font-size: var(--thim-font-body-font-size)\">, <\/span><em style=\"font-family: var( --e-global-typography-text-font-family ), Sans-serif;text-align: var(--text-align);font-size: var(--thim-font-body-font-size)\">10(7)<\/em><span style=\"font-family: var( --e-global-typography-text-font-family ), Sans-serif;text-align: var(--text-align);font-size: var(--thim-font-body-font-size)\">, 10.18103\/mra.v10i7.2901 (2022).<\/span><\/p>\n<p style=\"font-weight: 400\"><span style=\"font-family: var( --e-global-typography-text-font-family ), Sans-serif;text-align: var(--text-align);font-size: var(--thim-font-body-font-size)\">Casillas-Vargas, C. Ocasio-Malav\u00e9, S. Medina, C. Morales-Guzm\u00e1n, R. Garc\u00eda del Valle, N. M. Carballeira, and D. J. Sanabria-R\u00edos \u201cAntibacterial Fatty Acids: An Update of Possible Mechanisms of Action and Implications in the Development of the Next-Generation of Antibacterial Agents\u201d, <\/span><strong style=\"font-family: var( --e-global-typography-text-font-family ), Sans-serif;text-align: var(--text-align);font-size: var(--thim-font-body-font-size)\">Prog. Lipid Res.<\/strong><span style=\"font-family: var( --e-global-typography-text-font-family ), Sans-serif;text-align: var(--text-align);font-size: var(--thim-font-body-font-size)\">, <\/span><em style=\"font-family: var( --e-global-typography-text-font-family ), Sans-serif;text-align: var(--text-align);font-size: var(--thim-font-body-font-size)\">82<\/em><span style=\"font-family: var( --e-global-typography-text-font-family ), Sans-serif;text-align: var(--text-align);font-size: var(--thim-font-body-font-size)\">, 101093 (2021).<\/span><\/p>\n<p style=\"font-weight: 400\"><span style=\"font-family: var( --e-global-typography-text-font-family ), Sans-serif;text-align: var(--text-align);font-size: var(--thim-font-body-font-size)\">\u00c1lvarez-Bard\u00f3n, Y. P\u00e9rez-Pertejo, C. Ordo\u00f1ez, D. Sep\u00falveda-Crespo, N. M. Carballeira, B. L. Tekwani, S. Murugesan, M. Mart\u00ednez-Valladares, C. Garc\u00eda-Estrada, Rosa M. Reguera, and R. Bala\u00f1a-Fouce \u201cScreening Marine Natural Products for New Drug Leads against Trypanosomatids and Malaria\u201d, <\/span><strong style=\"font-family: var( --e-global-typography-text-font-family ), Sans-serif;text-align: var(--text-align);font-size: var(--thim-font-body-font-size)\">Mar. Drugs<\/strong><span style=\"font-family: var( --e-global-typography-text-font-family ), Sans-serif;text-align: var(--text-align);font-size: var(--thim-font-body-font-size)\">, <\/span><em style=\"font-family: var( --e-global-typography-text-font-family ), Sans-serif;text-align: var(--text-align);font-size: var(--thim-font-body-font-size)\">18<\/em><span style=\"font-family: var( --e-global-typography-text-font-family ), Sans-serif;text-align: var(--text-align);font-size: var(--thim-font-body-font-size)\">, 187 (2020).<\/span><\/p>\n<p style=\"font-weight: 400\"><span style=\"font-family: var( --e-global-typography-text-font-family ), Sans-serif;text-align: var(--text-align);font-size: var(--thim-font-body-font-size)\">J Sanabria-R\u00edos, C. Morales-Guzm\u00e1n, J. Mooney, S. Medina, T. Pereles-De-Le\u00f3n, A. Rivera- Rom\u00e1n, C. Ocasio-Malav\u00e9, D. D\u00edaz, N. Chorna, and N. M. Carballeira. \u201cAntibacterial Activity of Hexadecynoic Acid Isomers toward Clinical Isolates of Multidrug-Resistant <\/span><em style=\"font-family: var( --e-global-typography-text-font-family ), Sans-serif;text-align: var(--text-align);font-size: var(--thim-font-body-font-size)\">Staphylococcus<\/em> <em style=\"font-family: var( --e-global-typography-text-font-family ), Sans-serif;text-align: var(--text-align);font-size: var(--thim-font-body-font-size)\">aureus<\/em><span style=\"font-family: var( --e-global-typography-text-font-family ), Sans-serif;text-align: var(--text-align);font-size: var(--thim-font-body-font-size)\">\u201d, <\/span><strong style=\"font-family: var( --e-global-typography-text-font-family ), Sans-serif;text-align: var(--text-align);font-size: var(--thim-font-body-font-size)\">Lipids<\/strong><span style=\"font-family: var( --e-global-typography-text-font-family ), Sans-serif;text-align: var(--text-align);font-size: var(--thim-font-body-font-size)\">, <\/span><em style=\"font-family: var( --e-global-typography-text-font-family ), Sans-serif;text-align: var(--text-align);font-size: var(--thim-font-body-font-size)\">55<\/em><span style=\"font-family: var( --e-global-typography-text-font-family ), Sans-serif;text-align: var(--text-align);font-size: var(--thim-font-body-font-size)\">, 101-116 (2020).<\/span><\/p>\n<p style=\"font-weight: 400\"><span style=\"font-family: var( --e-global-typography-text-font-family ), Sans-serif;text-align: var(--text-align);font-size: var(--thim-font-body-font-size)\">Ocasio-Malav\u00e9, M. J. Donate, M. M. S\u00e1nchez, J. M. Sosa-Rivera, J. W. Mooney, T. A., Pereles-De Le\u00f3n, N. M., Carballeira, B., Zayas, C. E. V\u00e9lez-Gerena, M. Mart\u00ednez-Ferrer, and D. J. Sanabria-R\u00edos \u201cSynthesis of Novel 4-Boc-piperidone Chalcones and Evaluation of their Cytotoxic Activity against Highly-Metastatic Cancer Cells\u201d, <\/span><strong style=\"font-family: var( --e-global-typography-text-font-family ), Sans-serif;text-align: var(--text-align);font-size: var(--thim-font-body-font-size)\">Bioorg. Med. Chem. Lett.<\/strong><span style=\"font-family: var( --e-global-typography-text-font-family ), Sans-serif;text-align: var(--text-align);font-size: var(--thim-font-body-font-size)\">, <\/span><em style=\"font-family: var( --e-global-typography-text-font-family ), Sans-serif;text-align: var(--text-align);font-size: var(--thim-font-body-font-size)\">30<\/em><span style=\"font-family: var( --e-global-typography-text-font-family ), Sans-serif;text-align: var(--text-align);font-size: var(--thim-font-body-font-size)\">, 126760 (2020).<\/span><\/p>\n<p style=\"font-weight: 400\"><span style=\"font-family: var( --e-global-typography-text-font-family ), Sans-serif;text-align: var(--text-align);font-size: var(--thim-font-body-font-size)\">M. Carballeira, D. Alequ\u00edn, L. M. Lotti D\u00edaz, V. Jauregui Matos, L. L. G. Ferreira, A. D. Andricopulo, M. Y. Golovko, R. M. Reguera, Y. P\u00e9rez-Pertejo, and R. Bala\u00f1a-Fouce \u201cSynthesis of a Novel Brominated Vinylic Fatty Acid with Antileishmanial Activity that Effectively Inhibits the <\/span><em style=\"font-family: var( --e-global-typography-text-font-family ), Sans-serif;text-align: var(--text-align);font-size: var(--thim-font-body-font-size)\">Leishmania <\/em><span style=\"font-family: var( --e-global-typography-text-font-family ), Sans-serif;text-align: var(--text-align);font-size: var(--thim-font-body-font-size)\">Topoisomerase IB Enzyme Mediated by Halogen Bond Formation\u201d, <\/span><strong style=\"font-family: var( --e-global-typography-text-font-family ), Sans-serif;text-align: var(--text-align);font-size: var(--thim-font-body-font-size)\">Pure Appl. Chem.<\/strong><span style=\"font-family: var( --e-global-typography-text-font-family ), Sans-serif;text-align: var(--text-align);font-size: var(--thim-font-body-font-size)\">, <\/span><em style=\"font-family: var( --e-global-typography-text-font-family ), Sans-serif;text-align: var(--text-align);font-size: var(--thim-font-body-font-size)\">91<\/em><span style=\"font-family: var( --e-global-typography-text-font-family ), Sans-serif;text-align: var(--text-align);font-size: var(--thim-font-body-font-size)\">, 1405-1416 (2019).<\/span><\/p>\n<p style=\"font-weight: 400\"><span style=\"font-family: var( --e-global-typography-text-font-family ), Sans-serif;text-align: var(--text-align);font-size: var(--thim-font-body-font-size)\">Garc\u00eda-Cazorla, M. Getino, D. J. Sanabria-R\u00edos, N. M. Carballeira, F. de la Cruz, I. Arechaga, and E. Cabez\u00f3n. \u201cConjugation Inhibitors Compete with Palmitic Acid for Binding to the Conjugative Traffic ATPase TrwD, providing a Mechanism to Inhibit Bacterial Conjugation\u201d, <\/span><strong style=\"font-family: var( --e-global-typography-text-font-family ), Sans-serif;text-align: var(--text-align);font-size: var(--thim-font-body-font-size)\">J. Biol. Chem.<\/strong><span style=\"font-family: var( --e-global-typography-text-font-family ), Sans-serif;text-align: var(--text-align);font-size: var(--thim-font-body-font-size)\">, <\/span><em style=\"font-family: var( --e-global-typography-text-font-family ), Sans-serif;text-align: var(--text-align);font-size: var(--thim-font-body-font-size)\">293<\/em><span style=\"font-family: var( --e-global-typography-text-font-family ), Sans-serif;text-align: var(--text-align);font-size: var(--thim-font-body-font-size)\">, 16923-16930 (2018).<\/span><\/p>\n<p style=\"font-weight: 400\"><span style=\"font-family: var( --e-global-typography-text-font-family ), Sans-serif;text-align: var(--text-align);font-size: var(--thim-font-body-font-size)\">M. Carballeira, C. Morales-Guzm\u00e1n, E. \u00c1lvarez-Benedicto, Z. Torres-Mart\u00ednez, Y. Delgado-Reyes, K. H. Griebenow, A. D. Tinoco, R. M. Reguera, Y. P\u00e9rez-Pertejo, R. Carbajo-Andr\u00e9s, and R. Bala\u00f1a &#8211; Fouce \u201cFirst Total Synthesis of \uf077-Phenyl \uf0446 Fatty Acids and their Leishmanicidal and Anticancer Properties\u201d, <\/span><strong style=\"font-family: var( --e-global-typography-text-font-family ), Sans-serif;text-align: var(--text-align);font-size: var(--thim-font-body-font-size)\">Curr. Top. Med. Chem.<\/strong><span style=\"font-family: var( --e-global-typography-text-font-family ), Sans-serif;text-align: var(--text-align);font-size: var(--thim-font-body-font-size)\">, <\/span><em style=\"font-family: var( --e-global-typography-text-font-family ), Sans-serif;text-align: var(--text-align);font-size: var(--thim-font-body-font-size)\">18(5)<\/em><span style=\"font-family: var( --e-global-typography-text-font-family ), Sans-serif;text-align: var(--text-align);font-size: var(--thim-font-body-font-size)\">, 418-427 (2018).<\/span><\/p>\n<p><strong>ORCID ID:<\/strong> <a href=\"https:\/\/orcid.org\/0000-0001-7404-0505\">https:\/\/orcid.org\/0000-0001-7404-0505<\/a><\/p>\n<p style=\"font-weight: 400\">\u00a0<\/p>\n<p><!-- \/wp:paragraph --><\/p>\t\t\t\t\t\t\t\t<\/div>\n\t\t\t\t<\/div>\n\t\t\t\t\t<\/div>\n\t\t\t\t<\/div>\n\t\t\t\t<\/div>\n\t\t","protected":false},"excerpt":{"rendered":"<p>Chemistry Graduate and Undergraduate Program E-mail: nestor.carballeira1@upr.eduOffice: FB-135DLab: FB-119 Research Interests Lipid Chemistry and Marine Natural Products: Isolation and Synthesis of New FattyAcids of Marine Origin New Antiplasmodial and Antibacterial Lipids Research Dr. N\u00e9stor M. Carballeira&#8217;s research efforts span the chemistry and biological activity of fatty acids, particularly those derived &hellip; <\/p>\n","protected":false},"author":23,"featured_media":0,"parent":0,"menu_order":0,"comment_status":"closed","ping_status":"closed","template":"","meta":{"footnotes":""},"class_list":["post-1968","page","type-page","status-publish","hentry"],"_links":{"self":[{"href":"https:\/\/natsci.uprrp.edu\/chemistry\/wp-json\/wp\/v2\/pages\/1968","targetHints":{"allow":["GET"]}}],"collection":[{"href":"https:\/\/natsci.uprrp.edu\/chemistry\/wp-json\/wp\/v2\/pages"}],"about":[{"href":"https:\/\/natsci.uprrp.edu\/chemistry\/wp-json\/wp\/v2\/types\/page"}],"author":[{"embeddable":true,"href":"https:\/\/natsci.uprrp.edu\/chemistry\/wp-json\/wp\/v2\/users\/23"}],"replies":[{"embeddable":true,"href":"https:\/\/natsci.uprrp.edu\/chemistry\/wp-json\/wp\/v2\/comments?post=1968"}],"version-history":[{"count":24,"href":"https:\/\/natsci.uprrp.edu\/chemistry\/wp-json\/wp\/v2\/pages\/1968\/revisions"}],"predecessor-version":[{"id":3881,"href":"https:\/\/natsci.uprrp.edu\/chemistry\/wp-json\/wp\/v2\/pages\/1968\/revisions\/3881"}],"wp:attachment":[{"href":"https:\/\/natsci.uprrp.edu\/chemistry\/wp-json\/wp\/v2\/media?parent=1968"}],"curies":[{"name":"wp","href":"https:\/\/api.w.org\/{rel}","templated":true}]}}