{"id":1859,"date":"2020-02-12T00:03:38","date_gmt":"2020-02-12T00:03:38","guid":{"rendered":"http:\/\/natsci.uprrp.edu\/chemistry\/?page_id=1859"},"modified":"2020-03-15T04:08:13","modified_gmt":"2020-03-15T04:08:13","slug":"50-aniversario-del-programa-graduado-de-quimica","status":"publish","type":"page","link":"https:\/\/natsci.uprrp.edu\/chemistry\/50-aniversario-del-programa-graduado-de-quimica\/","title":{"rendered":"Anniversary Home Page"},"content":{"rendered":"<p>Bienvenido<\/p>\n<div>Esta p\u00e1gina electr\u00f3nica presenta informaci\u00f3n sobre las actividades que estamos llevando a cabo este semestre en celebraci\u00f3n del 50ta Aniversario del Programa Doctoral en Qu\u00edmica. En el 2020 el Programa de Ph.D. en Qu\u00edmica de nuestro recinto cumple 50 a\u00f1os desde que fuera aprobado por el Consejo de Educaci\u00f3n Superior y graduara a su primera estudiante, la Dra. Myrtha Trujillo, en mayo de 1970.0 El m\u00e1s destacado fundador de nuestro Programa de Ph.D. en Qu\u00edmica vive en Puerto Rico, es el Dr. Waldemar Adam, Catedr\u00e1tico Em\u00e9rito del recinto, a quien le estamos dedicando la celebraci\u00f3n del 50ta Aniversario.<\/p>\n<\/div>\n<div>\n<\/div>\n<div>Nuestro programa doctoral fue el tercer programa doctoral aprobado en el Sistema UPR, el segundo aprobado en el Recinto de R\u00edo Piedras (el primero fue el de Estudios Hisp\u00e1nicos) y el primero aprobado en la Facultad de Ciencias Naturales del recinto. Desde entonces hemos graduado hasta el a\u00f1o acad\u00e9mico 2018-2019 a 285 estudiantes con Ph.D. (el programa de maestr\u00eda fue aprobado en 1961 y ha graduado a 199 estudiantes con M.S.).<\/p>\n<\/div>\n<div><\/div>\n<div>El momento cumbre de la celebraci\u00f3n del 50ta Aniversario ser\u00e1 el simposio \u201c50 a\u00f1os de Excelencia en Qu\u00edmica\u201d el viernes 17 de abril de 2020 en el Anfiteatro 142 de la Facultad de Ciencias Naturales.\u00a0 Estamos invitando a egresados, ex-profesores y colaboradores del programa para que compartan con los estudiantes y profesores del programa y del Departamento de Qu\u00edmica y la Facultad y se exponga la historia de nuestro programa, lo que estamos haciendo en el presente y c\u00f3mo nos proyectamos hacia el futuro.\u00a0 Tendremos paneles, as\u00ed como una sesi\u00f3n de afiches de nuestros estudiantes graduados y subgraduados (ver adjunto el programa preliminar del simposio). Tendremos tambi\u00e9n videos cortos sobre la historia del programa y con testimonios de ex-profesores y egresados sobre el programa y su contribuci\u00f3n a su desarrollo y al de la qu\u00edmica y la ciencia en Puerto Rico.<\/p>\n<\/div>\n<div><\/div>\n<div>Las actividades culminar\u00e1n el d\u00eda siguiente s\u00e1bado 18 de abril con la celebraci\u00f3n en el recinto del ACS Junior Technical Meeting\/Puerto Rico Interdisciplinary Scientific Meeting auspiciado por el Programa Puerto Rico-Louis Stokes Alliance for Minority Participation (JTM-PRISM) en el Teatro de la UPR y las facilidades de la Facultad de Ciencias Naturales y una actividad de clausura\/confraternizaci\u00f3n a las 7 pm que incluir\u00e1 cena, en el Teatro de la UPR.<\/p>\n<\/div>\n<div><\/div>\n<div>El JTM\/PRISM es la actividad de presentaciones orales de investigaci\u00f3n cient\u00edfica por estudiantes subgraduados m\u00e1s grande en Puerto Rico. El Dr. Eduardo Nicolau, egresado de nuestro Programa de Ph.D. en Qu\u00edmica, dirige PR-LSAMP. Para esta actividad hemos reservado el Teatro del Recinto para la ma\u00f1ana del s\u00e1bado 18 de abril durante la cual se llevar\u00e1 a cabo la ceremonia de bienvenida as\u00ed como dos sesiones plenarias, una con una charla del Presidente del ACS Nacional, el Prof. Luis Echegoyen, Catedr\u00e1tico de la Universidad de Texas en El Paso, egresado de nuestro programa y ex-profesor del mismo, y otra sesi\u00f3n plenaria a cargo del ex-profesor de nuestro programa, el Prof. H\u00e9ctor Abru\u00f1a, Catedr\u00e1tico de la Universidad de Cornell y reci\u00e9n electo miembro del\u00a0<i>National Academy of Sciences<\/i>\u00a0de Estados Unidos (primera persona nacida en Puerto Rico que ha obtenido esta distinci\u00f3n).<\/p>\n<\/div>\n<div><\/div>\n<h2>[accordions]<br \/>\n[accordion title=&#8221;Our History&#8221; load=&#8221;hide&#8221;]Historia del Programa[\/accordion]<br \/>\n[\/accordions]<\/h2>\n<h1><\/h1>\n","protected":false},"excerpt":{"rendered":"<p>Bienvenido Esta p\u00e1gina electr\u00f3nica presenta informaci\u00f3n sobre las actividades que estamos llevando a cabo este semestre en celebraci\u00f3n del 50ta Aniversario del Programa Doctoral en Qu\u00edmica. En el 2020 el Programa de Ph.D. en Qu\u00edmica de nuestro recinto cumple 50 a\u00f1os desde que fuera aprobado por el Consejo de Educaci\u00f3n &hellip; <\/p>\n","protected":false},"author":23,"featured_media":0,"parent":0,"menu_order":0,"comment_status":"closed","ping_status":"closed","template":"page-blocks.php","meta":{"footnotes":""},"class_list":["post-1859","page","type-page","status-publish","hentry"],"_links":{"self":[{"href":"https:\/\/natsci.uprrp.edu\/chemistry\/wp-json\/wp\/v2\/pages\/1859","targetHints":{"allow":["GET"]}}],"collection":[{"href":"https:\/\/natsci.uprrp.edu\/chemistry\/wp-json\/wp\/v2\/pages"}],"about":[{"href":"https:\/\/natsci.uprrp.edu\/chemistry\/wp-json\/wp\/v2\/types\/page"}],"author":[{"embeddable":true,"href":"https:\/\/natsci.uprrp.edu\/chemistry\/wp-json\/wp\/v2\/users\/23"}],"replies":[{"embeddable":true,"href":"https:\/\/natsci.uprrp.edu\/chemistry\/wp-json\/wp\/v2\/comments?post=1859"}],"version-history":[{"count":11,"href":"https:\/\/natsci.uprrp.edu\/chemistry\/wp-json\/wp\/v2\/pages\/1859\/revisions"}],"predecessor-version":[{"id":1926,"href":"https:\/\/natsci.uprrp.edu\/chemistry\/wp-json\/wp\/v2\/pages\/1859\/revisions\/1926"}],"wp:attachment":[{"href":"https:\/\/natsci.uprrp.edu\/chemistry\/wp-json\/wp\/v2\/media?parent=1859"}],"curies":[{"name":"wp","href":"https:\/\/api.w.org\/{rel}","templated":true}]}}