{"id":137,"date":"2018-08-11T13:07:40","date_gmt":"2018-08-11T13:07:40","guid":{"rendered":"http:\/\/natsci.uprrp.edu\/chemistry\/?page_id=137"},"modified":"2026-04-17T17:16:04","modified_gmt":"2026-04-17T21:16:04","slug":"home-2","status":"publish","type":"page","link":"https:\/\/natsci.uprrp.edu\/chemistry\/","title":{"rendered":"INICIO"},"content":{"rendered":"\t\t<div data-elementor-type=\"wp-page\" data-elementor-id=\"137\" class=\"elementor elementor-137\">\n\t\t\t\t<div class=\"elementor-element elementor-element-a7ef027 e-con-full e-flex e-con e-parent\" data-id=\"a7ef027\" data-element_type=\"container\" data-e-type=\"container\" data-settings=\"{&quot;background_background&quot;:&quot;classic&quot;}\">\n\t\t\t\t<\/div>\n\t\t<div class=\"elementor-element elementor-element-ed006d0 e-con-full e-flex e-con e-parent\" data-id=\"ed006d0\" data-element_type=\"container\" data-e-type=\"container\">\n\t\t\t\t<div class=\"elementor-element elementor-element-09c6d32 elementor-widget__width-inherit elementor-widget-divider--view-line elementor-widget elementor-widget-divider\" data-id=\"09c6d32\" data-element_type=\"widget\" data-e-type=\"widget\" data-widget_type=\"divider.default\">\n\t\t\t\t<div class=\"elementor-widget-container\">\n\t\t\t\t\t\t\t<div class=\"elementor-divider\">\n\t\t\t<span class=\"elementor-divider-separator\">\n\t\t\t\t\t\t<\/span>\n\t\t<\/div>\n\t\t\t\t\t\t<\/div>\n\t\t\t\t<\/div>\n\t\t\t\t<\/div>\n\t\t<div class=\"elementor-element elementor-element-4fbbc31 e-con-full e-flex e-con e-parent\" data-id=\"4fbbc31\" data-element_type=\"container\" data-e-type=\"container\" data-settings=\"{&quot;background_background&quot;:&quot;classic&quot;}\">\n\t\t\t\t<div class=\"elementor-element elementor-element-31398c7 elementor-widget__width-inherit elementor-widget elementor-widget-heading\" data-id=\"31398c7\" data-element_type=\"widget\" data-e-type=\"widget\" data-widget_type=\"heading.default\">\n\t\t\t\t<div class=\"elementor-widget-container\">\n\t\t\t\t\t<h2 class=\"elementor-heading-title elementor-size-default\">Qui\u00e9nes Somos<\/h2>\t\t\t\t<\/div>\n\t\t\t\t<\/div>\n\t\t\t\t<div class=\"elementor-element elementor-element-858fa64 elementor-widget__width-inherit elementor-widget elementor-widget-text-editor\" data-id=\"858fa64\" data-element_type=\"widget\" data-e-type=\"widget\" data-widget_type=\"text-editor.default\">\n\t\t\t\t<div class=\"elementor-widget-container\">\n\t\t\t\t\t\t\t\t\t<p data-start=\"386\" data-end=\"734\">El Departamento de Qu\u00edmica forma parte de la <strong data-start=\"431\" data-end=\"465\">Facultad de Ciencias Naturales<\/strong> de la Universidad de Puerto Rico, Recinto de R\u00edo Piedras. Nuestro programa est\u00e1 certificado por la American Chemical Society (ACS) y acreditado por la Middle States Commission on Higher Education (MSCHE), lo que garantiza los m\u00e1s altos est\u00e1ndares de calidad acad\u00e9mica.<\/p><p data-start=\"736\" data-end=\"926\">Contamos con una facultad de 20 profesores, con permanencia o en probatoria, de los cuales 18 mantienen programas de investigaci\u00f3n activos.<\/p><p data-start=\"736\" data-end=\"926\">Nuestras \u00e1reas de especialidad incluyen:<\/p>\t\t\t\t\t\t\t\t<\/div>\n\t\t\t\t<\/div>\n\t\t\t\t<div class=\"elementor-element elementor-element-fb5668a elementor-widget__width-inherit elementor-widget elementor-widget-text-editor\" data-id=\"fb5668a\" data-element_type=\"widget\" data-e-type=\"widget\" data-widget_type=\"text-editor.default\">\n\t\t\t\t<div class=\"elementor-widget-container\">\n\t\t\t\t\t\t\t\t\t<ul data-start=\"928\" data-end=\"1206\"><li data-start=\"928\" data-end=\"946\"><p data-start=\"930\" data-end=\"946\">Electroqu\u00edmica<\/p><\/li><li data-start=\"947\" data-end=\"968\"><p data-start=\"949\" data-end=\"968\">S\u00edntesis Org\u00e1nica<\/p><\/li><li data-start=\"969\" data-end=\"987\"><p data-start=\"971\" data-end=\"987\">Cristalograf\u00eda<\/p><\/li><li data-start=\"988\" data-end=\"1003\"><p data-start=\"990\" data-end=\"1003\">Fotoqu\u00edmica<\/p><\/li><li data-start=\"1004\" data-end=\"1018\"><p data-start=\"1006\" data-end=\"1018\">Bioqu\u00edmica<\/p><\/li><li data-start=\"1019\" data-end=\"1044\"><p data-start=\"1021\" data-end=\"1044\">Qu\u00edmica Bioinorg\u00e1nica<\/p><\/li><li data-start=\"1045\" data-end=\"1069\"><p data-start=\"1047\" data-end=\"1069\">Espectroscop\u00eda L\u00e1ser<\/p><\/li><li data-start=\"1070\" data-end=\"1101\"><p data-start=\"1072\" data-end=\"1101\">Productos Naturales Marinos<\/p><\/li><li data-start=\"1102\" data-end=\"1154\"><p data-start=\"1104\" data-end=\"1154\">Almacenamiento de Energ\u00eda y Bater\u00edas Recargables<\/p><\/li><li data-start=\"1155\" data-end=\"1174\"><p data-start=\"1157\" data-end=\"1174\">Qu\u00edmica Te\u00f3rica<\/p><\/li><li data-start=\"1175\" data-end=\"1206\"><p data-start=\"1177\" data-end=\"1206\">Qu\u00edmica Anal\u00edtica Ambiental<\/p><\/li><\/ul>\t\t\t\t\t\t\t\t<\/div>\n\t\t\t\t<\/div>\n\t\t\t\t<div class=\"elementor-element elementor-element-d3319ee elementor-widget__width-inherit elementor-widget elementor-widget-text-editor\" data-id=\"d3319ee\" data-element_type=\"widget\" data-e-type=\"widget\" data-widget_type=\"text-editor.default\">\n\t\t\t\t<div class=\"elementor-widget-container\">\n\t\t\t\t\t\t\t\t\t<p>Nuestra investigaci\u00f3n contribuye al avance del conocimiento cient\u00edfico con impacto en Puerto Rico y proyecci\u00f3n global.<\/p>\t\t\t\t\t\t\t\t<\/div>\n\t\t\t\t<\/div>\n\t\t\t\t<div class=\"elementor-element elementor-element-40a4493 elementor-widget__width-inherit elementor-widget elementor-widget-spacer\" data-id=\"40a4493\" data-element_type=\"widget\" data-e-type=\"widget\" data-widget_type=\"spacer.default\">\n\t\t\t\t<div class=\"elementor-widget-container\">\n\t\t\t\t\t\t\t<div class=\"elementor-spacer\">\n\t\t\t<div class=\"elementor-spacer-inner\"><\/div>\n\t\t<\/div>\n\t\t\t\t\t\t<\/div>\n\t\t\t\t<\/div>\n\t\t\t\t<\/div>\n\t\t<div class=\"elementor-element elementor-element-c9cb05c e-flex e-con-boxed e-con e-parent\" data-id=\"c9cb05c\" data-element_type=\"container\" data-e-type=\"container\">\n\t\t\t\t\t<div class=\"e-con-inner\">\n\t\t<div class=\"elementor-element elementor-element-0f7507e e-con-full e-flex e-con e-child\" data-id=\"0f7507e\" data-element_type=\"container\" data-e-type=\"container\">\n\t\t\t\t<div class=\"elementor-element elementor-element-fb203a7 elementor-align-justify elementor-widget elementor-widget-button\" data-id=\"fb203a7\" data-element_type=\"widget\" data-e-type=\"widget\" data-widget_type=\"button.default\">\n\t\t\t\t<div class=\"elementor-widget-container\">\n\t\t\t\t\t\t\t\t\t<div class=\"elementor-button-wrapper\">\n\t\t\t\t\t<a class=\"elementor-button elementor-button-link elementor-size-sm\" href=\"https:\/\/natsci.uprrp.edu\/chemistry\/historia\/\">\n\t\t\t\t\t\t<span class=\"elementor-button-content-wrapper\">\n\t\t\t\t\t\t\t\t\t<span class=\"elementor-button-text\">Programa Subgraduado<\/span>\n\t\t\t\t\t<\/span>\n\t\t\t\t\t<\/a>\n\t\t\t\t<\/div>\n\t\t\t\t\t\t\t\t<\/div>\n\t\t\t\t<\/div>\n\t\t\t\t<\/div>\n\t\t<div class=\"elementor-element elementor-element-624a313 e-con-full e-flex e-con e-child\" data-id=\"624a313\" data-element_type=\"container\" data-e-type=\"container\">\n\t\t\t\t<div class=\"elementor-element elementor-element-9cebd9e elementor-align-justify elementor-widget__width-inherit elementor-widget elementor-widget-button\" data-id=\"9cebd9e\" data-element_type=\"widget\" data-e-type=\"widget\" data-widget_type=\"button.default\">\n\t\t\t\t<div class=\"elementor-widget-container\">\n\t\t\t\t\t\t\t\t\t<div class=\"elementor-button-wrapper\">\n\t\t\t\t\t<a class=\"elementor-button elementor-button-link elementor-size-sm\" href=\"https:\/\/natsci.uprrp.edu\/chemistry\/graduate-program-history\/\">\n\t\t\t\t\t\t<span class=\"elementor-button-content-wrapper\">\n\t\t\t\t\t\t\t\t\t<span class=\"elementor-button-text\">Programa Graduado<\/span>\n\t\t\t\t\t<\/span>\n\t\t\t\t\t<\/a>\n\t\t\t\t<\/div>\n\t\t\t\t\t\t\t\t<\/div>\n\t\t\t\t<\/div>\n\t\t\t\t<\/div>\n\t\t<div class=\"elementor-element elementor-element-490d519 e-con-full e-flex e-con e-child\" data-id=\"490d519\" data-element_type=\"container\" data-e-type=\"container\">\n\t\t\t\t<div class=\"elementor-element elementor-element-d317f79 elementor-align-justify elementor-widget__width-inherit elementor-widget elementor-widget-button\" data-id=\"d317f79\" data-element_type=\"widget\" data-e-type=\"widget\" data-widget_type=\"button.default\">\n\t\t\t\t<div class=\"elementor-widget-container\">\n\t\t\t\t\t\t\t\t\t<div class=\"elementor-button-wrapper\">\n\t\t\t\t\t<a class=\"elementor-button elementor-size-sm\" role=\"button\">\n\t\t\t\t\t\t<span class=\"elementor-button-content-wrapper\">\n\t\t\t\t\t\t\t\t\t<span class=\"elementor-button-text\">Admisiones<\/span>\n\t\t\t\t\t<\/span>\n\t\t\t\t\t<\/a>\n\t\t\t\t<\/div>\n\t\t\t\t\t\t\t\t<\/div>\n\t\t\t\t<\/div>\n\t\t\t\t<\/div>\n\t\t<div class=\"elementor-element elementor-element-dae60da e-con-full e-flex e-con e-child\" data-id=\"dae60da\" data-element_type=\"container\" data-e-type=\"container\">\n\t\t\t\t<div class=\"elementor-element elementor-element-ea22704 elementor-align-justify elementor-widget__width-inherit elementor-widget elementor-widget-button\" data-id=\"ea22704\" data-element_type=\"widget\" data-e-type=\"widget\" data-widget_type=\"button.default\">\n\t\t\t\t<div class=\"elementor-widget-container\">\n\t\t\t\t\t\t\t\t\t<div class=\"elementor-button-wrapper\">\n\t\t\t\t\t<a class=\"elementor-button elementor-button-link elementor-size-sm\" href=\"https:\/\/natsci.uprrp.edu\/chemistry\/investigacion-subgraduada-2\/\">\n\t\t\t\t\t\t<span class=\"elementor-button-content-wrapper\">\n\t\t\t\t\t\t\t\t\t<span class=\"elementor-button-text\">Investigaci\u00f3n<\/span>\n\t\t\t\t\t<\/span>\n\t\t\t\t\t<\/a>\n\t\t\t\t<\/div>\n\t\t\t\t\t\t\t\t<\/div>\n\t\t\t\t<\/div>\n\t\t\t\t<\/div>\n\t\t\t\t\t<\/div>\n\t\t\t\t<\/div>\n\t\t<div class=\"elementor-element elementor-element-618177c e-con-full e-flex e-con e-parent\" data-id=\"618177c\" data-element_type=\"container\" data-e-type=\"container\">\n\t\t\t\t<div class=\"elementor-element elementor-element-5826877 elementor-widget__width-inherit elementor-widget elementor-widget-spacer\" data-id=\"5826877\" data-element_type=\"widget\" data-e-type=\"widget\" data-widget_type=\"spacer.default\">\n\t\t\t\t<div class=\"elementor-widget-container\">\n\t\t\t\t\t\t\t<div class=\"elementor-spacer\">\n\t\t\t<div class=\"elementor-spacer-inner\"><\/div>\n\t\t<\/div>\n\t\t\t\t\t\t<\/div>\n\t\t\t\t<\/div>\n\t\t\t\t<div class=\"elementor-element elementor-element-335532f elementor-widget-divider--view-line elementor-widget elementor-widget-divider\" data-id=\"335532f\" data-element_type=\"widget\" data-e-type=\"widget\" data-widget_type=\"divider.default\">\n\t\t\t\t<div class=\"elementor-widget-container\">\n\t\t\t\t\t\t\t<div class=\"elementor-divider\">\n\t\t\t<span class=\"elementor-divider-separator\">\n\t\t\t\t\t\t<\/span>\n\t\t<\/div>\n\t\t\t\t\t\t<\/div>\n\t\t\t\t<\/div>\n\t\t\t\t<div class=\"elementor-element elementor-element-68491ea elementor-widget__width-inherit elementor-widget elementor-widget-heading\" data-id=\"68491ea\" data-element_type=\"widget\" data-e-type=\"widget\" data-widget_type=\"heading.default\">\n\t\t\t\t<div class=\"elementor-widget-container\">\n\t\t\t\t\t<h2 class=\"elementor-heading-title elementor-size-default\">Noticias <\/h2>\t\t\t\t<\/div>\n\t\t\t\t<\/div>\n\t\t\t\t<div class=\"elementor-element elementor-element-5a7a4ce elementor-widget__width-inherit elementor-widget elementor-widget-spacer\" data-id=\"5a7a4ce\" data-element_type=\"widget\" data-e-type=\"widget\" data-widget_type=\"spacer.default\">\n\t\t\t\t<div class=\"elementor-widget-container\">\n\t\t\t\t\t\t\t<div class=\"elementor-spacer\">\n\t\t\t<div class=\"elementor-spacer-inner\"><\/div>\n\t\t<\/div>\n\t\t\t\t\t\t<\/div>\n\t\t\t\t<\/div>\n\t\t\t\t<div class=\"elementor-element elementor-element-62785ed thim-ekits-post__thumbnail-position-top elementor-widget elementor-widget-thim-ekits-list-blog\" data-id=\"62785ed\" data-element_type=\"widget\" data-e-type=\"widget\" data-widget_type=\"thim-ekits-list-blog.default\">\n\t\t\t\t<div class=\"elementor-widget-container\">\n\t\t\t\t\t\t\t\t<div class=\"thim-ekits-post\">\n\t\t\t\t<div class=\"thim-ekits-post__inner\">\n\t\t\t\t\t\t\t<div class=\"thim-ekits-post__article post-3704 post type-post status-publish format-standard has-post-thumbnail hentry category-news\">\n\t\t\t\t\t\t\t\t\t<div class=\"thim-ekits-post__thumbnail\">\n\t\t\t<a class=\"post-thumbnail\"\n\t\t\t   href=\"https:\/\/natsci.uprrp.edu\/chemistry\/2026\/02\/09\/convocatoria-sabre-interships-opportunity-summer-2026\/\" >\n\t\t\t\t<img decoding=\"async\" width=\"300\" height=\"112\" src=\"https:\/\/natsci.uprrp.edu\/chemistry\/wp-content\/uploads\/sites\/3\/2026\/02\/sabreintership-300x112.png\" class=\"attachment-medium size-medium wp-image-3705\" alt=\"\" srcset=\"https:\/\/natsci.uprrp.edu\/chemistry\/wp-content\/uploads\/sites\/3\/2026\/02\/sabreintership-300x112.png 300w, https:\/\/natsci.uprrp.edu\/chemistry\/wp-content\/uploads\/sites\/3\/2026\/02\/sabreintership-768x286.png 768w, https:\/\/natsci.uprrp.edu\/chemistry\/wp-content\/uploads\/sites\/3\/2026\/02\/sabreintership-600x223.png 600w, https:\/\/natsci.uprrp.edu\/chemistry\/wp-content\/uploads\/sites\/3\/2026\/02\/sabreintership.png 936w\" sizes=\"(max-width: 300px) 100vw, 300px\" \/>\t\t\t<\/a>\n\t\t\t\t\t<\/div>\n\t\t\n\t\t\t\t\t\t<div class=\"thim-ekits-post__content\">\n\t\t\t\t<h3 class=\"thim-ekits-post__title\">\n\t\t<a href=\"https:\/\/natsci.uprrp.edu\/chemistry\/2026\/02\/09\/convocatoria-sabre-interships-opportunity-summer-2026\/\" >\n\t\t\tConvocatoria: SaBRe interships opportunities &#8211; Summer 2026\t\t<\/a>\n\t\t<\/h3>\n\t\t\t\t<\/div>\n\t\t\t\t\t\t\t<\/div>\n\t\t\t\t<div class=\"thim-ekits-post__article post-3582 post type-post status-publish format-standard has-post-thumbnail hentry category-news\">\n\t\t\t\t\t\t\t\t\t<div class=\"thim-ekits-post__thumbnail\">\n\t\t\t<a class=\"post-thumbnail\"\n\t\t\t   href=\"https:\/\/natsci.uprrp.edu\/chemistry\/2025\/07\/02\/actividad-de-avaluo-del-departamento-de-quimica-resenada-en-la-primera-edicion-de-la-revista-de-la-diia\/\" >\n\t\t\t\t<img decoding=\"async\" width=\"300\" height=\"161\" src=\"https:\/\/natsci.uprrp.edu\/chemistry\/wp-content\/uploads\/sites\/3\/2025\/07\/95f8fdd4-49b7-4f76-a619-682d63062331-e1770936490154-300x161.jpg\" class=\"attachment-medium size-medium wp-image-3585\" alt=\"\" srcset=\"https:\/\/natsci.uprrp.edu\/chemistry\/wp-content\/uploads\/sites\/3\/2025\/07\/95f8fdd4-49b7-4f76-a619-682d63062331-e1770936490154-300x161.jpg 300w, https:\/\/natsci.uprrp.edu\/chemistry\/wp-content\/uploads\/sites\/3\/2025\/07\/95f8fdd4-49b7-4f76-a619-682d63062331-e1770936490154-1024x550.jpg 1024w, https:\/\/natsci.uprrp.edu\/chemistry\/wp-content\/uploads\/sites\/3\/2025\/07\/95f8fdd4-49b7-4f76-a619-682d63062331-e1770936490154-768x413.jpg 768w, https:\/\/natsci.uprrp.edu\/chemistry\/wp-content\/uploads\/sites\/3\/2025\/07\/95f8fdd4-49b7-4f76-a619-682d63062331-e1770936490154-1536x826.jpg 1536w, https:\/\/natsci.uprrp.edu\/chemistry\/wp-content\/uploads\/sites\/3\/2025\/07\/95f8fdd4-49b7-4f76-a619-682d63062331-e1770936490154-600x323.jpg 600w, https:\/\/natsci.uprrp.edu\/chemistry\/wp-content\/uploads\/sites\/3\/2025\/07\/95f8fdd4-49b7-4f76-a619-682d63062331-e1770936490154.jpg 1600w\" sizes=\"(max-width: 300px) 100vw, 300px\" \/>\t\t\t<\/a>\n\t\t\t\t\t<\/div>\n\t\t\n\t\t\t\t\t\t<div class=\"thim-ekits-post__content\">\n\t\t\t\t<h3 class=\"thim-ekits-post__title\">\n\t\t<a href=\"https:\/\/natsci.uprrp.edu\/chemistry\/2025\/07\/02\/actividad-de-avaluo-del-departamento-de-quimica-resenada-en-la-primera-edicion-de-la-revista-de-la-diia\/\" >\n\t\t\tActividad de Aval\u00fao del Departamento de Qu\u00edmica rese\u00f1ada en la primera edici\u00f3n de la revista de la DIIA\t\t<\/a>\n\t\t<\/h3>\n\t\t\t\t<\/div>\n\t\t\t\t\t\t\t<\/div>\n\t\t\t\t<div class=\"thim-ekits-post__article post-3560 post type-post status-publish format-standard has-post-thumbnail hentry category-events category-news\">\n\t\t\t\t\t\t\t\t\t<div class=\"thim-ekits-post__thumbnail\">\n\t\t\t<a class=\"post-thumbnail\"\n\t\t\t   href=\"https:\/\/natsci.uprrp.edu\/chemistry\/2025\/07\/02\/campamento-de-verano-2025-explora-la-quimica-para-la-vida\/\" >\n\t\t\t\t<img fetchpriority=\"high\" decoding=\"async\" width=\"300\" height=\"167\" src=\"https:\/\/natsci.uprrp.edu\/chemistry\/wp-content\/uploads\/sites\/3\/2025\/07\/Screenshot-2025-07-02-at-3.41.20\u202fPM-300x167.png\" class=\"attachment-medium size-medium wp-image-3578\" alt=\"\" srcset=\"https:\/\/natsci.uprrp.edu\/chemistry\/wp-content\/uploads\/sites\/3\/2025\/07\/Screenshot-2025-07-02-at-3.41.20\u202fPM-300x167.png 300w, https:\/\/natsci.uprrp.edu\/chemistry\/wp-content\/uploads\/sites\/3\/2025\/07\/Screenshot-2025-07-02-at-3.41.20\u202fPM-1024x569.png 1024w, https:\/\/natsci.uprrp.edu\/chemistry\/wp-content\/uploads\/sites\/3\/2025\/07\/Screenshot-2025-07-02-at-3.41.20\u202fPM-768x426.png 768w, https:\/\/natsci.uprrp.edu\/chemistry\/wp-content\/uploads\/sites\/3\/2025\/07\/Screenshot-2025-07-02-at-3.41.20\u202fPM-1536x853.png 1536w, https:\/\/natsci.uprrp.edu\/chemistry\/wp-content\/uploads\/sites\/3\/2025\/07\/Screenshot-2025-07-02-at-3.41.20\u202fPM-2048x1137.png 2048w, https:\/\/natsci.uprrp.edu\/chemistry\/wp-content\/uploads\/sites\/3\/2025\/07\/Screenshot-2025-07-02-at-3.41.20\u202fPM-600x333.png 600w\" sizes=\"(max-width: 300px) 100vw, 300px\" \/>\t\t\t<\/a>\n\t\t\t\t\t<\/div>\n\t\t\n\t\t\t\t\t\t<div class=\"thim-ekits-post__content\">\n\t\t\t\t<h3 class=\"thim-ekits-post__title\">\n\t\t<a href=\"https:\/\/natsci.uprrp.edu\/chemistry\/2025\/07\/02\/campamento-de-verano-2025-explora-la-quimica-para-la-vida\/\" >\n\t\t\tCampamento de Verano 2025: \u00a1Explora la Qu\u00edmica para la Vida!\t\t<\/a>\n\t\t<\/h3>\n\t\t\t\t<\/div>\n\t\t\t\t\t\t\t<\/div>\n\t\t\t\t<div class=\"thim-ekits-post__article post-3233 post type-post status-publish format-standard has-post-thumbnail hentry category-news\">\n\t\t\t\t\t\t\t\t\t<div class=\"thim-ekits-post__thumbnail\">\n\t\t\t<a class=\"post-thumbnail\"\n\t\t\t   href=\"https:\/\/natsci.uprrp.edu\/chemistry\/2024\/04\/04\/upr-researchers-invented-a-new-aqueous-rechargeable-indium-metal-battery-and-published-their-work-in-jacs\/\" >\n\t\t\t\t<img loading=\"lazy\" decoding=\"async\" width=\"300\" height=\"176\" src=\"https:\/\/natsci.uprrp.edu\/chemistry\/wp-content\/uploads\/sites\/3\/2024\/04\/WhatsApp-Image-2024-04-04-at-1.34.43-PM-300x176.jpeg\" class=\"attachment-medium size-medium wp-image-3245\" alt=\"\" srcset=\"https:\/\/natsci.uprrp.edu\/chemistry\/wp-content\/uploads\/sites\/3\/2024\/04\/WhatsApp-Image-2024-04-04-at-1.34.43-PM-300x176.jpeg 300w, https:\/\/natsci.uprrp.edu\/chemistry\/wp-content\/uploads\/sites\/3\/2024\/04\/WhatsApp-Image-2024-04-04-at-1.34.43-PM-1024x600.jpeg 1024w, https:\/\/natsci.uprrp.edu\/chemistry\/wp-content\/uploads\/sites\/3\/2024\/04\/WhatsApp-Image-2024-04-04-at-1.34.43-PM-768x450.jpeg 768w, https:\/\/natsci.uprrp.edu\/chemistry\/wp-content\/uploads\/sites\/3\/2024\/04\/WhatsApp-Image-2024-04-04-at-1.34.43-PM-600x351.jpeg 600w, https:\/\/natsci.uprrp.edu\/chemistry\/wp-content\/uploads\/sites\/3\/2024\/04\/WhatsApp-Image-2024-04-04-at-1.34.43-PM.jpeg 1513w\" sizes=\"(max-width: 300px) 100vw, 300px\" \/>\t\t\t<\/a>\n\t\t\t\t\t<\/div>\n\t\t\n\t\t\t\t\t\t<div class=\"thim-ekits-post__content\">\n\t\t\t\t<h3 class=\"thim-ekits-post__title\">\n\t\t<a href=\"https:\/\/natsci.uprrp.edu\/chemistry\/2024\/04\/04\/upr-researchers-invented-a-new-aqueous-rechargeable-indium-metal-battery-and-published-their-work-in-jacs\/\" >\n\t\t\tUPR researchers invented a new aqueous rechargeable indium metal battery and published their work in JACS!\t\t<\/a>\n\t\t<\/h3>\n\t\t\t\t<\/div>\n\t\t\t\t\t\t\t<\/div>\n\t\t\t\t\t\t<\/div>\n\t\t\t<\/div>\n\n\t\t\t\t\t\t\t<\/div>\n\t\t\t\t<\/div>\n\t\t\t\t<div class=\"elementor-element elementor-element-30e16bf elementor-widget-divider--view-line elementor-widget elementor-widget-divider\" data-id=\"30e16bf\" data-element_type=\"widget\" data-e-type=\"widget\" data-widget_type=\"divider.default\">\n\t\t\t\t<div class=\"elementor-widget-container\">\n\t\t\t\t\t\t\t<div class=\"elementor-divider\">\n\t\t\t<span class=\"elementor-divider-separator\">\n\t\t\t\t\t\t<\/span>\n\t\t<\/div>\n\t\t\t\t\t\t<\/div>\n\t\t\t\t<\/div>\n\t\t\t\t<\/div>\n\t\t<div class=\"elementor-element elementor-element-4c0ae75 e-con-full e-flex e-con e-parent\" data-id=\"4c0ae75\" data-element_type=\"container\" data-e-type=\"container\">\n\t\t\t\t<\/div>\n\t\t<div class=\"elementor-element elementor-element-6edd8cc e-con-full e-flex e-con e-parent\" data-id=\"6edd8cc\" data-element_type=\"container\" data-e-type=\"container\">\n\t\t\t\t<div class=\"elementor-element elementor-element-ff58b21 elementor-widget elementor-widget-thim-ekits-social\" data-id=\"ff58b21\" data-element_type=\"widget\" data-e-type=\"widget\" data-widget_type=\"thim-ekits-social.default\">\n\t\t\t\t<div class=\"elementor-widget-container\">\n\t\t\t\t\t\t\t<div class=\"social-swapper\">\n\t\t\t\n\t\t<ul class=\"thim-social-media\">\n\t\t\t\t\t\t\t\t\t\t\t\t<li class=\"elementor-repeater-item-3098c43\">\n\t\t\t\t\t\t<a href=\"https:\/\/www.facebook.com\/share\/g\/1BRDhFPTJE\/?mibextid=wwXIfr\" target=\"_blank\">\n\t\t\t\t\t\t\t\t\t\t\t\t\t\t\t<i aria-hidden=\"true\" class=\"fab fa-facebook-f\"><\/i>\t\t\t\t\t\t\t\n\t\t\t\t\t\t\t\t\t\t\t\t\t\t\tFacebook\t\t\t\t\t\t\t\n\t\t\t\t\t\t\t\t\t\t\t\t\t<\/a>\n\t\t\t\t\t<\/li>\n\t\t\t\t\t\t\t\t\t\t\t\t\t\t\t\t<li class=\"elementor-repeater-item-1b09f64\">\n\t\t\t\t\t\t<a href=\"https:\/\/www.instagram.com\/quimica.uprrp\/\">\n\t\t\t\t\t\t\t\t\t\t\t\t\t\t\t<svg aria-hidden=\"true\" class=\"e-font-icon-svg e-fab-instagram\" viewBox=\"0 0 448 512\" xmlns=\"http:\/\/www.w3.org\/2000\/svg\"><path d=\"M224.1 141c-63.6 0-114.9 51.3-114.9 114.9s51.3 114.9 114.9 114.9S339 319.5 339 255.9 287.7 141 224.1 141zm0 189.6c-41.1 0-74.7-33.5-74.7-74.7s33.5-74.7 74.7-74.7 74.7 33.5 74.7 74.7-33.6 74.7-74.7 74.7zm146.4-194.3c0 14.9-12 26.8-26.8 26.8-14.9 0-26.8-12-26.8-26.8s12-26.8 26.8-26.8 26.8 12 26.8 26.8zm76.1 27.2c-1.7-35.9-9.9-67.7-36.2-93.9-26.2-26.2-58-34.4-93.9-36.2-37-2.1-147.9-2.1-184.9 0-35.8 1.7-67.6 9.9-93.9 36.1s-34.4 58-36.2 93.9c-2.1 37-2.1 147.9 0 184.9 1.7 35.9 9.9 67.7 36.2 93.9s58 34.4 93.9 36.2c37 2.1 147.9 2.1 184.9 0 35.9-1.7 67.7-9.9 93.9-36.2 26.2-26.2 34.4-58 36.2-93.9 2.1-37 2.1-147.8 0-184.8zM398.8 388c-7.8 19.6-22.9 34.7-42.6 42.6-29.5 11.7-99.5 9-132.1 9s-102.7 2.6-132.1-9c-19.6-7.8-34.7-22.9-42.6-42.6-11.7-29.5-9-99.5-9-132.1s-2.6-102.7 9-132.1c7.8-19.6 22.9-34.7 42.6-42.6 29.5-11.7 99.5-9 132.1-9s102.7-2.6 132.1 9c19.6 7.8 34.7 22.9 42.6 42.6 11.7 29.5 9 99.5 9 132.1s2.7 102.7-9 132.1z\"><\/path><\/svg>\t\t\t\t\t\t\t\n\t\t\t\t\t\t\t\t\t\t\t\t\t\t\tInstagram\t\t\t\t\t\t\t\n\t\t\t\t\t\t\t\t\t\t\t\t\t<\/a>\n\t\t\t\t\t<\/li>\n\t\t\t\t\t\t\t\t\t<\/ul>\n\t\t\t\t<\/div>\n\t\t\t\t\t\t<\/div>\n\t\t\t\t<\/div>\n\t\t\t\t<\/div>\n\t\t\t\t<\/div>\n\t\t","protected":false},"excerpt":{"rendered":"<p>Qui\u00e9nes Somos El Departamento de Qu\u00edmica forma parte de la Facultad de Ciencias Naturales de la Universidad de Puerto Rico, Recinto de R\u00edo Piedras. Nuestro programa est\u00e1 certificado por la American Chemical Society (ACS) y acreditado por la Middle States Commission on Higher Education (MSCHE), lo que garantiza los m\u00e1s &hellip; <\/p>\n","protected":false},"author":40,"featured_media":3705,"parent":1859,"menu_order":0,"comment_status":"closed","ping_status":"closed","template":"elementor_header_footer","meta":{"footnotes":""},"class_list":["post-137","page","type-page","status-publish","has-post-thumbnail","hentry"],"_links":{"self":[{"href":"https:\/\/natsci.uprrp.edu\/chemistry\/wp-json\/wp\/v2\/pages\/137","targetHints":{"allow":["GET"]}}],"collection":[{"href":"https:\/\/natsci.uprrp.edu\/chemistry\/wp-json\/wp\/v2\/pages"}],"about":[{"href":"https:\/\/natsci.uprrp.edu\/chemistry\/wp-json\/wp\/v2\/types\/page"}],"author":[{"embeddable":true,"href":"https:\/\/natsci.uprrp.edu\/chemistry\/wp-json\/wp\/v2\/users\/40"}],"replies":[{"embeddable":true,"href":"https:\/\/natsci.uprrp.edu\/chemistry\/wp-json\/wp\/v2\/comments?post=137"}],"version-history":[{"count":95,"href":"https:\/\/natsci.uprrp.edu\/chemistry\/wp-json\/wp\/v2\/pages\/137\/revisions"}],"predecessor-version":[{"id":3948,"href":"https:\/\/natsci.uprrp.edu\/chemistry\/wp-json\/wp\/v2\/pages\/137\/revisions\/3948"}],"up":[{"embeddable":true,"href":"https:\/\/natsci.uprrp.edu\/chemistry\/wp-json\/wp\/v2\/pages\/1859"}],"wp:featuredmedia":[{"embeddable":true,"href":"https:\/\/natsci.uprrp.edu\/chemistry\/wp-json\/wp\/v2\/media\/3705"}],"wp:attachment":[{"href":"https:\/\/natsci.uprrp.edu\/chemistry\/wp-json\/wp\/v2\/media?parent=137"}],"curies":[{"name":"wp","href":"https:\/\/api.w.org\/{rel}","templated":true}]}}