{"id":108,"date":"2018-08-11T10:26:25","date_gmt":"2018-08-11T10:26:25","guid":{"rendered":"http:\/\/natsci.uprrp.edu\/chemistry\/?page_id=108"},"modified":"2018-08-13T11:17:24","modified_gmt":"2018-08-13T11:17:24","slug":"course-requirements-for-the-graduate-program","status":"publish","type":"page","link":"https:\/\/natsci.uprrp.edu\/chemistry\/course-requirements-for-the-graduate-program\/","title":{"rendered":"Course Requirements for the Graduate Program"},"content":{"rendered":"<p>The course requirements for the Graduate Program of the Department of Chemistry at the University of Puerto Rico, Rio Piedras Campus are the following for the Master of Science and the Doctor of Philosophy in Science degree.\u00a0\u00a0<span style=\"color: #ff00ff\">Falta a\u00f1adir informaci\u00f3n<\/span><\/p>\n<p>[accordions]<br \/>\n[accordion title=&#8221;Master of Science&#8221; load=&#8221;hide&#8221;]<span style=\"color: #ff00ff\">P\u00e1gina bajo construcci\u00f3n.\u00a0 [<\/span>\/accordion]<br \/>\n[accordion title=&#8221;Doctor of Philosophy of Science&#8221; load=&#8221;hide&#8221;]<span style=\"color: #ff00ff\">P\u00e1gina bajo construcci\u00f3n\u00a0 \u00a0 \u00a0<\/span>[\/accordion]<br \/>\n[\/accordions]<\/p>\n","protected":false},"excerpt":{"rendered":"<p>The course requirements for the Graduate Program of the Department of Chemistry at the University of Puerto Rico, Rio Piedras Campus are the following for the Master of Science and the Doctor of Philosophy in Science degree.\u00a0\u00a0Falta a\u00f1adir informaci\u00f3n [accordions] [accordion title=&#8221;Master of Science&#8221; load=&#8221;hide&#8221;]P\u00e1gina bajo construcci\u00f3n.\u00a0 [\/accordion] [accordion title=&#8221;Doctor &hellip; <\/p>\n","protected":false},"author":7,"featured_media":0,"parent":0,"menu_order":0,"comment_status":"closed","ping_status":"closed","template":"","meta":{"rs_blank_template":"","rs_page_bg_color":"","slide_template_v7":"","footnotes":""},"class_list":["post-108","page","type-page","status-publish","hentry"],"_links":{"self":[{"href":"https:\/\/natsci.uprrp.edu\/chemistry\/wp-json\/wp\/v2\/pages\/108","targetHints":{"allow":["GET"]}}],"collection":[{"href":"https:\/\/natsci.uprrp.edu\/chemistry\/wp-json\/wp\/v2\/pages"}],"about":[{"href":"https:\/\/natsci.uprrp.edu\/chemistry\/wp-json\/wp\/v2\/types\/page"}],"author":[{"embeddable":true,"href":"https:\/\/natsci.uprrp.edu\/chemistry\/wp-json\/wp\/v2\/users\/7"}],"replies":[{"embeddable":true,"href":"https:\/\/natsci.uprrp.edu\/chemistry\/wp-json\/wp\/v2\/comments?post=108"}],"version-history":[{"count":4,"href":"https:\/\/natsci.uprrp.edu\/chemistry\/wp-json\/wp\/v2\/pages\/108\/revisions"}],"predecessor-version":[{"id":332,"href":"https:\/\/natsci.uprrp.edu\/chemistry\/wp-json\/wp\/v2\/pages\/108\/revisions\/332"}],"wp:attachment":[{"href":"https:\/\/natsci.uprrp.edu\/chemistry\/wp-json\/wp\/v2\/media?parent=108"}],"curies":[{"name":"wp","href":"https:\/\/api.w.org\/{rel}","templated":true}]}}