{"id":523,"date":"2023-02-14T20:54:49","date_gmt":"2023-02-14T20:54:49","guid":{"rendered":"https:\/\/natsci.uprrp.edu\/ccom\/?page_id=523"},"modified":"2023-08-02T18:24:45","modified_gmt":"2023-08-02T18:24:45","slug":"second-concentration-in-computer-science","status":"publish","type":"page","link":"https:\/\/natsci.uprrp.edu\/ccom\/second-concentration-in-computer-science\/","title":{"rendered":"Second concentration in Computer Science"},"content":{"rendered":"<p>The following course sequence can be followed to obtain a Second concentration in Computer Science:<\/p>\n<p>&nbsp;<\/p>\n<p>&nbsp;<\/p>\n<p><b>Cursos de la Facultad de Ciencias Naturales<\/b><\/p>\n<table>\n<tbody>\n<tr>\n<td><\/td>\n<td><\/td>\n<td>Cr\u00e9ditos<\/td>\n<\/tr>\n<tr>\n<td>MATE 3151<\/td>\n<td>C\u00e1lculo I<\/td>\n<td>4<\/td>\n<\/tr>\n<tr>\n<td>MATE 3152<\/td>\n<td>C\u00e1lculo II<\/td>\n<td>4<\/td>\n<\/tr>\n<tr>\n<td><\/td>\n<td>Total<\/td>\n<td>8<\/td>\n<\/tr>\n<\/tbody>\n<\/table>\n<p>&nbsp;<\/p>\n<p><b>Cursos del Departamento de Ciencia de C\u00f3mputos<\/b><\/p>\n<table>\n<tbody>\n<tr>\n<td><\/td>\n<td><\/td>\n<td>Cr\u00e9ditos<\/td>\n<\/tr>\n<tr>\n<td>CCOM 3030<\/td>\n<td>Introducci\u00f3n a la Ciencia de C\u00f3mputos<\/td>\n<td>3<\/td>\n<\/tr>\n<tr>\n<td>CCOM 3020<\/td>\n<td>Matem\u00e1ticas Discretas<\/td>\n<td>3<\/td>\n<\/tr>\n<tr>\n<td>CCOM 4029<\/td>\n<td>Lenguajes de Alto Nivel<\/td>\n<td>3<\/td>\n<\/tr>\n<tr>\n<td>CCOM 3033<\/td>\n<td>Introducci\u00f3n a la Programaci\u00f3n de Computadoras<\/td>\n<td>3<\/td>\n<\/tr>\n<tr>\n<td>CCOM 3034<\/td>\n<td>Estructura de Datos<\/td>\n<td>3<\/td>\n<\/tr>\n<tr>\n<td>CCOM 4017<\/td>\n<td>Sistemas Operativos<\/td>\n<td>3<\/td>\n<\/tr>\n<tr>\n<td>CCOM 4027<\/td>\n<td>Introducci\u00f3n al Manejo de Datos<\/td>\n<td>3<\/td>\n<\/tr>\n<tr>\n<td>CCOM 4030<\/td>\n<td>Ingenier\u00eda de Software<\/td>\n<td>3<\/td>\n<\/tr>\n<tr>\n<td>CCOM 5050<\/td>\n<td>Dise\u00f1o y An\u00e1lisis de Algoritmos<\/td>\n<td>3<\/td>\n<\/tr>\n<tr>\n<td>CCOM 4086<\/td>\n<td>Arquitectura de Computadoras<\/td>\n<td>3<\/td>\n<\/tr>\n<tr>\n<td>CCOM 4088<\/td>\n<td>Ciberseguridad<\/td>\n<td>3<\/td>\n<\/tr>\n<tr>\n<td>(una)<\/td>\n<td>Electiva en CCOM<\/td>\n<td>3<\/td>\n<\/tr>\n<tr>\n<td><\/td>\n<td>Total<\/td>\n<td>36<\/td>\n<\/tr>\n<\/tbody>\n<\/table>\n","protected":false},"excerpt":{"rendered":"<p>The following course sequence can be followed to obtain a Second concentration in Computer Science: &nbsp; &nbsp; Cursos de la Facultad de Ciencias Naturales Cr\u00e9ditos MATE 3151 C\u00e1lculo I 4 MATE 3152 C\u00e1lculo II 4 Total 8 &nbsp; Cursos del Departamento de Ciencia de C\u00f3mputos Cr\u00e9ditos CCOM 3030 Introducci\u00f3n a la Ciencia de C\u00f3mputos 3<\/p>\n<div class=\"read-more\"><a href=\"https:\/\/natsci.uprrp.edu\/ccom\/second-concentration-in-computer-science\/\" title=\"Read More\">Read More<\/a><\/div>\n","protected":false},"author":8,"featured_media":0,"parent":0,"menu_order":0,"comment_status":"closed","ping_status":"closed","template":"","meta":{"footnotes":""},"class_list":["post-523","page","type-page","status-publish"],"_links":{"self":[{"href":"https:\/\/natsci.uprrp.edu\/ccom\/wp-json\/wp\/v2\/pages\/523","targetHints":{"allow":["GET"]}}],"collection":[{"href":"https:\/\/natsci.uprrp.edu\/ccom\/wp-json\/wp\/v2\/pages"}],"about":[{"href":"https:\/\/natsci.uprrp.edu\/ccom\/wp-json\/wp\/v2\/types\/page"}],"author":[{"embeddable":true,"href":"https:\/\/natsci.uprrp.edu\/ccom\/wp-json\/wp\/v2\/users\/8"}],"replies":[{"embeddable":true,"href":"https:\/\/natsci.uprrp.edu\/ccom\/wp-json\/wp\/v2\/comments?post=523"}],"version-history":[{"count":5,"href":"https:\/\/natsci.uprrp.edu\/ccom\/wp-json\/wp\/v2\/pages\/523\/revisions"}],"predecessor-version":[{"id":590,"href":"https:\/\/natsci.uprrp.edu\/ccom\/wp-json\/wp\/v2\/pages\/523\/revisions\/590"}],"wp:attachment":[{"href":"https:\/\/natsci.uprrp.edu\/ccom\/wp-json\/wp\/v2\/media?parent=523"}],"curies":[{"name":"wp","href":"https:\/\/api.w.org\/{rel}","templated":true}]}}