{"id":13,"date":"2018-01-11T17:54:35","date_gmt":"2018-01-11T17:54:35","guid":{"rendered":"http:\/\/natsci.uprrp.edu\/ccom\/?page_id=13"},"modified":"2026-01-14T19:11:26","modified_gmt":"2026-01-14T19:11:26","slug":"13-2","status":"publish","type":"page","link":"https:\/\/natsci.uprrp.edu\/ccom\/","title":{"rendered":""},"content":{"rendered":"\t\t<div data-elementor-type=\"wp-page\" data-elementor-id=\"13\" class=\"elementor elementor-13\">\n\t\t\t\t<div class=\"elementor-element elementor-element-17751174 e-flex e-con-boxed e-con e-parent\" data-id=\"17751174\" data-element_type=\"container\" data-e-type=\"container\">\n\t\t\t\t\t<div class=\"e-con-inner\">\n\t\t\t\t<div class=\"elementor-element elementor-element-7c233ba9 elementor-widget elementor-widget-text-editor\" data-id=\"7c233ba9\" data-element_type=\"widget\" data-e-type=\"widget\" data-widget_type=\"text-editor.default\">\n\t\t\t\t<div class=\"elementor-widget-container\">\n\t\t\t\t\t\t\t\t\t<h3>Welcome to our Department and campus<\/h3>\n<p><img decoding=\"async\" class=\"alignright wp-image-151\" style=\"font-size: 14px\" src=\"http:\/\/natsci.uprrp.edu\/ccom\/wp-content\/uploads\/sites\/4\/2018\/04\/gallo.png\" alt=\"Logo of the Department of Computer Science\" width=\"204\" height=\"138\" srcset=\"https:\/\/natsci.uprrp.edu\/ccom\/wp-content\/uploads\/sites\/4\/2018\/04\/gallo.png 271w, https:\/\/natsci.uprrp.edu\/ccom\/wp-content\/uploads\/sites\/4\/2018\/04\/gallo-269x183.png 269w\" sizes=\"(max-width: 204px) 100vw, 204px\" \/><\/p>\n<p>The Department of Computer Science at the University of Puerto Rico, R\u00edo Piedras (UPR-RP) campus offers a comprehensive range of academic opportunities:<\/p>\n<ul>\n<li><strong>Bachelor of Science in Computer Science<\/strong> (ABET-accredited)&nbsp; (see <em>Undergraduate Program<\/em>)<\/li>\n<li><strong>Minors in: Cybersecurity, and Programming and Computation<\/strong> (see <em>Undergraduate Program<\/em>)<\/li>\n<li><strong>Master of Science (MS) and Doctor of Philosophy (PhD)<\/strong> graduate degrees (see <em>Graduate Program<\/em>)<\/li>\n<\/ul>\n<p>The R\u00edo Piedras campus of the University of Puerto Rico is located in the capital, San Juan. Recognized by the Carnegie Foundation for High Research Activity, it is the largest campus in the University of Puerto Rico system and a premier Hispanic-serving Institution.<\/p>\n<p><span style=\"font-weight: 400\">The Department of Computer Science is increasingly popular among students. The location and status of UPR-RP attracts to our department some of the <\/span><b>area\u2019s brightest students who enjoy several fellowship opportunities.<\/b><\/p>\n<p><span style=\"font-size: 14px\"><strong>Research<\/strong> and <strong>development<\/strong> are major focus in the department. There are abundant research funding opportunities, both from federal (e.g. NSF, NIH) and local sources (PR Science and Technology Trust). The department is home to a number of current research, and educational awards, as well as to development projects sponsored by federal, state, and institutional awards.&nbsp; The Computer Science department is also home of the <a href=\"http:\/\/cdcc.uprrp.edu\">Center for Computer Development and Consulting<\/a> (CDC2 by its acronym in Spanish).<\/span><\/p>\n<p><a href=\"http:\/\/natsci.uprrp.edu\/ccom\/about-us\/\">More about us &#8230;<\/a><\/p>\n<hr>\n<p class=\"p1\"><em>La Universidad de Puerto Rico es un patrono con igualdad de oportunidad de empleo sin tomar en consideraci\u00f3n su raza, color, creencias&nbsp;religiosas, ideas pol\u00edticas, sexo, condici\u00f3n social, nacionalidad, edad, estado civil, clasificaci\u00f3n militar, por orientaci\u00f3n sexual o identidad&nbsp;de g\u00e9nero, condici\u00f3n de salud, incapacidad o condici\u00f3n m\u00e9dica no relacionada al trabajo o cualquier condici\u00f3n protegida por las constituciones y las leyes del Estado Libre Asociado de Puerto Rico o los Estados Unidos de Am\u00e9rica. Somos un patrono con un programa&nbsp;de acci\u00f3n afirmativa que cumple con los reglamentos gubernamentales.<\/em><\/p>\n<p class=\"p1\"><em><b><a href=\"https:\/\/natsci.uprrp.edu\/ccom\/wp-content\/uploads\/sites\/4\/2026\/01\/ofertaC52.pdf\">OFERTA ACAD\u00c9MICA SEGUNDO SEMESTRE 2025-2026<\/a><\/b><\/em><\/p>\t\t\t\t\t\t\t\t<\/div>\n\t\t\t\t<\/div>\n\t\t\t\t\t<\/div>\n\t\t\t\t<\/div>\n\t\t\t\t<\/div>\n\t\t","protected":false},"excerpt":{"rendered":"<p>Welcome to our Department and campus The Department of Computer Science at the University of Puerto Rico, R\u00edo Piedras (UPR-RP) campus offers a comprehensive range of academic opportunities: Bachelor of Science in Computer Science (ABET-accredited)&nbsp; (see Undergraduate Program) Minors in: Cybersecurity, and Programming and Computation (see Undergraduate Program) Master of Science (MS) and Doctor of<\/p>\n<div class=\"read-more\"><a href=\"https:\/\/natsci.uprrp.edu\/ccom\/\" title=\"Read More\">Read More<\/a><\/div>\n","protected":false},"author":8,"featured_media":0,"parent":0,"menu_order":0,"comment_status":"closed","ping_status":"closed","template":"","meta":{"footnotes":""},"class_list":["post-13","page","type-page","status-publish"],"_links":{"self":[{"href":"https:\/\/natsci.uprrp.edu\/ccom\/wp-json\/wp\/v2\/pages\/13","targetHints":{"allow":["GET"]}}],"collection":[{"href":"https:\/\/natsci.uprrp.edu\/ccom\/wp-json\/wp\/v2\/pages"}],"about":[{"href":"https:\/\/natsci.uprrp.edu\/ccom\/wp-json\/wp\/v2\/types\/page"}],"author":[{"embeddable":true,"href":"https:\/\/natsci.uprrp.edu\/ccom\/wp-json\/wp\/v2\/users\/8"}],"replies":[{"embeddable":true,"href":"https:\/\/natsci.uprrp.edu\/ccom\/wp-json\/wp\/v2\/comments?post=13"}],"version-history":[{"count":34,"href":"https:\/\/natsci.uprrp.edu\/ccom\/wp-json\/wp\/v2\/pages\/13\/revisions"}],"predecessor-version":[{"id":1356,"href":"https:\/\/natsci.uprrp.edu\/ccom\/wp-json\/wp\/v2\/pages\/13\/revisions\/1356"}],"wp:attachment":[{"href":"https:\/\/natsci.uprrp.edu\/ccom\/wp-json\/wp\/v2\/media?parent=13"}],"curies":[{"name":"wp","href":"https:\/\/api.w.org\/{rel}","templated":true}]}}