{"id":9708,"date":"2022-02-09T19:59:17","date_gmt":"2022-02-09T19:59:17","guid":{"rendered":"https:\/\/natsci.uprrp.edu\/cahreus\/?page_id=9708"},"modified":"2022-02-09T20:27:59","modified_gmt":"2022-02-09T20:27:59","slug":"mrs-idenisse-rivera-cosme","status":"publish","type":"page","link":"https:\/\/natsci.uprrp.edu\/cahreus\/mrs-idenisse-rivera-cosme\/","title":{"rendered":"Mrs. Idenisse Rivera Cosme"},"content":{"rendered":"\t\t<div data-elementor-type=\"wp-page\" data-elementor-id=\"9708\" class=\"elementor elementor-9708\">\n\t\t\t\t\t\t<section class=\"elementor-section elementor-top-section elementor-element elementor-element-e8c23be elementor-section-boxed elementor-section-height-default elementor-section-height-default\" data-id=\"e8c23be\" data-element_type=\"section\" data-e-type=\"section\">\n\t\t\t\t\t\t<div class=\"elementor-container elementor-column-gap-default\">\n\t\t\t\t\t<div class=\"elementor-column elementor-col-100 elementor-top-column elementor-element elementor-element-f0cfd20\" data-id=\"f0cfd20\" data-element_type=\"column\" data-e-type=\"column\">\n\t\t\t<div class=\"elementor-widget-wrap elementor-element-populated\">\n\t\t\t\t\t\t<div class=\"elementor-element elementor-element-89f3a36 elementor-widget-divider--view-line elementor-widget elementor-widget-divider\" data-id=\"89f3a36\" data-element_type=\"widget\" data-e-type=\"widget\" data-widget_type=\"divider.default\">\n\t\t\t\t<div class=\"elementor-widget-container\">\n\t\t\t\t\t\t\t<div class=\"elementor-divider\">\n\t\t\t<span class=\"elementor-divider-separator\">\n\t\t\t\t\t\t<\/span>\n\t\t<\/div>\n\t\t\t\t\t\t<\/div>\n\t\t\t\t<\/div>\n\t\t\t\t\t<\/div>\n\t\t<\/div>\n\t\t\t\t\t<\/div>\n\t\t<\/section>\n\t\t\t\t<section class=\"elementor-section elementor-top-section elementor-element elementor-element-db6f498 elementor-section-boxed elementor-section-height-default elementor-section-height-default\" data-id=\"db6f498\" data-element_type=\"section\" data-e-type=\"section\">\n\t\t\t\t\t\t<div class=\"elementor-container elementor-column-gap-default\">\n\t\t\t\t\t<div class=\"elementor-column elementor-col-33 elementor-top-column elementor-element elementor-element-c24267d\" data-id=\"c24267d\" data-element_type=\"column\" data-e-type=\"column\">\n\t\t\t<div class=\"elementor-widget-wrap elementor-element-populated\">\n\t\t\t\t\t\t<div class=\"elementor-element elementor-element-af34080 elementor-widget elementor-widget-image\" data-id=\"af34080\" data-element_type=\"widget\" data-e-type=\"widget\" data-widget_type=\"image.default\">\n\t\t\t\t<div class=\"elementor-widget-container\">\n\t\t\t\t\t\t\t\t\t\t\t\t\t\t\t<img fetchpriority=\"high\" decoding=\"async\" width=\"640\" height=\"571\" src=\"https:\/\/natsci.uprrp.edu\/cahreus\/wp-content\/uploads\/sites\/24\/2022\/02\/Idenisse-Rivera-Cosme-1024x913.png\" class=\"attachment-large size-large wp-image-9635\" alt=\"\" srcset=\"https:\/\/natsci.uprrp.edu\/cahreus\/wp-content\/uploads\/sites\/24\/2022\/02\/Idenisse-Rivera-Cosme-1024x913.png 1024w, https:\/\/natsci.uprrp.edu\/cahreus\/wp-content\/uploads\/sites\/24\/2022\/02\/Idenisse-Rivera-Cosme-300x267.png 300w, https:\/\/natsci.uprrp.edu\/cahreus\/wp-content\/uploads\/sites\/24\/2022\/02\/Idenisse-Rivera-Cosme.png 1280w\" sizes=\"(max-width: 640px) 100vw, 640px\" \/>\t\t\t\t\t\t\t\t\t\t\t\t\t\t\t<\/div>\n\t\t\t\t<\/div>\n\t\t\t\t\t<\/div>\n\t\t<\/div>\n\t\t\t\t<div class=\"elementor-column elementor-col-66 elementor-top-column elementor-element elementor-element-8adc172\" data-id=\"8adc172\" data-element_type=\"column\" data-e-type=\"column\">\n\t\t\t<div class=\"elementor-widget-wrap elementor-element-populated\">\n\t\t\t\t\t\t<div class=\"elementor-element elementor-element-f46c686 elementor-widget elementor-widget-text-editor\" data-id=\"f46c686\" data-element_type=\"widget\" data-e-type=\"widget\" data-widget_type=\"text-editor.default\">\n\t\t\t\t<div class=\"elementor-widget-container\">\n\t\t\t\t\t\t\t\t\t<h2><span style=\"color: #ff0000\"><strong>Administrativa: Sra. <\/strong>Idenisse Rivera Cosme<\/span><\/h2><p>La Sra. Rivera Cosme es natural de Bayam\u00f3n, Puerto Rico. La Sra. Rivera finaliz\u00f3 en el 2007 su bachillerato en Qu\u00edmica en la Universidad Interamericana Recinto Metro y complet\u00f3 su maestr\u00eda \u00a0en Ciencias y Tecnolog\u00eda de la Informaci\u00f3n en la Universidad de Puerto Rico Recinto de R\u00edo Piedras en el 2015. Actualmente, la Sra. Rivera es T\u00e9cnico de Laboratorio y es la encargada del Almac\u00e9n de Qu\u00edmica del Departamento de Qu\u00edmica de la Universidad de Puerto Rico Recinto de R\u00edo Piedras y es la encargada de coordinar la log\u00edstica y el mantenimiento de los diferentes equipos para el Centro de Recursos de CAHREUS.<\/p><h2><span style=\"color: #ff0000\"><strong>Administrative: Mrs. <\/strong>Idenisse Rivera Cosme<\/span><\/h2><p>Mrs. Idenisse Rivera Cosme is native of Bayam\u00f3n, Puerto Rico. In 2007, Mrs. Rivera finished her bachelor&#8217;s degree in Chemistry at the Interamerican University, Metro Campus, and completed her master&#8217;s degree in Science and Information Technology at the University of Puerto Rico R\u00edo Piedras Campus, in 2015. Currently, Mrs. Rivera is a Laboratory Technician and is She is in charge of the Chemistry Warehouse of the Chemistry Department of the University of Puerto Rico, R\u00edo Piedras Campus, and is in charge of coordinating the logistics and maintenance of the different equipment for the CAHREUS Resource Center.<\/p>\t\t\t\t\t\t\t\t<\/div>\n\t\t\t\t<\/div>\n\t\t\t\t\t<\/div>\n\t\t<\/div>\n\t\t\t\t\t<\/div>\n\t\t<\/section>\n\t\t\t\t<section class=\"elementor-section elementor-top-section elementor-element elementor-element-2776376 elementor-section-boxed elementor-section-height-default elementor-section-height-default\" data-id=\"2776376\" data-element_type=\"section\" data-e-type=\"section\">\n\t\t\t\t\t\t<div class=\"elementor-container elementor-column-gap-default\">\n\t\t\t\t\t<div class=\"elementor-column elementor-col-100 elementor-top-column elementor-element elementor-element-e82f060\" data-id=\"e82f060\" data-element_type=\"column\" data-e-type=\"column\">\n\t\t\t<div class=\"elementor-widget-wrap elementor-element-populated\">\n\t\t\t\t\t\t<div class=\"elementor-element elementor-element-257db05 elementor-widget-divider--view-line elementor-widget elementor-widget-divider\" data-id=\"257db05\" data-element_type=\"widget\" data-e-type=\"widget\" data-widget_type=\"divider.default\">\n\t\t\t\t<div class=\"elementor-widget-container\">\n\t\t\t\t\t\t\t<div class=\"elementor-divider\">\n\t\t\t<span class=\"elementor-divider-separator\">\n\t\t\t\t\t\t<\/span>\n\t\t<\/div>\n\t\t\t\t\t\t<\/div>\n\t\t\t\t<\/div>\n\t\t\t\t<div class=\"elementor-element elementor-element-7f3e97e elementor-widget elementor-widget-text-editor\" data-id=\"7f3e97e\" data-element_type=\"widget\" data-e-type=\"widget\" data-widget_type=\"text-editor.default\">\n\t\t\t\t<div class=\"elementor-widget-container\">\n\t\t\t\t\t\t\t\t\t<h2><span style=\"color: #ff0000\">Informaci\u00f3n<\/span><\/h2><p><strong>Correo: <\/strong><span style=\"color: #0000ff\"><u>idenisse.rivera@upr.edu<\/u><\/span>\u00a0\u00a0<\/p><p><strong>Oficina: <\/strong>Ciencias Naturales Fase I. Almac\u00e9n de Qu\u00edmica<\/p><p><strong>T\u00e9lefono de Oficina: <\/strong>787-764-0000 Ext. 88495<\/p><p><strong>Hora de Oficina: <\/strong>Lunes a Viernes de 8:00 am \u2013 12:00 pm y de 1:00 \u2013 4:30 pm..<\/p>\t\t\t\t\t\t\t\t<\/div>\n\t\t\t\t<\/div>\n\t\t\t\t\t<\/div>\n\t\t<\/div>\n\t\t\t\t\t<\/div>\n\t\t<\/section>\n\t\t\t\t<\/div>\n\t\t","protected":false},"excerpt":{"rendered":"<p>Administrativa: Sra. Idenisse Rivera Cosme La Sra. Rivera Cosme es natural de Bayam\u00f3n, Puerto Rico. La Sra. Rivera finaliz\u00f3 en el 2007 su bachillerato en Qu\u00edmica en la Universidad Interamericana Recinto Metro y complet\u00f3 su maestr\u00eda \u00a0en Ciencias y Tecnolog\u00eda &hellip; <\/p>\n","protected":false},"author":42,"featured_media":0,"parent":0,"menu_order":0,"comment_status":"closed","ping_status":"closed","template":"","meta":{"_bbp_topic_count":0,"_bbp_reply_count":0,"_bbp_total_topic_count":0,"_bbp_total_reply_count":0,"_bbp_voice_count":0,"_bbp_anonymous_reply_count":0,"_bbp_topic_count_hidden":0,"_bbp_reply_count_hidden":0,"_bbp_forum_subforum_count":0,"footnotes":""},"class_list":["post-9708","page","type-page","status-publish","hentry"],"_links":{"self":[{"href":"https:\/\/natsci.uprrp.edu\/cahreus\/wp-json\/wp\/v2\/pages\/9708","targetHints":{"allow":["GET"]}}],"collection":[{"href":"https:\/\/natsci.uprrp.edu\/cahreus\/wp-json\/wp\/v2\/pages"}],"about":[{"href":"https:\/\/natsci.uprrp.edu\/cahreus\/wp-json\/wp\/v2\/types\/page"}],"author":[{"embeddable":true,"href":"https:\/\/natsci.uprrp.edu\/cahreus\/wp-json\/wp\/v2\/users\/42"}],"replies":[{"embeddable":true,"href":"https:\/\/natsci.uprrp.edu\/cahreus\/wp-json\/wp\/v2\/comments?post=9708"}],"version-history":[{"count":7,"href":"https:\/\/natsci.uprrp.edu\/cahreus\/wp-json\/wp\/v2\/pages\/9708\/revisions"}],"predecessor-version":[{"id":9727,"href":"https:\/\/natsci.uprrp.edu\/cahreus\/wp-json\/wp\/v2\/pages\/9708\/revisions\/9727"}],"wp:attachment":[{"href":"https:\/\/natsci.uprrp.edu\/cahreus\/wp-json\/wp\/v2\/media?parent=9708"}],"curies":[{"name":"wp","href":"https:\/\/api.w.org\/{rel}","templated":true}]}}