{"id":9157,"date":"2022-01-24T16:38:53","date_gmt":"2022-01-24T16:38:53","guid":{"rendered":"https:\/\/natsci.uprrp.edu\/cahreus\/?page_id=9157"},"modified":"2022-02-09T20:42:44","modified_gmt":"2022-02-09T20:42:44","slug":"yamir-torres-ed-d","status":"publish","type":"page","link":"https:\/\/natsci.uprrp.edu\/cahreus\/equipo\/yamir-torres-ed-d\/","title":{"rendered":"Yamir Torres, Ed.D."},"content":{"rendered":"\t\t<div data-elementor-type=\"wp-page\" data-elementor-id=\"9157\" class=\"elementor elementor-9157\">\n\t\t\t\t\t\t<section class=\"elementor-section elementor-top-section elementor-element elementor-element-fb2d616 elementor-section-boxed elementor-section-height-default elementor-section-height-default\" data-id=\"fb2d616\" data-element_type=\"section\" data-e-type=\"section\">\n\t\t\t\t\t\t<div class=\"elementor-container elementor-column-gap-default\">\n\t\t\t\t\t<div class=\"elementor-column elementor-col-100 elementor-top-column elementor-element elementor-element-6d22617\" data-id=\"6d22617\" data-element_type=\"column\" data-e-type=\"column\">\n\t\t\t<div class=\"elementor-widget-wrap elementor-element-populated\">\n\t\t\t\t\t\t<div class=\"elementor-element elementor-element-24cf140 elementor-widget-divider--view-line elementor-widget elementor-widget-divider\" data-id=\"24cf140\" data-element_type=\"widget\" data-e-type=\"widget\" data-widget_type=\"divider.default\">\n\t\t\t\t<div class=\"elementor-widget-container\">\n\t\t\t\t\t\t\t<div class=\"elementor-divider\">\n\t\t\t<span class=\"elementor-divider-separator\">\n\t\t\t\t\t\t<\/span>\n\t\t<\/div>\n\t\t\t\t\t\t<\/div>\n\t\t\t\t<\/div>\n\t\t\t\t\t<\/div>\n\t\t<\/div>\n\t\t\t\t\t<\/div>\n\t\t<\/section>\n\t\t\t\t<section class=\"elementor-section elementor-top-section elementor-element elementor-element-3912533 elementor-section-boxed elementor-section-height-default elementor-section-height-default\" data-id=\"3912533\" data-element_type=\"section\" data-e-type=\"section\">\n\t\t\t\t\t\t<div class=\"elementor-container elementor-column-gap-default\">\n\t\t\t\t\t<div class=\"elementor-column elementor-col-33 elementor-top-column elementor-element elementor-element-98e3c70\" data-id=\"98e3c70\" data-element_type=\"column\" data-e-type=\"column\">\n\t\t\t<div class=\"elementor-widget-wrap elementor-element-populated\">\n\t\t\t\t\t\t<div class=\"elementor-element elementor-element-2ab7362 elementor-widget elementor-widget-image\" data-id=\"2ab7362\" data-element_type=\"widget\" data-e-type=\"widget\" data-widget_type=\"image.default\">\n\t\t\t\t<div class=\"elementor-widget-container\">\n\t\t\t\t\t\t\t\t\t\t\t\t\t\t\t<img fetchpriority=\"high\" decoding=\"async\" width=\"640\" height=\"598\" src=\"https:\/\/natsci.uprrp.edu\/cahreus\/wp-content\/uploads\/sites\/24\/2022\/02\/Dr.-Yamir-A-Torres-Ruiz-1024x956.jpg\" class=\"attachment-large size-large wp-image-9631\" alt=\"\" srcset=\"https:\/\/natsci.uprrp.edu\/cahreus\/wp-content\/uploads\/sites\/24\/2022\/02\/Dr.-Yamir-A-Torres-Ruiz-1024x956.jpg 1024w, https:\/\/natsci.uprrp.edu\/cahreus\/wp-content\/uploads\/sites\/24\/2022\/02\/Dr.-Yamir-A-Torres-Ruiz-300x280.jpg 300w, https:\/\/natsci.uprrp.edu\/cahreus\/wp-content\/uploads\/sites\/24\/2022\/02\/Dr.-Yamir-A-Torres-Ruiz-1536x1433.jpg 1536w, https:\/\/natsci.uprrp.edu\/cahreus\/wp-content\/uploads\/sites\/24\/2022\/02\/Dr.-Yamir-A-Torres-Ruiz.jpg 1600w\" sizes=\"(max-width: 640px) 100vw, 640px\" \/>\t\t\t\t\t\t\t\t\t\t\t\t\t\t\t<\/div>\n\t\t\t\t<\/div>\n\t\t\t\t\t<\/div>\n\t\t<\/div>\n\t\t\t\t<div class=\"elementor-column elementor-col-66 elementor-top-column elementor-element elementor-element-eea5b09\" data-id=\"eea5b09\" data-element_type=\"column\" data-e-type=\"column\">\n\t\t\t<div class=\"elementor-widget-wrap elementor-element-populated\">\n\t\t\t\t\t\t<div class=\"elementor-element elementor-element-7a956df elementor-widget elementor-widget-text-editor\" data-id=\"7a956df\" data-element_type=\"widget\" data-e-type=\"widget\" data-widget_type=\"text-editor.default\">\n\t\t\t\t<div class=\"elementor-widget-container\">\n\t\t\t\t\t\t\t\t\t<h2><span style=\"color: #ff0000\"><strong>Investigador: <\/strong>Ed.D. Yamir Antonio Torres Ruiz<\/span><\/h2><p>El Ed.D. Yamir Antonio Torres Ruiz es natural de Arecibo, Puerto Rico. El Ed.D. Torres finaliz\u00f3 en el 2002 su bachillerato en Administraci\u00f3n de Empresas con una especialidad en Sistemas de Oficina en la Universidad de Puerto Rico, Recinto de Arecibo, en el 2005 finaliz\u00f3 su maestr\u00eda en Educaci\u00f3n Comercial en la Universidad Interamericana, Recinto Metropolitano y complet\u00f3 su Ed.D. en \u00a0Liderazgo en Organizaciones Educativas en la Universidad de Puerto Rico, Recinto de R\u00edo Piedras en el 2018. Actualmente, el Ed.D. Torres es Administrador de Proyectos Federales para la Facultad de Ciencias Naturales de la Universidad de Puerto Rico, Recinto de R\u00edo Piedras, es Ayudante Especial del Decanato de Ciencias Naturales y maneja el \u00e1rea comunitaria para evaluar el impacto generado a la comunidad universitaria y a la comunidad aleda\u00f1a a la Universidad como parte del proyecto CAHREUS.\u00a0 \u00a0<\/p><h2><span style=\"color: #ff0000\"><strong>Researcher: <\/strong>Ed.D. Yamir Antonio Torres Ruiz<\/span><\/h2><p>Ed.D. Yamir Antonio Torres Ruiz is native of Arecibo, Puerto Rico. In 2002, Ed.D. Torres finished his bachelor&#8217;s degree in Business Administration with a specialty in Office Systems at the University of Puerto Rico Arecibo Campus, in 2005 he completed his master&#8217;s degree in Business Education at the Interamerican University Metropolitan Campus and completed his Ed.D. in Leadership in Educational Organizations from the University of Puerto Rico R\u00edo Piedras Campus in 2018. Currently Ed.D.Torres is the Federal Projects Manager for the Faculty of Natural Sciences of the University of Puerto Rico R\u00edo Piedras Campus, a Special Assistant to the Dean of Natural Sciences also is manages the community area to assess the impact generated on the university community and the community surrounding the University as part of the CAHREUS project.<\/p>\t\t\t\t\t\t\t\t<\/div>\n\t\t\t\t<\/div>\n\t\t\t\t\t<\/div>\n\t\t<\/div>\n\t\t\t\t\t<\/div>\n\t\t<\/section>\n\t\t\t\t<section class=\"elementor-section elementor-top-section elementor-element elementor-element-66855e2 elementor-section-boxed elementor-section-height-default elementor-section-height-default\" data-id=\"66855e2\" data-element_type=\"section\" data-e-type=\"section\">\n\t\t\t\t\t\t<div class=\"elementor-container elementor-column-gap-default\">\n\t\t\t\t\t<div class=\"elementor-column elementor-col-100 elementor-top-column elementor-element elementor-element-816dca1\" data-id=\"816dca1\" data-element_type=\"column\" data-e-type=\"column\">\n\t\t\t<div class=\"elementor-widget-wrap elementor-element-populated\">\n\t\t\t\t\t\t<div class=\"elementor-element elementor-element-9edb9ec elementor-widget-divider--view-line elementor-widget elementor-widget-divider\" data-id=\"9edb9ec\" data-element_type=\"widget\" data-e-type=\"widget\" data-widget_type=\"divider.default\">\n\t\t\t\t<div class=\"elementor-widget-container\">\n\t\t\t\t\t\t\t<div class=\"elementor-divider\">\n\t\t\t<span class=\"elementor-divider-separator\">\n\t\t\t\t\t\t<\/span>\n\t\t<\/div>\n\t\t\t\t\t\t<\/div>\n\t\t\t\t<\/div>\n\t\t\t\t<div class=\"elementor-element elementor-element-0eb5c35 elementor-widget elementor-widget-text-editor\" data-id=\"0eb5c35\" data-element_type=\"widget\" data-e-type=\"widget\" data-widget_type=\"text-editor.default\">\n\t\t\t\t<div class=\"elementor-widget-container\">\n\t\t\t\t\t\t\t\t\t<h2><span style=\"color: #ff0000\">Informaci\u00f3n<\/span><\/h2><p><strong>Correo: <\/strong><span style=\"text-decoration: underline\"><a href=\"mailto:yamir.torres@upr.edu\">yamir.torres@upr.edu<\/a><\/span><\/p><p><strong>Expertise: <\/strong>Responsabilidad Social<\/p><p><strong>Oficina: <\/strong>Ciencias Naturales Fase II CN-152<\/p><p><strong>T\u00e9lefono de Oficina: <\/strong>787-764-0000 Ext. 87906<\/p><p><strong>T\u00e9lefono de Laboratorio:<\/strong> N\/A<\/p><p><strong>Horas de Oficina: <\/strong>Lunes a Viernes de 8:00 am \u2013 5:00 pm<\/p><p><strong>Redes Sociales:<\/strong> N\/A<\/p>\t\t\t\t\t\t\t\t<\/div>\n\t\t\t\t<\/div>\n\t\t\t\t\t<\/div>\n\t\t<\/div>\n\t\t\t\t\t<\/div>\n\t\t<\/section>\n\t\t\t\t<section class=\"elementor-section elementor-top-section elementor-element elementor-element-5776956 elementor-section-boxed elementor-section-height-default elementor-section-height-default\" data-id=\"5776956\" data-element_type=\"section\" data-e-type=\"section\">\n\t\t\t\t\t\t<div class=\"elementor-container elementor-column-gap-default\">\n\t\t\t\t\t<div class=\"elementor-column elementor-col-100 elementor-top-column elementor-element elementor-element-d8eaee1\" data-id=\"d8eaee1\" data-element_type=\"column\" data-e-type=\"column\">\n\t\t\t<div class=\"elementor-widget-wrap elementor-element-populated\">\n\t\t\t\t\t\t<div class=\"elementor-element elementor-element-cbe4aed elementor-widget-divider--view-line elementor-widget elementor-widget-divider\" data-id=\"cbe4aed\" data-element_type=\"widget\" data-e-type=\"widget\" data-widget_type=\"divider.default\">\n\t\t\t\t<div class=\"elementor-widget-container\">\n\t\t\t\t\t\t\t<div class=\"elementor-divider\">\n\t\t\t<span class=\"elementor-divider-separator\">\n\t\t\t\t\t\t<\/span>\n\t\t<\/div>\n\t\t\t\t\t\t<\/div>\n\t\t\t\t<\/div>\n\t\t\t\t<div class=\"elementor-element elementor-element-d5f1c76 elementor-widget elementor-widget-text-editor\" data-id=\"d5f1c76\" data-element_type=\"widget\" data-e-type=\"widget\" data-widget_type=\"text-editor.default\">\n\t\t\t\t<div class=\"elementor-widget-container\">\n\t\t\t\t\t\t\t\t\t<h2><span style=\"color: #ff0000\"><strong>Publicaciones<\/strong><\/span><\/h2><p><strong>Torres Ruiz, Y. A<\/strong>. (2018). Responsabilidad social universitaria desde la perspectiva de los l\u00edderes del Centro de Acci\u00f3n Urbana, Comunitaria y Empresarial de R\u00edo Piedras (CAUCE) (Disertaci\u00f3n doctoral).\u00a0 Universidad de Puerto Rico, San Juan, PR.<\/p><p>Negr\u00f3n Vel\u00e1zquez, A. I., L\u00f3pez Pi\u00f1eiro, A., Rodr\u00edguez Ramos, A. M., Hern\u00e1ndez Villahermosa, A., Abreu Mantilla, J. P., \u2026<strong>Torres Ruiz, Y. A<\/strong>. (2014). Crear un ambiente de aprendizaje personalizado y motivador para los estudiantes.\u00a0 En, I. Ramos Rodr\u00edguez (Ed.), Liderazgo did\u00e1ctico: Significado, alcance y retos (Cap. 2, pp. 53-91). Hato Rey, PR: Publicaciones puertorrique\u00f1as.<\/p>\t\t\t\t\t\t\t\t<\/div>\n\t\t\t\t<\/div>\n\t\t\t\t\t<\/div>\n\t\t<\/div>\n\t\t\t\t\t<\/div>\n\t\t<\/section>\n\t\t\t\t<\/div>\n\t\t","protected":false},"excerpt":{"rendered":"<p>Investigador: Ed.D. Yamir Antonio Torres Ruiz El Ed.D. Yamir Antonio Torres Ruiz es natural de Arecibo, Puerto Rico. El Ed.D. Torres finaliz\u00f3 en el 2002 su bachillerato en Administraci\u00f3n de Empresas con una especialidad en Sistemas de Oficina en la &hellip; <\/p>\n","protected":false},"author":41,"featured_media":0,"parent":9063,"menu_order":0,"comment_status":"closed","ping_status":"closed","template":"","meta":{"_bbp_topic_count":0,"_bbp_reply_count":0,"_bbp_total_topic_count":0,"_bbp_total_reply_count":0,"_bbp_voice_count":0,"_bbp_anonymous_reply_count":0,"_bbp_topic_count_hidden":0,"_bbp_reply_count_hidden":0,"_bbp_forum_subforum_count":0,"footnotes":""},"class_list":["post-9157","page","type-page","status-publish","hentry"],"_links":{"self":[{"href":"https:\/\/natsci.uprrp.edu\/cahreus\/wp-json\/wp\/v2\/pages\/9157","targetHints":{"allow":["GET"]}}],"collection":[{"href":"https:\/\/natsci.uprrp.edu\/cahreus\/wp-json\/wp\/v2\/pages"}],"about":[{"href":"https:\/\/natsci.uprrp.edu\/cahreus\/wp-json\/wp\/v2\/types\/page"}],"author":[{"embeddable":true,"href":"https:\/\/natsci.uprrp.edu\/cahreus\/wp-json\/wp\/v2\/users\/41"}],"replies":[{"embeddable":true,"href":"https:\/\/natsci.uprrp.edu\/cahreus\/wp-json\/wp\/v2\/comments?post=9157"}],"version-history":[{"count":10,"href":"https:\/\/natsci.uprrp.edu\/cahreus\/wp-json\/wp\/v2\/pages\/9157\/revisions"}],"predecessor-version":[{"id":9748,"href":"https:\/\/natsci.uprrp.edu\/cahreus\/wp-json\/wp\/v2\/pages\/9157\/revisions\/9748"}],"up":[{"embeddable":true,"href":"https:\/\/natsci.uprrp.edu\/cahreus\/wp-json\/wp\/v2\/pages\/9063"}],"wp:attachment":[{"href":"https:\/\/natsci.uprrp.edu\/cahreus\/wp-json\/wp\/v2\/media?parent=9157"}],"curies":[{"name":"wp","href":"https:\/\/api.w.org\/{rel}","templated":true}]}}