{"id":9155,"date":"2022-01-24T16:38:30","date_gmt":"2022-01-24T16:38:30","guid":{"rendered":"https:\/\/natsci.uprrp.edu\/cahreus\/?page_id=9155"},"modified":"2022-02-09T20:41:15","modified_gmt":"2022-02-09T20:41:15","slug":"bonny-ortiz-ph-d","status":"publish","type":"page","link":"https:\/\/natsci.uprrp.edu\/cahreus\/equipo\/bonny-ortiz-ph-d\/","title":{"rendered":"Bonny Ortiz, Ph.D."},"content":{"rendered":"\t\t<div data-elementor-type=\"wp-page\" data-elementor-id=\"9155\" class=\"elementor elementor-9155\">\n\t\t\t\t\t\t<section class=\"elementor-section elementor-top-section elementor-element elementor-element-25b9222 elementor-section-boxed elementor-section-height-default elementor-section-height-default\" data-id=\"25b9222\" data-element_type=\"section\" data-e-type=\"section\">\n\t\t\t\t\t\t<div class=\"elementor-container elementor-column-gap-default\">\n\t\t\t\t\t<div class=\"elementor-column elementor-col-100 elementor-top-column elementor-element elementor-element-37a27a1\" data-id=\"37a27a1\" data-element_type=\"column\" data-e-type=\"column\">\n\t\t\t<div class=\"elementor-widget-wrap elementor-element-populated\">\n\t\t\t\t\t\t<div class=\"elementor-element elementor-element-0d6a0ce elementor-widget-divider--view-line elementor-widget elementor-widget-divider\" data-id=\"0d6a0ce\" data-element_type=\"widget\" data-e-type=\"widget\" data-widget_type=\"divider.default\">\n\t\t\t\t<div class=\"elementor-widget-container\">\n\t\t\t\t\t\t\t<div class=\"elementor-divider\">\n\t\t\t<span class=\"elementor-divider-separator\">\n\t\t\t\t\t\t<\/span>\n\t\t<\/div>\n\t\t\t\t\t\t<\/div>\n\t\t\t\t<\/div>\n\t\t\t\t\t<\/div>\n\t\t<\/div>\n\t\t\t\t\t<\/div>\n\t\t<\/section>\n\t\t\t\t<section class=\"elementor-section elementor-top-section elementor-element elementor-element-8b9e2b1 elementor-section-boxed elementor-section-height-default elementor-section-height-default\" data-id=\"8b9e2b1\" data-element_type=\"section\" data-e-type=\"section\">\n\t\t\t\t\t\t<div class=\"elementor-container elementor-column-gap-default\">\n\t\t\t\t\t<div class=\"elementor-column elementor-col-33 elementor-top-column elementor-element elementor-element-dbb3669\" data-id=\"dbb3669\" data-element_type=\"column\" data-e-type=\"column\">\n\t\t\t<div class=\"elementor-widget-wrap elementor-element-populated\">\n\t\t\t\t\t\t<div class=\"elementor-element elementor-element-9e3ce3e elementor-widget elementor-widget-image\" data-id=\"9e3ce3e\" data-element_type=\"widget\" data-e-type=\"widget\" data-widget_type=\"image.default\">\n\t\t\t\t<div class=\"elementor-widget-container\">\n\t\t\t\t\t\t\t\t\t\t\t\t\t\t\t<img fetchpriority=\"high\" decoding=\"async\" width=\"576\" height=\"1024\" src=\"https:\/\/natsci.uprrp.edu\/cahreus\/wp-content\/uploads\/sites\/24\/2022\/02\/Dra.-Bonny-Ortiz-Andrade-scaled-e1644360225108-576x1024.jpg\" class=\"attachment-large size-large wp-image-9633\" alt=\"\" srcset=\"https:\/\/natsci.uprrp.edu\/cahreus\/wp-content\/uploads\/sites\/24\/2022\/02\/Dra.-Bonny-Ortiz-Andrade-scaled-e1644360225108-576x1024.jpg 576w, https:\/\/natsci.uprrp.edu\/cahreus\/wp-content\/uploads\/sites\/24\/2022\/02\/Dra.-Bonny-Ortiz-Andrade-scaled-e1644360225108-169x300.jpg 169w, https:\/\/natsci.uprrp.edu\/cahreus\/wp-content\/uploads\/sites\/24\/2022\/02\/Dra.-Bonny-Ortiz-Andrade-scaled-e1644360225108-864x1536.jpg 864w, https:\/\/natsci.uprrp.edu\/cahreus\/wp-content\/uploads\/sites\/24\/2022\/02\/Dra.-Bonny-Ortiz-Andrade-scaled-e1644360225108-1152x2048.jpg 1152w, https:\/\/natsci.uprrp.edu\/cahreus\/wp-content\/uploads\/sites\/24\/2022\/02\/Dra.-Bonny-Ortiz-Andrade-scaled-e1644360225108-768x1365.jpg 768w, https:\/\/natsci.uprrp.edu\/cahreus\/wp-content\/uploads\/sites\/24\/2022\/02\/Dra.-Bonny-Ortiz-Andrade-scaled-e1644360225108.jpg 1440w\" sizes=\"(max-width: 576px) 100vw, 576px\" \/>\t\t\t\t\t\t\t\t\t\t\t\t\t\t\t<\/div>\n\t\t\t\t<\/div>\n\t\t\t\t\t<\/div>\n\t\t<\/div>\n\t\t\t\t<div class=\"elementor-column elementor-col-66 elementor-top-column elementor-element elementor-element-5a7c801\" data-id=\"5a7c801\" data-element_type=\"column\" data-e-type=\"column\">\n\t\t\t<div class=\"elementor-widget-wrap elementor-element-populated\">\n\t\t\t\t\t\t<div class=\"elementor-element elementor-element-1bf9d05 elementor-widget elementor-widget-text-editor\" data-id=\"1bf9d05\" data-element_type=\"widget\" data-e-type=\"widget\" data-widget_type=\"text-editor.default\">\n\t\t\t\t<div class=\"elementor-widget-container\">\n\t\t\t\t\t\t\t\t\t<h2><span style=\"color: #ff0000\"><strong>Investigadora: <\/strong>Dra. Bonny M. Ortiz Andrade<\/span><\/h2><p>La Dra. Bonny M. Ortiz Andrade es natural de \u00cdquira, Huila- Colombia. La Dra. Ortiz finaliz\u00f3 en el 2003 su bachillerato de Licenciatura en Biolog\u00eda y Qu\u00edmica en la Universidad Surcolombiana, en el 2012 finaliz\u00f3 su maestr\u00eda en Ecolog\u00eda y Gesti\u00f3n de Ecosistemas Estrat\u00e9gicos en la Universidad Surcolombiana y complet\u00f3 su Ph.D en \u00a0Educaci\u00f3n Cient\u00edfica \u00a0en la Universidad de Puerto Rico, Recinto de R\u00edo Piedras en el 2018. La Dra. Ortiz ha sido reconocida por varias de sus actividades para la comunicaci\u00f3n cient\u00edfica interdisciplinaria en la Universidad de Puerto Rico y ha ense\u00f1ado algunos cursos que incluyen Biolog\u00eda, Qu\u00edmica, Qu\u00edmica Instrumental y Biolog\u00eda General. Actualmente, la Dra. Ortiz es Coordinadora para la comunicaci\u00f3n cient\u00edfica, colabora con la vicepresidencia de asuntos acad\u00e9micos e investigaciones, trabaja para el Centro de Ciencia e Ingenier\u00eda y como Asesora en educaci\u00f3n cient\u00edfica y en la comunicaci\u00f3n de la ciencia como parte del proyecto CAHREUS. Adem\u00e1s, escribe para varios diarios para visibilizar la investigaci\u00f3n y la innovaci\u00f3n en la Universidad de Puerto Rico. \u00a0\u00a0<\/p><h2><span style=\"color: #ff0000\"><strong>Researcher: <\/strong>Dr. Bonny M. Ortiz Andrade<\/span><\/h2><p>Dr. Bonny M. Ortiz Andrade is\u00a0 native of \u00cdquira, Huila- Colombia. Dr. Ortiz finished her bachelor&#8217;s degree in Biology and Chemistry at the Universidad Surcolombiana in 2003, in 2012 she finished her master&#8217;s degree in Ecology and Management of Strategic Ecosystems at the Universidad Surcolombiana and completed her Ph.D. in Science Education at the University of Puerto Rico R\u00edo Piedras Campus in 2018. Dr. Ortiz has been recognized for several of her activities for interdisciplinary scientific communication at the University of Puerto Rico and has taught some courses that include Biology, Chemistry, Instrumental Chemistry, and Biology General. Currently, Dr. Ortiz is the Coordinator for scientific communication, collaborates with the vice-presidency of academic affairs and research, works for the Center for Science and Engineering, and\u00a0 Advisor in science education and science communication as part of the CAHREUS project. She also writes for several newspapers to make research and innovation visible at the University of Puerto Rico.<\/p>\t\t\t\t\t\t\t\t<\/div>\n\t\t\t\t<\/div>\n\t\t\t\t\t<\/div>\n\t\t<\/div>\n\t\t\t\t\t<\/div>\n\t\t<\/section>\n\t\t\t\t<section class=\"elementor-section elementor-top-section elementor-element elementor-element-f0a4d0e elementor-section-boxed elementor-section-height-default elementor-section-height-default\" data-id=\"f0a4d0e\" data-element_type=\"section\" data-e-type=\"section\">\n\t\t\t\t\t\t<div class=\"elementor-container elementor-column-gap-default\">\n\t\t\t\t\t<div class=\"elementor-column elementor-col-100 elementor-top-column elementor-element elementor-element-29d3a50\" data-id=\"29d3a50\" data-element_type=\"column\" data-e-type=\"column\">\n\t\t\t<div class=\"elementor-widget-wrap elementor-element-populated\">\n\t\t\t\t\t\t<div class=\"elementor-element elementor-element-a2825c4 elementor-widget-divider--view-line elementor-widget elementor-widget-divider\" data-id=\"a2825c4\" data-element_type=\"widget\" data-e-type=\"widget\" data-widget_type=\"divider.default\">\n\t\t\t\t<div class=\"elementor-widget-container\">\n\t\t\t\t\t\t\t<div class=\"elementor-divider\">\n\t\t\t<span class=\"elementor-divider-separator\">\n\t\t\t\t\t\t<\/span>\n\t\t<\/div>\n\t\t\t\t\t\t<\/div>\n\t\t\t\t<\/div>\n\t\t\t\t<div class=\"elementor-element elementor-element-d0b5fdc elementor-widget elementor-widget-text-editor\" data-id=\"d0b5fdc\" data-element_type=\"widget\" data-e-type=\"widget\" data-widget_type=\"text-editor.default\">\n\t\t\t\t<div class=\"elementor-widget-container\">\n\t\t\t\t\t\t\t\t\t<h2><span style=\"color: #ff0000\">Informaci\u00f3n<\/span><\/h2><p><strong>Correo: <\/strong><span style=\"color: #0000ff\"><u>bonny.ortiz@upr.edu<\/u><\/span><\/p><p><strong>Expertise: <\/strong>Comunicaci\u00f3n Cientifica<\/p><p><strong>Oficina: <\/strong>Vicepresidencia en Asuntos Acad\u00e9micos e Investigaci\u00f3n<\/p><p><strong>T\u00e9lefono de Oficina: <\/strong>787-250-0000 Ext. 3133<\/p><p><strong>T\u00e9lefono de Laboratorio: <\/strong>N\/A<\/p><p><strong>Horas de Oficina:<\/strong> N\/A<\/p><p><strong>Redes Sociales:<\/strong> N\/A<\/p>\t\t\t\t\t\t\t\t<\/div>\n\t\t\t\t<\/div>\n\t\t\t\t\t<\/div>\n\t\t<\/div>\n\t\t\t\t\t<\/div>\n\t\t<\/section>\n\t\t\t\t<section class=\"elementor-section elementor-top-section elementor-element elementor-element-9b99ae8 elementor-section-boxed elementor-section-height-default elementor-section-height-default\" data-id=\"9b99ae8\" data-element_type=\"section\" data-e-type=\"section\">\n\t\t\t\t\t\t<div class=\"elementor-container elementor-column-gap-default\">\n\t\t\t\t\t<div class=\"elementor-column elementor-col-100 elementor-top-column elementor-element elementor-element-a2e3102\" data-id=\"a2e3102\" data-element_type=\"column\" data-e-type=\"column\">\n\t\t\t<div class=\"elementor-widget-wrap elementor-element-populated\">\n\t\t\t\t\t\t<div class=\"elementor-element elementor-element-90f7462 elementor-widget-divider--view-line elementor-widget elementor-widget-divider\" data-id=\"90f7462\" data-element_type=\"widget\" data-e-type=\"widget\" data-widget_type=\"divider.default\">\n\t\t\t\t<div class=\"elementor-widget-container\">\n\t\t\t\t\t\t\t<div class=\"elementor-divider\">\n\t\t\t<span class=\"elementor-divider-separator\">\n\t\t\t\t\t\t<\/span>\n\t\t<\/div>\n\t\t\t\t\t\t<\/div>\n\t\t\t\t<\/div>\n\t\t\t\t<div class=\"elementor-element elementor-element-005aa2e elementor-widget elementor-widget-text-editor\" data-id=\"005aa2e\" data-element_type=\"widget\" data-e-type=\"widget\" data-widget_type=\"text-editor.default\">\n\t\t\t\t<div class=\"elementor-widget-container\">\n\t\t\t\t\t\t\t\t\t<h2><span style=\"color: #ff0000\"><strong>Publicaciones<\/strong><\/span><\/h2><p><strong>\u00a0<\/strong>Morales-Cruz, \u00c1. L., <strong>Ortiz-Andrade, B. M<\/strong>., Del Pilar-Albaladejo, J., D\u00edaz-V\u00e1zquez, L. M., Rivera-Gonz\u00e1lez, U., &amp; L\u00f3pez-Mej\u00edas, V. (2021). Remote pandemic teaching in quantitative and instrumental chemical analysis courses at a Hispanic serving institution. <em>Analytical and bioanalytical chemistry<\/em>, 413(11), 2845-2853.<\/p><p><strong>Ortiz-Andrade, B. M.<\/strong>, Rivera-Rond\u00f3n, V., &amp; D\u00edaz-V\u00e1zquez, L. M. (2019). El Nanocirco: un dise\u00f1o interdisciplinario para la divulgaci\u00f3n y ense\u00f1anza de la nanociencia y la nanotecnolog\u00eda. <em>Revista Eureka sobre Ense\u00f1anza y Divulgaci\u00f3n de las Ciencias<\/em>, 16(2), 2301-2301.<\/p><p>Ramirez-Paz, J., <strong>Ortiz-Andrade, B. M<\/strong>., Griebenow, K., &amp; D\u00edaz-V\u00e1zquez, L. (2017). Show yourself, asparaginase: An enzymatic reaction explained through a hands-on interactive activity. <em>Journal of chemical education<\/em>, 94(6), 722-725.<\/p>\t\t\t\t\t\t\t\t<\/div>\n\t\t\t\t<\/div>\n\t\t\t\t\t<\/div>\n\t\t<\/div>\n\t\t\t\t\t<\/div>\n\t\t<\/section>\n\t\t\t\t<\/div>\n\t\t","protected":false},"excerpt":{"rendered":"<p>Investigadora: Dra. Bonny M. Ortiz Andrade La Dra. Bonny M. Ortiz Andrade es natural de \u00cdquira, Huila- Colombia. La Dra. Ortiz finaliz\u00f3 en el 2003 su bachillerato de Licenciatura en Biolog\u00eda y Qu\u00edmica en la Universidad Surcolombiana, en el 2012 &hellip; <\/p>\n","protected":false},"author":41,"featured_media":0,"parent":9063,"menu_order":0,"comment_status":"closed","ping_status":"closed","template":"","meta":{"_bbp_topic_count":0,"_bbp_reply_count":0,"_bbp_total_topic_count":0,"_bbp_total_reply_count":0,"_bbp_voice_count":0,"_bbp_anonymous_reply_count":0,"_bbp_topic_count_hidden":0,"_bbp_reply_count_hidden":0,"_bbp_forum_subforum_count":0,"footnotes":""},"class_list":["post-9155","page","type-page","status-publish","hentry"],"_links":{"self":[{"href":"https:\/\/natsci.uprrp.edu\/cahreus\/wp-json\/wp\/v2\/pages\/9155","targetHints":{"allow":["GET"]}}],"collection":[{"href":"https:\/\/natsci.uprrp.edu\/cahreus\/wp-json\/wp\/v2\/pages"}],"about":[{"href":"https:\/\/natsci.uprrp.edu\/cahreus\/wp-json\/wp\/v2\/types\/page"}],"author":[{"embeddable":true,"href":"https:\/\/natsci.uprrp.edu\/cahreus\/wp-json\/wp\/v2\/users\/41"}],"replies":[{"embeddable":true,"href":"https:\/\/natsci.uprrp.edu\/cahreus\/wp-json\/wp\/v2\/comments?post=9155"}],"version-history":[{"count":10,"href":"https:\/\/natsci.uprrp.edu\/cahreus\/wp-json\/wp\/v2\/pages\/9155\/revisions"}],"predecessor-version":[{"id":9745,"href":"https:\/\/natsci.uprrp.edu\/cahreus\/wp-json\/wp\/v2\/pages\/9155\/revisions\/9745"}],"up":[{"embeddable":true,"href":"https:\/\/natsci.uprrp.edu\/cahreus\/wp-json\/wp\/v2\/pages\/9063"}],"wp:attachment":[{"href":"https:\/\/natsci.uprrp.edu\/cahreus\/wp-json\/wp\/v2\/media?parent=9155"}],"curies":[{"name":"wp","href":"https:\/\/api.w.org\/{rel}","templated":true}]}}