{"id":9145,"date":"2022-01-24T16:36:06","date_gmt":"2022-01-24T16:36:06","guid":{"rendered":"https:\/\/natsci.uprrp.edu\/cahreus\/?page_id=9145"},"modified":"2022-02-09T18:49:51","modified_gmt":"2022-02-09T18:49:51","slug":"carlos-torres-ph-d","status":"publish","type":"page","link":"https:\/\/natsci.uprrp.edu\/cahreus\/equipo\/carlos-torres-ph-d\/","title":{"rendered":"Carlos Torres, Ph.D."},"content":{"rendered":"\t\t<div data-elementor-type=\"wp-page\" data-elementor-id=\"9145\" class=\"elementor elementor-9145\">\n\t\t\t\t\t\t<section class=\"elementor-section elementor-top-section elementor-element elementor-element-d6ecf4b elementor-section-boxed elementor-section-height-default elementor-section-height-default\" data-id=\"d6ecf4b\" data-element_type=\"section\" data-e-type=\"section\">\n\t\t\t\t\t\t<div class=\"elementor-container elementor-column-gap-default\">\n\t\t\t\t\t<div class=\"elementor-column elementor-col-100 elementor-top-column elementor-element elementor-element-f22cbdd\" data-id=\"f22cbdd\" data-element_type=\"column\" data-e-type=\"column\">\n\t\t\t<div class=\"elementor-widget-wrap elementor-element-populated\">\n\t\t\t\t\t\t<div class=\"elementor-element elementor-element-fc836b2 elementor-widget-divider--view-line elementor-widget elementor-widget-divider\" data-id=\"fc836b2\" data-element_type=\"widget\" data-e-type=\"widget\" data-widget_type=\"divider.default\">\n\t\t\t\t<div class=\"elementor-widget-container\">\n\t\t\t\t\t\t\t<div class=\"elementor-divider\">\n\t\t\t<span class=\"elementor-divider-separator\">\n\t\t\t\t\t\t<\/span>\n\t\t<\/div>\n\t\t\t\t\t\t<\/div>\n\t\t\t\t<\/div>\n\t\t\t\t\t<\/div>\n\t\t<\/div>\n\t\t\t\t\t<\/div>\n\t\t<\/section>\n\t\t\t\t<section class=\"elementor-section elementor-top-section elementor-element elementor-element-dd98bcd elementor-section-boxed elementor-section-height-default elementor-section-height-default\" data-id=\"dd98bcd\" data-element_type=\"section\" data-e-type=\"section\">\n\t\t\t\t\t\t<div class=\"elementor-container elementor-column-gap-default\">\n\t\t\t\t\t<div class=\"elementor-column elementor-col-33 elementor-top-column elementor-element elementor-element-0c570c0\" data-id=\"0c570c0\" data-element_type=\"column\" data-e-type=\"column\">\n\t\t\t<div class=\"elementor-widget-wrap elementor-element-populated\">\n\t\t\t\t\t\t<div class=\"elementor-element elementor-element-d139446 elementor-widget elementor-widget-image\" data-id=\"d139446\" data-element_type=\"widget\" data-e-type=\"widget\" data-widget_type=\"image.default\">\n\t\t\t\t<div class=\"elementor-widget-container\">\n\t\t\t\t\t\t\t\t\t\t\t\t\t\t\t<img fetchpriority=\"high\" decoding=\"async\" width=\"640\" height=\"853\" src=\"https:\/\/natsci.uprrp.edu\/cahreus\/wp-content\/uploads\/sites\/24\/2022\/02\/Dr.-Carlos-Torres-Diaz-scaled-e1644360122904-768x1024.jpg\" class=\"attachment-large size-large wp-image-9628\" alt=\"\" srcset=\"https:\/\/natsci.uprrp.edu\/cahreus\/wp-content\/uploads\/sites\/24\/2022\/02\/Dr.-Carlos-Torres-Diaz-scaled-e1644360122904-768x1024.jpg 768w, https:\/\/natsci.uprrp.edu\/cahreus\/wp-content\/uploads\/sites\/24\/2022\/02\/Dr.-Carlos-Torres-Diaz-scaled-e1644360122904-225x300.jpg 225w, https:\/\/natsci.uprrp.edu\/cahreus\/wp-content\/uploads\/sites\/24\/2022\/02\/Dr.-Carlos-Torres-Diaz-scaled-e1644360122904-1152x1536.jpg 1152w, https:\/\/natsci.uprrp.edu\/cahreus\/wp-content\/uploads\/sites\/24\/2022\/02\/Dr.-Carlos-Torres-Diaz-scaled-e1644360122904-1536x2048.jpg 1536w, https:\/\/natsci.uprrp.edu\/cahreus\/wp-content\/uploads\/sites\/24\/2022\/02\/Dr.-Carlos-Torres-Diaz-scaled-e1644360122904.jpg 1920w\" sizes=\"(max-width: 640px) 100vw, 640px\" \/>\t\t\t\t\t\t\t\t\t\t\t\t\t\t\t<\/div>\n\t\t\t\t<\/div>\n\t\t\t\t\t<\/div>\n\t\t<\/div>\n\t\t\t\t<div class=\"elementor-column elementor-col-66 elementor-top-column elementor-element elementor-element-3166bdc\" data-id=\"3166bdc\" data-element_type=\"column\" data-e-type=\"column\">\n\t\t\t<div class=\"elementor-widget-wrap elementor-element-populated\">\n\t\t\t\t\t\t<div class=\"elementor-element elementor-element-b317fcd elementor-widget elementor-widget-text-editor\" data-id=\"b317fcd\" data-element_type=\"widget\" data-e-type=\"widget\" data-widget_type=\"text-editor.default\">\n\t\t\t\t<div class=\"elementor-widget-container\">\n\t\t\t\t\t\t\t\t\t<h2><span style=\"color: #ff0000\"><strong>Investigador: <\/strong>Dr. Carlos M Torres D\u00edaz<\/span><\/h2>\n<p>El Dr. Carlos M Torres D\u00edaz es natural de Mayag\u00fcez, Puerto Rico. El Dr. Torres finaliz\u00f3 en 1976 su bachillerato en Qu\u00edmica en la Universidad de Puerto Rico Recinto de Rio Piedras y completo su Ph.D. en Qu\u00edmica F\u00edsica con especialidad en Fotoqu\u00edmica en la Universidad de Puerto Rico Recinto de Rio Piedras en el 2000. El Dr. Torres realiz\u00f3 sus estudios graduados financiados en parte por el programa de becas Minority Science and Engineering Improvement Program (MSEIP) del Departamento de Educaci\u00f3n de los Estados Unidos. El Dr. Torres ha ense\u00f1ado algunos cursos que incluyen Qu\u00edmica F\u00edsica, Qu\u00edmica General, Qu\u00edmica Computacional, Laboratorio de Qu\u00edmica Anal\u00edtica, Laboratorio de Qu\u00edmica F\u00edsica y Laboratorio de Qu\u00edmica General. Actualmente, el Dr. Torres es profesor de Qu\u00edmica F\u00edsica del Departamento de Qu\u00edmica de la Universidad de Puerto Rico Recinto de Rio Piedras, ha trabajado en el desarrollo de instrumentos educativos para determinar los errores comunes en que incurren los estudiantes de Qu\u00edmica General al contestar los ex\u00e1menes y es el encargado de la experimentaci\u00f3n, caracterizaci\u00f3n y desarrollo de materiales utilizados en el proceso de fotocat\u00e1lisis, el estudio de la efectividad del proceso y su cin\u00e9tica en los laboratorios de Qu\u00edmica F\u00edsica como parte del proyecto CAHREUS.<\/p>\n<p><\/p>\n<h2><span style=\"color: #ff0000\"><strong>Researcher: <\/strong>Dr. Carlos M Torres D\u00edaz<\/span><\/h2>\n<p>Dr. Carlos M Torres D\u00edaz is native of Mayag\u00fcez, Puerto Rico. Dr. Torres finished his bachelor&#8217;s degree in Chemistry at the University of Puerto Rico Rio Piedras Campus in 1976 and completed his Ph.D. in Physical Chemistry with a specialty in Photochemistry at the University of Puerto Rico Rio Piedras Campus in 2000. Dr. Torres completed his graduate studies funded in part by the Minority Science and Engineering Improvement Program (MSEIP) scholarship program of the Department of Education from the United States. Dr. Torres has taught some courses including Physical Chemistry, General Chemistry, Computational Chemistry, Analytical Chemistry Laboratory, Physical Chemistry Laboratory, and General Chemistry Laboratory. Currently, Dr. Torres is a professor of Physical Chemistry in the Department of Chemistry at the University of Puerto Rico, Rio Piedras Campus, and has worked on the development of educational instruments to determine the common errors that General Chemistry students make when answering the questions exams and is in charge of the experimentation, characterization, and development of materials used in the photocatalysis process, the study of the effectiveness of the process and its kinetics in the Physical Chemistry laboratory as part of the CAHREUS project.<\/p>\t\t\t\t\t\t\t\t<\/div>\n\t\t\t\t<\/div>\n\t\t\t\t\t<\/div>\n\t\t<\/div>\n\t\t\t\t\t<\/div>\n\t\t<\/section>\n\t\t\t\t<section class=\"elementor-section elementor-top-section elementor-element elementor-element-8b85776 elementor-section-boxed elementor-section-height-default elementor-section-height-default\" data-id=\"8b85776\" data-element_type=\"section\" data-e-type=\"section\">\n\t\t\t\t\t\t<div class=\"elementor-container elementor-column-gap-default\">\n\t\t\t\t\t<div class=\"elementor-column elementor-col-100 elementor-top-column elementor-element elementor-element-36e77b1\" data-id=\"36e77b1\" data-element_type=\"column\" data-e-type=\"column\">\n\t\t\t<div class=\"elementor-widget-wrap elementor-element-populated\">\n\t\t\t\t\t\t<div class=\"elementor-element elementor-element-a945d2c elementor-widget-divider--view-line elementor-widget elementor-widget-divider\" data-id=\"a945d2c\" data-element_type=\"widget\" data-e-type=\"widget\" data-widget_type=\"divider.default\">\n\t\t\t\t<div class=\"elementor-widget-container\">\n\t\t\t\t\t\t\t<div class=\"elementor-divider\">\n\t\t\t<span class=\"elementor-divider-separator\">\n\t\t\t\t\t\t<\/span>\n\t\t<\/div>\n\t\t\t\t\t\t<\/div>\n\t\t\t\t<\/div>\n\t\t\t\t<div class=\"elementor-element elementor-element-025836e elementor-widget elementor-widget-text-editor\" data-id=\"025836e\" data-element_type=\"widget\" data-e-type=\"widget\" data-widget_type=\"text-editor.default\">\n\t\t\t\t<div class=\"elementor-widget-container\">\n\t\t\t\t\t\t\t\t\t<h2><span style=\"color: #ff0000\">Informaci\u00f3n<\/span><\/h2><p><strong>Correo: <\/strong><span style=\"color: #0000ff\"><u>carlos.torres39@upr.edu<\/u><\/span><\/p><p><strong>Expertise: <\/strong>Fotoqu\u00edmica, Cin\u00e9tica, Cin\u00e9tica R\u00e1pida con L\u00e1ser y Educaci\u00f3n en Qu\u00edmica.\u00a0\u00a0<\/p><p><strong>Oficina: <\/strong>Ciencias Naturales CN-100<\/p><p><strong>Telefono de Oficina: <\/strong>787-764-0000 Ext. 88498<\/p><p><strong>Telefono de Laboratorio: <\/strong>N\/A<\/p><p><strong>Horas de Oficina:<\/strong> Martes y Jueves de 9:00 am \u2013 12:00 pm<\/p><p><strong>Redes sociales: <\/strong>N\/A <strong>\u00a0<\/strong><\/p>\t\t\t\t\t\t\t\t<\/div>\n\t\t\t\t<\/div>\n\t\t\t\t\t<\/div>\n\t\t<\/div>\n\t\t\t\t\t<\/div>\n\t\t<\/section>\n\t\t\t\t<section class=\"elementor-section elementor-top-section elementor-element elementor-element-3d0c7b0 elementor-section-boxed elementor-section-height-default elementor-section-height-default\" data-id=\"3d0c7b0\" data-element_type=\"section\" data-e-type=\"section\">\n\t\t\t\t\t\t<div class=\"elementor-container elementor-column-gap-default\">\n\t\t\t\t\t<div class=\"elementor-column elementor-col-100 elementor-top-column elementor-element elementor-element-9f7a372\" data-id=\"9f7a372\" data-element_type=\"column\" data-e-type=\"column\">\n\t\t\t<div class=\"elementor-widget-wrap elementor-element-populated\">\n\t\t\t\t\t\t<div class=\"elementor-element elementor-element-02c58f5 elementor-widget elementor-widget-text-editor\" data-id=\"02c58f5\" data-element_type=\"widget\" data-e-type=\"widget\" data-widget_type=\"text-editor.default\">\n\t\t\t\t<div class=\"elementor-widget-container\">\n\t\t\t\t\t\t\t\t\t<h2><span style=\"color: #ff0000\"><strong>Publicaciones<\/strong><\/span><\/h2><p>D\u00edaz-V\u00e1zquez, L. M., Montes, B. C., Echevarr\u00eda Vargas, I. M., Hernandez-Cancel, G., Gonzalez, F., Molina, A. M., <strong>Torres-D\u00edaz, C. M<\/strong>,\u00a0 Griebenow, K. (2012). An Investigative, Cooperative Learning Approach for General Chemistry Laboratories.\u00a0<em>International Journal for the Scholarship of Teaching and Learning<\/em>,\u00a0<em>6<\/em>(2), n2.<\/p><p>Crespo\u2010Hern\u00e1ndez, C. E., Flores, S., <strong>Torres, C<\/strong>., Negr\u00f3n\u2010Encarnaci\u00f3n, I., Arce, R. (2000). Part I. Photochemical and photophysical studies of guanine derivatives: intermediates contributing to its photodestruction mechanism in aqueous solution and the participation of the electron adduct.\u00a0<em>Photochemistry and photobiology<\/em>,\u00a0<em>71<\/em>(5), 534-543.<\/p><p>Arce, R., Jim\u00e9nez, L. A., Rivera, V., <strong>Torres, C.<\/strong> (1980). Intermediates in the room temperature flash photolysis and low-temperature photolysis of purine solutions.\u00a0<em>Photochemistry and Photobiology<\/em>,\u00a0<em>32<\/em>(1), 91-95.<\/p>\t\t\t\t\t\t\t\t<\/div>\n\t\t\t\t<\/div>\n\t\t\t\t\t<\/div>\n\t\t<\/div>\n\t\t\t\t\t<\/div>\n\t\t<\/section>\n\t\t\t\t<\/div>\n\t\t","protected":false},"excerpt":{"rendered":"<p>Investigador: Dr. Carlos M Torres D\u00edaz El Dr. Carlos M Torres D\u00edaz es natural de Mayag\u00fcez, Puerto Rico. El Dr. Torres finaliz\u00f3 en 1976 su bachillerato en Qu\u00edmica en la Universidad de Puerto Rico Recinto de Rio Piedras y completo &hellip; <\/p>\n","protected":false},"author":41,"featured_media":0,"parent":9063,"menu_order":0,"comment_status":"closed","ping_status":"closed","template":"","meta":{"_bbp_topic_count":0,"_bbp_reply_count":0,"_bbp_total_topic_count":0,"_bbp_total_reply_count":0,"_bbp_voice_count":0,"_bbp_anonymous_reply_count":0,"_bbp_topic_count_hidden":0,"_bbp_reply_count_hidden":0,"_bbp_forum_subforum_count":0,"footnotes":""},"class_list":["post-9145","page","type-page","status-publish","hentry"],"_links":{"self":[{"href":"https:\/\/natsci.uprrp.edu\/cahreus\/wp-json\/wp\/v2\/pages\/9145","targetHints":{"allow":["GET"]}}],"collection":[{"href":"https:\/\/natsci.uprrp.edu\/cahreus\/wp-json\/wp\/v2\/pages"}],"about":[{"href":"https:\/\/natsci.uprrp.edu\/cahreus\/wp-json\/wp\/v2\/types\/page"}],"author":[{"embeddable":true,"href":"https:\/\/natsci.uprrp.edu\/cahreus\/wp-json\/wp\/v2\/users\/41"}],"replies":[{"embeddable":true,"href":"https:\/\/natsci.uprrp.edu\/cahreus\/wp-json\/wp\/v2\/comments?post=9145"}],"version-history":[{"count":10,"href":"https:\/\/natsci.uprrp.edu\/cahreus\/wp-json\/wp\/v2\/pages\/9145\/revisions"}],"predecessor-version":[{"id":9686,"href":"https:\/\/natsci.uprrp.edu\/cahreus\/wp-json\/wp\/v2\/pages\/9145\/revisions\/9686"}],"up":[{"embeddable":true,"href":"https:\/\/natsci.uprrp.edu\/cahreus\/wp-json\/wp\/v2\/pages\/9063"}],"wp:attachment":[{"href":"https:\/\/natsci.uprrp.edu\/cahreus\/wp-json\/wp\/v2\/media?parent=9145"}],"curies":[{"name":"wp","href":"https:\/\/api.w.org\/{rel}","templated":true}]}}