{"id":9141,"date":"2022-01-24T16:35:05","date_gmt":"2022-01-24T16:35:05","guid":{"rendered":"https:\/\/natsci.uprrp.edu\/cahreus\/?page_id=9141"},"modified":"2022-02-09T20:31:13","modified_gmt":"2022-02-09T20:31:13","slug":"arthur-tinoco-ph-d","status":"publish","type":"page","link":"https:\/\/natsci.uprrp.edu\/cahreus\/equipo\/arthur-tinoco-ph-d\/","title":{"rendered":"Arthur Tinoco, Ph.D."},"content":{"rendered":"\t\t<div data-elementor-type=\"wp-page\" data-elementor-id=\"9141\" class=\"elementor elementor-9141\">\n\t\t\t\t\t\t<section class=\"elementor-section elementor-top-section elementor-element elementor-element-44295d1 elementor-section-boxed elementor-section-height-default elementor-section-height-default\" data-id=\"44295d1\" data-element_type=\"section\" data-e-type=\"section\">\n\t\t\t\t\t\t<div class=\"elementor-container elementor-column-gap-default\">\n\t\t\t\t\t<div class=\"elementor-column elementor-col-100 elementor-top-column elementor-element elementor-element-8eb9096\" data-id=\"8eb9096\" data-element_type=\"column\" data-e-type=\"column\">\n\t\t\t<div class=\"elementor-widget-wrap elementor-element-populated\">\n\t\t\t\t\t\t<div class=\"elementor-element elementor-element-0d4b86e elementor-widget-divider--view-line elementor-widget elementor-widget-divider\" data-id=\"0d4b86e\" data-element_type=\"widget\" data-e-type=\"widget\" data-widget_type=\"divider.default\">\n\t\t\t\t<div class=\"elementor-widget-container\">\n\t\t\t\t\t\t\t<div class=\"elementor-divider\">\n\t\t\t<span class=\"elementor-divider-separator\">\n\t\t\t\t\t\t<\/span>\n\t\t<\/div>\n\t\t\t\t\t\t<\/div>\n\t\t\t\t<\/div>\n\t\t\t\t\t<\/div>\n\t\t<\/div>\n\t\t\t\t\t<\/div>\n\t\t<\/section>\n\t\t\t\t<section class=\"elementor-section elementor-top-section elementor-element elementor-element-5afc3f4 elementor-section-boxed elementor-section-height-default elementor-section-height-default\" data-id=\"5afc3f4\" data-element_type=\"section\" data-e-type=\"section\">\n\t\t\t\t\t\t<div class=\"elementor-container elementor-column-gap-default\">\n\t\t\t\t\t<div class=\"elementor-column elementor-col-33 elementor-top-column elementor-element elementor-element-b22cf79\" data-id=\"b22cf79\" data-element_type=\"column\" data-e-type=\"column\">\n\t\t\t<div class=\"elementor-widget-wrap elementor-element-populated\">\n\t\t\t\t\t\t<div class=\"elementor-element elementor-element-3a7ef2c elementor-widget elementor-widget-image\" data-id=\"3a7ef2c\" data-element_type=\"widget\" data-e-type=\"widget\" data-widget_type=\"image.default\">\n\t\t\t\t<div class=\"elementor-widget-container\">\n\t\t\t\t\t\t\t\t\t\t\t\t\t\t\t<img fetchpriority=\"high\" decoding=\"async\" width=\"482\" height=\"355\" src=\"https:\/\/natsci.uprrp.edu\/cahreus\/wp-content\/uploads\/sites\/24\/2022\/02\/Dr.-Arthur-D-Tinoco-Banos.jpg\" class=\"attachment-large size-large wp-image-9627\" alt=\"\" srcset=\"https:\/\/natsci.uprrp.edu\/cahreus\/wp-content\/uploads\/sites\/24\/2022\/02\/Dr.-Arthur-D-Tinoco-Banos.jpg 482w, https:\/\/natsci.uprrp.edu\/cahreus\/wp-content\/uploads\/sites\/24\/2022\/02\/Dr.-Arthur-D-Tinoco-Banos-300x221.jpg 300w\" sizes=\"(max-width: 482px) 100vw, 482px\" \/>\t\t\t\t\t\t\t\t\t\t\t\t\t\t\t<\/div>\n\t\t\t\t<\/div>\n\t\t\t\t\t<\/div>\n\t\t<\/div>\n\t\t\t\t<div class=\"elementor-column elementor-col-66 elementor-top-column elementor-element elementor-element-324f05b\" data-id=\"324f05b\" data-element_type=\"column\" data-e-type=\"column\">\n\t\t\t<div class=\"elementor-widget-wrap elementor-element-populated\">\n\t\t\t\t\t\t<div class=\"elementor-element elementor-element-e81b698 elementor-widget elementor-widget-text-editor\" data-id=\"e81b698\" data-element_type=\"widget\" data-e-type=\"widget\" data-widget_type=\"text-editor.default\">\n\t\t\t\t<div class=\"elementor-widget-container\">\n\t\t\t\t\t\t\t\t\t<h2><span style=\"color: #ff0000\"><strong>Investigador: <\/strong>Dr. Arthur D. Tinoco<\/span><\/h2><p>El Dr. Arthur D. Tinoco es natural de New York, Estados Unidos. El Dr. Tinoco finaliz\u00f3 en el 2002 su bachillerato en qu\u00edmica en la Universidad Colgate y completo su Ph.D. en Qu\u00edmica con especializaci\u00f3n en Qu\u00edmica Bioinorg\u00e1nica en la Universidad de Yale en el 2007. El Dr. Tinoco realiz\u00f3 en el 2012 una estancia postdoctoral en Investigaci\u00f3n en biolog\u00eda qu\u00edmica en la Universidad de Harvard donde estudi\u00f3 Peptid\u00f3mica <em>in vivo<\/em> a trav\u00e9s de una plataforma de Espectrometr\u00eda de Masas. Al Dr. Tinoco se le han otorgado diferentes reconocimientos entre los que se encuentra el Premio a Nuevo Investigador del Fideicomiso de Ciencia, Tecnolog\u00eda e Investigaci\u00f3n de Puerto Rico. El Dr. Tinoco ha ense\u00f1ado algunos cursos que incluyen Qu\u00edmica Inorg\u00e1nica, Qu\u00edmica General, Bioqu\u00edmica, Qu\u00edmica Bioinorg\u00e1nica y Metales en Medicina a nivel graduado y subgraduado. Actualmente, el Dr. Tinoco es Profesor Asociado Titular del Programa de Qu\u00edmica y Coordinador del Programa Graduado en Qu\u00edmica de la Universidad de Puerto Rico Recinto de Rio Piedras y se encuentra interesado en llevar la investigaci\u00f3n al entorno del aula al involucrar a los estudiantes del curso de Metales en Medicina en el desarrollo de art\u00edculos de revisi\u00f3n en perspectiva. Tambi\u00e9n facilitar\u00e1 una serie de seminarios y talleres que incluyan expertos en el campo de los metales en medicina y caracterizaci\u00f3n estructural como parte del proyecto CAHREUS.<\/p><h2><span style=\"color: #ff0000\"><strong>Researcher: <\/strong>Dr. Arthur D. Tinoco<\/span><\/h2><p>Dr. Arthur D. Tinoco is native of New York, United States. Dr. Tinoco completed his bachelor&#8217;s degree in chemistry at Colgate University in 2002 and completed his Ph.D. in Chemistry with a specialization in Bioinorganic Chemistry at Yale University in 2007. Dr. Tinoco did a postdoctoral stay in Chemical Biology Research at Harvard University in 2012 where he studied in vivo Peptidomics via a mass Spectrometric platform. Dr. Tinoco has received various awards, including the Puerto Rico Science, Technology, and Research Trust New Investigator Award. Dr. Tinoco has taught a number of courses including Inorganic Chemistry, General Chemistry, Biochemistry, Bioinorganic Chemistry, and Metals in Medicine at the graduate and undergraduate levels. Currently, Dr. Tinoco is Associate Professor of the Chemistry Program and Coordinator of the Chemistry Graduate Program at the University of Puerto Rico, Rio Piedras Campus, and is interested in bringing research into the classroom setting by engaging students of the Metals in Medicine course in perspective review article development. I will also facilitate a seminar series and workshops that include experts in the field of Metals in Medicine and structural characterization as part of the CAHREUS project.<\/p>\t\t\t\t\t\t\t\t<\/div>\n\t\t\t\t<\/div>\n\t\t\t\t\t<\/div>\n\t\t<\/div>\n\t\t\t\t\t<\/div>\n\t\t<\/section>\n\t\t\t\t<section class=\"elementor-section elementor-top-section elementor-element elementor-element-ff6e76f elementor-section-boxed elementor-section-height-default elementor-section-height-default\" data-id=\"ff6e76f\" data-element_type=\"section\" data-e-type=\"section\">\n\t\t\t\t\t\t<div class=\"elementor-container elementor-column-gap-default\">\n\t\t\t\t\t<div class=\"elementor-column elementor-col-100 elementor-top-column elementor-element elementor-element-385fdfe\" data-id=\"385fdfe\" data-element_type=\"column\" data-e-type=\"column\">\n\t\t\t<div class=\"elementor-widget-wrap elementor-element-populated\">\n\t\t\t\t\t\t<div class=\"elementor-element elementor-element-0dda6da elementor-widget-divider--view-line elementor-widget elementor-widget-divider\" data-id=\"0dda6da\" data-element_type=\"widget\" data-e-type=\"widget\" data-widget_type=\"divider.default\">\n\t\t\t\t<div class=\"elementor-widget-container\">\n\t\t\t\t\t\t\t<div class=\"elementor-divider\">\n\t\t\t<span class=\"elementor-divider-separator\">\n\t\t\t\t\t\t<\/span>\n\t\t<\/div>\n\t\t\t\t\t\t<\/div>\n\t\t\t\t<\/div>\n\t\t\t\t<div class=\"elementor-element elementor-element-13ff8b2 elementor-widget elementor-widget-text-editor\" data-id=\"13ff8b2\" data-element_type=\"widget\" data-e-type=\"widget\" data-widget_type=\"text-editor.default\">\n\t\t\t\t<div class=\"elementor-widget-container\">\n\t\t\t\t\t\t\t\t\t<h2><span style=\"color: #ff0000\">Informaci\u00f3n<\/span><\/h2><p><strong>Correo: <\/strong><span style=\"text-decoration: underline\"><a href=\"mailto:arthur.tinoco@upr.edu\">arthur.tinoco@upr.edu<\/a><\/span><\/p><p><strong>Expertise: <\/strong>Qu\u00edmica Inorg\u00e1nica, Qu\u00edmica General, Bioqu\u00edmica, Qu\u00edmica Bioinorg\u00e1nica y Metales en Medicina.<\/p><p><strong>Oficina: <\/strong>Facundo Bueso FB-312\u00a0<\/p><p><strong>Tel\u00e9fono de Oficina: <\/strong>939-319-9701<\/p><p><strong>Tel\u00e9fono de Laboratorio: <\/strong>N\/A<\/p><p><strong>Horas de Oficina: <\/strong>Solo por citas<\/p><p><strong>Redes sociales:<\/strong> Twitter: @TeamTinoco, Sitio web: http:\/\/tinocolab.weebly.com\/<\/p>\t\t\t\t\t\t\t\t<\/div>\n\t\t\t\t<\/div>\n\t\t\t\t\t<\/div>\n\t\t<\/div>\n\t\t\t\t\t<\/div>\n\t\t<\/section>\n\t\t\t\t<section class=\"elementor-section elementor-top-section elementor-element elementor-element-4b0cdf1 elementor-section-boxed elementor-section-height-default elementor-section-height-default\" data-id=\"4b0cdf1\" data-element_type=\"section\" data-e-type=\"section\">\n\t\t\t\t\t\t<div class=\"elementor-container elementor-column-gap-default\">\n\t\t\t\t\t<div class=\"elementor-column elementor-col-100 elementor-top-column elementor-element elementor-element-d74e6f4\" data-id=\"d74e6f4\" data-element_type=\"column\" data-e-type=\"column\">\n\t\t\t<div class=\"elementor-widget-wrap elementor-element-populated\">\n\t\t\t\t\t\t<div class=\"elementor-element elementor-element-ebed0c2 elementor-widget-divider--view-line elementor-widget elementor-widget-divider\" data-id=\"ebed0c2\" data-element_type=\"widget\" data-e-type=\"widget\" data-widget_type=\"divider.default\">\n\t\t\t\t<div class=\"elementor-widget-container\">\n\t\t\t\t\t\t\t<div class=\"elementor-divider\">\n\t\t\t<span class=\"elementor-divider-separator\">\n\t\t\t\t\t\t<\/span>\n\t\t<\/div>\n\t\t\t\t\t\t<\/div>\n\t\t\t\t<\/div>\n\t\t\t\t<div class=\"elementor-element elementor-element-a137e30 elementor-widget elementor-widget-text-editor\" data-id=\"a137e30\" data-element_type=\"widget\" data-e-type=\"widget\" data-widget_type=\"text-editor.default\">\n\t\t\t\t<div class=\"elementor-widget-container\">\n\t\t\t\t\t\t\t\t\t<h2><span style=\"color: #ff0000\"><strong>Publicaciones<\/strong><\/span><\/h2><p>Rodr\u00edguez, I.; Fern\u00e1ndez-Vega, L.; Maser-Figueroa, A.N.; Sang, B.; Gonz\u00e1lez-Pag\u00e1n, P.; <strong>Tinoco, A.D.*<\/strong> \u201cExploring Titanium(IV) Complexes as Potential Antimicrobial Compounds.\u201d <em>Antibiotics<\/em> <strong>2022<\/strong>, <em>11<\/em>, 158. <a href=\"https:\/\/doi.org\/10.3390\/antibiotics11020158\">https:\/\/doi.org\/10.3390\/antibiotics11020158<\/a><\/p><p>Gaur, K.; Perez Otero, S.C.; Benjamin-Rivera, J.A.; Rodriguez, I.; Loza-Rosas, S.A.; Vazquez-Salgado, A.M.; Akam, E.A.; Hernandez-Matias, L.; Sharma, R.K.; Alicea, N.; Kowaleff, M.; Washington, A.V.; Astashkin, A.V.; Tomat, E.; <strong>Tinoco, A.D.*<\/strong> \u201cIron Chelator Transmetalative Approach to Inhibit Human Ribonucleotide Reductase.\u201d <em>J. Am. Chem. Soc. Au. <\/em><strong>2021<\/strong>, doi:<a href=\"https:\/\/doi.org\/10.1021\/jacsau.1c00078\">10.1021\/jacsau.1c00078<\/a><\/p><p>Delinois, L.J.; Peon, H.; Villalobos-Santos, J.C.; Ramirez-Paz, J.; Miller, J.; Griebenow, K.H.; <strong>Tinoco, A.D.* <\/strong>\u201cA cytochrome c-chlorotoxin hybrid protein as a possible antiglioma drug.\u201d <em>ChemMedChem. <\/em><strong>2020<\/strong>, <em>15(22)<\/em>, 2185-2192.<\/p><p>Loza-Rosas, S.A.; Vazquez, A.M.; Rivero, K.I.; Negron, L.J.; Delgado, Y.; Benjamin-Rivera, J.A.; Vazquez-Maldonado, A.L.; Parks, T.B.; Munet-Colon, C.; <strong>Tinoco, A.D.<\/strong>* \u201cExpanding the therapeutic potential of the iron chelator deferasirox in the development of aqueous stable Ti(IV) anticancer complexes.\u201d <em>Inorg. Chem<\/em>. <strong>2017<\/strong>, <em>56<\/em>, 7788-7802.<\/p><p><strong>\u00a0<\/strong><strong>Tinoco, A.D.<\/strong>*; Saxena, M.; Sharma, S.; Noinaj, N.; Delgado, Y.; Qui\u00f1ones Gonz\u00e1lez, E.P.; Conklin, S.E.; Zambrana, N.;\u00a0 Loza-Rosas, S.A.; Parks, T.B. \u201cUnusual synergism of transferrin and citrate in the regulation of Ti(IV) speciation, transport, and toxicity.\u201d\u00a0 <em>J. Amer. Chem. Soc.<\/em>, <strong>2016<\/strong>, <strong>138<\/strong>, 5659.<\/p>\t\t\t\t\t\t\t\t<\/div>\n\t\t\t\t<\/div>\n\t\t\t\t\t<\/div>\n\t\t<\/div>\n\t\t\t\t\t<\/div>\n\t\t<\/section>\n\t\t\t\t<\/div>\n\t\t","protected":false},"excerpt":{"rendered":"<p>Investigador: Dr. Arthur D. Tinoco El Dr. Arthur D. Tinoco es natural de New York, Estados Unidos. El Dr. Tinoco finaliz\u00f3 en el 2002 su bachillerato en qu\u00edmica en la Universidad Colgate y completo su Ph.D. en Qu\u00edmica con especializaci\u00f3n &hellip; <\/p>\n","protected":false},"author":41,"featured_media":0,"parent":9063,"menu_order":0,"comment_status":"closed","ping_status":"closed","template":"","meta":{"_bbp_topic_count":0,"_bbp_reply_count":0,"_bbp_total_topic_count":0,"_bbp_total_reply_count":0,"_bbp_voice_count":0,"_bbp_anonymous_reply_count":0,"_bbp_topic_count_hidden":0,"_bbp_reply_count_hidden":0,"_bbp_forum_subforum_count":0,"footnotes":""},"class_list":["post-9141","page","type-page","status-publish","hentry"],"_links":{"self":[{"href":"https:\/\/natsci.uprrp.edu\/cahreus\/wp-json\/wp\/v2\/pages\/9141","targetHints":{"allow":["GET"]}}],"collection":[{"href":"https:\/\/natsci.uprrp.edu\/cahreus\/wp-json\/wp\/v2\/pages"}],"about":[{"href":"https:\/\/natsci.uprrp.edu\/cahreus\/wp-json\/wp\/v2\/types\/page"}],"author":[{"embeddable":true,"href":"https:\/\/natsci.uprrp.edu\/cahreus\/wp-json\/wp\/v2\/users\/41"}],"replies":[{"embeddable":true,"href":"https:\/\/natsci.uprrp.edu\/cahreus\/wp-json\/wp\/v2\/comments?post=9141"}],"version-history":[{"count":13,"href":"https:\/\/natsci.uprrp.edu\/cahreus\/wp-json\/wp\/v2\/pages\/9141\/revisions"}],"predecessor-version":[{"id":9733,"href":"https:\/\/natsci.uprrp.edu\/cahreus\/wp-json\/wp\/v2\/pages\/9141\/revisions\/9733"}],"up":[{"embeddable":true,"href":"https:\/\/natsci.uprrp.edu\/cahreus\/wp-json\/wp\/v2\/pages\/9063"}],"wp:attachment":[{"href":"https:\/\/natsci.uprrp.edu\/cahreus\/wp-json\/wp\/v2\/media?parent=9141"}],"curies":[{"name":"wp","href":"https:\/\/api.w.org\/{rel}","templated":true}]}}