{"id":9139,"date":"2022-01-24T16:34:40","date_gmt":"2022-01-24T16:34:40","guid":{"rendered":"https:\/\/natsci.uprrp.edu\/cahreus\/?page_id=9139"},"modified":"2022-02-09T00:26:51","modified_gmt":"2022-02-09T00:26:51","slug":"betty-velazquez-ph-d","status":"publish","type":"page","link":"https:\/\/natsci.uprrp.edu\/cahreus\/equipo\/betty-velazquez-ph-d\/","title":{"rendered":"Betty Vel\u00e1zquez, Ph.D."},"content":{"rendered":"\t\t<div data-elementor-type=\"wp-page\" data-elementor-id=\"9139\" class=\"elementor elementor-9139\">\n\t\t\t\t\t\t<section class=\"elementor-section elementor-top-section elementor-element elementor-element-2bb2e68 elementor-section-boxed elementor-section-height-default elementor-section-height-default\" data-id=\"2bb2e68\" data-element_type=\"section\" data-e-type=\"section\">\n\t\t\t\t\t\t<div class=\"elementor-container elementor-column-gap-default\">\n\t\t\t\t\t<div class=\"elementor-column elementor-col-100 elementor-top-column elementor-element elementor-element-3471fd8\" data-id=\"3471fd8\" data-element_type=\"column\" data-e-type=\"column\">\n\t\t\t<div class=\"elementor-widget-wrap elementor-element-populated\">\n\t\t\t\t\t\t<div class=\"elementor-element elementor-element-674f5c6 elementor-widget-divider--view-line elementor-widget elementor-widget-divider\" data-id=\"674f5c6\" data-element_type=\"widget\" data-e-type=\"widget\" data-widget_type=\"divider.default\">\n\t\t\t\t<div class=\"elementor-widget-container\">\n\t\t\t\t\t\t\t<div class=\"elementor-divider\">\n\t\t\t<span class=\"elementor-divider-separator\">\n\t\t\t\t\t\t<\/span>\n\t\t<\/div>\n\t\t\t\t\t\t<\/div>\n\t\t\t\t<\/div>\n\t\t\t\t\t<\/div>\n\t\t<\/div>\n\t\t\t\t\t<\/div>\n\t\t<\/section>\n\t\t\t\t<section class=\"elementor-section elementor-top-section elementor-element elementor-element-5e4b288 elementor-section-boxed elementor-section-height-default elementor-section-height-default\" data-id=\"5e4b288\" data-element_type=\"section\" data-e-type=\"section\">\n\t\t\t\t\t\t<div class=\"elementor-container elementor-column-gap-default\">\n\t\t\t\t\t<div class=\"elementor-column elementor-col-33 elementor-top-column elementor-element elementor-element-efed090\" data-id=\"efed090\" data-element_type=\"column\" data-e-type=\"column\">\n\t\t\t<div class=\"elementor-widget-wrap elementor-element-populated\">\n\t\t\t\t\t\t<div class=\"elementor-element elementor-element-a5443ad elementor-widget elementor-widget-image\" data-id=\"a5443ad\" data-element_type=\"widget\" data-e-type=\"widget\" data-widget_type=\"image.default\">\n\t\t\t\t<div class=\"elementor-widget-container\">\n\t\t\t\t\t\t\t\t\t\t\t\t\t\t\t<img fetchpriority=\"high\" decoding=\"async\" width=\"640\" height=\"853\" src=\"https:\/\/natsci.uprrp.edu\/cahreus\/wp-content\/uploads\/sites\/24\/2022\/02\/Dra.-Betty-Velazquez-Cruz.jpg\" class=\"attachment-large size-large wp-image-9632\" alt=\"\" srcset=\"https:\/\/natsci.uprrp.edu\/cahreus\/wp-content\/uploads\/sites\/24\/2022\/02\/Dra.-Betty-Velazquez-Cruz.jpg 768w, https:\/\/natsci.uprrp.edu\/cahreus\/wp-content\/uploads\/sites\/24\/2022\/02\/Dra.-Betty-Velazquez-Cruz-225x300.jpg 225w\" sizes=\"(max-width: 640px) 100vw, 640px\" \/>\t\t\t\t\t\t\t\t\t\t\t\t\t\t\t<\/div>\n\t\t\t\t<\/div>\n\t\t\t\t\t<\/div>\n\t\t<\/div>\n\t\t\t\t<div class=\"elementor-column elementor-col-66 elementor-top-column elementor-element elementor-element-2e57d53\" data-id=\"2e57d53\" data-element_type=\"column\" data-e-type=\"column\">\n\t\t\t<div class=\"elementor-widget-wrap elementor-element-populated\">\n\t\t\t\t\t\t<div class=\"elementor-element elementor-element-d7f7f33 elementor-widget elementor-widget-text-editor\" data-id=\"d7f7f33\" data-element_type=\"widget\" data-e-type=\"widget\" data-widget_type=\"text-editor.default\">\n\t\t\t\t<div class=\"elementor-widget-container\">\n\t\t\t\t\t\t\t\t\t<h2><span style=\"color: #ff0000\"><strong>Investigadora: <\/strong>Dra. Betty Vel\u00e1zquez-Cruz<\/span><\/h2><p>La Dra. Betty Vel\u00e1zquez Cruz es natural de Las Piedras, Puerto Rico. La Dra. Vel\u00e1zquez finaliz\u00f3 en 1992 su bachillerato en Qu\u00edmica Industrial en la Universidad de Puerto Rico Recinto de Humacao, en 1999 finaliz\u00f3 su maestr\u00eda en Qu\u00edmica con especializaci\u00f3n en Bioqu\u00edmica en la Universidad de Puerto Rico Recinto de R\u00edo Piedras y complet\u00f3 su Ph.D en Qu\u00edmica con especializaci\u00f3n en Bioqu\u00edmica en la Universidad de Puerto Rico Recinto de R\u00edo Piedras en el 2009. La Dra. Vel\u00e1zquez fue galardonada con varias becas para su formaci\u00f3n acad\u00e9mica a nivel subgraduado y graduado; y ha ense\u00f1ado algunos cursos que incluyen Laboratorio de Qu\u00edmica General I y II, Laboratorio de Qu\u00edmica Anal\u00edtica, \u00a0Laboratorio de Qu\u00edmica Org\u00e1nica I, Qu\u00edmica General II y Principios y Pr\u00e1ctica de Qu\u00edmica. Actualmente, la Dra. Vel\u00e1zquez es la coordinadora de los Laboratorios Qu\u00edmica General, mentora de estudiantes graduados que ejercen funciones de Ayudantes de C\u00e1tedra en los laboratorios de Qu\u00edmica General; y estar\u00e1 a cargo de la coordinaci\u00f3n e implementaci\u00f3n de los m\u00f3dulos de investigaci\u00f3n de los laboratorio de Qu\u00edmica General 2 donde los Ayudantes de catedra que ofrecen dicho laboratorio realizar\u00e1n los proyectos de investigaci\u00f3n con sus estudiantes subgraduados como parte del Centro de Recursos de CAHREUS.<\/p><h2><span style=\"color: #ff0000\"><strong>Researcher: <\/strong>Dr. Betty Vel\u00e1zquez-Cruz<\/span><\/h2><p>Dr. Betty Vel\u00e1zquez Cruz is native of Las Piedras, Puerto Rico. In 1992, Dr. Vel\u00e1zquez completed her bachelor&#8217;s degree in Industrial Chemistry at the University of Puerto Rico Humacao Campus, in 1999 she completed her master&#8217;s degree in Chemistry with a specialization in Biochemistry at the University of Puerto Rico R\u00edo Piedras Campus and completed her Ph.D. in Chemistry with a specialization in Biochemistry at the University of Puerto Rico R\u00edo Piedras Campus in 2009. Dr. Vel\u00e1zquez was awarded several scholarships for her academic training at the undergraduate and graduate levels; she has taught some courses including General Chemistry Laboratory I and II, Analytical Chemistry Laboratory, Organic Chemistry Laboratory I, General Chemistry II, and Principles and Practice of Chemistry. Currently, Dr. Vel\u00e1zquez is the coordinator of the General Chemistry Laboratories, mentor of graduate students who work as Teaching Assistants in the General Chemistry laboratories; and will be in charge of the coordination and implementation of the research modules of the General Chemistry 2 laboratory where the Teaching Assistants that offer said the laboratory will carry out the research projects with their undergraduate students as part of the CAHREUS Resource Center.<\/p>\t\t\t\t\t\t\t\t<\/div>\n\t\t\t\t<\/div>\n\t\t\t\t\t<\/div>\n\t\t<\/div>\n\t\t\t\t\t<\/div>\n\t\t<\/section>\n\t\t\t\t<section class=\"elementor-section elementor-top-section elementor-element elementor-element-1b827bb elementor-section-boxed elementor-section-height-default elementor-section-height-default\" data-id=\"1b827bb\" data-element_type=\"section\" data-e-type=\"section\">\n\t\t\t\t\t\t<div class=\"elementor-container elementor-column-gap-default\">\n\t\t\t\t\t<div class=\"elementor-column elementor-col-100 elementor-top-column elementor-element elementor-element-ccff09f\" data-id=\"ccff09f\" data-element_type=\"column\" data-e-type=\"column\">\n\t\t\t<div class=\"elementor-widget-wrap elementor-element-populated\">\n\t\t\t\t\t\t<div class=\"elementor-element elementor-element-f7d0110 elementor-widget-divider--view-line elementor-widget elementor-widget-divider\" data-id=\"f7d0110\" data-element_type=\"widget\" data-e-type=\"widget\" data-widget_type=\"divider.default\">\n\t\t\t\t<div class=\"elementor-widget-container\">\n\t\t\t\t\t\t\t<div class=\"elementor-divider\">\n\t\t\t<span class=\"elementor-divider-separator\">\n\t\t\t\t\t\t<\/span>\n\t\t<\/div>\n\t\t\t\t\t\t<\/div>\n\t\t\t\t<\/div>\n\t\t\t\t<div class=\"elementor-element elementor-element-93d061f elementor-widget elementor-widget-text-editor\" data-id=\"93d061f\" data-element_type=\"widget\" data-e-type=\"widget\" data-widget_type=\"text-editor.default\">\n\t\t\t\t<div class=\"elementor-widget-container\">\n\t\t\t\t\t\t\t\t\t<h2><span style=\"color: #ff0000\">Informaci\u00f3n<\/span><\/h2><p><strong>Correo: <\/strong><span style=\"text-decoration: underline\"><a href=\"mailto:betty.velazquez@upr.edu\">betty.velazquez@upr.edu<\/a>\u00a0<\/span>\u00a0<\/p><p><strong>Expertise: <\/strong>An\u00e1lisis qu\u00edmico, educaci\u00f3n en qu\u00edmica y coordinaci\u00f3n<\/p><p><strong>Oficina: <\/strong>Ciencias Naturales CN-334<\/p><p><strong>T\u00e9lefono de Oficina: <\/strong>787-764-0000 Ext. 88530<\/p><p><strong>T\u00e9lefono de Laboratorio: <\/strong>N\/A<\/p><p><strong>Horas de Oficina: <\/strong>Lunes 9:00 am \u2013 12:00 pm, Mi\u00e9rcoles 8:30 \u2013 11:30 am o por acuerdo.<\/p><p><strong>Redes Sociales:<\/strong> N\/A<\/p>\t\t\t\t\t\t\t\t<\/div>\n\t\t\t\t<\/div>\n\t\t\t\t<div class=\"elementor-element elementor-element-14e32fd elementor-widget-divider--view-line elementor-widget elementor-widget-divider\" data-id=\"14e32fd\" data-element_type=\"widget\" data-e-type=\"widget\" data-widget_type=\"divider.default\">\n\t\t\t\t<div class=\"elementor-widget-container\">\n\t\t\t\t\t\t\t<div class=\"elementor-divider\">\n\t\t\t<span class=\"elementor-divider-separator\">\n\t\t\t\t\t\t<\/span>\n\t\t<\/div>\n\t\t\t\t\t\t<\/div>\n\t\t\t\t<\/div>\n\t\t\t\t\t<\/div>\n\t\t<\/div>\n\t\t\t\t\t<\/div>\n\t\t<\/section>\n\t\t\t\t<section class=\"elementor-section elementor-top-section elementor-element elementor-element-beec30d elementor-section-boxed elementor-section-height-default elementor-section-height-default\" data-id=\"beec30d\" data-element_type=\"section\" data-e-type=\"section\">\n\t\t\t\t\t\t<div class=\"elementor-container elementor-column-gap-default\">\n\t\t\t\t\t<div class=\"elementor-column elementor-col-100 elementor-top-column elementor-element elementor-element-d3a7934\" data-id=\"d3a7934\" data-element_type=\"column\" data-e-type=\"column\">\n\t\t\t<div class=\"elementor-widget-wrap elementor-element-populated\">\n\t\t\t\t\t\t<div class=\"elementor-element elementor-element-34ee5a3 elementor-widget elementor-widget-text-editor\" data-id=\"34ee5a3\" data-element_type=\"widget\" data-e-type=\"widget\" data-widget_type=\"text-editor.default\">\n\t\t\t\t<div class=\"elementor-widget-container\">\n\t\t\t\t\t\t\t\t\t<h2><span style=\"color: #ff0000\"><strong>Publicaciones<\/strong><\/span><\/h2><p>Gonz\u00e1lez FA; Weisman, GA; Erb, L; Seye C; Sun, GY; Vel\u00e1zquez, B; Hern\u00e1ndez-P\u00e9rez, M; and Chorna, NE; Mechanisms for inhibition of P2 receptors signaling in neural cells,\u00a0\u00a0<em>Molec. Neurobiol<\/em>.,\u00a0<strong>2005<\/strong>, 31, 1-15.\u00a0<\/p><p>Vel\u00e1zquez, B; Garrad, RC; Weisman, GA; and Gonz\u00e1lez, FA; Differential agonist-induced desensitization of P2Y<sub>2<\/sub>\u00a0nucleotide receptor by ATP and UTP, <em>Mol. Cel. Biochem<\/em>.,\u00a0<strong>2000<\/strong>,\u00a0\u00a0206, 75-89.\u00a0<\/p><p>Otero, M; Garrad, RC; Vel\u00e1zquez, B; Hern\u00e1ndez-P\u00e9rez, MG; Camden, JM; Erb, L; Clarke, LL; Turner, JT; Weisman, GA; and Gonz\u00e1lez, FA; Mechanisms of agonist-dependent and \u2013independent desensitization of a recombinant P2Y<sub>2<\/sub>\u00a0nucleotide receptor, <em>Mol. Cel. Biochem<\/em>.,\u00a0<strong>1999<\/strong>, 205, 115-123.\u00a0<\/p><p>Alegr\u00eda, A; Moctezuma, A; and Vel\u00e1zquez, B; Electron paramagnetic resonance of the interaction of semiquinone, Na<sup>+\u00a0<\/sup>ion pairs with phosphatidylcholine in ethereal solvents,\u00a0\u00a0J<em>. Chem. Soc. Faraday Trans<\/em><strong>., 1993,\u00a0<\/strong>89, 3363-3369.\u00a0<\/p><p>Alegr\u00eda, A. and Vel\u00e1zquez, B.; Effect of ion pair formation between 1,4-benzosemiquinone and alkaline-earth metal cations on the semiquinone disproportionation equilibrium at physiological pH, <em>J. Sol. Chem<\/em>.,\u00a0<strong>1992<\/strong>, 21, 1241-1249.\u00a0<\/p>\t\t\t\t\t\t\t\t<\/div>\n\t\t\t\t<\/div>\n\t\t\t\t\t<\/div>\n\t\t<\/div>\n\t\t\t\t\t<\/div>\n\t\t<\/section>\n\t\t\t\t<\/div>\n\t\t","protected":false},"excerpt":{"rendered":"<p>\/*! elementor &#8211; v3.5.5 &#8211; 03-02-2022 *\/ .elementor-widget-divider{&#8211;divider-border-style:none;&#8211;divider-border-width:1px;&#8211;divider-color:#2c2c2c;&#8211;divider-icon-size:20px;&#8211;divider-element-spacing:10px;&#8211;divider-pattern-height:24px;&#8211;divider-pattern-size:20px;&#8211;divider-pattern-url:none;&#8211;divider-pattern-repeat:repeat-x}.elementor-widget-divider .elementor-divider{display:-webkit-box;display:-ms-flexbox;display:flex}.elementor-widget-divider .elementor-divider__text{font-size:15px;line-height:1;max-width:95%}.elementor-widget-divider .elementor-divider__element{margin:0 var(&#8211;divider-element-spacing);-ms-flex-negative:0;flex-shrink:0}.elementor-widget-divider .elementor-icon{font-size:var(&#8211;divider-icon-size)}.elementor-widget-divider .elementor-divider-separator{display:-webkit-box;display:-ms-flexbox;display:flex;margin:0;direction:ltr}.elementor-widget-divider&#8211;view-line_icon .elementor-divider-separator,.elementor-widget-divider&#8211;view-line_text .elementor-divider-separator{-webkit-box-align:center;-ms-flex-align:center;align-items:center}.elementor-widget-divider&#8211;view-line_icon .elementor-divider-separator:after,.elementor-widget-divider&#8211;view-line_icon .elementor-divider-separator:before,.elementor-widget-divider&#8211;view-line_text .elementor-divider-separator:after,.elementor-widget-divider&#8211;view-line_text .elementor-divider-separator:before{display:block;content:&#8221;&#8221;;border-bottom:0;-webkit-box-flex:1;-ms-flex-positive:1;flex-grow:1;border-top:var(&#8211;divider-border-width) var(&#8211;divider-border-style) var(&#8211;divider-color)}.elementor-widget-divider&#8211;element-align-left .elementor-divider .elementor-divider-separator&gt;.elementor-divider__svg:first-of-type{-webkit-box-flex:0;-ms-flex-positive:0;flex-grow:0;-ms-flex-negative:100;flex-shrink:100}.elementor-widget-divider&#8211;element-align-left .elementor-divider-separator:before{content:none}.elementor-widget-divider&#8211;element-align-left .elementor-divider__element{margin-left:0}.elementor-widget-divider&#8211;element-align-right .elementor-divider .elementor-divider-separator&gt;.elementor-divider__svg:last-of-type{-webkit-box-flex:0;-ms-flex-positive:0;flex-grow:0;-ms-flex-negative:100;flex-shrink:100}.elementor-widget-divider&#8211;element-align-right .elementor-divider-separator:after{content:none}.elementor-widget-divider&#8211;element-align-right .elementor-divider__element{margin-right:0}.elementor-widget-divider:not(.elementor-widget-divider&#8211;view-line_text):not(.elementor-widget-divider&#8211;view-line_icon) .elementor-divider-separator{border-top:var(&#8211;divider-border-width) var(&#8211;divider-border-style) var(&#8211;divider-color)}.elementor-widget-divider&#8211;separator-type-pattern{&#8211;divider-border-style:none}.elementor-widget-divider&#8211;separator-type-pattern.elementor-widget-divider&#8211;view-line .elementor-divider-separator,.elementor-widget-divider&#8211;separator-type-pattern:not(.elementor-widget-divider&#8211;view-line) .elementor-divider-separator:after,.elementor-widget-divider&#8211;separator-type-pattern:not(.elementor-widget-divider&#8211;view-line) .elementor-divider-separator:before,.elementor-widget-divider&#8211;separator-type-pattern:not([class*=elementor-widget-divider&#8211;view]) .elementor-divider-separator{width:100%;min-height:var(&#8211;divider-pattern-height);-webkit-mask-size:var(&#8211;divider-pattern-size) 100%;mask-size:var(&#8211;divider-pattern-size) 100%;-webkit-mask-repeat:var(&#8211;divider-pattern-repeat);mask-repeat:var(&#8211;divider-pattern-repeat);background-color:var(&#8211;divider-color);-webkit-mask-image:var(&#8211;divider-pattern-url);mask-image:var(&#8211;divider-pattern-url)}.elementor-widget-divider&#8211;no-spacing{&#8211;divider-pattern-size:auto}.elementor-widget-divider&#8211;bg-round{&#8211;divider-pattern-repeat:round}.rtl .elementor-widget-divider &hellip; <\/p>\n","protected":false},"author":41,"featured_media":0,"parent":9063,"menu_order":0,"comment_status":"closed","ping_status":"closed","template":"","meta":{"_bbp_topic_count":0,"_bbp_reply_count":0,"_bbp_total_topic_count":0,"_bbp_total_reply_count":0,"_bbp_voice_count":0,"_bbp_anonymous_reply_count":0,"_bbp_topic_count_hidden":0,"_bbp_reply_count_hidden":0,"_bbp_forum_subforum_count":0,"footnotes":""},"class_list":["post-9139","page","type-page","status-publish","hentry"],"_links":{"self":[{"href":"https:\/\/natsci.uprrp.edu\/cahreus\/wp-json\/wp\/v2\/pages\/9139","targetHints":{"allow":["GET"]}}],"collection":[{"href":"https:\/\/natsci.uprrp.edu\/cahreus\/wp-json\/wp\/v2\/pages"}],"about":[{"href":"https:\/\/natsci.uprrp.edu\/cahreus\/wp-json\/wp\/v2\/types\/page"}],"author":[{"embeddable":true,"href":"https:\/\/natsci.uprrp.edu\/cahreus\/wp-json\/wp\/v2\/users\/41"}],"replies":[{"embeddable":true,"href":"https:\/\/natsci.uprrp.edu\/cahreus\/wp-json\/wp\/v2\/comments?post=9139"}],"version-history":[{"count":7,"href":"https:\/\/natsci.uprrp.edu\/cahreus\/wp-json\/wp\/v2\/pages\/9139\/revisions"}],"predecessor-version":[{"id":9646,"href":"https:\/\/natsci.uprrp.edu\/cahreus\/wp-json\/wp\/v2\/pages\/9139\/revisions\/9646"}],"up":[{"embeddable":true,"href":"https:\/\/natsci.uprrp.edu\/cahreus\/wp-json\/wp\/v2\/pages\/9063"}],"wp:attachment":[{"href":"https:\/\/natsci.uprrp.edu\/cahreus\/wp-json\/wp\/v2\/media?parent=9139"}],"curies":[{"name":"wp","href":"https:\/\/api.w.org\/{rel}","templated":true}]}}