{"id":9120,"date":"2022-01-24T16:16:27","date_gmt":"2022-01-24T16:16:27","guid":{"rendered":"https:\/\/natsci.uprrp.edu\/cahreus\/?page_id=9120"},"modified":"2023-09-21T15:21:06","modified_gmt":"2023-09-21T15:21:06","slug":"kariluz-davila-diaz-ph-d","status":"publish","type":"page","link":"https:\/\/natsci.uprrp.edu\/cahreus\/equipo\/kariluz-davila-diaz-ph-d\/","title":{"rendered":"Kariluz D\u00e1vila D\u00edaz, Ph.D."},"content":{"rendered":"\t\t<div data-elementor-type=\"wp-page\" data-elementor-id=\"9120\" class=\"elementor elementor-9120\">\n\t\t\t\t\t\t<section class=\"elementor-section elementor-top-section elementor-element elementor-element-17df604 elementor-section-boxed elementor-section-height-default elementor-section-height-default\" data-id=\"17df604\" data-element_type=\"section\" data-e-type=\"section\">\n\t\t\t\t\t\t<div class=\"elementor-container elementor-column-gap-default\">\n\t\t\t\t\t<div class=\"elementor-column elementor-col-100 elementor-top-column elementor-element elementor-element-3f07062\" data-id=\"3f07062\" data-element_type=\"column\" data-e-type=\"column\">\n\t\t\t<div class=\"elementor-widget-wrap elementor-element-populated\">\n\t\t\t\t\t\t<div class=\"elementor-element elementor-element-9373402 elementor-widget-divider--view-line elementor-widget elementor-widget-divider\" data-id=\"9373402\" data-element_type=\"widget\" data-e-type=\"widget\" data-widget_type=\"divider.default\">\n\t\t\t\t<div class=\"elementor-widget-container\">\n\t\t\t\t\t\t\t<div class=\"elementor-divider\">\n\t\t\t<span class=\"elementor-divider-separator\">\n\t\t\t\t\t\t<\/span>\n\t\t<\/div>\n\t\t\t\t\t\t<\/div>\n\t\t\t\t<\/div>\n\t\t\t\t\t<\/div>\n\t\t<\/div>\n\t\t\t\t\t<\/div>\n\t\t<\/section>\n\t\t\t\t<section class=\"elementor-section elementor-top-section elementor-element elementor-element-737696b elementor-section-boxed elementor-section-height-default elementor-section-height-default\" data-id=\"737696b\" data-element_type=\"section\" data-e-type=\"section\">\n\t\t\t\t\t\t<div class=\"elementor-container elementor-column-gap-default\">\n\t\t\t\t\t<div class=\"elementor-column elementor-col-33 elementor-top-column elementor-element elementor-element-340998f\" data-id=\"340998f\" data-element_type=\"column\" data-e-type=\"column\">\n\t\t\t<div class=\"elementor-widget-wrap elementor-element-populated\">\n\t\t\t\t\t\t<div class=\"elementor-element elementor-element-cf01b74 elementor-widget elementor-widget-image\" data-id=\"cf01b74\" data-element_type=\"widget\" data-e-type=\"widget\" data-widget_type=\"image.default\">\n\t\t\t\t<div class=\"elementor-widget-container\">\n\t\t\t\t\t\t\t\t\t\t\t\t\t\t\t<img fetchpriority=\"high\" decoding=\"async\" width=\"640\" height=\"644\" src=\"https:\/\/natsci.uprrp.edu\/cahreus\/wp-content\/uploads\/sites\/24\/2022\/02\/Dra.-Kariluz-Davila-Diaz-1017x1024.jpeg\" class=\"attachment-large size-large wp-image-9626\" alt=\"\" srcset=\"https:\/\/natsci.uprrp.edu\/cahreus\/wp-content\/uploads\/sites\/24\/2022\/02\/Dra.-Kariluz-Davila-Diaz-1017x1024.jpeg 1017w, https:\/\/natsci.uprrp.edu\/cahreus\/wp-content\/uploads\/sites\/24\/2022\/02\/Dra.-Kariluz-Davila-Diaz-298x300.jpeg 298w, https:\/\/natsci.uprrp.edu\/cahreus\/wp-content\/uploads\/sites\/24\/2022\/02\/Dra.-Kariluz-Davila-Diaz-150x150.jpeg 150w, https:\/\/natsci.uprrp.edu\/cahreus\/wp-content\/uploads\/sites\/24\/2022\/02\/Dra.-Kariluz-Davila-Diaz-1526x1536.jpeg 1526w, https:\/\/natsci.uprrp.edu\/cahreus\/wp-content\/uploads\/sites\/24\/2022\/02\/Dra.-Kariluz-Davila-Diaz.jpeg 2034w\" sizes=\"(max-width: 640px) 100vw, 640px\" \/>\t\t\t\t\t\t\t\t\t\t\t\t\t\t\t<\/div>\n\t\t\t\t<\/div>\n\t\t\t\t\t<\/div>\n\t\t<\/div>\n\t\t\t\t<div class=\"elementor-column elementor-col-66 elementor-top-column elementor-element elementor-element-ed3fe95\" data-id=\"ed3fe95\" data-element_type=\"column\" data-e-type=\"column\">\n\t\t\t<div class=\"elementor-widget-wrap elementor-element-populated\">\n\t\t\t\t\t\t<div class=\"elementor-element elementor-element-ab9fdd2 elementor-widget elementor-widget-text-editor\" data-id=\"ab9fdd2\" data-element_type=\"widget\" data-e-type=\"widget\" data-widget_type=\"text-editor.default\">\n\t\t\t\t<div class=\"elementor-widget-container\">\n\t\t\t\t\t\t\t\t\t<h2><span style=\"color: #ff0000\"><strong>Investigadora: <\/strong>Dra. Kariluz D\u00e1vila D\u00edaz<\/span><\/h2><p>La Dra. Kariluz D\u00e1vila D\u00edaz es natural de San Juan, Puerto Rico. La Dra. D\u00e1vila finaliz\u00f3 en el 2000 su bachillerato en Qu\u00edmica en la Universidad de Puerto Rico Recinto de Rio Piedras y complet\u00f3 su Ph.D en Qu\u00edmica Anal\u00edtica en la misma instituci\u00f3n en el 2006. Como estudiante graduada recibi\u00f3 la beca GAANN, del Departamento de Educaci\u00f3n Federal, la cual le permiti\u00f3 completar los estudios doctorales.\u00a0 La Dra. D\u00e1vila ha participado de los Programas: REU \u2013Site: PR- CLIMB (Puerto Rico-Chemical Learning in Materials and Biomolecular Applications) y From Hectares to Nanometers: GK-12 Multidisciplinary Explorations of Functional Nanoscience and Tropical Ecosystems.<span> Tambi\u00e9n ha servido en proyectos de la DECEP (Divisi\u00f3n de Educaci\u00f3n Cont\u00ednua y Estudios Profesionales) como Coordinadora de Ciencias en el Proyecto UPR Estudia Contigo y Coordinadora Acad\u00e9mica de la Academia STEM.\u00a0 La Dra. D\u00e1vila desde el 2006 ha ofrecido cursos a nivel subgraduados, especialmente en Qu\u00edmica General, tiene intereses tambi\u00e9n en la Educaci\u00f3n en Qu\u00edmica, con sus proyectos de investigaci\u00f3n en Qu\u00edmica Anal\u00edtica y Educaci\u00f3n en Qu\u00edmica quiere que la educaci\u00f3n en qu\u00edmica sea lo m\u00e1s equitativa, inclusiva e interactiva posible por lo que incluye en sus m\u00e9todos de ense\u00f1anza formas noveles para ofrecer los cursos presencial o en l\u00ednea. Actualmente, la Dra. D\u00e1vila es catedr\u00e1tica auxiliar en el Departamento de Qu\u00edmica de la Universidad de Puerto Rico Recinto de Rio Piedras y es la coordinadora de Centro de Recursos de CAHREUS.<\/span><\/p><h2><span style=\"color: #ff0000\"><strong>Researcher: <\/strong>Dr. Kariluz D\u00e1vila D\u00edaz<\/span><\/h2><p>Dr. Kariluz D\u00e1vila D\u00edaz is native of San Juan, Puerto Rico. Dr. D\u00e1vila completed her bachelor&#8217;s degree in Chemistry at the University of Puerto Rico Rio Piedras Campus in 2000 and completed her Ph.D. in Analytical Chemistry at the same institution in 2006. As a graduate student, she received the GAANN scholarship from the Federal Department of Education, which allowed her to complete her doctoral studies.\u00a0 Dr. D\u00e1vila has participated in the Programs: REU \u2013Site: PR- CLIMB (Puerto Rico-Chemical Learning in Materials and Biomolecular Applications) and From Hectares to Nanometers: GK-12 Multidisciplinary Explorations of Functional Nanoscience and Tropical Ecosystems.\u00a0 She has also served in DECEP projects (Division of Continuing Education and Professional Studies) as Science Coordinator in the UPR Study With You Project and Academic Coordinator of the STEM Academy.\u00a0 Dr. D\u00e1vila since 2006 she has offered courses at the undergraduate level especially in General Chemistry, she also has interests in Chemistry Education, with her research projects in Analytical Chemistry and Chemistry Education, she wants chemistry education to be as equitable, inclusive, and interactive as possible, therefore it includes in its teaching methods novel ways to offer face-to-face or online courses. Ella tambi\u00e9n ha trabajado en el desarrollo de recursos digitales o en l\u00ednea como el campamento virtual de &#8220;CyberCamp&#8221;, como parte de una colaboraci\u00f3n con el Departamento de Ciencias de C\u00f3mputos.\u00a0 She has also worked on the development of digital or online resources such as the &#8220;CyberCamp&#8221; virtual camp, as part of a collaboration with the Department of Computer Science.\u00a0 Currently, Dr. D\u00e1vila is an assistant professor in the Department of Chemistry at the University of Puerto Rico Rio Piedras Campus and is the coordinator of the CAHREUS Resource Center.<\/p>\t\t\t\t\t\t\t\t<\/div>\n\t\t\t\t<\/div>\n\t\t\t\t\t<\/div>\n\t\t<\/div>\n\t\t\t\t\t<\/div>\n\t\t<\/section>\n\t\t\t\t<section class=\"elementor-section elementor-top-section elementor-element elementor-element-3fa30bc elementor-section-boxed elementor-section-height-default elementor-section-height-default\" data-id=\"3fa30bc\" data-element_type=\"section\" data-e-type=\"section\">\n\t\t\t\t\t\t<div class=\"elementor-container elementor-column-gap-default\">\n\t\t\t\t\t<div class=\"elementor-column elementor-col-100 elementor-top-column elementor-element elementor-element-b6cd0ec\" data-id=\"b6cd0ec\" data-element_type=\"column\" data-e-type=\"column\">\n\t\t\t<div class=\"elementor-widget-wrap elementor-element-populated\">\n\t\t\t\t\t\t<div class=\"elementor-element elementor-element-021422c elementor-widget-divider--view-line elementor-widget elementor-widget-divider\" data-id=\"021422c\" data-element_type=\"widget\" data-e-type=\"widget\" data-widget_type=\"divider.default\">\n\t\t\t\t<div class=\"elementor-widget-container\">\n\t\t\t\t\t\t\t<div class=\"elementor-divider\">\n\t\t\t<span class=\"elementor-divider-separator\">\n\t\t\t\t\t\t<\/span>\n\t\t<\/div>\n\t\t\t\t\t\t<\/div>\n\t\t\t\t<\/div>\n\t\t\t\t\t<\/div>\n\t\t<\/div>\n\t\t\t\t\t<\/div>\n\t\t<\/section>\n\t\t\t\t<section class=\"elementor-section elementor-top-section elementor-element elementor-element-a5e3d45 elementor-section-boxed elementor-section-height-default elementor-section-height-default\" data-id=\"a5e3d45\" data-element_type=\"section\" data-e-type=\"section\">\n\t\t\t\t\t\t<div class=\"elementor-container elementor-column-gap-default\">\n\t\t\t\t\t<div class=\"elementor-column elementor-col-100 elementor-top-column elementor-element elementor-element-5f11b29\" data-id=\"5f11b29\" data-element_type=\"column\" data-e-type=\"column\">\n\t\t\t<div class=\"elementor-widget-wrap elementor-element-populated\">\n\t\t\t\t\t\t<div class=\"elementor-element elementor-element-0382e3b elementor-widget elementor-widget-text-editor\" data-id=\"0382e3b\" data-element_type=\"widget\" data-e-type=\"widget\" data-widget_type=\"text-editor.default\">\n\t\t\t\t<div class=\"elementor-widget-container\">\n\t\t\t\t\t\t\t\t\t<h2><span style=\"color: #ff0000\">Informaci\u00f3n<\/span><\/h2><p><strong>Correo: <\/strong><span style=\"text-decoration: underline\"><a href=\"mailto:kariluz.davila@upr.edu\">kariluz.davila@upr.edu<\/a><\/span> \u00a0\u00a0\u00a0<\/p><p><strong>Expertise: <\/strong>Qu\u00edmica Anal\u00edtica, Educaci\u00f3n en Qu\u00edmica<\/p><p><strong>Oficina: <\/strong>Ciencias Naturales CN-337<\/p><p><strong>T\u00e9lefono de Oficina: <\/strong>787-764-0000 Ext. 88523<\/p><p><strong>T\u00e9lefono de Laboratorio:\u00a0 <\/strong>787-764-0000 Ext. 88547<\/p><p><strong>Horas de Oficina: <\/strong>Lunes a Mi\u00e9rcoles 10:00 \u2013 11:00 am o por acuerdo.<\/p><p><strong>Redes Sociales:<\/strong> https:\/\/sites.google.com\/upr.edu\/dra-kariluz-davila-diaz\/bio<\/p>\t\t\t\t\t\t\t\t<\/div>\n\t\t\t\t<\/div>\n\t\t\t\t<div class=\"elementor-element elementor-element-6922ce0 elementor-widget-divider--view-line elementor-widget elementor-widget-divider\" data-id=\"6922ce0\" data-element_type=\"widget\" data-e-type=\"widget\" data-widget_type=\"divider.default\">\n\t\t\t\t<div class=\"elementor-widget-container\">\n\t\t\t\t\t\t\t<div class=\"elementor-divider\">\n\t\t\t<span class=\"elementor-divider-separator\">\n\t\t\t\t\t\t<\/span>\n\t\t<\/div>\n\t\t\t\t\t\t<\/div>\n\t\t\t\t<\/div>\n\t\t\t\t\t<\/div>\n\t\t<\/div>\n\t\t\t\t\t<\/div>\n\t\t<\/section>\n\t\t\t\t<section class=\"elementor-section elementor-top-section elementor-element elementor-element-df1b98d elementor-section-boxed elementor-section-height-default elementor-section-height-default\" data-id=\"df1b98d\" data-element_type=\"section\" data-e-type=\"section\">\n\t\t\t\t\t\t<div class=\"elementor-container elementor-column-gap-default\">\n\t\t\t\t\t<div class=\"elementor-column elementor-col-100 elementor-top-column elementor-element elementor-element-91f22b0\" data-id=\"91f22b0\" data-element_type=\"column\" data-e-type=\"column\">\n\t\t\t<div class=\"elementor-widget-wrap elementor-element-populated\">\n\t\t\t\t\t\t<div class=\"elementor-element elementor-element-3f8cb53 elementor-widget elementor-widget-text-editor\" data-id=\"3f8cb53\" data-element_type=\"widget\" data-e-type=\"widget\" data-widget_type=\"text-editor.default\">\n\t\t\t\t<div class=\"elementor-widget-container\">\n\t\t\t\t\t\t\t\t\t<h2><span style=\"color: #ff0000\"><strong>Publicaciones<\/strong><\/span><\/h2><p style=\"margin: 0cm;font-size: 12pt;font-family: 'Times New Roman', serif;color: #000000\"><b>D\u00e1vila-D\u00edaz, K.<\/b> <span lang=\"EN-US\">\u201c<\/span>Using Integrative Activities to Reinforce Stoichiometry, Solutions, and Aqueous Reactions Concepts as a Review Technique for Exams<span lang=\"EN-US\">\u201d<\/span>.<b> <\/b>American J<span lang=\"EN-US\">ournal of<\/span> Sci<span lang=\"EN-US\">ence<\/span> Edu<span lang=\"EN-US\">cation<\/span> Re<span lang=\"EN-US\">search.<\/span> <span lang=\"EN-US\">2023<\/span><\/p><p style=\"margin: 0cm;font-size: 12pt;font-family: 'Times New Roman', serif;color: #000000\"><span lang=\"EN-US\">\u00a0<\/span><a style=\"color: blue\" href=\"https:\/\/doi.org\/10.47378\/2835-6764\/AJSER-120\">https:\/\/doi.org\/10.47378\/2835-6764\/AJSER-120<\/a>.<\/p><p style=\"margin: 0cm;font-size: 12pt;font-family: 'Times New Roman', serif;color: #000000\">\u00a0<\/p><p style=\"margin: 0cm;font-size: 12pt;font-family: 'Times New Roman', serif;color: #000000\"><span lang=\"ES-PR\">D\u00edaz-V\u00e1zquez, L.M., <b>D\u00e1vila-D\u00edaz, K<\/b>., Ortiz-Andrade, B.M., Alfonso-Cano, D.J., Zuluaga-G\u00f3mez, C.C., 2023 \u201cConstelaci\u00f3n de Latinas\u201d, Publicaciones Puertorrique\u00f1as, Inc. <\/span><span lang=\"EN-US\">San Juan, PR ISBN: 978-1-62537-661-9<\/span><\/p><p style=\"margin: 0cm;font-size: 12pt;font-family: 'Times New Roman', serif;color: #000000\">\u00a0<\/p><p style=\"margin: 0cm;font-size: 12pt;font-family: 'Times New Roman', serif;color: #000000\"><b>K. Davila<\/b>. \u201cFrom an Emergency Pandemic Course to an Online Course: A General Chemistry case study in a Resource-constrained Hispanic Serving Institution\u201d. Journal of Chemical Education<span lang=\"ES-PR\">. <\/span>2022, 99, 2913\u22122918<span lang=\"ES-PR\">,<\/span> <a style=\"color: blue\" title=\"Original URL: https:\/\/doi.org\/10.1021\/acs.jchemed.2c00111. Click or tap if you trust this link.\" href=\"https:\/\/nam02.safelinks.protection.outlook.com\/?url=https%3A%2F%2Fdoi.org%2F10.1021%2Facs.jchemed.2c00111&amp;data=05%7C01%7Ckariluz.davila%40upr.edu%7C7037cb41459141c9f0cb08da6b46151b%7C0dfa5dc0036f461599e494af822f2b84%7C0%7C0%7C637940245993870729%7CUnknown%7CTWFpbGZsb3d8eyJWIjoiMC4wLjAwMDAiLCJQIjoiV2luMzIiLCJBTiI6Ik1haWwiLCJXVCI6Mn0%3D%7C3000%7C%7C%7C&amp;sdata=pdVqc8W7PEhVFza8ZykPjLDtm4CNpbzSKe42hUVSx5g%3D&amp;reserved=0\" target=\"_blank\" rel=\"noopener\">https:\/\/doi.org\/10.1021\/acs.jchemed.2c00111<\/a><\/p><p style=\"margin: 0cm;font-size: 12pt;font-family: 'Times New Roman', serif;color: #000000\">\u00a0<\/p><p style=\"margin: 0cm;font-size: 12pt;font-family: 'Times New Roman', serif;color: #000000\"><b>K. D\u00e1vila<\/b>, L. Mu\u00f1oz, L. D\u00edaz, U. Rivera, M. Torres, C. Ma<span lang=\"ES-PR\">l<\/span>ca, R. Mahomedova, <span lang=\"ES-PR\">2022 <\/span>\u201c<span style=\"background-image: initial;background-position: initial;background-size: initial;background-attachment: initial\">Manual Qu\u00edmica Divertida para Maestros de Octavo Grado\u201d,<\/span> Publicaciones Puertorrique\u00f1as, Inc. San Juan, PR<span lang=\"ES-PR\">. ISBN: 978-1-62537-622-0<\/span><\/p><p style=\"margin: 0cm;font-size: 12pt;font-family: 'Times New Roman', serif;color: #000000\">\u00a0<\/p><p style=\"margin: 0cm 0cm 12pt 0.75pt;font-size: 12pt;font-family: 'Times New Roman', serif;color: #000000\"><b>K. D\u00e1vila,<\/b> \u201cIncluyendo la tecnolog\u00eda en el sal\u00f3n de clase para facilitar la integraci\u00f3n de las actividades de GK12\u201d, El Sol, 1, 26-28 (2015).<\/p><p style=\"margin: 0cm 0cm 12pt;font-size: 12pt;font-family: 'Times New Roman', serif;color: #000000\"><b>D\u00e1vila, K<\/b>.; Talanquer, V. Classifying End-of-Chapter Questions and Problems for Selected General Chemistry Textbooks Used in the United States.\u00a0<i>J. Chem. Educ.<\/i>\u00a0<b>2010<\/b>,\u00a0<i>87<\/i>\u00a0(1), 97\u2013101. <a style=\"color: blue\" href=\"https:\/\/doi.org\/10.1021\/ed8000232\">https:\/\/doi.org\/10.1021\/ed8000232<\/a>.<\/p>\t\t\t\t\t\t\t\t<\/div>\n\t\t\t\t<\/div>\n\t\t\t\t\t<\/div>\n\t\t<\/div>\n\t\t\t\t\t<\/div>\n\t\t<\/section>\n\t\t\t\t<\/div>\n\t\t","protected":false},"excerpt":{"rendered":"<p>Investigadora: Dra. Kariluz D\u00e1vila D\u00edaz La Dra. Kariluz D\u00e1vila D\u00edaz es natural de San Juan, Puerto Rico. La Dra. D\u00e1vila finaliz\u00f3 en el 2000 su bachillerato en Qu\u00edmica en la Universidad de Puerto Rico Recinto de Rio Piedras y complet\u00f3 &hellip; <\/p>\n","protected":false},"author":41,"featured_media":0,"parent":9063,"menu_order":0,"comment_status":"closed","ping_status":"closed","template":"","meta":{"_bbp_topic_count":0,"_bbp_reply_count":0,"_bbp_total_topic_count":0,"_bbp_total_reply_count":0,"_bbp_voice_count":0,"_bbp_anonymous_reply_count":0,"_bbp_topic_count_hidden":0,"_bbp_reply_count_hidden":0,"_bbp_forum_subforum_count":0,"footnotes":""},"class_list":["post-9120","page","type-page","status-publish","hentry"],"_links":{"self":[{"href":"https:\/\/natsci.uprrp.edu\/cahreus\/wp-json\/wp\/v2\/pages\/9120","targetHints":{"allow":["GET"]}}],"collection":[{"href":"https:\/\/natsci.uprrp.edu\/cahreus\/wp-json\/wp\/v2\/pages"}],"about":[{"href":"https:\/\/natsci.uprrp.edu\/cahreus\/wp-json\/wp\/v2\/types\/page"}],"author":[{"embeddable":true,"href":"https:\/\/natsci.uprrp.edu\/cahreus\/wp-json\/wp\/v2\/users\/41"}],"replies":[{"embeddable":true,"href":"https:\/\/natsci.uprrp.edu\/cahreus\/wp-json\/wp\/v2\/comments?post=9120"}],"version-history":[{"count":28,"href":"https:\/\/natsci.uprrp.edu\/cahreus\/wp-json\/wp\/v2\/pages\/9120\/revisions"}],"predecessor-version":[{"id":10440,"href":"https:\/\/natsci.uprrp.edu\/cahreus\/wp-json\/wp\/v2\/pages\/9120\/revisions\/10440"}],"up":[{"embeddable":true,"href":"https:\/\/natsci.uprrp.edu\/cahreus\/wp-json\/wp\/v2\/pages\/9063"}],"wp:attachment":[{"href":"https:\/\/natsci.uprrp.edu\/cahreus\/wp-json\/wp\/v2\/media?parent=9120"}],"curies":[{"name":"wp","href":"https:\/\/api.w.org\/{rel}","templated":true}]}}