{"id":9119,"date":"2022-01-24T16:14:15","date_gmt":"2022-01-24T16:14:15","guid":{"rendered":"https:\/\/natsci.uprrp.edu\/cahreus\/?page_id=9119"},"modified":"2022-02-08T22:30:14","modified_gmt":"2022-02-08T22:30:14","slug":"liz-m-diaz-vazquez-ph-d","status":"publish","type":"page","link":"https:\/\/natsci.uprrp.edu\/cahreus\/equipo\/liz-m-diaz-vazquez-ph-d\/","title":{"rendered":"Liz M. D\u00edaz V\u00e1zquez, Ph.D."},"content":{"rendered":"\t\t<div data-elementor-type=\"wp-page\" data-elementor-id=\"9119\" class=\"elementor elementor-9119\">\n\t\t\t\t\t\t<section class=\"elementor-section elementor-top-section elementor-element elementor-element-c519327 elementor-section-boxed elementor-section-height-default elementor-section-height-default\" data-id=\"c519327\" data-element_type=\"section\" data-e-type=\"section\">\n\t\t\t\t\t\t<div class=\"elementor-container elementor-column-gap-default\">\n\t\t\t\t\t<div class=\"elementor-column elementor-col-100 elementor-top-column elementor-element elementor-element-d510c03\" data-id=\"d510c03\" data-element_type=\"column\" data-e-type=\"column\">\n\t\t\t<div class=\"elementor-widget-wrap elementor-element-populated\">\n\t\t\t\t\t\t<div class=\"elementor-element elementor-element-c04e724 elementor-widget-divider--view-line elementor-widget elementor-widget-divider\" data-id=\"c04e724\" data-element_type=\"widget\" data-e-type=\"widget\" data-widget_type=\"divider.default\">\n\t\t\t\t<div class=\"elementor-widget-container\">\n\t\t\t\t\t\t\t<div class=\"elementor-divider\">\n\t\t\t<span class=\"elementor-divider-separator\">\n\t\t\t\t\t\t<\/span>\n\t\t<\/div>\n\t\t\t\t\t\t<\/div>\n\t\t\t\t<\/div>\n\t\t\t\t\t<\/div>\n\t\t<\/div>\n\t\t\t\t\t<\/div>\n\t\t<\/section>\n\t\t\t\t<section class=\"elementor-section elementor-top-section elementor-element elementor-element-40fb247 elementor-section-boxed elementor-section-height-default elementor-section-height-default\" data-id=\"40fb247\" data-element_type=\"section\" data-e-type=\"section\">\n\t\t\t\t\t\t<div class=\"elementor-container elementor-column-gap-default\">\n\t\t\t\t\t<div class=\"elementor-column elementor-col-33 elementor-top-column elementor-element elementor-element-f223ffe\" data-id=\"f223ffe\" data-element_type=\"column\" data-e-type=\"column\">\n\t\t\t<div class=\"elementor-widget-wrap elementor-element-populated\">\n\t\t\t\t\t\t<div class=\"elementor-element elementor-element-23a1a8e elementor-widget elementor-widget-image\" data-id=\"23a1a8e\" data-element_type=\"widget\" data-e-type=\"widget\" data-widget_type=\"image.default\">\n\t\t\t\t<div class=\"elementor-widget-container\">\n\t\t\t\t\t\t\t\t\t\t\t\t\t\t\t<img fetchpriority=\"high\" decoding=\"async\" width=\"202\" height=\"249\" src=\"https:\/\/natsci.uprrp.edu\/cahreus\/wp-content\/uploads\/sites\/24\/2022\/02\/Dra.-Liz-M-Diaz-Vazquez-e1644356693684.jpeg\" class=\"attachment-1536x1536 size-1536x1536 wp-image-9621\" alt=\"\" \/>\t\t\t\t\t\t\t\t\t\t\t\t\t\t\t<\/div>\n\t\t\t\t<\/div>\n\t\t\t\t\t<\/div>\n\t\t<\/div>\n\t\t\t\t<div class=\"elementor-column elementor-col-66 elementor-top-column elementor-element elementor-element-f0a8b48\" data-id=\"f0a8b48\" data-element_type=\"column\" data-e-type=\"column\">\n\t\t\t<div class=\"elementor-widget-wrap elementor-element-populated\">\n\t\t\t\t\t\t<div class=\"elementor-element elementor-element-8adb4b4 elementor-widget elementor-widget-text-editor\" data-id=\"8adb4b4\" data-element_type=\"widget\" data-e-type=\"widget\" data-widget_type=\"text-editor.default\">\n\t\t\t\t<div class=\"elementor-widget-container\">\n\t\t\t\t\t\t\t\t\t<h2 style=\"text-align: left\"><span style=\"color: #ff0000\"><strong>Investigadora: <\/strong>Dra. Liz M. D\u00edaz V\u00e1zquez<\/span><\/h2><p>La Dra. Liz M. D\u00edaz V\u00e1zquez es natural de Barranquitas, Puerto Rico. La Dra. D\u00edaz finaliz\u00f3 en el 2000 su bachillerato en Qu\u00edmica en la Universidad de Puerto Rico Recinto de Rio Piedras y complet\u00f3 su Ph.D en Qu\u00edmica Anal\u00edtica en la misma instituci\u00f3n en el 2005. La Dra. D\u00edaz fue galardonada con varias estancias postdoctorales que fueron otorgadas en el 2007 por el Institute of Biotechnology Fellowship, en el 2009 por el Technology and Education Center for Renewable Energy (TECRE) Fellowship, en el 2011 por el Department of Homeland Security Faculty Team Summer Research Fellowship, y finalmente en 2014 y 2019 por el Analytical Science Digital Library (ASDL) Travel Fellowship. La Dra. D\u00edaz ha ense\u00f1ado algunos cursos que incluyen Qu\u00edmica General, Qu\u00edmica Anal\u00edtica, Qu\u00edmica Instrumental, Qu\u00edmica Forense, Qu\u00edmica Ambiental y Comunicaci\u00f3n Cient\u00edfica. Actualmente, la Dra. D\u00edaz es profesora y Directora del programa de Qu\u00edmica de la Universidad de Puerto Rico Recinto de Rio Piedras, es Investigadora en el \u00e1rea de Qu\u00edmica Anal\u00edtica Ambiental y en el \u00e1rea de Educaci\u00f3n en Qu\u00edmica, es Directora del Center for Innovation Research and Education in Environmental Nanotechnology (CIRE2N), Co-Directora de PR-Sprint (Una alianza con NASA para adiestrar a estudiantes en \u00e1reas relacionas a las profesiones en NASA), Coordinadora de outreach y educaci\u00f3n del Centro para el Avance de Tecnolog\u00eda Ponible (CAWT), Participa el Comit\u00e9 de la Mujer Secci\u00f3n ACS- Puerto Rico, Trabaja en el proyecto Vieques, Ambiente, Salud y Acci\u00f3n Comunitaria (VASAC) como Directora del componente que se lleva a cabo en el Recinto de R\u00edo Piedras, es la fundadora de la iniciativa la Mujer en la Ciencia y es la Investigadora Principal del Centro de Recursos de CAHREUS. La Dra. D\u00edaz con sus proyectos de investigaci\u00f3n en Qu\u00edmica Anal\u00edtica Ambiental, se enfoca en el desarrollo de metodolog\u00eda para la detecci\u00f3n y mitigaci\u00f3n de contaminantes emergentes as\u00ed como el desarrollo sostenible de nanomateriales. En el \u00e1rea de Educaci\u00f3n en Qu\u00edmica, se especializa en hacer m\u00e1s accesible las pr\u00e1cticas de investigaci\u00f3n y mejorar las destrezas de comunicaci\u00f3n cient\u00edfica de estudiantes graduados e investigadores.\u00a0\u00a0<\/p><h3><span style=\"color: #ff0000\"><strong>Researcher: <\/strong>Dr. Liz M. D\u00edaz V\u00e1zquez<\/span><\/h3><p>Dr. Liz M. D\u00edaz V\u00e1zquez is native of Barranquitas, Puerto Rico. In 2000, Dr. D\u00edaz finished her bachelor&#8217;s degree in Chemistry at the University of Puerto Rico Rio Piedras Campus and completed her Ph.D. in Analytical Chemistry at the same institution in 2005. Dr. D\u00edaz was awarded several postdoctoral stays that were awarded in 2007 by the Institute of Biotechnology Fellowship, in 2009 by the Technology and Education Center for Renewable Energy (TECRE) Fellowship, in 2011 by the Department of Homeland Security Faculty Team Summer Research Fellowship, and finally in 2014 and 2019 by the Analytical Science Digital Library (ASDL) Travel Fellowship. Dr. D\u00edaz has taught some courses including General Chemistry, Analytical Chemistry, Instrumental Chemistry, Forensic Chemistry, Environmental Chemistry, and Science Communication. Currently, Dr. D\u00edaz is professor and Director of the Chemistry program at the University of Puerto Rico Rio Piedras Campus, she is a Researcher in the area of Environmental Analytical Chemistry, and in the area of Education in Chemistry, she is the Director of the Center for Innovation Research and Education in Environmental Nanotechnology (CIRE2N), Co-Director of PR-Sprint (An alliance with NASA to train students in areas related to NASA professions), Coordinator of outreach and education of the Center for the Advancement of Wearable Technology (CAWT ), Participates in the ACS-Puerto Rico Section Women&#8217;s Committee, Works in the Vieques Environment Health and Community Action (VASAC) project as Director of the component that takes place in the R\u00edo Piedras Campus, is the founder of the Women in Science initiative and is the Principal Investigator of the CAHREUS Resource Center. Dr. D\u00edaz, in her research projects in Environmental Analytical Chemistry, focuses on the development of methodologies for the detection and mitigation of emerging contaminants as well as the sustainable development of nanomaterials. In the area of Chemistry Education, she specializes in making research practices more accessible and improving science communication skills for graduate students and researchers.<\/p>\t\t\t\t\t\t\t\t<\/div>\n\t\t\t\t<\/div>\n\t\t\t\t\t<\/div>\n\t\t<\/div>\n\t\t\t\t\t<\/div>\n\t\t<\/section>\n\t\t\t\t<section class=\"elementor-section elementor-top-section elementor-element elementor-element-7f09eb1 elementor-section-boxed elementor-section-height-default elementor-section-height-default\" data-id=\"7f09eb1\" data-element_type=\"section\" data-e-type=\"section\">\n\t\t\t\t\t\t<div class=\"elementor-container elementor-column-gap-default\">\n\t\t\t\t\t<div class=\"elementor-column elementor-col-100 elementor-top-column elementor-element elementor-element-144d004\" data-id=\"144d004\" data-element_type=\"column\" data-e-type=\"column\">\n\t\t\t<div class=\"elementor-widget-wrap elementor-element-populated\">\n\t\t\t\t\t\t<div class=\"elementor-element elementor-element-4235491 elementor-widget-divider--view-line elementor-widget elementor-widget-divider\" data-id=\"4235491\" data-element_type=\"widget\" data-e-type=\"widget\" data-widget_type=\"divider.default\">\n\t\t\t\t<div class=\"elementor-widget-container\">\n\t\t\t\t\t\t\t<div class=\"elementor-divider\">\n\t\t\t<span class=\"elementor-divider-separator\">\n\t\t\t\t\t\t<\/span>\n\t\t<\/div>\n\t\t\t\t\t\t<\/div>\n\t\t\t\t<\/div>\n\t\t\t\t<div class=\"elementor-element elementor-element-092fb5f elementor-widget elementor-widget-text-editor\" data-id=\"092fb5f\" data-element_type=\"widget\" data-e-type=\"widget\" data-widget_type=\"text-editor.default\">\n\t\t\t\t<div class=\"elementor-widget-container\">\n\t\t\t\t\t\t\t\t\t<h2><span style=\"color: #ff0000\">Informaci\u00f3n<\/span><\/h2><p><strong>Correo: <\/strong><span style=\"text-decoration: underline\"><a href=\"mailto:liz.diaz2@upr.edu\">liz.diaz2@upr.edu<\/a><\/span> \u00a0\u00a0\u00a0<\/p><p><strong>Expertise: <\/strong>Qu\u00edmica Anal\u00edtica, Educaci\u00f3n en Qu\u00edmica, Nanotecnolog\u00eda, Qu\u00edmica Ambiental y Comunicaci\u00f3n Cient\u00edfica.<\/p><p><strong>Oficina: <\/strong>Ciencias Naturales CN-330<\/p><p><strong>T\u00e9lefono de Oficina: <\/strong>787-764-0000 Ext. 88526<\/p><p><strong>T\u00e9lefono de Laboratorio: <\/strong>787-764-0000 Ext. 88577 \u00a0<\/p><p><strong>Horas de Oficina: <\/strong>Lunes y Mi\u00e9rcoles 9:00 \u2013 10:00 am o por acuerdo.<\/p><p><strong>Redes Sociales:<\/strong> No a\u00fan.<\/p>\t\t\t\t\t\t\t\t<\/div>\n\t\t\t\t<\/div>\n\t\t\t\t\t<\/div>\n\t\t<\/div>\n\t\t\t\t\t<\/div>\n\t\t<\/section>\n\t\t\t\t<section class=\"elementor-section elementor-top-section elementor-element elementor-element-eadcffe elementor-section-boxed elementor-section-height-default elementor-section-height-default\" data-id=\"eadcffe\" data-element_type=\"section\" data-e-type=\"section\">\n\t\t\t\t\t\t<div class=\"elementor-container elementor-column-gap-default\">\n\t\t\t\t\t<div class=\"elementor-column elementor-col-100 elementor-top-column elementor-element elementor-element-23fa985\" data-id=\"23fa985\" data-element_type=\"column\" data-e-type=\"column\">\n\t\t\t<div class=\"elementor-widget-wrap elementor-element-populated\">\n\t\t\t\t\t\t<div class=\"elementor-element elementor-element-4b33fe9 elementor-widget-divider--view-line elementor-widget elementor-widget-divider\" data-id=\"4b33fe9\" data-element_type=\"widget\" data-e-type=\"widget\" data-widget_type=\"divider.default\">\n\t\t\t\t<div class=\"elementor-widget-container\">\n\t\t\t\t\t\t\t<div class=\"elementor-divider\">\n\t\t\t<span class=\"elementor-divider-separator\">\n\t\t\t\t\t\t<\/span>\n\t\t<\/div>\n\t\t\t\t\t\t<\/div>\n\t\t\t\t<\/div>\n\t\t\t\t<div class=\"elementor-element elementor-element-1540c36 elementor-widget elementor-widget-text-editor\" data-id=\"1540c36\" data-element_type=\"widget\" data-e-type=\"widget\" data-widget_type=\"text-editor.default\">\n\t\t\t\t<div class=\"elementor-widget-container\">\n\t\t\t\t\t\t\t\t\t<h2><span style=\"color: #ff0000\"><strong>Publicaciones<\/strong><\/span><\/h2><p>Morales-Cruz, A.; Del Pilar, J.: <strong>Diaz-V\u00e1zquez, L<\/strong>., Ortiz-Andrade, B.; Rivera, U., Lopez, V. Remote Pandemic Teaching in Quantitative and Instrumental Chemical Analysis Courses at a Hispanic Serving Institution. Accepted for publication in the <em>Analytical and Bioanalytical Chemistry Journal<\/em> (ABC-00310-2021) February 2021.<\/p><p><strong>D\u00edaz-V\u00e1zquez, L<\/strong>.; Torres, M.; Rojas, A.; Vazquez, J.; Malca, C. ; Robles, K; Louime,C.; Perez, A.; Colon Cordero, A.; Davilla Aguer, C. &#8220;Nanoscale Interactions: Evaluating the Ecotoxicity of Engineered Nanoparticles on the Dynamics of Commercially Important Microalgal Strains&#8221; <em>International Journal of Science and Engineering Investigations<\/em>, Volume 9, Issue 96, January 2020 ( 1-7 ).<\/p><p>Ortiz-Andrade B. M., Rivera-Rond\u00f3n V., <strong>D\u00edaz-V\u00e1zquez L. M<\/strong>. El Nanocirco: un dise\u00f1o interdisciplinario para la divulgaci\u00f3n y ense\u00f1anza de la nanociencia y la nanotecnolog\u00eda. <em>Revista Eureka sobre Ense\u00f1anza y Divulgaci\u00f3n de las Ciencias.<\/em> (2019) 16 (2), 2301. doi: 10.25267\/Rev_Eureka_ensen_divulg_cienc. 2019.v16.i2.2301.<\/p><p>Navarro, A.E.; Hern\u00e1ndez-Vega, A.; Msud, Md; Roberson, L.M.; and <strong>D\u00edaz-Vazquez, L.M<\/strong>. Bioremoval of Phenol from Aqueous Solutions Using Native Caribbean Seaweed. <em>Environments<\/em> 2017, 4, 1; DOI: 10.3390\/environments401000.<\/p><p>Cruz-Tato P, Ortiz-Quiles E, Vega-Figueroa K, Santiago-Martoral Liz, Flynn M, <strong>D\u00edazV\u00e1zquez L<\/strong>, Nicolau E. Metalized Nanocellulose Composites as a Feasible Material for Membrane Supports Design and Applications for Water Treatment. <em>ACS Environmental Science &amp; Technology<\/em>. 2017; 51(8):4585-4595.<\/p>\t\t\t\t\t\t\t\t<\/div>\n\t\t\t\t<\/div>\n\t\t\t\t\t<\/div>\n\t\t<\/div>\n\t\t\t\t\t<\/div>\n\t\t<\/section>\n\t\t\t\t<\/div>\n\t\t","protected":false},"excerpt":{"rendered":"<p>\/*! elementor &#8211; v3.5.5 &#8211; 03-02-2022 *\/ .elementor-widget-divider{&#8211;divider-border-style:none;&#8211;divider-border-width:1px;&#8211;divider-color:#2c2c2c;&#8211;divider-icon-size:20px;&#8211;divider-element-spacing:10px;&#8211;divider-pattern-height:24px;&#8211;divider-pattern-size:20px;&#8211;divider-pattern-url:none;&#8211;divider-pattern-repeat:repeat-x}.elementor-widget-divider .elementor-divider{display:-webkit-box;display:-ms-flexbox;display:flex}.elementor-widget-divider .elementor-divider__text{font-size:15px;line-height:1;max-width:95%}.elementor-widget-divider .elementor-divider__element{margin:0 var(&#8211;divider-element-spacing);-ms-flex-negative:0;flex-shrink:0}.elementor-widget-divider .elementor-icon{font-size:var(&#8211;divider-icon-size)}.elementor-widget-divider .elementor-divider-separator{display:-webkit-box;display:-ms-flexbox;display:flex;margin:0;direction:ltr}.elementor-widget-divider&#8211;view-line_icon .elementor-divider-separator,.elementor-widget-divider&#8211;view-line_text .elementor-divider-separator{-webkit-box-align:center;-ms-flex-align:center;align-items:center}.elementor-widget-divider&#8211;view-line_icon .elementor-divider-separator:after,.elementor-widget-divider&#8211;view-line_icon .elementor-divider-separator:before,.elementor-widget-divider&#8211;view-line_text .elementor-divider-separator:after,.elementor-widget-divider&#8211;view-line_text .elementor-divider-separator:before{display:block;content:&#8221;&#8221;;border-bottom:0;-webkit-box-flex:1;-ms-flex-positive:1;flex-grow:1;border-top:var(&#8211;divider-border-width) var(&#8211;divider-border-style) var(&#8211;divider-color)}.elementor-widget-divider&#8211;element-align-left .elementor-divider .elementor-divider-separator&gt;.elementor-divider__svg:first-of-type{-webkit-box-flex:0;-ms-flex-positive:0;flex-grow:0;-ms-flex-negative:100;flex-shrink:100}.elementor-widget-divider&#8211;element-align-left .elementor-divider-separator:before{content:none}.elementor-widget-divider&#8211;element-align-left .elementor-divider__element{margin-left:0}.elementor-widget-divider&#8211;element-align-right .elementor-divider .elementor-divider-separator&gt;.elementor-divider__svg:last-of-type{-webkit-box-flex:0;-ms-flex-positive:0;flex-grow:0;-ms-flex-negative:100;flex-shrink:100}.elementor-widget-divider&#8211;element-align-right .elementor-divider-separator:after{content:none}.elementor-widget-divider&#8211;element-align-right .elementor-divider__element{margin-right:0}.elementor-widget-divider:not(.elementor-widget-divider&#8211;view-line_text):not(.elementor-widget-divider&#8211;view-line_icon) .elementor-divider-separator{border-top:var(&#8211;divider-border-width) var(&#8211;divider-border-style) var(&#8211;divider-color)}.elementor-widget-divider&#8211;separator-type-pattern{&#8211;divider-border-style:none}.elementor-widget-divider&#8211;separator-type-pattern.elementor-widget-divider&#8211;view-line .elementor-divider-separator,.elementor-widget-divider&#8211;separator-type-pattern:not(.elementor-widget-divider&#8211;view-line) .elementor-divider-separator:after,.elementor-widget-divider&#8211;separator-type-pattern:not(.elementor-widget-divider&#8211;view-line) .elementor-divider-separator:before,.elementor-widget-divider&#8211;separator-type-pattern:not([class*=elementor-widget-divider&#8211;view]) .elementor-divider-separator{width:100%;min-height:var(&#8211;divider-pattern-height);-webkit-mask-size:var(&#8211;divider-pattern-size) 100%;mask-size:var(&#8211;divider-pattern-size) 100%;-webkit-mask-repeat:var(&#8211;divider-pattern-repeat);mask-repeat:var(&#8211;divider-pattern-repeat);background-color:var(&#8211;divider-color);-webkit-mask-image:var(&#8211;divider-pattern-url);mask-image:var(&#8211;divider-pattern-url)}.elementor-widget-divider&#8211;no-spacing{&#8211;divider-pattern-size:auto}.elementor-widget-divider&#8211;bg-round{&#8211;divider-pattern-repeat:round}.rtl .elementor-widget-divider &hellip; <\/p>\n","protected":false},"author":41,"featured_media":0,"parent":9063,"menu_order":0,"comment_status":"closed","ping_status":"closed","template":"","meta":{"_bbp_topic_count":0,"_bbp_reply_count":0,"_bbp_total_topic_count":0,"_bbp_total_reply_count":0,"_bbp_voice_count":0,"_bbp_anonymous_reply_count":0,"_bbp_topic_count_hidden":0,"_bbp_reply_count_hidden":0,"_bbp_forum_subforum_count":0,"footnotes":""},"class_list":["post-9119","page","type-page","status-publish","hentry"],"_links":{"self":[{"href":"https:\/\/natsci.uprrp.edu\/cahreus\/wp-json\/wp\/v2\/pages\/9119","targetHints":{"allow":["GET"]}}],"collection":[{"href":"https:\/\/natsci.uprrp.edu\/cahreus\/wp-json\/wp\/v2\/pages"}],"about":[{"href":"https:\/\/natsci.uprrp.edu\/cahreus\/wp-json\/wp\/v2\/types\/page"}],"author":[{"embeddable":true,"href":"https:\/\/natsci.uprrp.edu\/cahreus\/wp-json\/wp\/v2\/users\/41"}],"replies":[{"embeddable":true,"href":"https:\/\/natsci.uprrp.edu\/cahreus\/wp-json\/wp\/v2\/comments?post=9119"}],"version-history":[{"count":22,"href":"https:\/\/natsci.uprrp.edu\/cahreus\/wp-json\/wp\/v2\/pages\/9119\/revisions"}],"predecessor-version":[{"id":9624,"href":"https:\/\/natsci.uprrp.edu\/cahreus\/wp-json\/wp\/v2\/pages\/9119\/revisions\/9624"}],"up":[{"embeddable":true,"href":"https:\/\/natsci.uprrp.edu\/cahreus\/wp-json\/wp\/v2\/pages\/9063"}],"wp:attachment":[{"href":"https:\/\/natsci.uprrp.edu\/cahreus\/wp-json\/wp\/v2\/media?parent=9119"}],"curies":[{"name":"wp","href":"https:\/\/api.w.org\/{rel}","templated":true}]}}