{"id":9083,"date":"2022-01-21T20:03:24","date_gmt":"2022-01-21T20:03:24","guid":{"rendered":"https:\/\/natsci.uprrp.edu\/cahreus\/?page_id=9083"},"modified":"2022-03-11T16:07:31","modified_gmt":"2022-03-11T16:07:31","slug":"informacion-del-proyecto","status":"publish","type":"page","link":"https:\/\/natsci.uprrp.edu\/cahreus\/informacion-del-proyecto\/","title":{"rendered":"Informaci\u00f3n del proyecto"},"content":{"rendered":"\t\t<div data-elementor-type=\"wp-page\" data-elementor-id=\"9083\" class=\"elementor elementor-9083\">\n\t\t\t\t\t\t<section class=\"elementor-section elementor-top-section elementor-element elementor-element-ba042d1 elementor-section-boxed elementor-section-height-default elementor-section-height-default\" data-id=\"ba042d1\" data-element_type=\"section\" data-e-type=\"section\">\n\t\t\t\t\t\t<div class=\"elementor-container elementor-column-gap-default\">\n\t\t\t\t\t<div class=\"elementor-column elementor-col-100 elementor-top-column elementor-element elementor-element-19e128a\" data-id=\"19e128a\" data-element_type=\"column\" data-e-type=\"column\">\n\t\t\t<div class=\"elementor-widget-wrap elementor-element-populated\">\n\t\t\t\t\t\t<div class=\"elementor-element elementor-element-586f2df elementor-widget elementor-widget-heading\" data-id=\"586f2df\" data-element_type=\"widget\" data-e-type=\"widget\" data-widget_type=\"heading.default\">\n\t\t\t\t<div class=\"elementor-widget-container\">\n\t\t\t\t\t<h2 class=\"elementor-heading-title elementor-size-default\">Centro para el Avance de Experiencias de Investigaci\u00f3n H\u00edbridas para Estudiantes Subrepresentados en las disciplinas STEAM\n(CAHREUS)<\/h2>\t\t\t\t<\/div>\n\t\t\t\t<\/div>\n\t\t\t\t\t<\/div>\n\t\t<\/div>\n\t\t\t\t\t<\/div>\n\t\t<\/section>\n\t\t\t\t<section class=\"elementor-section elementor-top-section elementor-element elementor-element-8c984f7 elementor-section-boxed elementor-section-height-default elementor-section-height-default\" data-id=\"8c984f7\" data-element_type=\"section\" data-e-type=\"section\">\n\t\t\t\t\t\t<div class=\"elementor-container elementor-column-gap-default\">\n\t\t\t\t\t<div class=\"elementor-column elementor-col-100 elementor-top-column elementor-element elementor-element-9ef5427\" data-id=\"9ef5427\" data-element_type=\"column\" data-e-type=\"column\">\n\t\t\t<div class=\"elementor-widget-wrap elementor-element-populated\">\n\t\t\t\t\t\t<div class=\"elementor-element elementor-element-fff3e2e elementor-widget elementor-widget-heading\" data-id=\"fff3e2e\" data-element_type=\"widget\" data-e-type=\"widget\" data-widget_type=\"heading.default\">\n\t\t\t\t<div class=\"elementor-widget-container\">\n\t\t\t\t\t<h2 class=\"elementor-heading-title elementor-size-medium\">Resumen<\/h2>\t\t\t\t<\/div>\n\t\t\t\t<\/div>\n\t\t\t\t<div class=\"elementor-element elementor-element-f46855c elementor-widget elementor-widget-text-editor\" data-id=\"f46855c\" data-element_type=\"widget\" data-e-type=\"widget\" data-widget_type=\"text-editor.default\">\n\t\t\t\t<div class=\"elementor-widget-container\">\n\t\t\t\t\t\t\t\t\t<p dir=\"ltr\">El prop\u00f3sito de este proyecto es integrar los esfuerzos de educaci\u00f3n e investigaci\u00f3n que el Departamento de Qu\u00edmica para establecer como una v\u00eda sostenible el capacitar a nuestros estudiantes con las destrezas de investigaci\u00f3n necesarias para convertirse en cient\u00edficos proficientes.<\/p><p dir=\"ltr\">El Centro facilitar\u00e1 la creaci\u00f3n de entornos de aprendizaje h\u00edbridos que ofrezcan a los estudiantes la oportunidad de hacer descubrimientos en nanotecnolog\u00eda. El proyecto involucrar\u00e1 a los estudiantes graduados y subgraduados de la Facultad de Ciencias Naturales en proyectos de investigaci\u00f3n interactivos.<\/p><p dir=\"ltr\">Los objetivos principales del proyecto son mejorar la permanencia y el \u00e9xito de los estudiantes en las \u00e1reas STEM, hacer que la investigaci\u00f3n sea accesible a un grupo diverso de estudiantes e integrarlos en esfuerzos h\u00edbridos de ense\u00f1anza e investigaci\u00f3n de primer nivel.<\/p><p dir=\"ltr\">CAHREUS contar\u00e1 con un Centro de Instrumentaci\u00f3n (CI) y un Centro de Recursos de Aprendizaje Remoto (CRAR).\u00a0 El CI tendr\u00e1 equipos de Resonancia Magn\u00e9tica Nuclear (NMR), Cromatograf\u00eda L\u00edquida de Alta resoluci\u00f3n (HPLC), Impresora 3D, entre otros.\u00a0 El CRAR tendr\u00e1 a su vez, computadoras con programas especializados para el an\u00e1lisis de datos de los diferentes equipos, como programados para dibujar estructuras, entre otros.\u00a0 Adem\u00e1s se tendr\u00e1n computadoras port\u00e1tiles disponibles para\u00a0que los estudiantes que as\u00ed lo necesiten pueden utilizarlas.\u00a0 El CRAR tambi\u00e9n contar\u00e1 con tutores para ayudar a los estudiantes de diferentes cursos de Qu\u00edmica como Qu\u00edmica General, Qu\u00edmica Anal\u00edtica y Qu\u00edmica F\u00edsica.<\/p>\t\t\t\t\t\t\t\t<\/div>\n\t\t\t\t<\/div>\n\t\t\t\t\t<\/div>\n\t\t<\/div>\n\t\t\t\t\t<\/div>\n\t\t<\/section>\n\t\t\t\t<section class=\"elementor-section elementor-top-section elementor-element elementor-element-dbfb5b5 elementor-section-boxed elementor-section-height-default elementor-section-height-default\" data-id=\"dbfb5b5\" data-element_type=\"section\" data-e-type=\"section\">\n\t\t\t\t\t\t<div class=\"elementor-container elementor-column-gap-default\">\n\t\t\t\t\t<div class=\"elementor-column elementor-col-100 elementor-top-column elementor-element elementor-element-cdd03d3\" data-id=\"cdd03d3\" data-element_type=\"column\" data-e-type=\"column\">\n\t\t\t<div class=\"elementor-widget-wrap elementor-element-populated\">\n\t\t\t\t\t\t<div class=\"elementor-element elementor-element-5fa4cf0 elementor-widget elementor-widget-heading\" data-id=\"5fa4cf0\" data-element_type=\"widget\" data-e-type=\"widget\" data-widget_type=\"heading.default\">\n\t\t\t\t<div class=\"elementor-widget-container\">\n\t\t\t\t\t<h2 class=\"elementor-heading-title elementor-size-default\">Objetivos de CAHREUS<\/h2>\t\t\t\t<\/div>\n\t\t\t\t<\/div>\n\t\t\t\t<div class=\"elementor-element elementor-element-d0f3778 elementor-widget elementor-widget-text-editor\" data-id=\"d0f3778\" data-element_type=\"widget\" data-e-type=\"widget\" data-widget_type=\"text-editor.default\">\n\t\t\t\t<div class=\"elementor-widget-container\">\n\t\t\t\t\t\t\t\t\t<div title=\"Page 7\"><div class=\"page\" title=\"Page 8\"><div class=\"layoutArea\"><div class=\"column\"><p>\u00a0<\/p><ol><li>aumentar el grupo de investigadores universitarios minoritarios competentes en todas las \u00e1reas de la ciencia;<\/li><li>crear la capacidad para el aprendizaje y la investigaci\u00f3n h\u00edbridos mediante la incorporaci\u00f3n de modelos que aprovechan la tecnolog\u00eda y la creaci\u00f3n de contenido, aplicaciones y herramientas de aprendizaje digital de alta calidad;<\/li><li>formaci\u00f3n del profesorado en estrategias h\u00edbridas de ense\u00f1anza y aprendizaje;<\/li><li>crear un Centro de Instrumentaci\u00f3n Abierta;<\/li><li>crear un Centro de recursos de aprendizaje en l\u00ednea;<\/li><li>incorporar un experimento de laboratorio h\u00edbrido de nanotecnolog\u00eda basado en la investigaci\u00f3n para todos los estudiantes en los laboratorios de bioqu\u00edmica y qu\u00edmica general, anal\u00edtica, instrumental, inorg\u00e1nica y f\u00edsica;<\/li><li>integrar una experiencia de investigaci\u00f3n aut\u00e9ntica de cuatro semanas en nanotecnolog\u00eda para todos los estudiantes en todos los cursos;<\/li><li>crear una comunidad de redes entre estudiantes que abarque diferentes niveles de desarrollo y cursos, con profesores e investigadores (por ejemplo, estudiantes de los dos primeros a\u00f1os con estudiantes avanzados de pregrado y posgrado);<\/li><li>proporcionar a los estudiantes oportunidades para comunicar la ciencia a diferentes audiencias;<\/li><li>crear un modelo a seguir y un programa de carreras para las minor\u00edas subrepresentadas para involucrarlas en carreras STEAM;\u00a0<\/li><li>facilitar la transici\u00f3n de un entorno de aprendizaje acad\u00e9mico a un laboratorio de investigaci\u00f3n competitivo.<\/li><\/ol><\/div><\/div><\/div><\/div>\t\t\t\t\t\t\t\t<\/div>\n\t\t\t\t<\/div>\n\t\t\t\t\t<\/div>\n\t\t<\/div>\n\t\t\t\t\t<\/div>\n\t\t<\/section>\n\t\t\t\t<section class=\"elementor-section elementor-top-section elementor-element elementor-element-9807d73 elementor-section-boxed elementor-section-height-default elementor-section-height-default\" data-id=\"9807d73\" data-element_type=\"section\" data-e-type=\"section\">\n\t\t\t\t\t\t<div class=\"elementor-container elementor-column-gap-default\">\n\t\t\t\t\t<div class=\"elementor-column elementor-col-100 elementor-top-column elementor-element elementor-element-491b0ca\" data-id=\"491b0ca\" data-element_type=\"column\" data-e-type=\"column\">\n\t\t\t<div class=\"elementor-widget-wrap elementor-element-populated\">\n\t\t\t\t\t\t<div class=\"elementor-element elementor-element-7df1235 elementor-widget elementor-widget-heading\" data-id=\"7df1235\" data-element_type=\"widget\" data-e-type=\"widget\" data-widget_type=\"heading.default\">\n\t\t\t\t<div class=\"elementor-widget-container\">\n\t\t\t\t\t<h2 class=\"elementor-heading-title elementor-size-default\">Centro de Instrumentaci\u00f3n<\/h2>\t\t\t\t<\/div>\n\t\t\t\t<\/div>\n\t\t\t\t<div class=\"elementor-element elementor-element-eb7a6a9 elementor-widget elementor-widget-text-editor\" data-id=\"eb7a6a9\" data-element_type=\"widget\" data-e-type=\"widget\" data-widget_type=\"text-editor.default\">\n\t\t\t\t<div class=\"elementor-widget-container\">\n\t\t\t\t\t\t\t\t\t<div class=\"page\" title=\"Page 11\"><div class=\"layoutArea\"><div class=\"column\"><p>Instrumentos que se encontrar\u00e1n en el Centro de Instrumentaci\u00f3n son:<\/p><ol><li style=\"list-style-type: none\"><ol><li style=\"list-style-type: none\"><ul><li>Equipo de Cromatograf\u00eda l\u00edquida de alto rendimiento\u00a0 (HPLC) con detector UV-VIS<\/li><li>Equipo de Cromatograf\u00eda de gas (GC) con detectro de ionizaci\u00f3n con llama (FID)<\/li><li>Espectr\u00f3metro de absorci\u00f3n UV-VIS<\/li><li>Espectr\u00f3metro de Resonanacia magn\u00e9tica nuclear (NMR) de mesa,<\/li><li>Fluor\u00edmetro<\/li><li>Espectrofot\u00f3metro infrarrojo de transformada de Fourier<\/li><li>Potenciostato<\/li><li>Elecroforesis de poliacrilamida<\/li><\/ul><\/li><\/ol><\/li><\/ol><p style=\"padding-left: 80px\">entre otros<\/p><\/div><\/div><\/div>\t\t\t\t\t\t\t\t<\/div>\n\t\t\t\t<\/div>\n\t\t\t\t\t<\/div>\n\t\t<\/div>\n\t\t\t\t\t<\/div>\n\t\t<\/section>\n\t\t\t\t<section class=\"elementor-section elementor-top-section elementor-element elementor-element-5d53eae elementor-section-content-middle elementor-section-boxed elementor-section-height-default elementor-section-height-default\" data-id=\"5d53eae\" data-element_type=\"section\" data-e-type=\"section\">\n\t\t\t\t\t\t<div class=\"elementor-container elementor-column-gap-default\">\n\t\t\t\t\t<div class=\"elementor-column elementor-col-50 elementor-top-column elementor-element elementor-element-75f9d0b\" data-id=\"75f9d0b\" data-element_type=\"column\" data-e-type=\"column\">\n\t\t\t<div class=\"elementor-widget-wrap elementor-element-populated\">\n\t\t\t\t\t\t<div class=\"elementor-element elementor-element-a09e8f0 elementor-widget elementor-widget-heading\" data-id=\"a09e8f0\" data-element_type=\"widget\" data-e-type=\"widget\" data-widget_type=\"heading.default\">\n\t\t\t\t<div class=\"elementor-widget-container\">\n\t\t\t\t\t<h2 class=\"elementor-heading-title elementor-size-default\"><a href=\"https:\/\/natsci.uprrp.edu\/cahreus\/crar\/\">Centro de Recursos de Aprendizaje Remoto<\/a><\/h2>\t\t\t\t<\/div>\n\t\t\t\t<\/div>\n\t\t\t\t\t<\/div>\n\t\t<\/div>\n\t\t\t\t<div class=\"elementor-column elementor-col-50 elementor-top-column elementor-element elementor-element-c46251d\" data-id=\"c46251d\" data-element_type=\"column\" data-e-type=\"column\">\n\t\t\t<div class=\"elementor-widget-wrap elementor-element-populated\">\n\t\t\t\t\t\t<div class=\"elementor-element elementor-element-7097c00 elementor-align-center elementor-widget elementor-widget-button\" data-id=\"7097c00\" data-element_type=\"widget\" data-e-type=\"widget\" data-widget_type=\"button.default\">\n\t\t\t\t<div class=\"elementor-widget-container\">\n\t\t\t\t\t\t\t\t\t<div class=\"elementor-button-wrapper\">\n\t\t\t\t\t<a class=\"elementor-button elementor-button-link elementor-size-sm\" href=\"https:\/\/natsci.uprrp.edu\/cahreus\/crar\/\">\n\t\t\t\t\t\t<span class=\"elementor-button-content-wrapper\">\n\t\t\t\t\t\t\t\t\t<span class=\"elementor-button-text\">Para ver m\u00e1s presione aqu\u00ed<\/span>\n\t\t\t\t\t<\/span>\n\t\t\t\t\t<\/a>\n\t\t\t\t<\/div>\n\t\t\t\t\t\t\t\t<\/div>\n\t\t\t\t<\/div>\n\t\t\t\t\t<\/div>\n\t\t<\/div>\n\t\t\t\t\t<\/div>\n\t\t<\/section>\n\t\t\t\t<section class=\"elementor-section elementor-top-section elementor-element elementor-element-e0c899a elementor-section-boxed elementor-section-height-default elementor-section-height-default\" data-id=\"e0c899a\" data-element_type=\"section\" data-e-type=\"section\">\n\t\t\t\t\t\t<div class=\"elementor-container elementor-column-gap-default\">\n\t\t\t\t\t<div class=\"elementor-column elementor-col-100 elementor-top-column elementor-element elementor-element-c3910f1\" data-id=\"c3910f1\" data-element_type=\"column\" data-e-type=\"column\">\n\t\t\t<div class=\"elementor-widget-wrap elementor-element-populated\">\n\t\t\t\t\t\t<div class=\"elementor-element elementor-element-6e2b597 elementor-widget elementor-widget-text-editor\" data-id=\"6e2b597\" data-element_type=\"widget\" data-e-type=\"widget\" data-widget_type=\"text-editor.default\">\n\t\t\t\t<div class=\"elementor-widget-container\">\n\t\t\t\t\t\t\t\t\t<p>Se contar\u00e1 con computadoras y programas especializados.\u00a0 Entre los programas que contar\u00e1 el CRAR son:<\/p><ol><li style=\"list-style-type: none\"><ol><li style=\"list-style-type: none\"><ul><li>ChemDraw Prime<\/li><li>Minitab<\/li><li>Graphpad<\/li><li>ACD Labs<\/li><li>OriginLab<\/li><li>MatLab<\/li><li>SPARTAN<\/li><\/ul><\/li><\/ol><\/li><\/ol>\t\t\t\t\t\t\t\t<\/div>\n\t\t\t\t<\/div>\n\t\t\t\t\t<\/div>\n\t\t<\/div>\n\t\t\t\t\t<\/div>\n\t\t<\/section>\n\t\t\t\t<section class=\"elementor-section elementor-top-section elementor-element elementor-element-4785d81 elementor-section-boxed elementor-section-height-default elementor-section-height-default\" data-id=\"4785d81\" data-element_type=\"section\" data-e-type=\"section\">\n\t\t\t\t\t\t<div class=\"elementor-container elementor-column-gap-default\">\n\t\t\t\t\t<div class=\"elementor-column elementor-col-100 elementor-top-column elementor-element elementor-element-838683a\" data-id=\"838683a\" data-element_type=\"column\" data-e-type=\"column\">\n\t\t\t<div class=\"elementor-widget-wrap elementor-element-populated\">\n\t\t\t\t\t\t<div class=\"elementor-element elementor-element-1bb231b elementor-widget-divider--view-line elementor-widget elementor-widget-divider\" data-id=\"1bb231b\" data-element_type=\"widget\" data-e-type=\"widget\" data-widget_type=\"divider.default\">\n\t\t\t\t<div class=\"elementor-widget-container\">\n\t\t\t\t\t\t\t<div class=\"elementor-divider\">\n\t\t\t<span class=\"elementor-divider-separator\">\n\t\t\t\t\t\t<\/span>\n\t\t<\/div>\n\t\t\t\t\t\t<\/div>\n\t\t\t\t<\/div>\n\t\t\t\t<div class=\"elementor-element elementor-element-ec47007 elementor-widget elementor-widget-spacer\" data-id=\"ec47007\" data-element_type=\"widget\" data-e-type=\"widget\" data-widget_type=\"spacer.default\">\n\t\t\t\t<div class=\"elementor-widget-container\">\n\t\t\t\t\t\t\t<div class=\"elementor-spacer\">\n\t\t\t<div class=\"elementor-spacer-inner\"><\/div>\n\t\t<\/div>\n\t\t\t\t\t\t<\/div>\n\t\t\t\t<\/div>\n\t\t\t\t\t<\/div>\n\t\t<\/div>\n\t\t\t\t\t<\/div>\n\t\t<\/section>\n\t\t\t\t<section class=\"elementor-section elementor-top-section elementor-element elementor-element-533b12e elementor-section-boxed elementor-section-height-default elementor-section-height-default\" data-id=\"533b12e\" data-element_type=\"section\" data-e-type=\"section\">\n\t\t\t\t\t\t<div class=\"elementor-container elementor-column-gap-default\">\n\t\t\t\t\t<div class=\"elementor-column elementor-col-50 elementor-top-column elementor-element elementor-element-d9cb539\" data-id=\"d9cb539\" data-element_type=\"column\" data-e-type=\"column\">\n\t\t\t<div class=\"elementor-widget-wrap elementor-element-populated\">\n\t\t\t\t\t\t<div class=\"elementor-element elementor-element-d19b3bd elementor-widget elementor-widget-heading\" data-id=\"d19b3bd\" data-element_type=\"widget\" data-e-type=\"widget\" data-widget_type=\"heading.default\">\n\t\t\t\t<div class=\"elementor-widget-container\">\n\t\t\t\t\t<h2 class=\"elementor-heading-title elementor-size-default\">Galer\u00eda de eventos pasados<\/h2>\t\t\t\t<\/div>\n\t\t\t\t<\/div>\n\t\t\t\t\t<\/div>\n\t\t<\/div>\n\t\t\t\t<div class=\"elementor-column elementor-col-50 elementor-top-column elementor-element elementor-element-d11de8b\" data-id=\"d11de8b\" data-element_type=\"column\" data-e-type=\"column\">\n\t\t\t<div class=\"elementor-widget-wrap elementor-element-populated\">\n\t\t\t\t\t\t<div class=\"elementor-element elementor-element-428608c elementor-widget elementor-widget-button\" data-id=\"428608c\" data-element_type=\"widget\" data-e-type=\"widget\" data-widget_type=\"button.default\">\n\t\t\t\t<div class=\"elementor-widget-container\">\n\t\t\t\t\t\t\t\t\t<div class=\"elementor-button-wrapper\">\n\t\t\t\t\t<a class=\"elementor-button elementor-button-link elementor-size-sm\" href=\"https:\/\/natsci.uprrp.edu\/cahreus\/galeria\/\">\n\t\t\t\t\t\t<span class=\"elementor-button-content-wrapper\">\n\t\t\t\t\t\t\t\t\t<span class=\"elementor-button-text\">Oprima aqu\u00ed<\/span>\n\t\t\t\t\t<\/span>\n\t\t\t\t\t<\/a>\n\t\t\t\t<\/div>\n\t\t\t\t\t\t\t\t<\/div>\n\t\t\t\t<\/div>\n\t\t\t\t\t<\/div>\n\t\t<\/div>\n\t\t\t\t\t<\/div>\n\t\t<\/section>\n\t\t\t\t<\/div>\n\t\t","protected":false},"excerpt":{"rendered":"<p>Centro para el Avance de Experiencias de Investigaci\u00f3n H\u00edbridas para Estudiantes Subrepresentados en las disciplinas STEAM (CAHREUS) Resumen El prop\u00f3sito de este proyecto es integrar los esfuerzos de educaci\u00f3n e investigaci\u00f3n que el Departamento de Qu\u00edmica para establecer como una &hellip; <\/p>\n","protected":false},"author":1,"featured_media":0,"parent":0,"menu_order":0,"comment_status":"closed","ping_status":"closed","template":"","meta":{"_bbp_topic_count":0,"_bbp_reply_count":0,"_bbp_total_topic_count":0,"_bbp_total_reply_count":0,"_bbp_voice_count":0,"_bbp_anonymous_reply_count":0,"_bbp_topic_count_hidden":0,"_bbp_reply_count_hidden":0,"_bbp_forum_subforum_count":0,"footnotes":""},"class_list":["post-9083","page","type-page","status-publish","hentry"],"_links":{"self":[{"href":"https:\/\/natsci.uprrp.edu\/cahreus\/wp-json\/wp\/v2\/pages\/9083","targetHints":{"allow":["GET"]}}],"collection":[{"href":"https:\/\/natsci.uprrp.edu\/cahreus\/wp-json\/wp\/v2\/pages"}],"about":[{"href":"https:\/\/natsci.uprrp.edu\/cahreus\/wp-json\/wp\/v2\/types\/page"}],"author":[{"embeddable":true,"href":"https:\/\/natsci.uprrp.edu\/cahreus\/wp-json\/wp\/v2\/users\/1"}],"replies":[{"embeddable":true,"href":"https:\/\/natsci.uprrp.edu\/cahreus\/wp-json\/wp\/v2\/comments?post=9083"}],"version-history":[{"count":45,"href":"https:\/\/natsci.uprrp.edu\/cahreus\/wp-json\/wp\/v2\/pages\/9083\/revisions"}],"predecessor-version":[{"id":10208,"href":"https:\/\/natsci.uprrp.edu\/cahreus\/wp-json\/wp\/v2\/pages\/9083\/revisions\/10208"}],"wp:attachment":[{"href":"https:\/\/natsci.uprrp.edu\/cahreus\/wp-json\/wp\/v2\/media?parent=9083"}],"curies":[{"name":"wp","href":"https:\/\/api.w.org\/{rel}","templated":true}]}}