{"id":9067,"date":"2022-01-21T19:57:15","date_gmt":"2022-01-21T19:57:15","guid":{"rendered":"https:\/\/natsci.uprrp.edu\/cahreus\/?page_id=9067"},"modified":"2023-11-02T21:37:51","modified_gmt":"2023-11-02T21:37:51","slug":"instrumentacion","status":"publish","type":"page","link":"https:\/\/natsci.uprrp.edu\/cahreus\/instrumentacion\/","title":{"rendered":"Instrumentaci\u00f3n"},"content":{"rendered":"\t\t<div data-elementor-type=\"wp-page\" data-elementor-id=\"9067\" class=\"elementor elementor-9067\">\n\t\t\t\t\t\t<section class=\"elementor-section elementor-top-section elementor-element elementor-element-c42e773 elementor-section-boxed elementor-section-height-default elementor-section-height-default\" data-id=\"c42e773\" data-element_type=\"section\" data-e-type=\"section\">\n\t\t\t\t\t\t<div class=\"elementor-container elementor-column-gap-default\">\n\t\t\t\t\t<div class=\"elementor-column elementor-col-100 elementor-top-column elementor-element elementor-element-698c7ed\" data-id=\"698c7ed\" data-element_type=\"column\" data-e-type=\"column\">\n\t\t\t<div class=\"elementor-widget-wrap elementor-element-populated\">\n\t\t\t\t\t\t<div class=\"elementor-element elementor-element-591ea5a elementor-widget elementor-widget-text-editor\" data-id=\"591ea5a\" data-element_type=\"widget\" data-e-type=\"widget\" data-widget_type=\"text-editor.default\">\n\t\t\t\t<div class=\"elementor-widget-container\">\n\t\t\t\t\t\t\t\t\t<p>Instrumentos que se encontrar\u00e1n en el Centro de Instrumentaci\u00f3n son:<\/p><ul><li>Equipo de Cromatograf\u00eda l\u00edquida de alto rendimiento\u00a0 (HPLC) con detector UV-VIS<\/li><li>Equipo de Cromatograf\u00eda de gas (GC) con detectro de ionizaci\u00f3n con llama (FID)<\/li><li>Espectr\u00f3metro de absorci\u00f3n UV-VIS<\/li><li>Espectr\u00f3metro de Resonanacia magn\u00e9tica nuclear (NMR) de mesa,<\/li><li>Fluor\u00edmetro<\/li><li>Espectrofot\u00f3metro infrarrojo de transformada de Fourier<\/li><li>Potenciostato<\/li><li>Elecroforesis de poliacrilamida<\/li><li>entre otros<\/li><\/ul>\t\t\t\t\t\t\t\t<\/div>\n\t\t\t\t<\/div>\n\t\t\t\t\t<\/div>\n\t\t<\/div>\n\t\t\t\t\t<\/div>\n\t\t<\/section>\n\t\t\t\t<section class=\"elementor-section elementor-top-section elementor-element elementor-element-9a998ff elementor-section-boxed elementor-section-height-default elementor-section-height-default\" data-id=\"9a998ff\" data-element_type=\"section\" data-e-type=\"section\">\n\t\t\t\t\t\t<div class=\"elementor-container elementor-column-gap-default\">\n\t\t\t\t\t<div class=\"elementor-column elementor-col-100 elementor-top-column elementor-element elementor-element-5997c3e\" data-id=\"5997c3e\" data-element_type=\"column\" data-e-type=\"column\">\n\t\t\t<div class=\"elementor-widget-wrap elementor-element-populated\">\n\t\t\t\t\t\t<div class=\"elementor-element elementor-element-131d06c elementor-widget elementor-widget-heading\" data-id=\"131d06c\" data-element_type=\"widget\" data-e-type=\"widget\" data-widget_type=\"heading.default\">\n\t\t\t\t<div class=\"elementor-widget-container\">\n\t\t\t\t\t<h2 class=\"elementor-heading-title elementor-size-default\">Encargados del Manejo de Equipos <\/h2>\t\t\t\t<\/div>\n\t\t\t\t<\/div>\n\t\t\t\t\t<\/div>\n\t\t<\/div>\n\t\t\t\t\t<\/div>\n\t\t<\/section>\n\t\t\t\t<section class=\"elementor-section elementor-top-section elementor-element elementor-element-ad421e5 elementor-section-boxed elementor-section-height-default elementor-section-height-default\" data-id=\"ad421e5\" data-element_type=\"section\" data-e-type=\"section\">\n\t\t\t\t\t\t<div class=\"elementor-container elementor-column-gap-default\">\n\t\t\t\t\t<div class=\"elementor-column elementor-col-100 elementor-top-column elementor-element elementor-element-78b90d8\" data-id=\"78b90d8\" data-element_type=\"column\" data-e-type=\"column\">\n\t\t\t<div class=\"elementor-widget-wrap elementor-element-populated\">\n\t\t\t\t\t\t<div class=\"elementor-element elementor-element-781ae82 elementor-widget elementor-widget-text-editor\" data-id=\"781ae82\" data-element_type=\"widget\" data-e-type=\"widget\" data-widget_type=\"text-editor.default\">\n\t\t\t\t<div class=\"elementor-widget-container\">\n\t\t\t\t\t\t\t\t\t<p>A continuaci\u00f3n podr\u00e1 encontrar el listado de los estudiantes graduados que se encuentran a cargo de diferentes equipos en el Centro de Instrumentaci\u00f3n. \u00a0<\/p><p><a href=\"https:\/\/natsci.uprrp.edu\/cahreus\/alejandro-burgos-suazo-graduado\/\">Alejandro Burgos Suazo, Graduado &#8211; Nuclear Magnetic Resonance (NMR) <\/a><br \/><a href=\"https:\/\/natsci.uprrp.edu\/cahreus\/carlos-malca-reyes-graduado\/\">Carlos Malca Reyes, Graduado &#8211; 3D- Printer y Fourier-transform infrared spectroscopy (FTIR)<\/a><br \/><a href=\"https:\/\/natsci.uprrp.edu\/cahreus\/ermides-chavez-baldovino-graduado\/\">Ermides Chavez Baldovino, Graduado &#8211; Differential Scanning Calorimetry (DSC) y Thermogravimetric Analyser (TGA) <\/a><br \/><a href=\"https:\/\/natsci.uprrp.edu\/cahreus\/josue-benjamin-rivera-graduado\/\">Josu\u00e9 Benjam\u00edn Rivera, Graduado &#8211; High Performance Liquid Chromatography (HPLC) y Gas Chromatography With Flame Ionization Detection (GCFID) <\/a><br \/><a href=\"https:\/\/natsci.uprrp.edu\/cahreus\/marielys-torres-diaz-graduada\/\">Marielys Torres Diaz ,\u00a0 Graduada &#8211; Gas chromatography\u2013mass spectrometry\u00a0(GC-MS)\u00a0<\/a><\/p>\t\t\t\t\t\t\t\t<\/div>\n\t\t\t\t<\/div>\n\t\t\t\t\t<\/div>\n\t\t<\/div>\n\t\t\t\t\t<\/div>\n\t\t<\/section>\n\t\t\t\t<section class=\"elementor-section elementor-top-section elementor-element elementor-element-a5d19c1 elementor-section-boxed elementor-section-height-default elementor-section-height-default\" data-id=\"a5d19c1\" data-element_type=\"section\" data-e-type=\"section\">\n\t\t\t\t\t\t<div class=\"elementor-container elementor-column-gap-default\">\n\t\t\t\t\t<div class=\"elementor-column elementor-col-100 elementor-top-column elementor-element elementor-element-20bbd61\" data-id=\"20bbd61\" data-element_type=\"column\" data-e-type=\"column\">\n\t\t\t<div class=\"elementor-widget-wrap elementor-element-populated\">\n\t\t\t\t\t\t<div class=\"elementor-element elementor-element-61ebc19 elementor-widget elementor-widget-heading\" data-id=\"61ebc19\" data-element_type=\"widget\" data-e-type=\"widget\" data-widget_type=\"heading.default\">\n\t\t\t\t<div class=\"elementor-widget-container\">\n\t\t\t\t\t<h2 class=\"elementor-heading-title elementor-size-default\">Disponibilidad de Equipos<\/h2>\t\t\t\t<\/div>\n\t\t\t\t<\/div>\n\t\t\t\t\t<\/div>\n\t\t<\/div>\n\t\t\t\t\t<\/div>\n\t\t<\/section>\n\t\t\t\t<section class=\"elementor-section elementor-top-section elementor-element elementor-element-1b6ae6d elementor-section-boxed elementor-section-height-default elementor-section-height-default\" data-id=\"1b6ae6d\" data-element_type=\"section\" data-e-type=\"section\">\n\t\t\t\t\t\t<div class=\"elementor-container elementor-column-gap-default\">\n\t\t\t\t\t<div class=\"elementor-column elementor-col-100 elementor-top-column elementor-element elementor-element-e8ffb26\" data-id=\"e8ffb26\" data-element_type=\"column\" data-e-type=\"column\">\n\t\t\t<div class=\"elementor-widget-wrap elementor-element-populated\">\n\t\t\t\t\t\t<div class=\"elementor-element elementor-element-3ec72a5 elementor-widget elementor-widget-button\" data-id=\"3ec72a5\" data-element_type=\"widget\" data-e-type=\"widget\" data-widget_type=\"button.default\">\n\t\t\t\t<div class=\"elementor-widget-container\">\n\t\t\t\t\t\t\t\t\t<div class=\"elementor-button-wrapper\">\n\t\t\t\t\t<a class=\"elementor-button elementor-button-link elementor-size-sm\" href=\"https:\/\/instrumentscn201.skedda.com\/booking\" target=\"_blank\">\n\t\t\t\t\t\t<span class=\"elementor-button-content-wrapper\">\n\t\t\t\t\t\t\t\t\t<span class=\"elementor-button-text\">NMR<\/span>\n\t\t\t\t\t<\/span>\n\t\t\t\t\t<\/a>\n\t\t\t\t<\/div>\n\t\t\t\t\t\t\t\t<\/div>\n\t\t\t\t<\/div>\n\t\t\t\t\t<\/div>\n\t\t<\/div>\n\t\t\t\t\t<\/div>\n\t\t<\/section>\n\t\t\t\t<\/div>\n\t\t","protected":false},"excerpt":{"rendered":"<p>Instrumentos que se encontrar\u00e1n en el Centro de Instrumentaci\u00f3n son: Equipo de Cromatograf\u00eda l\u00edquida de alto rendimiento\u00a0 (HPLC) con detector UV-VIS Equipo de Cromatograf\u00eda de gas (GC) con detectro de ionizaci\u00f3n con llama (FID) Espectr\u00f3metro de absorci\u00f3n UV-VIS Espectr\u00f3metro de &hellip; <\/p>\n","protected":false},"author":1,"featured_media":0,"parent":0,"menu_order":0,"comment_status":"closed","ping_status":"closed","template":"","meta":{"_bbp_topic_count":0,"_bbp_reply_count":0,"_bbp_total_topic_count":0,"_bbp_total_reply_count":0,"_bbp_voice_count":0,"_bbp_anonymous_reply_count":0,"_bbp_topic_count_hidden":0,"_bbp_reply_count_hidden":0,"_bbp_forum_subforum_count":0,"footnotes":""},"class_list":["post-9067","page","type-page","status-publish","hentry"],"_links":{"self":[{"href":"https:\/\/natsci.uprrp.edu\/cahreus\/wp-json\/wp\/v2\/pages\/9067","targetHints":{"allow":["GET"]}}],"collection":[{"href":"https:\/\/natsci.uprrp.edu\/cahreus\/wp-json\/wp\/v2\/pages"}],"about":[{"href":"https:\/\/natsci.uprrp.edu\/cahreus\/wp-json\/wp\/v2\/types\/page"}],"author":[{"embeddable":true,"href":"https:\/\/natsci.uprrp.edu\/cahreus\/wp-json\/wp\/v2\/users\/1"}],"replies":[{"embeddable":true,"href":"https:\/\/natsci.uprrp.edu\/cahreus\/wp-json\/wp\/v2\/comments?post=9067"}],"version-history":[{"count":42,"href":"https:\/\/natsci.uprrp.edu\/cahreus\/wp-json\/wp\/v2\/pages\/9067\/revisions"}],"predecessor-version":[{"id":10464,"href":"https:\/\/natsci.uprrp.edu\/cahreus\/wp-json\/wp\/v2\/pages\/9067\/revisions\/10464"}],"wp:attachment":[{"href":"https:\/\/natsci.uprrp.edu\/cahreus\/wp-json\/wp\/v2\/media?parent=9067"}],"curies":[{"name":"wp","href":"https:\/\/api.w.org\/{rel}","templated":true}]}}