{"id":10158,"date":"2022-03-04T13:24:06","date_gmt":"2022-03-04T13:24:06","guid":{"rendered":"https:\/\/natsci.uprrp.edu\/cahreus\/?page_id=10158"},"modified":"2022-03-04T14:09:05","modified_gmt":"2022-03-04T14:09:05","slug":"ermides-chavez-baldovino-graduado","status":"publish","type":"page","link":"https:\/\/natsci.uprrp.edu\/cahreus\/ermides-chavez-baldovino-graduado\/","title":{"rendered":"Ermides Chavez Baldovino \u2013 Graduado"},"content":{"rendered":"\t\t<div data-elementor-type=\"wp-page\" data-elementor-id=\"10158\" class=\"elementor elementor-10158\">\n\t\t\t\t\t\t<section class=\"elementor-section elementor-top-section elementor-element elementor-element-bcd1992 elementor-section-boxed elementor-section-height-default elementor-section-height-default\" data-id=\"bcd1992\" data-element_type=\"section\" data-e-type=\"section\">\n\t\t\t\t\t\t<div class=\"elementor-container elementor-column-gap-default\">\n\t\t\t\t\t<div class=\"elementor-column elementor-col-50 elementor-top-column elementor-element elementor-element-aa8f3a5\" data-id=\"aa8f3a5\" data-element_type=\"column\" data-e-type=\"column\">\n\t\t\t<div class=\"elementor-widget-wrap elementor-element-populated\">\n\t\t\t\t\t\t<div class=\"elementor-element elementor-element-b452142 elementor-widget elementor-widget-image\" data-id=\"b452142\" data-element_type=\"widget\" data-e-type=\"widget\" data-widget_type=\"image.default\">\n\t\t\t\t<div class=\"elementor-widget-container\">\n\t\t\t\t\t\t\t\t\t\t\t\t\t\t\t<img fetchpriority=\"high\" decoding=\"async\" width=\"640\" height=\"629\" src=\"https:\/\/natsci.uprrp.edu\/cahreus\/wp-content\/uploads\/sites\/24\/2022\/03\/Ermides-Chavez-Baldovino-1024x1007.jpg\" class=\"attachment-large size-large wp-image-10171\" alt=\"\" srcset=\"https:\/\/natsci.uprrp.edu\/cahreus\/wp-content\/uploads\/sites\/24\/2022\/03\/Ermides-Chavez-Baldovino-1024x1007.jpg 1024w, https:\/\/natsci.uprrp.edu\/cahreus\/wp-content\/uploads\/sites\/24\/2022\/03\/Ermides-Chavez-Baldovino-300x295.jpg 300w, https:\/\/natsci.uprrp.edu\/cahreus\/wp-content\/uploads\/sites\/24\/2022\/03\/Ermides-Chavez-Baldovino-1536x1511.jpg 1536w, https:\/\/natsci.uprrp.edu\/cahreus\/wp-content\/uploads\/sites\/24\/2022\/03\/Ermides-Chavez-Baldovino.jpg 1845w\" sizes=\"(max-width: 640px) 100vw, 640px\" \/>\t\t\t\t\t\t\t\t\t\t\t\t\t\t\t<\/div>\n\t\t\t\t<\/div>\n\t\t\t\t\t<\/div>\n\t\t<\/div>\n\t\t\t\t<div class=\"elementor-column elementor-col-50 elementor-top-column elementor-element elementor-element-9bec451\" data-id=\"9bec451\" data-element_type=\"column\" data-e-type=\"column\">\n\t\t\t<div class=\"elementor-widget-wrap elementor-element-populated\">\n\t\t\t\t\t\t<div class=\"elementor-element elementor-element-98043ee elementor-widget elementor-widget-text-editor\" data-id=\"98043ee\" data-element_type=\"widget\" data-e-type=\"widget\" data-widget_type=\"text-editor.default\">\n\t\t\t\t<div class=\"elementor-widget-container\">\n\t\t\t\t\t\t\t\t\t<h2><span style=\"color: #ff0000\"><strong>Estudiante Graduado: <\/strong>Ermides Chavez Baldovino<\/span><\/h2><p>El estudiante graduado Ermides Chavez Baldovino es natural de Magangu\u00e9-Bolivar, Colombia. Ermides realiz\u00f3 su bachillerato en el programa de F\u00edsica de la Universidad del Atl\u00e1ntico en la ciudad de Barranquilla, Colombia. Ermides realiz\u00f3 sus estudios de maestr\u00eda en F\u00edsica General, en la Universidad de Puerto Rico, Recinto de Mayag\u00fcez. Al finalizar la maestr\u00eda, se desempe\u00f1\u00f3 como profesor en el Departamento de F\u00edsica de la misma instituci\u00f3n. Actualmente, el estudiante graduado Ermides Chavez se encuentra realizando sus estudios doctorales en el programa de Doctorado en F\u00edsica-Qu\u00edmica en la Universidad de Puerto Rico Recinto de R\u00edo Piedras, donde trabaja en la posible aplicaci\u00f3n de polisac\u00e1ridos en dispositivos electr\u00f3nicos como son biocapacitores y celdas de combustible. <strong>Ermides Chavez <\/strong><strong>es el estudiante graduado que se encuentra a cargo de los equipos de Differential Scanning Calorimetry (DSC) y Thermogravimetric Analyser (TGA)<\/strong> como parte del proyecto CAHREUS.<\/p><h2><span style=\"color: #ff0000\"><strong>Graduate Student: <\/strong>Ermides Chavez Baldovino<\/span><\/h2><p>The graduate student Ermides Chavez Baldovino is a native of Magangu\u00e9-Bolivar, Colombia. Ermides completed his bachelor\u2019s degree in the Physics program of the Universidad del Atl\u00e1ntico in the city of Barranquilla, Colombia. Ermides completed his master\u2019s studies in General Physics at the University of Puerto Rico, Mayag\u00fcez Campus. Upon completion of his master\u2019s degree, he worked as a professor in the Physics Department of the same institution. Currently, the graduate student Ermides Chavez is doing his doctoral studies in the Doctorate program in Chemical Physics at the University of Puerto Rico R\u00edo Piedras Campus, where he works on the possible application of polysaccharides in electronic devices such as biocapacitors and fuel cells. <strong>Ermides Chavez is the graduate student in charge of the Differential Scanning Calorimetry (DSC) and Thermogravimetric Analyzer (TGA) equipment <\/strong>as part of the CAHREUS project.<\/p><h2><span style=\"color: #ff0000\">Informaci\u00f3n<\/span><\/h2><p><strong>Correo:<\/strong><span style=\"color: #0000ff\"> <u>ermides.chavez@upr.edu<\/u><\/span><\/p>\t\t\t\t\t\t\t\t<\/div>\n\t\t\t\t<\/div>\n\t\t\t\t\t<\/div>\n\t\t<\/div>\n\t\t\t\t\t<\/div>\n\t\t<\/section>\n\t\t\t\t<\/div>\n\t\t","protected":false},"excerpt":{"rendered":"<p>\/*! elementor &#8211; v3.5.5 &#8211; 03-02-2022 *\/ .elementor-widget-image{text-align:center}.elementor-widget-image a{display:inline-block}.elementor-widget-image a img[src$=&#8221;.svg&#8221;]{width:48px}.elementor-widget-image img{vertical-align:middle;display:inline-block} Estudiante Graduado: Ermides Chavez Baldovino El estudiante graduado Ermides Chavez Baldovino es natural de Magangu\u00e9-Bolivar, Colombia. Ermides realiz\u00f3 su bachillerato en el programa de F\u00edsica de la Universidad &hellip; <\/p>\n","protected":false},"author":42,"featured_media":0,"parent":0,"menu_order":0,"comment_status":"closed","ping_status":"closed","template":"","meta":{"_bbp_topic_count":0,"_bbp_reply_count":0,"_bbp_total_topic_count":0,"_bbp_total_reply_count":0,"_bbp_voice_count":0,"_bbp_anonymous_reply_count":0,"_bbp_topic_count_hidden":0,"_bbp_reply_count_hidden":0,"_bbp_forum_subforum_count":0,"footnotes":""},"class_list":["post-10158","page","type-page","status-publish","hentry"],"_links":{"self":[{"href":"https:\/\/natsci.uprrp.edu\/cahreus\/wp-json\/wp\/v2\/pages\/10158","targetHints":{"allow":["GET"]}}],"collection":[{"href":"https:\/\/natsci.uprrp.edu\/cahreus\/wp-json\/wp\/v2\/pages"}],"about":[{"href":"https:\/\/natsci.uprrp.edu\/cahreus\/wp-json\/wp\/v2\/types\/page"}],"author":[{"embeddable":true,"href":"https:\/\/natsci.uprrp.edu\/cahreus\/wp-json\/wp\/v2\/users\/42"}],"replies":[{"embeddable":true,"href":"https:\/\/natsci.uprrp.edu\/cahreus\/wp-json\/wp\/v2\/comments?post=10158"}],"version-history":[{"count":4,"href":"https:\/\/natsci.uprrp.edu\/cahreus\/wp-json\/wp\/v2\/pages\/10158\/revisions"}],"predecessor-version":[{"id":10185,"href":"https:\/\/natsci.uprrp.edu\/cahreus\/wp-json\/wp\/v2\/pages\/10158\/revisions\/10185"}],"wp:attachment":[{"href":"https:\/\/natsci.uprrp.edu\/cahreus\/wp-json\/wp\/v2\/media?parent=10158"}],"curies":[{"name":"wp","href":"https:\/\/api.w.org\/{rel}","templated":true}]}}