{"id":10156,"date":"2022-03-04T13:21:59","date_gmt":"2022-03-04T13:21:59","guid":{"rendered":"https:\/\/natsci.uprrp.edu\/cahreus\/?page_id=10156"},"modified":"2022-03-04T14:03:03","modified_gmt":"2022-03-04T14:03:03","slug":"carlos-malca-reyes-graduado","status":"publish","type":"page","link":"https:\/\/natsci.uprrp.edu\/cahreus\/carlos-malca-reyes-graduado\/","title":{"rendered":"Carlos Malca Reyes \u2013 Graduado"},"content":{"rendered":"\t\t<div data-elementor-type=\"wp-page\" data-elementor-id=\"10156\" class=\"elementor elementor-10156\">\n\t\t\t\t\t\t<section class=\"elementor-section elementor-top-section elementor-element elementor-element-54fde6f elementor-section-boxed elementor-section-height-default elementor-section-height-default\" data-id=\"54fde6f\" data-element_type=\"section\" data-e-type=\"section\">\n\t\t\t\t\t\t<div class=\"elementor-container elementor-column-gap-default\">\n\t\t\t\t\t<div class=\"elementor-column elementor-col-50 elementor-top-column elementor-element elementor-element-4cc72c9\" data-id=\"4cc72c9\" data-element_type=\"column\" data-e-type=\"column\">\n\t\t\t<div class=\"elementor-widget-wrap elementor-element-populated\">\n\t\t\t\t\t\t<div class=\"elementor-element elementor-element-721fe82 elementor-widget elementor-widget-image\" data-id=\"721fe82\" data-element_type=\"widget\" data-e-type=\"widget\" data-widget_type=\"image.default\">\n\t\t\t\t<div class=\"elementor-widget-container\">\n\t\t\t\t\t\t\t\t\t\t\t\t\t\t\t<img fetchpriority=\"high\" decoding=\"async\" width=\"640\" height=\"681\" src=\"https:\/\/natsci.uprrp.edu\/cahreus\/wp-content\/uploads\/sites\/24\/2022\/03\/Carlos-Malca-Reyes-963x1024.jpeg\" class=\"attachment-large size-large wp-image-10170\" alt=\"\" srcset=\"https:\/\/natsci.uprrp.edu\/cahreus\/wp-content\/uploads\/sites\/24\/2022\/03\/Carlos-Malca-Reyes-963x1024.jpeg 963w, https:\/\/natsci.uprrp.edu\/cahreus\/wp-content\/uploads\/sites\/24\/2022\/03\/Carlos-Malca-Reyes-282x300.jpeg 282w, https:\/\/natsci.uprrp.edu\/cahreus\/wp-content\/uploads\/sites\/24\/2022\/03\/Carlos-Malca-Reyes.jpeg 1055w\" sizes=\"(max-width: 640px) 100vw, 640px\" \/>\t\t\t\t\t\t\t\t\t\t\t\t\t\t\t<\/div>\n\t\t\t\t<\/div>\n\t\t\t\t\t<\/div>\n\t\t<\/div>\n\t\t\t\t<div class=\"elementor-column elementor-col-50 elementor-top-column elementor-element elementor-element-78a8b0c\" data-id=\"78a8b0c\" data-element_type=\"column\" data-e-type=\"column\">\n\t\t\t<div class=\"elementor-widget-wrap elementor-element-populated\">\n\t\t\t\t\t\t<div class=\"elementor-element elementor-element-fe063d6 elementor-widget elementor-widget-text-editor\" data-id=\"fe063d6\" data-element_type=\"widget\" data-e-type=\"widget\" data-widget_type=\"text-editor.default\">\n\t\t\t\t<div class=\"elementor-widget-container\">\n\t\t\t\t\t\t\t\t\t<h2><span style=\"color: #ff0000\"><strong>Estudiante Graduado: <\/strong>Carlos Malca Reyes<\/span><\/h2><p>El estudiante graduado Carlos Malca Reyes es natural de Per\u00fa. En el 2004, Carlos obtuvo su bachillerato en Ciencias F\u00edsicas. Carlos realizo sus estudios de maestr\u00eda en F\u00edsica de Altas Energ\u00edas en la Universidad de Puerto Rico, Recinto de Mayag\u00fcez y se encuentra cursando su \u00faltimo a\u00f1o doctoral en el programa de Doctorado en F\u00edsico-Qu\u00edmica de la Universidad de Puerto Rico Recinto de R\u00edo Piedras. El gran inter\u00e9s que Carlos ha mostrado por la ciencia lo ha llevado a profundizar sus conocimientos no solo en el \u00e1rea de la F\u00edsica, sino tambi\u00e9n en Matem\u00e1tica, Qu\u00edmica y Biolog\u00eda, al poder ser parte de diversos proyectos de investigaci\u00f3n. El estudiante graduado Carlos Malca, participa en diferentes proyectos bajo la direcci\u00f3n de la Dra. Liz M. Diaz. Actualmente, se encuentra trabajando en el an\u00e1lisis del impacto de nanomateriales en diferentes ecosistemas, as\u00ed como en obtener nuevas tecnolog\u00edas de almacenamiento de energ\u00eda amigable con el ambiente. <strong>Carlos Malca <\/strong><strong>es el estudiante graduado que se encuentra a cargo de los equipos de 3D- Printer y de Fourier-transform infrared spectroscopy (FTIR)<\/strong> como parte del proyecto CAHREUS.<\/p><h2><span style=\"color: #ff0000\"><strong>Graduate Student: <\/strong>Carlos Malca Reyes<\/span><\/h2><p>The graduate student Carlos Malca Reyes is a native of Peru. In 2004, Carlos obtained his bachelor&#8217;s degree in Physical Sciences. Carlos completed his master&#8217;s degree in High Energy Physics at the University of Puerto Rico, Mayag\u00fcez Campus, and is in his final year of doctoral studies in the Physics-Chemistry Doctorate program at the University of Puerto Rico, Rio Piedras Campus. The great interest that Carlos has shown for science has led him to deepen his knowledge not only in the area of \u200b\u200bPhysics, but also in Mathematics, Chemistry, and Biology, by being able to be part of various research projects. Graduate student Carlos Malca participates in different projects under the direction of Dr. Liz M. Diaz and is currently working on analyzing the impact of nanomaterials on different ecosystems, as well as obtaining new environmentally friendly energy storage technologies. <strong>Carlos Malca is the graduate student in charge of the 3D-Printer and Fourier-transform infrared spectroscopy (FTIR) equipment<\/strong> as part of the CAHREUS project.<\/p><h2><span style=\"color: #ff0000\">Informaci\u00f3n<\/span><\/h2><p><strong>Correo:<\/strong> <span style=\"color: #0000ff\"><u>carlos.malca@upr.edu<\/u><\/span><\/p>\t\t\t\t\t\t\t\t<\/div>\n\t\t\t\t<\/div>\n\t\t\t\t\t<\/div>\n\t\t<\/div>\n\t\t\t\t\t<\/div>\n\t\t<\/section>\n\t\t\t\t<\/div>\n\t\t","protected":false},"excerpt":{"rendered":"<p>\/*! elementor &#8211; v3.5.5 &#8211; 03-02-2022 *\/ .elementor-widget-image{text-align:center}.elementor-widget-image a{display:inline-block}.elementor-widget-image a img[src$=&#8221;.svg&#8221;]{width:48px}.elementor-widget-image img{vertical-align:middle;display:inline-block} Estudiante Graduado: Carlos Malca Reyes El estudiante graduado Carlos Malca Reyes es natural de Per\u00fa. En el 2004, Carlos obtuvo su bachillerato en Ciencias F\u00edsicas. Carlos realizo sus &hellip; <\/p>\n","protected":false},"author":42,"featured_media":0,"parent":0,"menu_order":0,"comment_status":"closed","ping_status":"closed","template":"","meta":{"_bbp_topic_count":0,"_bbp_reply_count":0,"_bbp_total_topic_count":0,"_bbp_total_reply_count":0,"_bbp_voice_count":0,"_bbp_anonymous_reply_count":0,"_bbp_topic_count_hidden":0,"_bbp_reply_count_hidden":0,"_bbp_forum_subforum_count":0,"footnotes":""},"class_list":["post-10156","page","type-page","status-publish","hentry"],"_links":{"self":[{"href":"https:\/\/natsci.uprrp.edu\/cahreus\/wp-json\/wp\/v2\/pages\/10156","targetHints":{"allow":["GET"]}}],"collection":[{"href":"https:\/\/natsci.uprrp.edu\/cahreus\/wp-json\/wp\/v2\/pages"}],"about":[{"href":"https:\/\/natsci.uprrp.edu\/cahreus\/wp-json\/wp\/v2\/types\/page"}],"author":[{"embeddable":true,"href":"https:\/\/natsci.uprrp.edu\/cahreus\/wp-json\/wp\/v2\/users\/42"}],"replies":[{"embeddable":true,"href":"https:\/\/natsci.uprrp.edu\/cahreus\/wp-json\/wp\/v2\/comments?post=10156"}],"version-history":[{"count":4,"href":"https:\/\/natsci.uprrp.edu\/cahreus\/wp-json\/wp\/v2\/pages\/10156\/revisions"}],"predecessor-version":[{"id":10182,"href":"https:\/\/natsci.uprrp.edu\/cahreus\/wp-json\/wp\/v2\/pages\/10156\/revisions\/10182"}],"wp:attachment":[{"href":"https:\/\/natsci.uprrp.edu\/cahreus\/wp-json\/wp\/v2\/media?parent=10156"}],"curies":[{"name":"wp","href":"https:\/\/api.w.org\/{rel}","templated":true}]}}