{"id":10143,"date":"2022-03-04T13:19:11","date_gmt":"2022-03-04T13:19:11","guid":{"rendered":"https:\/\/natsci.uprrp.edu\/cahreus\/?page_id=10143"},"modified":"2022-03-04T13:41:04","modified_gmt":"2022-03-04T13:41:04","slug":"alejandro-burgos-suazo-graduado","status":"publish","type":"page","link":"https:\/\/natsci.uprrp.edu\/cahreus\/alejandro-burgos-suazo-graduado\/","title":{"rendered":"Alejandro Burgos Suazo- Graduado"},"content":{"rendered":"\t\t<div data-elementor-type=\"wp-page\" data-elementor-id=\"10143\" class=\"elementor elementor-10143\">\n\t\t\t\t\t\t<section class=\"elementor-section elementor-top-section elementor-element elementor-element-9596500 elementor-section-boxed elementor-section-height-default elementor-section-height-default\" data-id=\"9596500\" data-element_type=\"section\" data-e-type=\"section\">\n\t\t\t\t\t\t<div class=\"elementor-container elementor-column-gap-default\">\n\t\t\t\t\t<div class=\"elementor-column elementor-col-50 elementor-top-column elementor-element elementor-element-99c6042\" data-id=\"99c6042\" data-element_type=\"column\" data-e-type=\"column\">\n\t\t\t<div class=\"elementor-widget-wrap elementor-element-populated\">\n\t\t\t\t\t\t<div class=\"elementor-element elementor-element-8635eb4 elementor-widget elementor-widget-image\" data-id=\"8635eb4\" data-element_type=\"widget\" data-e-type=\"widget\" data-widget_type=\"image.default\">\n\t\t\t\t<div class=\"elementor-widget-container\">\n\t\t\t\t\t\t\t\t\t\t\t\t\t\t\t<img fetchpriority=\"high\" decoding=\"async\" width=\"640\" height=\"697\" src=\"https:\/\/natsci.uprrp.edu\/cahreus\/wp-content\/uploads\/sites\/24\/2022\/03\/Alejandro-Burgos-Suazo.jpeg\" class=\"attachment-large size-large wp-image-10169\" alt=\"\" srcset=\"https:\/\/natsci.uprrp.edu\/cahreus\/wp-content\/uploads\/sites\/24\/2022\/03\/Alejandro-Burgos-Suazo.jpeg 940w, https:\/\/natsci.uprrp.edu\/cahreus\/wp-content\/uploads\/sites\/24\/2022\/03\/Alejandro-Burgos-Suazo-275x300.jpeg 275w\" sizes=\"(max-width: 640px) 100vw, 640px\" \/>\t\t\t\t\t\t\t\t\t\t\t\t\t\t\t<\/div>\n\t\t\t\t<\/div>\n\t\t\t\t\t<\/div>\n\t\t<\/div>\n\t\t\t\t<div class=\"elementor-column elementor-col-50 elementor-top-column elementor-element elementor-element-12d6a03\" data-id=\"12d6a03\" data-element_type=\"column\" data-e-type=\"column\">\n\t\t\t<div class=\"elementor-widget-wrap elementor-element-populated\">\n\t\t\t\t\t\t<div class=\"elementor-element elementor-element-8568a5a elementor-widget elementor-widget-text-editor\" data-id=\"8568a5a\" data-element_type=\"widget\" data-e-type=\"widget\" data-widget_type=\"text-editor.default\">\n\t\t\t\t<div class=\"elementor-widget-container\">\n\t\t\t\t\t\t\t\t\t<h2><span style=\"color: #ff0000\"><strong>Estudiante Graduado: <\/strong>Alejandro Burgos Suazo<\/span><\/h2><p>El estudiante graduado Alejandro Burgos-Suazo es natural de San Juan, Puerto Rico. Alejandro curs\u00f3 su bachillerato en qu\u00edmica en la Universidad de Puerto Rico \u2013 Recinto de Rio Piedras. Como estudiante subgraduado, Alejandro fue tutor del curso de Bot\u00e1nica y Qu\u00edmica Org\u00e1nica, adem\u00e1s \u00a0de realizar investigaci\u00f3n bajo la mentor\u00eda de la Dra. Ingrid Montes. En el a\u00f1o 2017, Alejandro ingres\u00f3 a la escuela graduada en la misma instituci\u00f3n universitaria, al laboratorio de investigaci\u00f3n de la Dra. Montes. En este laboratorio, Alejandro trabaja con la s\u00edntesis de compuestos organomet\u00e1licos, derivados de ferroceno, con aplicaciones en celdas solares de perovskitas. Como estudiante graduado, Alejandro se ha desempe\u00f1ado como instructor de laboratorio en los cursos de Qu\u00edmica Org\u00e1nica. Dentro de sus intereses de investigaci\u00f3n se encuentran la cristalograf\u00eda de rayos X, t\u00e9cnicas de caracterizaci\u00f3n, educaci\u00f3n en qu\u00edmica y s\u00edntesis org\u00e1nica. Como actividades extracurriculares ha pertenecido a la directiva de la Asociaci\u00f3n Graduada de Qu\u00edmica (AGQ) del recinto como historiador, tesorero y actualmente funge como representante estudiantil ante el Programa Graduado de Qu\u00edmica. Asimismo, lidera el Comit\u00e9 de J\u00f3venes Qu\u00edmicos \u2013 Secci\u00f3n Local de Puerto Rico. <strong>Alejandro Burgos es el estudiante graduado que se encuentra a cargo del equipo de Nuclear Magnetic Resonance (NMR)<\/strong> como parte del proyecto CAHREUS.<\/p><h2><span style=\"color: #ff0000\"><strong>Graduate Student: <\/strong>Alejandro Burgos Suazo<\/span><\/h2><p>The graduate student Alejandro Burgos-Suazo, a native of San Juan, Puerto Rico. Alejandro completed his bachelor&#8217;s degree in chemistry at the University of Puerto Rico \u2013 Rio Piedras Campus. As an undergraduate student, Alejandro worked as a tutor for the botany and organic chemistry courses and researched under the mentorship of Dr. Ingrid Montes. In 2017, Alejandro was admitted into graduate school at the same university and under the mentorship of Dr. Montes. In this laboratory, Alejandro works with the synthesis of organometallic compounds, specifically ferrocene derivatives, for applications in perovskite solar cells. As a graduate student, Alejandro has worked as a laboratory instructor for organic chemistry courses. Some of his research interests include X-ray crystallography, characterization techniques, chemical education, and organic synthesis. As part of extracurricular activities, he was part of the directive body for the Chemistry Graduate Association as historian and treasurer and is now the student representative for the Chemistry Graduate Program. Also, he leads the Younger Chemists Committee \u2013 PR Local Section Chair. <strong>Alejandro Burgos is the graduate student in<\/strong> <strong>charge of the Nuclear Magnetic Resonance (NMR) equipment <\/strong>as part of the CAHREUS project.<\/p><h2><span style=\"color: #ff0000\">Informaci\u00f3n<\/span><\/h2><p><strong>Correo: <\/strong><span style=\"color: #0000ff\"><u>alejandro.burgos2@upr.edu<\/u>\u00a0<\/span><\/p><p>\u00a0<\/p>\t\t\t\t\t\t\t\t<\/div>\n\t\t\t\t<\/div>\n\t\t\t\t\t<\/div>\n\t\t<\/div>\n\t\t\t\t\t<\/div>\n\t\t<\/section>\n\t\t\t\t<\/div>\n\t\t","protected":false},"excerpt":{"rendered":"<p>\/*! elementor &#8211; v3.5.5 &#8211; 03-02-2022 *\/ .elementor-widget-image{text-align:center}.elementor-widget-image a{display:inline-block}.elementor-widget-image a img[src$=&#8221;.svg&#8221;]{width:48px}.elementor-widget-image img{vertical-align:middle;display:inline-block} Estudiante Graduado: Alejandro Burgos Suazo El estudiante graduado Alejandro Burgos-Suazo es natural de San Juan, Puerto Rico. Alejandro curs\u00f3 su bachillerato en qu\u00edmica en la Universidad de Puerto &hellip; <\/p>\n","protected":false},"author":42,"featured_media":0,"parent":0,"menu_order":0,"comment_status":"closed","ping_status":"closed","template":"","meta":{"_bbp_topic_count":0,"_bbp_reply_count":0,"_bbp_total_topic_count":0,"_bbp_total_reply_count":0,"_bbp_voice_count":0,"_bbp_anonymous_reply_count":0,"_bbp_topic_count_hidden":0,"_bbp_reply_count_hidden":0,"_bbp_forum_subforum_count":0,"rs_blank_template":"","rs_page_bg_color":"","slide_template_v7":"","footnotes":""},"class_list":["post-10143","page","type-page","status-publish","hentry"],"_links":{"self":[{"href":"https:\/\/natsci.uprrp.edu\/cahreus\/wp-json\/wp\/v2\/pages\/10143","targetHints":{"allow":["GET"]}}],"collection":[{"href":"https:\/\/natsci.uprrp.edu\/cahreus\/wp-json\/wp\/v2\/pages"}],"about":[{"href":"https:\/\/natsci.uprrp.edu\/cahreus\/wp-json\/wp\/v2\/types\/page"}],"author":[{"embeddable":true,"href":"https:\/\/natsci.uprrp.edu\/cahreus\/wp-json\/wp\/v2\/users\/42"}],"replies":[{"embeddable":true,"href":"https:\/\/natsci.uprrp.edu\/cahreus\/wp-json\/wp\/v2\/comments?post=10143"}],"version-history":[{"count":4,"href":"https:\/\/natsci.uprrp.edu\/cahreus\/wp-json\/wp\/v2\/pages\/10143\/revisions"}],"predecessor-version":[{"id":10175,"href":"https:\/\/natsci.uprrp.edu\/cahreus\/wp-json\/wp\/v2\/pages\/10143\/revisions\/10175"}],"wp:attachment":[{"href":"https:\/\/natsci.uprrp.edu\/cahreus\/wp-json\/wp\/v2\/media?parent=10143"}],"curies":[{"name":"wp","href":"https:\/\/api.w.org\/{rel}","templated":true}]}}