{"id":20339,"date":"2025-08-25T18:10:58","date_gmt":"2025-08-25T18:10:58","guid":{"rendered":"https:\/\/natsci.uprrp.edu\/biology-new\/?page_id=20339"},"modified":"2026-03-19T08:53:16","modified_gmt":"2026-03-19T12:53:16","slug":"announcements-opportunities","status":"publish","type":"page","link":"https:\/\/natsci.uprrp.edu\/biology\/announcements-opportunities\/","title":{"rendered":"Announcements &amp; Opportunities"},"content":{"rendered":"\t\t<div data-elementor-type=\"wp-page\" data-elementor-id=\"20339\" class=\"elementor elementor-20339\">\n\t\t\t\t<div class=\"elementor-element elementor-element-39380eee e-flex e-con-boxed e-con e-parent\" data-id=\"39380eee\" data-element_type=\"container\" data-e-type=\"container\">\n\t\t\t\t\t<div class=\"e-con-inner\">\n\t\t\t\t<div class=\"elementor-element elementor-element-4cd5cb07 elementor-widget elementor-widget-text-editor\" data-id=\"4cd5cb07\" data-element_type=\"widget\" data-e-type=\"widget\" data-widget_type=\"text-editor.default\">\n\t\t\t\t\t\t\t\t\t<ul class=\"wp-block-latest-posts__list is-grid columns-3 has-dates has-author wp-block-latest-posts\"><\/ul>\t\t\t\t\t\t\t\t<\/div>\n\t\t\t\t\t<\/div>\n\t\t\t\t<\/div>\n\t\t<div class=\"elementor-element elementor-element-e3cc522 e-flex e-con-boxed e-con e-parent\" data-id=\"e3cc522\" data-element_type=\"container\" data-e-type=\"container\">\n\t\t\t\t\t<div class=\"e-con-inner\">\n\t\t\t\t<div class=\"elementor-element elementor-element-4039ac8 elementor-widget elementor-widget-thim-list-post\" data-id=\"4039ac8\" data-element_type=\"widget\" data-e-type=\"widget\" data-widget_type=\"thim-list-post.default\">\n\t\t\t\t<div class=\"elementor-widget-container\">\n\t\t\t\t\t<div class=\"thim-widget-list-post template-list-post\">\n<h3 class=\"widget-title\">Announcements & Opportunities<\/h3><div class=\"sc-list-post thim-list-posts home-new\" >\n\t<div class=\"item-post has_thumb post-21455 post type-post status-publish format-standard has-post-thumbnail hentry category-announcements category-opportunities\">\n\t\t<div class=\"article-image image\"><a href=\"https:\/\/natsci.uprrp.edu\/biology\/2026\/03\/24\/investigacion-sobre-regeneracion-intestinal-en-la-upr-recibe-nueva-subvencion-del-nih-y-fortalece-la-formacion-de-estudiantes-cientificos\/\"><img fetchpriority=\"high\" decoding=\"async\" width=\"300\" height=\"178\" src=\"https:\/\/natsci.uprrp.edu\/biology\/wp-content\/uploads\/sites\/35\/2026\/03\/Portada-JGA-PepinodeMar-300x178.png\" class=\"attachment-medium size-medium wp-post-image\" alt=\"Portada-JGA-PepinodeMar\" srcset=\"https:\/\/natsci.uprrp.edu\/biology\/wp-content\/uploads\/sites\/35\/2026\/03\/Portada-JGA-PepinodeMar-300x178.png 300w, https:\/\/natsci.uprrp.edu\/biology\/wp-content\/uploads\/sites\/35\/2026\/03\/Portada-JGA-PepinodeMar-1024x607.png 1024w, https:\/\/natsci.uprrp.edu\/biology\/wp-content\/uploads\/sites\/35\/2026\/03\/Portada-JGA-PepinodeMar-768x455.png 768w, https:\/\/natsci.uprrp.edu\/biology\/wp-content\/uploads\/sites\/35\/2026\/03\/Portada-JGA-PepinodeMar-600x356.png 600w, https:\/\/natsci.uprrp.edu\/biology\/wp-content\/uploads\/sites\/35\/2026\/03\/Portada-JGA-PepinodeMar.png 1280w\" sizes=\"(max-width: 300px) 100vw, 300px\" \/><\/a><\/div><div class=\"article-title-wrapper\"><h5 class=\"title\"><a href=\"https:\/\/natsci.uprrp.edu\/biology\/2026\/03\/24\/investigacion-sobre-regeneracion-intestinal-en-la-upr-recibe-nueva-subvencion-del-nih-y-fortalece-la-formacion-de-estudiantes-cientificos\/\" class=\"article-title\">Investigaci\u00f3n sobre regeneraci\u00f3n intestinal en la UPR recibe nueva subvenci\u00f3n del NIH y fortalece la formaci\u00f3n de estudiantes cient\u00edficos<\/a><\/h5><div class=\"article-date\"><i class=\"tk tk-calendar-with-week-focus\"><\/i> <span class=\"month\">March<\/span> <span class=\"day\">24<\/span>, <span class=\"year\">2026<\/span><\/div><div class=\"description\"><p>Por Carliany Ruiz RamosEstudiante PEAFOficina de ComunicacionesUPR Recinto de R\u00edo Piedras Fotos por Daniel A. Vidot Larriuz El proyecto de investigaci\u00f3n liderado por el profesor Jos\u00e9 E. Garc\u00eda Arrar\u00e1s del Recinto de R\u00edo Piedras de la Universidad de Puerto Rico (RRP-UPR), recibi\u00f3 una nueva subvenci\u00f3n de los Institutos Nacionales...<\/p><\/div><\/div><\/div>\n\t<div class=\"item-post has_thumb post-21289 post type-post status-publish format-link has-post-thumbnail hentry category-announcements category-opportunities post_format-post-format-link\">\n\t\t<div class=\"article-image image\"><a href=\"https:\/\/natsci.uprrp.edu\/biology\/2026\/03\/10\/apicultura-y-agroforesteria-para-el-cafetal\/\"><img decoding=\"async\" width=\"300\" height=\"178\" src=\"https:\/\/natsci.uprrp.edu\/biology\/wp-content\/uploads\/sites\/35\/2026\/03\/Desde-la-EEA-Podcast-8-1-300x178.jpg\" class=\"attachment-medium size-medium wp-post-image\" alt=\"\" srcset=\"https:\/\/natsci.uprrp.edu\/biology\/wp-content\/uploads\/sites\/35\/2026\/03\/Desde-la-EEA-Podcast-8-1-300x178.jpg 300w, https:\/\/natsci.uprrp.edu\/biology\/wp-content\/uploads\/sites\/35\/2026\/03\/Desde-la-EEA-Podcast-8-1.jpg 450w\" sizes=\"(max-width: 300px) 100vw, 300px\" \/><\/a><\/div><div class=\"article-title-wrapper\"><h5 class=\"title\"><a href=\"https:\/\/natsci.uprrp.edu\/biology\/2026\/03\/10\/apicultura-y-agroforesteria-para-el-cafetal\/\" class=\"article-title\">APICULTURA Y AGROFORESTER\u00cdA PARA EL CAFETAL<\/a><\/h5><div class=\"article-date\"><i class=\"tk tk-calendar-with-week-focus\"><\/i> <span class=\"month\">March<\/span> <span class=\"day\">10<\/span>, <span class=\"year\">2026<\/span><\/div><div class=\"description\"><p>\u00bfSab\u00edas que la presencia de abejas en un cafetal puede aumentar la producci\u00f3n hasta en un&#160;50%? En este episodio de&#160;\u201cDesde la EEA\u201d, la Prof. Mildred Cort\u00e9s conversa con dos expertos de la&#160;Universidad de Puerto Rico, Recinto de R\u00edo Piedras: el&#160;&#160;Dr. Tugrul Giray, catedr\u00e1tico del Departamento de Biolog\u00eda, y&#160;&#160;Dra. Aixa...<\/p><\/div><\/div><\/div>\n\t<div class=\"item-post has_thumb post-20551 post type-post status-publish format-standard has-post-thumbnail hentry category-announcements category-opportunities\">\n\t\t<div class=\"article-image image\"><a href=\"https:\/\/natsci.uprrp.edu\/biology\/2025\/10\/20\/taller-espectroscopia\/\"><img decoding=\"async\" width=\"300\" height=\"178\" src=\"https:\/\/natsci.uprrp.edu\/biology\/wp-content\/uploads\/sites\/35\/2025\/10\/Spectroscopy-and-Hyperspectral-Imaging-for-Biodiversity-Mapping-Illuminating-the-Earth-with-Color-and-Function-1-300x178.png\" class=\"attachment-medium size-medium wp-post-image\" alt=\"\" srcset=\"https:\/\/natsci.uprrp.edu\/biology\/wp-content\/uploads\/sites\/35\/2025\/10\/Spectroscopy-and-Hyperspectral-Imaging-for-Biodiversity-Mapping-Illuminating-the-Earth-with-Color-and-Function-1-300x178.png 300w, https:\/\/natsci.uprrp.edu\/biology\/wp-content\/uploads\/sites\/35\/2025\/10\/Spectroscopy-and-Hyperspectral-Imaging-for-Biodiversity-Mapping-Illuminating-the-Earth-with-Color-and-Function-1.png 450w\" sizes=\"(max-width: 300px) 100vw, 300px\" \/><\/a><\/div><div class=\"article-title-wrapper\"><h5 class=\"title\"><a href=\"https:\/\/natsci.uprrp.edu\/biology\/2025\/10\/20\/taller-espectroscopia\/\" class=\"article-title\">Spectroscopy and Hyperspectral Imaging for Biodiversity Mapping: Illuminating the Earth with Color and Function<\/a><\/h5><div class=\"article-date\"><i class=\"tk tk-calendar-with-week-focus\"><\/i> <span class=\"month\">October<\/span> <span class=\"day\">20<\/span>, <span class=\"year\">2025<\/span><\/div><div class=\"description\"><p><\/p><\/div><\/div><\/div>\n\t<div class=\"item-post has_thumb post-20393 post type-post status-publish format-standard has-post-thumbnail hentry category-announcements category-opportunities\">\n\t\t<div class=\"article-image image\"><a href=\"https:\/\/natsci.uprrp.edu\/biology\/2025\/08\/29\/convocatoria-neurograd\/\"><img loading=\"lazy\" decoding=\"async\" width=\"300\" height=\"178\" src=\"https:\/\/natsci.uprrp.edu\/biology\/wp-content\/uploads\/sites\/35\/2025\/08\/Convocatoria_NeuroGRAD-Program-UPR-2-300x178.png\" class=\"attachment-medium size-medium wp-post-image\" alt=\"\" srcset=\"https:\/\/natsci.uprrp.edu\/biology\/wp-content\/uploads\/sites\/35\/2025\/08\/Convocatoria_NeuroGRAD-Program-UPR-2-300x178.png 300w, https:\/\/natsci.uprrp.edu\/biology\/wp-content\/uploads\/sites\/35\/2025\/08\/Convocatoria_NeuroGRAD-Program-UPR-2.png 450w\" sizes=\"(max-width: 300px) 100vw, 300px\" \/><\/a><\/div><div class=\"article-title-wrapper\"><h5 class=\"title\"><a href=\"https:\/\/natsci.uprrp.edu\/biology\/2025\/08\/29\/convocatoria-neurograd\/\" class=\"article-title\">Convocatoria NeuroGRAD<\/a><\/h5><div class=\"article-date\"><i class=\"tk tk-calendar-with-week-focus\"><\/i> <span class=\"month\">August<\/span> <span class=\"day\">29<\/span>, <span class=\"year\">2025<\/span><\/div><div class=\"description\"><p>El programa graduado\u00a0NeuroGRAD\u00a0desea anunciar que oficialmente esta abierta la solicitud para su\u00a0Clase (2025-2027).\u00a0La fecha l\u00edmite es el\u00a015 de septiembre de 2025.\u00a0\u00a0Accede a la\u00a0solicitud en l\u00ednea hoy:\u00a0https:\/\/form.jotform.com\/neurogradprogram\/cohort-2025-apply-today Beneficios:\u00a0 Estipendio por a\u00f1o Fondos para viajes y material de investigaci\u00f3n Acceso a un equipo de mentores Investigar en laboratorio de la UPR-R\u00edo...<\/p><\/div><\/div><\/div><\/div><\/div>\t\t\t\t<\/div>\n\t\t\t\t<\/div>\n\t\t\t\t\t<\/div>\n\t\t\t\t<\/div>\n\t\t\t\t<\/div>\n\t\t","protected":false},"excerpt":{"rendered":"<p>Announcements &#038; Opportunities APICULTURA Y AGROFORESTER\u00cdA PARA EL CAFETAL March 10, 2026 \u00bfSab\u00edas que la presencia de abejas en un cafetal puede aumentar la producci\u00f3n hasta en un&#160;50%? En este episodio de&#160;\u201cDesde la EEA\u201d, la Prof. Mildred Cort\u00e9s conversa con dos expertos de la&#160;Universidad de Puerto Rico, Recinto de R\u00edo &hellip; <\/p>\n","protected":false},"author":4131,"featured_media":0,"parent":0,"menu_order":0,"comment_status":"closed","ping_status":"closed","template":"","meta":{"footnotes":""},"class_list":["post-20339","page","type-page","status-publish","hentry"],"_links":{"self":[{"href":"https:\/\/natsci.uprrp.edu\/biology\/wp-json\/wp\/v2\/pages\/20339","targetHints":{"allow":["GET"]}}],"collection":[{"href":"https:\/\/natsci.uprrp.edu\/biology\/wp-json\/wp\/v2\/pages"}],"about":[{"href":"https:\/\/natsci.uprrp.edu\/biology\/wp-json\/wp\/v2\/types\/page"}],"author":[{"embeddable":true,"href":"https:\/\/natsci.uprrp.edu\/biology\/wp-json\/wp\/v2\/users\/4131"}],"replies":[{"embeddable":true,"href":"https:\/\/natsci.uprrp.edu\/biology\/wp-json\/wp\/v2\/comments?post=20339"}],"version-history":[{"count":10,"href":"https:\/\/natsci.uprrp.edu\/biology\/wp-json\/wp\/v2\/pages\/20339\/revisions"}],"predecessor-version":[{"id":21440,"href":"https:\/\/natsci.uprrp.edu\/biology\/wp-json\/wp\/v2\/pages\/20339\/revisions\/21440"}],"wp:attachment":[{"href":"https:\/\/natsci.uprrp.edu\/biology\/wp-json\/wp\/v2\/media?parent=20339"}],"curies":[{"name":"wp","href":"https:\/\/api.w.org\/{rel}","templated":true}]}}