{"id":18966,"date":"2024-06-10T17:44:13","date_gmt":"2024-06-10T17:44:13","guid":{"rendered":"https:\/\/natsci.uprrp.edu\/biology-new\/?page_id=18966"},"modified":"2024-06-10T17:44:13","modified_gmt":"2024-06-10T17:44:13","slug":"research-opportunities","status":"publish","type":"page","link":"https:\/\/natsci.uprrp.edu\/biology\/research-opportunities\/","title":{"rendered":"Research Opportunities"},"content":{"rendered":"\n<p>Se anuncia un programa nuevo,<strong>IDGeNe,<\/strong>&nbsp;para estudiantes subgraduados interesados en temas de Gen\u00f3mica y \u00e1reas asociadas como expresi\u00f3n de genes, epigen\u00e9tica, microbiomas, estad\u00edstica, y otras.<\/p>\n\n\n\n<p><strong>Habr\u00e1 dos sesiones virtuales informativas:<\/strong><\/p>\n\n\n\n<p>(1) &nbsp;el&nbsp;Lunes 14 de marzo&nbsp; a las 5:00pm<\/p>\n\n\n\n<p>(2) el&nbsp;Viernes 18 de marzo al medio dia (12:00pm)<\/p>\n\n\n\n<p>El enlace para las reuniones es: via&nbsp;<a href=\"https:\/\/meet.google.com\/vep-dbje-qci?authuser=0\" target=\"_blank\" rel=\"noreferrer noopener\">Google MEET:<\/a>&nbsp;&nbsp;<strong>https:\/\/meet.google.com\/vep-dbje-qci?authuser=0<\/strong><\/p>\n","protected":false},"excerpt":{"rendered":"<p>Se anuncia un programa nuevo,IDGeNe,&nbsp;para estudiantes subgraduados interesados en temas de Gen\u00f3mica y \u00e1reas asociadas como expresi\u00f3n de genes, epigen\u00e9tica, microbiomas, estad\u00edstica, y otras. Habr\u00e1 dos sesiones virtuales informativas: (1) &nbsp;el&nbsp;Lunes 14 de marzo&nbsp; a las 5:00pm (2) el&nbsp;Viernes 18 de marzo al medio dia (12:00pm) El enlace para las &hellip; <\/p>\n","protected":false},"author":4131,"featured_media":0,"parent":0,"menu_order":0,"comment_status":"closed","ping_status":"closed","template":"","meta":{"footnotes":""},"class_list":["post-18966","page","type-page","status-publish","hentry"],"_links":{"self":[{"href":"https:\/\/natsci.uprrp.edu\/biology\/wp-json\/wp\/v2\/pages\/18966","targetHints":{"allow":["GET"]}}],"collection":[{"href":"https:\/\/natsci.uprrp.edu\/biology\/wp-json\/wp\/v2\/pages"}],"about":[{"href":"https:\/\/natsci.uprrp.edu\/biology\/wp-json\/wp\/v2\/types\/page"}],"author":[{"embeddable":true,"href":"https:\/\/natsci.uprrp.edu\/biology\/wp-json\/wp\/v2\/users\/4131"}],"replies":[{"embeddable":true,"href":"https:\/\/natsci.uprrp.edu\/biology\/wp-json\/wp\/v2\/comments?post=18966"}],"version-history":[{"count":0,"href":"https:\/\/natsci.uprrp.edu\/biology\/wp-json\/wp\/v2\/pages\/18966\/revisions"}],"wp:attachment":[{"href":"https:\/\/natsci.uprrp.edu\/biology\/wp-json\/wp\/v2\/media?parent=18966"}],"curies":[{"name":"wp","href":"https:\/\/api.w.org\/{rel}","templated":true}]}}