{"id":18905,"date":"2024-06-10T15:33:18","date_gmt":"2024-06-10T15:33:18","guid":{"rendered":"https:\/\/natsci.uprrp.edu\/biology-new\/?page_id=18905"},"modified":"2025-11-11T12:32:47","modified_gmt":"2025-11-11T16:32:47","slug":"honors-and-awards","status":"publish","type":"page","link":"https:\/\/natsci.uprrp.edu\/biology\/honors-and-awards\/","title":{"rendered":"Honors and Awards"},"content":{"rendered":"\n<p>Every year the Department of Biology as well as the College of Natural Sciences offers several awards to recognize the achievements of our students.&nbsp; We ask our professors to nominate students for each of the awards listed below and through a careful selection program we identify the students that will receive the awards.<\/p>\n\n\n\n<h4 class=\"wp-block-heading\">Premio Beta Beta Beta<\/h4>\n\n\n\n<p>Cap\u00edtulo Zeta Gamma, donada por el Departamento de Biolog\u00eda, al estudiante con especialidad en Biolog\u00eda, que obtenga el \u00edndice acad\u00e9mico m\u00e1s alto en dicha especialidad y que haya demostrado aptitud, inter\u00e9s y diligencia en sus estudios.<\/p>\n\n\n\n<h4 class=\"wp-block-heading\">Premio de Investigaci\u00f3n Subgraduada en Biolog\u00eda<\/h4>\n\n\n\n<p>Donado por la Prof. Alice F. El Koury, a nombre del alumnado del Colegio de Notre Dame en Baltimore, Maryland, al estudiante en Biologia que se haya destacado en la investigaci\u00f3n.<\/p>\n\n\n\n<h4 class=\"wp-block-heading\">Medalla Julio Garc\u00eda D\u00edaz<\/h4>\n\n\n\n<p>Donada por los hermanos del Catedr\u00e1tico Emeritus, al estudiante con especialidad en Biolog\u00eda que se haya destacado por su integridad, ecuanimidad y dedicaci\u00f3n a los ideales que deben regir la vida universitaria.<\/p>\n\n\n\n<h4 class=\"wp-block-heading\">Premio Facultad de Ciencias Naturales<\/h4>\n\n\n\n<p>Otorgado al graduando de la Facultad de Ciencias Naturales, que durante su permanencia en la Universidad se haya distinguido por su excelencia acad\u00e9mica, integridad profesional y servicios ciudadanos. Este premio ha sido donado por los amigos de la Facultad de Ciencias Naturales que desean permanecer en el anonimato.<\/p>\n\n\n\n<h4 class=\"wp-block-heading\">Medalla de la Asociaci\u00f3n de Exalumnos del Recinto de R\u00edo Piedras<\/h4>\n\n\n\n<p>Otorgada por la UPR-RP al estudiante de m\u00e1s alto promedio del Recinto. Se somete el estudiante de m\u00e1s alto promedio de la Facultad.<\/p>\n\n\n\n<h4 class=\"wp-block-heading\">Premio al Merito<\/h4>\n\n\n\n<p>Otorgada por la UPR-RPa la estudiante de bachillerato que gradu\u00e1ndose en no m\u00e1s de cuatro a\u00f1os consecutivos, se haya distinguido no s\u00f3lo por su \u00edndice de honor, sino tambi\u00e9n por cualidades, tales como: liderato, integridad moral y profesional, personalidad equilibrada, inter\u00e9s cultural y art\u00edstico.<\/p>\n","protected":false},"excerpt":{"rendered":"<p>Every year the Department of Biology as well as the College of Natural Sciences offers several awards to recognize the achievements of our students.&nbsp; We ask our professors to nominate students for each of the awards listed below and through a careful selection program we identify the students that will &hellip; <\/p>\n","protected":false},"author":4131,"featured_media":0,"parent":0,"menu_order":0,"comment_status":"closed","ping_status":"closed","template":"","meta":{"footnotes":""},"class_list":["post-18905","page","type-page","status-publish","hentry"],"_links":{"self":[{"href":"https:\/\/natsci.uprrp.edu\/biology\/wp-json\/wp\/v2\/pages\/18905","targetHints":{"allow":["GET"]}}],"collection":[{"href":"https:\/\/natsci.uprrp.edu\/biology\/wp-json\/wp\/v2\/pages"}],"about":[{"href":"https:\/\/natsci.uprrp.edu\/biology\/wp-json\/wp\/v2\/types\/page"}],"author":[{"embeddable":true,"href":"https:\/\/natsci.uprrp.edu\/biology\/wp-json\/wp\/v2\/users\/4131"}],"replies":[{"embeddable":true,"href":"https:\/\/natsci.uprrp.edu\/biology\/wp-json\/wp\/v2\/comments?post=18905"}],"version-history":[{"count":1,"href":"https:\/\/natsci.uprrp.edu\/biology\/wp-json\/wp\/v2\/pages\/18905\/revisions"}],"predecessor-version":[{"id":20889,"href":"https:\/\/natsci.uprrp.edu\/biology\/wp-json\/wp\/v2\/pages\/18905\/revisions\/20889"}],"wp:attachment":[{"href":"https:\/\/natsci.uprrp.edu\/biology\/wp-json\/wp\/v2\/media?parent=18905"}],"curies":[{"name":"wp","href":"https:\/\/api.w.org\/{rel}","templated":true}]}}